{"id":9132,"date":"2020-10-08T09:06:18","date_gmt":"2020-10-08T07:06:18","guid":{"rendered":"https:\/\/map-mh.cz\/map4\/?page_id=9132"},"modified":"2023-08-18T13:43:13","modified_gmt":"2023-08-18T11:43:13","slug":"tanecni-kurz-pro-zaky-1-8-tridy","status":"publish","type":"page","link":"https:\/\/map-mh.cz\/map4\/volnocasove-aktivity\/tanecni-kurz-pro-zaky-1-8-tridy\/","title":{"rendered":"Tane\u010dn\u00ed kurz pro \u017e\u00e1ky 1.\u20138.&nbsp;t\u0159\u00eddy"},"content":{"rendered":"<p><strong>N\u00e1zev organizace<\/strong>: <span data-sheets-value=\"{&quot;1&quot;:2,&quot;2&quot;:&quot;TaP\u0160 ILMA&quot;}\" data-sheets-userformat=\"{&quot;2&quot;:513,&quot;3&quot;:{&quot;1&quot;:0},&quot;12&quot;:0}\">TaP\u0160 ILMA<\/span><\/p>\n<p><strong>N\u00e1zev volno\u010dasov\u00e9 aktivity:<\/strong> <span data-sheets-value=\"{&quot;1&quot;:2,&quot;2&quot;:&quot;Tane\u010dn\u00ed kurz pro \u017e\u00e1ky 1. - 8. t\u0159\u00eddy&quot;}\" data-sheets-userformat=\"{&quot;2&quot;:513,&quot;3&quot;:{&quot;1&quot;:0},&quot;12&quot;:0}\">Tane\u010dn\u00ed kurz pro \u017e\u00e1ky 1.\u20138.&nbsp;t\u0159\u00eddy a&nbsp;pro p\u0159ed\u0161kol\u00e1ky<br \/>\n<\/span><\/p>\n<p><strong>M\u00edsto kon\u00e1n\u00ed: <\/strong><span data-sheets-value=\"{&quot;1&quot;:2,&quot;2&quot;:&quot;Klub Mnichovo Hradi\u0161t\u011b&quot;}\" data-sheets-userformat=\"{&quot;2&quot;:513,&quot;3&quot;:{&quot;1&quot;:0},&quot;12&quot;:0}\">Klub Mnichovo Hradi\u0161t\u011b (po&nbsp;dobu rekonstrukce budovy Klubu MH &#8211; aktivity omezezeny &#8211; aktu\u00e1ln\u00ed informace na uveden\u00fdch kontaktech)<br \/>\n<\/span><\/p>\n<p><strong>Dny, kdy aktivita prob\u00edh\u00e1:\u00a0<\/strong><\/p>\n<p><strong>Cena aktivity: <\/strong><\/p>\n<p><strong>Pro jak star\u00e9 d\u011bti je aktivita ur\u010dena:<\/strong> <span data-sheets-value=\"{&quot;1&quot;:2,&quot;2&quot;:&quot;zat\u00edm pouze chlapci od 6 let&quot;}\" data-sheets-userformat=\"{&quot;2&quot;:513,&quot;3&quot;:{&quot;1&quot;:0},&quot;12&quot;:0}\">6\u201314 let<\/span><\/p>\n<p><strong>Webov\u00e9 str\u00e1nky organizace:<\/strong> <a href=\"http:\/\/www.ilma.cz\/\">www.ilma.cz<\/a><\/p>\n<p><strong>Kontaktn\u00ed osoba: <\/strong><span data-sheets-value=\"{&quot;1&quot;:2,&quot;2&quot;:&quot;Jan Mare\u0161&quot;}\" data-sheets-userformat=\"{&quot;2&quot;:513,&quot;3&quot;:{&quot;1&quot;:0},&quot;12&quot;:0}\">Mgr. Ilona \u0160ulcov\u00e1, tapsilma@gmail.com, 603&nbsp;576&nbsp;435<br \/>\n<\/span><\/p>\n<a class=\"maxbutton-10 maxbutton maxbutton-zpet\" href=\"https:\/\/map-mh.cz\/map4\/volnocasove-aktivity\/\"><span class='mb-text'>zp\u011bt<\/span><\/a>\n","protected":false},"excerpt":{"rendered":"<p>N\u00e1zev organizace: TaP\u0160 ILMA N\u00e1zev volno\u010dasov\u00e9 aktivity: Tane\u010dn\u00ed kurz pro \u017e\u00e1ky 1.\u20138.&nbsp;t\u0159\u00eddy a&nbsp;pro p\u0159ed\u0161kol\u00e1ky M\u00edsto kon\u00e1n\u00ed: Klub Mnichovo Hradi\u0161t\u011b (po&nbsp;dobu rekonstrukce budovy Klubu MH &#8211; aktivity omezezeny &#8211; aktu\u00e1ln\u00ed informace na uveden\u00fdch kontaktech) Dny, kdy aktivita prob\u00edh\u00e1:\u00a0 Cena aktivity: Pro jak star\u00e9 d\u011bti je aktivita ur\u010dena: 6\u201314 let Webov\u00e9 str\u00e1nky organizace: www.ilma.cz Kontaktn\u00ed osoba: Mgr. [&hellip;]<\/p>\n","protected":false},"author":4,"featured_media":0,"parent":6079,"menu_order":0,"comment_status":"closed","ping_status":"closed","template":"","meta":[],"_links":{"self":[{"href":"https:\/\/map-mh.cz\/map4\/wp-json\/wp\/v2\/pages\/9132"}],"collection":[{"href":"https:\/\/map-mh.cz\/map4\/wp-json\/wp\/v2\/pages"}],"about":[{"href":"https:\/\/map-mh.cz\/map4\/wp-json\/wp\/v2\/types\/page"}],"author":[{"embeddable":true,"href":"https:\/\/map-mh.cz\/map4\/wp-json\/wp\/v2\/users\/4"}],"replies":[{"embeddable":true,"href":"https:\/\/map-mh.cz\/map4\/wp-json\/wp\/v2\/comments?post=9132"}],"version-history":[{"count":3,"href":"https:\/\/map-mh.cz\/map4\/wp-json\/wp\/v2\/pages\/9132\/revisions"}],"predecessor-version":[{"id":14153,"href":"https:\/\/map-mh.cz\/map4\/wp-json\/wp\/v2\/pages\/9132\/revisions\/14153"}],"up":[{"embeddable":true,"href":"https:\/\/map-mh.cz\/map4\/wp-json\/wp\/v2\/pages\/6079"}],"wp:attachment":[{"href":"https:\/\/map-mh.cz\/map4\/wp-json\/wp\/v2\/media?parent=9132"}],"curies":[{"name":"wp","href":"https:\/\/api.w.org\/{rel}","templated":true}]}}