{"id":896,"date":"2017-03-22T09:21:37","date_gmt":"2017-03-22T08:21:37","guid":{"rendered":"https:\/\/map-mh.cz\/map4\/?page_id=896"},"modified":"2026-01-05T14:15:23","modified_gmt":"2026-01-05T13:15:23","slug":"strategicky-ramec","status":"publish","type":"page","link":"https:\/\/map-mh.cz\/map4\/dokumenty\/strategicky-ramec\/","title":{"rendered":"Strategick\u00fd r\u00e1mec"},"content":{"rendered":"<hr \/>\n<p><a href=\"https:\/\/map-mh.cz\/map4\/wp-content\/uploads\/2026\/01\/sr_map_mh_20251201_podpis.pdf\">Strategick\u00fd r\u00e1mec MAP_MH_1.\u00a012.\u00a02025<\/a><\/p>\n<p><a href=\"https:\/\/map-mh.cz\/map4\/wp-content\/uploads\/2026\/01\/inv_priority_map_mh_20251201_podpis.pdf\">Investi\u010dn\u00ed_priority_MAP_IV MH_1.&nbsp;12.&nbsp;2025<\/a><\/p>\n<h6><a href=\"https:\/\/map-mh.cz\/map4\/wp-content\/uploads\/2024\/12\/sr_map_20241107_podpis-1.pdf\">Strategick\u00fd r\u00e1mec MAP MH 7.&nbsp;11.&nbsp;2024<\/a><\/h6>\n<hr \/>\n<p><a href=\"https:\/\/map-mh.cz\/map4\/wp-content\/uploads\/2023\/07\/strategicky-ramec-priorit-map-mh-do-roku-2025.pdf\">Strategick\u00fd r\u00e1mec priorit MAP MH do roku 2025<\/a><\/p>\n<p><a href=\"https:\/\/map-mh.cz\/map4\/wp-content\/uploads\/2022\/08\/strategicky_ramec_20220613.pdf\">Strategick\u00fd_r\u00e1mec_MAP Mnichovohradi\u0161\u0165sko_verze platn\u00e1 z&nbsp;13.&nbsp;6.&nbsp;2022<\/a><\/p>\n<p><a href=\"https:\/\/map-mh.cz\/map4\/wp-content\/uploads\/2022\/08\/inv_priority_map_mh_20220613_podpis.pdf\">Investi\u010dn\u00ed_priority_MAP MH_13.6.2022<\/a><\/p>\n<p><a href=\"https:\/\/map-mh.cz\/map4\/wp-content\/uploads\/2022\/04\/strategicky-ramec-map-mnichovohradistsko-verze-platna-z-1-11-2021.pdf\">Strategick\u00fd r\u00e1mec MAP Mnichovohradi\u0161\u0165sko verze platn\u00e1 z&nbsp;1.&nbsp;11.&nbsp;2021<\/a><br \/>\n<a href=\"https:\/\/map-mh.cz\/map4\/wp-content\/uploads\/2022\/04\/investicni-priority-2021_11.pdf\">Investi\u010dn\u00ed priority MAP MH_1.11.2021<\/a><\/p>\n<p><a href=\"https:\/\/map-mh.cz\/map4\/wp-content\/uploads\/2021\/06\/20201106_strategicky_ramec_map_orp_mh.pdf\">Strategick\u00fd r\u00e1mec MAP Mnichovohradi\u0161\u0165sko verze platn\u00e1 z&nbsp;6.&nbsp;11.&nbsp;2020<\/a><\/p>\n<p><a href=\"https:\/\/map-mh.cz\/map4\/wp-content\/uploads\/2019\/12\/strategicky-ramec-map-mnichovohradistsko-verze-platna-z-28-11-2019-1.pdf\">Strategick\u00fd r\u00e1mec MAP Mnichovohradi\u0161\u0165sko verze platn\u00e1 z&nbsp;28.&nbsp;11.&nbsp;2019<\/a><\/p>\n<p><a href=\"https:\/\/map-mh.cz\/map4\/wp-content\/uploads\/2019\/04\/strategicky-ramec-map-mnichovohradistsko-verze-platna-z-16-4-2019.pdf\">Strategick\u00fd r\u00e1mec MAP Mnichovohradi\u0161\u0165sko verze platn\u00e1 z&nbsp;16.&nbsp;4.&nbsp;2019<\/a><\/p>\n","protected":false},"excerpt":{"rendered":"<p>Strategick\u00fd r\u00e1mec MAP_MH_1.\u00a012.\u00a02025 Investi\u010dn\u00ed_priority_MAP_IV MH_1.&nbsp;12.&nbsp;2025 Strategick\u00fd r\u00e1mec MAP MH 7.&nbsp;11.&nbsp;2024 Strategick\u00fd r\u00e1mec priorit MAP MH do roku 2025 Strategick\u00fd_r\u00e1mec_MAP Mnichovohradi\u0161\u0165sko_verze platn\u00e1 z&nbsp;13.&nbsp;6.&nbsp;2022 Investi\u010dn\u00ed_priority_MAP MH_13.6.2022 Strategick\u00fd r\u00e1mec MAP Mnichovohradi\u0161\u0165sko verze platn\u00e1 z&nbsp;1.&nbsp;11.&nbsp;2021 Investi\u010dn\u00ed priority MAP MH_1.11.2021 Strategick\u00fd r\u00e1mec MAP Mnichovohradi\u0161\u0165sko verze platn\u00e1 z&nbsp;6.&nbsp;11.&nbsp;2020 Strategick\u00fd r\u00e1mec MAP Mnichovohradi\u0161\u0165sko verze platn\u00e1 z&nbsp;28.&nbsp;11.&nbsp;2019 Strategick\u00fd r\u00e1mec MAP Mnichovohradi\u0161\u0165sko verze platn\u00e1 [&hellip;]<\/p>\n","protected":false},"author":1,"featured_media":0,"parent":113,"menu_order":0,"comment_status":"closed","ping_status":"closed","template":"","meta":[],"_links":{"self":[{"href":"https:\/\/map-mh.cz\/map4\/wp-json\/wp\/v2\/pages\/896"}],"collection":[{"href":"https:\/\/map-mh.cz\/map4\/wp-json\/wp\/v2\/pages"}],"about":[{"href":"https:\/\/map-mh.cz\/map4\/wp-json\/wp\/v2\/types\/page"}],"author":[{"embeddable":true,"href":"https:\/\/map-mh.cz\/map4\/wp-json\/wp\/v2\/users\/1"}],"replies":[{"embeddable":true,"href":"https:\/\/map-mh.cz\/map4\/wp-json\/wp\/v2\/comments?post=896"}],"version-history":[{"count":21,"href":"https:\/\/map-mh.cz\/map4\/wp-json\/wp\/v2\/pages\/896\/revisions"}],"predecessor-version":[{"id":16625,"href":"https:\/\/map-mh.cz\/map4\/wp-json\/wp\/v2\/pages\/896\/revisions\/16625"}],"up":[{"embeddable":true,"href":"https:\/\/map-mh.cz\/map4\/wp-json\/wp\/v2\/pages\/113"}],"wp:attachment":[{"href":"https:\/\/map-mh.cz\/map4\/wp-json\/wp\/v2\/media?parent=896"}],"curies":[{"name":"wp","href":"https:\/\/api.w.org\/{rel}","templated":true}]}}