{"id":8486,"date":"2020-07-07T09:55:04","date_gmt":"2020-07-07T07:55:04","guid":{"rendered":"https:\/\/map-mh.cz\/map4\/?page_id=8486"},"modified":"2025-08-15T09:27:35","modified_gmt":"2025-08-15T07:27:35","slug":"sebeobrana-krav-maga-pro-deti","status":"publish","type":"page","link":"https:\/\/map-mh.cz\/map4\/volnocasove-aktivity\/sebeobrana-krav-maga-pro-deti\/","title":{"rendered":"Sebeobrana krav maga pro d\u011bti"},"content":{"rendered":"<p><strong>N\u00e1zev organizace<\/strong>:\u00a0<span data-sheets-value=\"{&quot;1&quot;:2,&quot;2&quot;:&quot;Brante-se.cz - V\u00fduka sebeobrany krav maga&quot;}\" data-sheets-userformat=\"{&quot;2&quot;:513,&quot;3&quot;:{&quot;1&quot;:0},&quot;12&quot;:0}\"><span class=\"f7rl1if4 adechonz f6oz4yja dahkl6ri axrg9lpx rufpak1n qtovjlwq qbmienfq rfyhaz4c rdmi1yqr ohrdq8us nswx41af fawcizw8 l1aqi3e3 sdu1flz4\">Bra\u0148te-se.cz z.s.<\/span> \u2013 \u0160kola sebeobrany krav maga<\/span><\/p>\n<p><strong>N\u00e1zev volno\u010dasov\u00e9 aktivity:<\/strong> <span data-sheets-value=\"{&quot;1&quot;:2,&quot;2&quot;:&quot;Sebeobrana krav maga pro d\u011bti &quot;}\" data-sheets-userformat=\"{&quot;2&quot;:513,&quot;3&quot;:{&quot;1&quot;:0},&quot;12&quot;:0}\">Sebeobrana krav maga pro d\u011bti <\/span><\/p>\n<p><strong>M\u00edsto kon\u00e1n\u00ed:<\/strong> <span data-sheets-value=\"{&quot;1&quot;:2,&quot;2&quot;:&quot;Wolf Fitness, Jir\u00e1skova 597, 29501 Mnichovo Hradi\u0161t\u011b&quot;}\" data-sheets-userformat=\"{&quot;2&quot;:513,&quot;3&quot;:{&quot;1&quot;:0},&quot;12&quot;:0}\">Wolf Fitness, Jir\u00e1skova 597, 29501 Mnichovo Hradi\u0161t\u011b<\/span><\/p>\n<p><strong>Dny, kdy aktivita prob\u00edh\u00e1:<\/strong><\/p>\n<p><span data-sheets-value=\"{&quot;1&quot;:2,&quot;2&quot;:&quot;Sch\u016fzky jednotliv\u00fdch dru\u017ein jsou v pond\u011bl\u00ed, ve st\u0159edu a \u010dtvrtek v odpoledn\u00edch hodin\u00e1ch. D\u00e1le jsou n\u011bkolikr\u00e1t do roka odd\u00edlov\u00e9 akce, akce ve spolupr\u00e1ci s m\u011bstem, v\u00fdpravy, v\u00fdlety apod.&quot;}\" data-sheets-userformat=\"{&quot;2&quot;:513,&quot;3&quot;:{&quot;1&quot;:0},&quot;12&quot;:0}\">Pond\u011bl\u00ed<\/span><\/p>\n<p>T\u0159\u00edda I. pro d\u011bti 5<span data-sheets-value=\"{&quot;1&quot;:2,&quot;2&quot;:&quot;Sch\u016fzky jednotliv\u00fdch dru\u017ein jsou v pond\u011bl\u00ed, ve st\u0159edu a \u010dtvrtek v odpoledn\u00edch hodin\u00e1ch. D\u00e1le jsou n\u011bkolikr\u00e1t do roka odd\u00edlov\u00e9 akce, akce ve spolupr\u00e1ci s m\u011bstem, v\u00fdpravy, v\u00fdlety apod.&quot;}\" data-sheets-userformat=\"{&quot;2&quot;:513,&quot;3&quot;:{&quot;1&quot;:0},&quot;12&quot;:0}\">\u20138<\/span> let <span data-sheets-value=\"{&quot;1&quot;:2,&quot;2&quot;:&quot;Sch\u016fzky jednotliv\u00fdch dru\u017ein jsou v pond\u011bl\u00ed, ve st\u0159edu a \u010dtvrtek v odpoledn\u00edch hodin\u00e1ch. D\u00e1le jsou n\u011bkolikr\u00e1t do roka odd\u00edlov\u00e9 akce, akce ve spolupr\u00e1ci s m\u011bstem, v\u00fdpravy, v\u00fdlety apod.&quot;}\" data-sheets-userformat=\"{&quot;2&quot;:513,&quot;3&quot;:{&quot;1&quot;:0},&quot;12&quot;:0}\">\u2013<\/span> 15:00<span data-sheets-value=\"{&quot;1&quot;:2,&quot;2&quot;:&quot;Sch\u016fzky jednotliv\u00fdch dru\u017ein jsou v pond\u011bl\u00ed, ve st\u0159edu a \u010dtvrtek v odpoledn\u00edch hodin\u00e1ch. D\u00e1le jsou n\u011bkolikr\u00e1t do roka odd\u00edlov\u00e9 akce, akce ve spolupr\u00e1ci s m\u011bstem, v\u00fdpravy, v\u00fdlety apod.&quot;}\" data-sheets-userformat=\"{&quot;2&quot;:513,&quot;3&quot;:{&quot;1&quot;:0},&quot;12&quot;:0}\">\u2013<\/span>15:45<\/p>\n<p>T\u0159\u00edda II. pro d\u011bti 5<span data-sheets-value=\"{&quot;1&quot;:2,&quot;2&quot;:&quot;Sch\u016fzky jednotliv\u00fdch dru\u017ein jsou v pond\u011bl\u00ed, ve st\u0159edu a \u010dtvrtek v odpoledn\u00edch hodin\u00e1ch. D\u00e1le jsou n\u011bkolikr\u00e1t do roka odd\u00edlov\u00e9 akce, akce ve spolupr\u00e1ci s m\u011bstem, v\u00fdpravy, v\u00fdlety apod.&quot;}\" data-sheets-userformat=\"{&quot;2&quot;:513,&quot;3&quot;:{&quot;1&quot;:0},&quot;12&quot;:0}\">\u20138<\/span> let <span data-sheets-value=\"{&quot;1&quot;:2,&quot;2&quot;:&quot;Sch\u016fzky jednotliv\u00fdch dru\u017ein jsou v pond\u011bl\u00ed, ve st\u0159edu a \u010dtvrtek v odpoledn\u00edch hodin\u00e1ch. D\u00e1le jsou n\u011bkolikr\u00e1t do roka odd\u00edlov\u00e9 akce, akce ve spolupr\u00e1ci s m\u011bstem, v\u00fdpravy, v\u00fdlety apod.&quot;}\" data-sheets-userformat=\"{&quot;2&quot;:513,&quot;3&quot;:{&quot;1&quot;:0},&quot;12&quot;:0}\">\u2013<\/span> 15:50<span data-sheets-value=\"{&quot;1&quot;:2,&quot;2&quot;:&quot;Sch\u016fzky jednotliv\u00fdch dru\u017ein jsou v pond\u011bl\u00ed, ve st\u0159edu a \u010dtvrtek v odpoledn\u00edch hodin\u00e1ch. D\u00e1le jsou n\u011bkolikr\u00e1t do roka odd\u00edlov\u00e9 akce, akce ve spolupr\u00e1ci s m\u011bstem, v\u00fdpravy, v\u00fdlety apod.&quot;}\" data-sheets-userformat=\"{&quot;2&quot;:513,&quot;3&quot;:{&quot;1&quot;:0},&quot;12&quot;:0}\">\u2013<\/span>16:35<\/p>\n<p>T\u0159\u00edda pro d\u011bti 9<span data-sheets-value=\"{&quot;1&quot;:2,&quot;2&quot;:&quot;Sch\u016fzky jednotliv\u00fdch dru\u017ein jsou v pond\u011bl\u00ed, ve st\u0159edu a \u010dtvrtek v odpoledn\u00edch hodin\u00e1ch. D\u00e1le jsou n\u011bkolikr\u00e1t do roka odd\u00edlov\u00e9 akce, akce ve spolupr\u00e1ci s m\u011bstem, v\u00fdpravy, v\u00fdlety apod.&quot;}\" data-sheets-userformat=\"{&quot;2&quot;:513,&quot;3&quot;:{&quot;1&quot;:0},&quot;12&quot;:0}\">\u2013<\/span>13 let <span data-sheets-value=\"{&quot;1&quot;:2,&quot;2&quot;:&quot;Sch\u016fzky jednotliv\u00fdch dru\u017ein jsou v pond\u011bl\u00ed, ve st\u0159edu a \u010dtvrtek v odpoledn\u00edch hodin\u00e1ch. D\u00e1le jsou n\u011bkolikr\u00e1t do roka odd\u00edlov\u00e9 akce, akce ve spolupr\u00e1ci s m\u011bstem, v\u00fdpravy, v\u00fdlety apod.&quot;}\" data-sheets-userformat=\"{&quot;2&quot;:513,&quot;3&quot;:{&quot;1&quot;:0},&quot;12&quot;:0}\">\u2013<\/span> 16:40<span data-sheets-value=\"{&quot;1&quot;:2,&quot;2&quot;:&quot;Sch\u016fzky jednotliv\u00fdch dru\u017ein jsou v pond\u011bl\u00ed, ve st\u0159edu a \u010dtvrtek v odpoledn\u00edch hodin\u00e1ch. D\u00e1le jsou n\u011bkolikr\u00e1t do roka odd\u00edlov\u00e9 akce, akce ve spolupr\u00e1ci s m\u011bstem, v\u00fdpravy, v\u00fdlety apod.&quot;}\" data-sheets-userformat=\"{&quot;2&quot;:513,&quot;3&quot;:{&quot;1&quot;:0},&quot;12&quot;:0}\">\u2013<\/span>17:40<\/p>\n<p><strong>Cena aktivity:<\/strong><br \/>\n<span data-sheets-value=\"{&quot;1&quot;:2,&quot;2&quot;:&quot;dle ro\u010dn\u00edk\u016f&quot;}\" data-sheets-userformat=\"{&quot;2&quot;:513,&quot;3&quot;:{&quot;1&quot;:0},&quot;12&quot;:0}\">D\u011bti 5\u20139 let 2600&nbsp;K\u010d za pololet\u00ed (5 m\u011bs\u00edc\u016f), 650&nbsp;K\u010d za m\u011bs\u00edc<br \/>\nD\u011bti 10\u201315 let 3200&nbsp;K\u010d za pololet\u00ed (5 m\u011bs\u00edc\u016f), 800&nbsp;K\u010d za m\u011bs\u00edc<br \/>\n<\/span><\/p>\n<p><strong>Pro jak star\u00e9 d\u011bti je aktivita ur\u010dena:<\/strong> <span data-sheets-value=\"{&quot;1&quot;:2,&quot;2&quot;:&quot;5-14 let&quot;}\" data-sheets-userformat=\"{&quot;2&quot;:513,&quot;3&quot;:{&quot;1&quot;:0},&quot;12&quot;:0}\">5\u201313 let<\/span><\/p>\n<p><strong>Webov\u00e9 str\u00e1nky organizace:<\/strong> <a class=\"in-cell-link\" href=\"http:\/\/www.brante-se.cz\" target=\"_blank\" rel=\"noopener\">www.brante-se.cz<\/a><\/p>\n<p><strong>Kontaktn\u00ed osoba: <\/strong><span data-sheets-value=\"{&quot;1&quot;:2,&quot;2&quot;:&quot;Ing. Petr Mazal, MBA&quot;}\" data-sheets-userformat=\"{&quot;2&quot;:513,&quot;3&quot;:{&quot;1&quot;:0},&quot;12&quot;:0}\">Bc. Miloslav Pernet, <\/span><span data-sheets-value=\"{&quot;1&quot;:2,&quot;2&quot;:&quot;info@petrmazal.cz \/ +420 724 085 538&quot;}\" data-sheets-userformat=\"{&quot;2&quot;:513,&quot;3&quot;:{&quot;1&quot;:0},&quot;12&quot;:0}\">miloslavpernet@brante-se.cz, +420&nbsp;604&nbsp;473&nbsp;594<br \/>\n<\/span><\/p>\n<a class=\"maxbutton-10 maxbutton maxbutton-zpet\" href=\"https:\/\/map-mh.cz\/map4\/volnocasove-aktivity\/\"><span class='mb-text'>zp\u011bt<\/span><\/a>\n","protected":false},"excerpt":{"rendered":"<p>N\u00e1zev organizace:\u00a0Bra\u0148te-se.cz z.s. \u2013 \u0160kola sebeobrany krav maga N\u00e1zev volno\u010dasov\u00e9 aktivity: Sebeobrana krav maga pro d\u011bti M\u00edsto kon\u00e1n\u00ed: Wolf Fitness, Jir\u00e1skova 597, 29501 Mnichovo Hradi\u0161t\u011b Dny, kdy aktivita prob\u00edh\u00e1: Pond\u011bl\u00ed T\u0159\u00edda I. pro d\u011bti 5\u20138 let \u2013 15:00\u201315:45 T\u0159\u00edda II. pro d\u011bti 5\u20138 let \u2013 15:50\u201316:35 T\u0159\u00edda pro d\u011bti 9\u201313 let \u2013 16:40\u201317:40 Cena aktivity: [&hellip;]<\/p>\n","protected":false},"author":4,"featured_media":0,"parent":6079,"menu_order":0,"comment_status":"closed","ping_status":"closed","template":"","meta":[],"_links":{"self":[{"href":"https:\/\/map-mh.cz\/map4\/wp-json\/wp\/v2\/pages\/8486"}],"collection":[{"href":"https:\/\/map-mh.cz\/map4\/wp-json\/wp\/v2\/pages"}],"about":[{"href":"https:\/\/map-mh.cz\/map4\/wp-json\/wp\/v2\/types\/page"}],"author":[{"embeddable":true,"href":"https:\/\/map-mh.cz\/map4\/wp-json\/wp\/v2\/users\/4"}],"replies":[{"embeddable":true,"href":"https:\/\/map-mh.cz\/map4\/wp-json\/wp\/v2\/comments?post=8486"}],"version-history":[{"count":9,"href":"https:\/\/map-mh.cz\/map4\/wp-json\/wp\/v2\/pages\/8486\/revisions"}],"predecessor-version":[{"id":16339,"href":"https:\/\/map-mh.cz\/map4\/wp-json\/wp\/v2\/pages\/8486\/revisions\/16339"}],"up":[{"embeddable":true,"href":"https:\/\/map-mh.cz\/map4\/wp-json\/wp\/v2\/pages\/6079"}],"wp:attachment":[{"href":"https:\/\/map-mh.cz\/map4\/wp-json\/wp\/v2\/media?parent=8486"}],"curies":[{"name":"wp","href":"https:\/\/api.w.org\/{rel}","templated":true}]}}