{"id":8338,"date":"2020-06-16T07:32:36","date_gmt":"2020-06-16T05:32:36","guid":{"rendered":"https:\/\/map-mh.cz\/map4\/?page_id=8338"},"modified":"2020-06-16T07:35:17","modified_gmt":"2020-06-16T05:35:17","slug":"setkavani-lidi-s-konickem-patrani-po-predcich","status":"publish","type":"page","link":"https:\/\/map-mh.cz\/map4\/volnocasove-aktivity\/setkavani-lidi-s-konickem-patrani-po-predcich\/","title":{"rendered":"Setk\u00e1v\u00e1n\u00ed lid\u00ed s&nbsp;kon\u00ed\u010dkem p\u00e1tr\u00e1n\u00ed po&nbsp;p\u0159edc\u00edch"},"content":{"rendered":"<p><strong>N\u00e1zev organizace<\/strong>: <span data-sheets-value=\"{&quot;1&quot;:2,&quot;2&quot;:&quot;SDH Mnichovo Hradi\u0161t\u011b&quot;}\" data-sheets-userformat=\"{&quot;2&quot;:513,&quot;3&quot;:{&quot;1&quot;:0},&quot;12&quot;:0}\">Mnichovohradi\u0161\u0165sk\u00fd spolek genealog\u016f<\/span><\/p>\n<p><strong>N\u00e1zev volno\u010dasov\u00e9 aktivity:<\/strong> S<span data-sheets-value=\"{&quot;1&quot;:2,&quot;2&quot;:&quot;setk\u00e1v\u00e1n\u00ed lid\u00ed s kon\u00ed\u010dkem p\u00e1tr\u00e1n\u00ed po p\u0159edc\u00edch&quot;}\" data-sheets-userformat=\"{&quot;2&quot;:513,&quot;3&quot;:{&quot;1&quot;:0},&quot;12&quot;:0}\">etk\u00e1v\u00e1n\u00ed lid\u00ed s&nbsp;kon\u00ed\u010dkem p\u00e1tr\u00e1n\u00ed po&nbsp;p\u0159edc\u00edch<\/span><\/p>\n<p><strong>M\u00edsto kon\u00e1n\u00ed:<\/strong> <span data-sheets-value=\"{&quot;1&quot;:2,&quot;2&quot;:&quot;D\u016fm Ludmila, Na N\u00e1vsi 229, Mnichovo Hradi\u0161t\u011b \u2013 Vesel\u00e1&quot;}\" data-sheets-userformat=\"{&quot;2&quot;:513,&quot;3&quot;:{&quot;1&quot;:0},&quot;12&quot;:0}\">D\u016fm Ludmila, Na N\u00e1vsi 229, Mnichovo Hradi\u0161t\u011b \u2013 Vesel\u00e1<\/span><\/p>\n<p><strong>Dny, kdy aktivita prob\u00edh\u00e1:<\/strong> <span data-sheets-value=\"{&quot;1&quot;:2,&quot;2&quot;:&quot;1x m\u011bs\u00ed\u010dn\u011b, \u00faterky od 17:30&quot;}\" data-sheets-userformat=\"{&quot;2&quot;:513,&quot;3&quot;:{&quot;1&quot;:0},&quot;12&quot;:0}\">1x m\u011bs\u00ed\u010dn\u011b, \u00faterky od 17:30<\/span><\/p>\n<p><strong>Cena aktivity:<\/strong><\/p>\n<p><strong>Pro jak star\u00e9 d\u011bti je aktivita ur\u010dena:<\/strong> <span data-sheets-value=\"{&quot;1&quot;:2,&quot;2&quot;:&quot;bez v\u011bkov\u00e9ho omezen\u00ed&quot;}\" data-sheets-userformat=\"{&quot;2&quot;:513,&quot;3&quot;:{&quot;1&quot;:0},&quot;12&quot;:0}\">bez v\u011bkov\u00e9ho omezen\u00ed<\/span><\/p>\n<p><strong>Webov\u00e9 str\u00e1nky organizace: <\/strong><a class=\"in-cell-link\" href=\"http:\/\/www.rodokmenymh.cz\" target=\"_blank\" rel=\"noopener\">www.rodokmenymh.cz<\/a><\/p>\n<p><strong>Kontaktn\u00ed osoba:<\/strong> <span data-sheets-value=\"{&quot;1&quot;:2,&quot;2&quot;:&quot;Petr Nov\u00e1k&quot;}\" data-sheets-userformat=\"{&quot;2&quot;:513,&quot;3&quot;:{&quot;1&quot;:0},&quot;12&quot;:0}\">Petr Nov\u00e1k<\/span>, <span data-sheets-value=\"{&quot;1&quot;:2,&quot;2&quot;:&quot;petr-novak@post.cz, 724 700 656&quot;}\" data-sheets-userformat=\"{&quot;2&quot;:513,&quot;3&quot;:{&quot;1&quot;:0},&quot;12&quot;:0}\">petr-novak@post.cz, 724&nbsp;700&nbsp;656<\/span><\/p>\n<a class=\"maxbutton-10 maxbutton maxbutton-zpet\" href=\"https:\/\/map-mh.cz\/map4\/volnocasove-aktivity\/\"><span class='mb-text'>zp\u011bt<\/span><\/a>\n","protected":false},"excerpt":{"rendered":"<p>N\u00e1zev organizace: Mnichovohradi\u0161\u0165sk\u00fd spolek genealog\u016f N\u00e1zev volno\u010dasov\u00e9 aktivity: Setk\u00e1v\u00e1n\u00ed lid\u00ed s&nbsp;kon\u00ed\u010dkem p\u00e1tr\u00e1n\u00ed po&nbsp;p\u0159edc\u00edch M\u00edsto kon\u00e1n\u00ed: D\u016fm Ludmila, Na N\u00e1vsi 229, Mnichovo Hradi\u0161t\u011b \u2013 Vesel\u00e1 Dny, kdy aktivita prob\u00edh\u00e1: 1x m\u011bs\u00ed\u010dn\u011b, \u00faterky od 17:30 Cena aktivity: Pro jak star\u00e9 d\u011bti je aktivita ur\u010dena: bez v\u011bkov\u00e9ho omezen\u00ed Webov\u00e9 str\u00e1nky organizace: www.rodokmenymh.cz Kontaktn\u00ed osoba: Petr Nov\u00e1k, petr-novak@post.cz, 724&nbsp;700&nbsp;656<\/p>\n","protected":false},"author":4,"featured_media":0,"parent":6079,"menu_order":0,"comment_status":"closed","ping_status":"closed","template":"","meta":[],"_links":{"self":[{"href":"https:\/\/map-mh.cz\/map4\/wp-json\/wp\/v2\/pages\/8338"}],"collection":[{"href":"https:\/\/map-mh.cz\/map4\/wp-json\/wp\/v2\/pages"}],"about":[{"href":"https:\/\/map-mh.cz\/map4\/wp-json\/wp\/v2\/types\/page"}],"author":[{"embeddable":true,"href":"https:\/\/map-mh.cz\/map4\/wp-json\/wp\/v2\/users\/4"}],"replies":[{"embeddable":true,"href":"https:\/\/map-mh.cz\/map4\/wp-json\/wp\/v2\/comments?post=8338"}],"version-history":[{"count":1,"href":"https:\/\/map-mh.cz\/map4\/wp-json\/wp\/v2\/pages\/8338\/revisions"}],"predecessor-version":[{"id":8339,"href":"https:\/\/map-mh.cz\/map4\/wp-json\/wp\/v2\/pages\/8338\/revisions\/8339"}],"up":[{"embeddable":true,"href":"https:\/\/map-mh.cz\/map4\/wp-json\/wp\/v2\/pages\/6079"}],"wp:attachment":[{"href":"https:\/\/map-mh.cz\/map4\/wp-json\/wp\/v2\/media?parent=8338"}],"curies":[{"name":"wp","href":"https:\/\/api.w.org\/{rel}","templated":true}]}}