{"id":8026,"date":"2020-05-11T23:36:24","date_gmt":"2020-05-11T21:36:24","guid":{"rendered":"https:\/\/map-mh.cz\/map4\/?page_id=8026"},"modified":"2020-05-25T09:48:25","modified_gmt":"2020-05-25T07:48:25","slug":"tipy-od-rodicu-na-aktivity-pro-deti","status":"publish","type":"page","link":"https:\/\/map-mh.cz\/map4\/tipy-od-rodicu-na-aktivity-pro-deti\/","title":{"rendered":"Tipy od rodi\u010d\u016f na aktivity pro d\u011bti"},"content":{"rendered":"<p>Tato inspirativn\u00ed str\u00e1nka je v\u00fdsledkem na\u0161\u00ed &#8220;koronavirov\u00e9&#8221; v\u00fdzvy pro rodi\u010de d\u011bt\u00ed v\u0161ech v\u011bkov\u00fdch kategori\u00ed, v&nbsp;n\u00ed\u017e jsme je vyzvali o&nbsp;sd\u00edlen\u00ed jejich tip\u016f z&nbsp;aktivit, kter\u00fdmi si kr\u00e1t\u00ed \u010das v&nbsp;dob\u00e1ch pandemie koronaviru. Rodi\u010de se d\u00edky v\u00fdzv\u011b pod\u011blili o&nbsp;sv\u00e9 z\u00e1\u017eitky z&nbsp;t\u00e9to doby, zas\u00edlali n\u00e1m fotografie se stru\u010dn\u00fdm popisem aktivity, kterou se spole\u010dn\u011b bavili v&nbsp;dob\u011b, kdy d\u011bti nemohly chodit do \u0161kolky, do \u0161koly ani do krou\u017ek\u016f, nemohly se setk\u00e1vat ani s&nbsp;kamar\u00e1dy. Proto\u017ee v\u00edme, \u017ee nen\u00ed jednoduch\u00e9 d\u011bti &#8220;zabavit&#8221;, v\u011b\u0159\u00edme, \u017ee sd\u00edlen\u00edm t\u011bchto tip\u016f vytvo\u0159\u00edme pro rodi\u010de u\u017eite\u010dn\u00fd inspiromat.<\/p>\n<p><img decoding=\"async\" loading=\"lazy\" class=\"alignnone size-full wp-image-8031\" src=\"https:\/\/map-mh.cz\/map4\/wp-content\/uploads\/2020\/05\/inspiromat-1.jpg\" alt=\"\" width=\"940\" height=\"788\" srcset=\"https:\/\/map-mh.cz\/map4\/wp-content\/uploads\/2020\/05\/inspiromat-1.jpg 940w, https:\/\/map-mh.cz\/map4\/wp-content\/uploads\/2020\/05\/inspiromat-1-358x300.jpg 358w, https:\/\/map-mh.cz\/map4\/wp-content\/uploads\/2020\/05\/inspiromat-1-768x644.jpg 768w\" sizes=\"(max-width: 940px) 100vw, 940px\" \/><\/p>\n<p><img decoding=\"async\" loading=\"lazy\" class=\"alignnone size-full wp-image-8032\" src=\"https:\/\/map-mh.cz\/map4\/wp-content\/uploads\/2020\/05\/2_tomasova_fb.png\" alt=\"\" width=\"940\" height=\"788\" srcset=\"https:\/\/map-mh.cz\/map4\/wp-content\/uploads\/2020\/05\/2_tomasova_fb.png 940w, https:\/\/map-mh.cz\/map4\/wp-content\/uploads\/2020\/05\/2_tomasova_fb-358x300.png 358w, https:\/\/map-mh.cz\/map4\/wp-content\/uploads\/2020\/05\/2_tomasova_fb-768x644.png 768w\" sizes=\"(max-width: 940px) 100vw, 940px\" \/><\/p>\n<p><img decoding=\"async\" loading=\"lazy\" class=\"alignnone size-full wp-image-8033\" src=\"https:\/\/map-mh.cz\/map4\/wp-content\/uploads\/2020\/05\/inspiromat-3.png\" alt=\"\" width=\"940\" height=\"788\" srcset=\"https:\/\/map-mh.cz\/map4\/wp-content\/uploads\/2020\/05\/inspiromat-3.png 940w, https:\/\/map-mh.cz\/map4\/wp-content\/uploads\/2020\/05\/inspiromat-3-358x300.png 358w, https:\/\/map-mh.cz\/map4\/wp-content\/uploads\/2020\/05\/inspiromat-3-768x644.png 768w\" sizes=\"(max-width: 940px) 100vw, 940px\" \/><\/p>\n<p><img decoding=\"async\" loading=\"lazy\" class=\"alignnone size-full wp-image-8034\" src=\"https:\/\/map-mh.cz\/map4\/wp-content\/uploads\/2020\/05\/inspiromat-4.png\" alt=\"\" width=\"940\" height=\"788\" srcset=\"https:\/\/map-mh.cz\/map4\/wp-content\/uploads\/2020\/05\/inspiromat-4.png 940w, https:\/\/map-mh.cz\/map4\/wp-content\/uploads\/2020\/05\/inspiromat-4-358x300.png 358w, https:\/\/map-mh.cz\/map4\/wp-content\/uploads\/2020\/05\/inspiromat-4-768x644.png 768w\" sizes=\"(max-width: 940px) 100vw, 940px\" \/><\/p>\n<p><img decoding=\"async\" loading=\"lazy\" class=\"alignnone size-full wp-image-8035\" src=\"https:\/\/map-mh.cz\/map4\/wp-content\/uploads\/2020\/05\/inspiromat-05.png\" alt=\"\" width=\"940\" height=\"788\" srcset=\"https:\/\/map-mh.cz\/map4\/wp-content\/uploads\/2020\/05\/inspiromat-05.png 940w, https:\/\/map-mh.cz\/map4\/wp-content\/uploads\/2020\/05\/inspiromat-05-358x300.png 358w, https:\/\/map-mh.cz\/map4\/wp-content\/uploads\/2020\/05\/inspiromat-05-768x644.png 768w\" sizes=\"(max-width: 940px) 100vw, 940px\" \/><\/p>\n<p><img decoding=\"async\" loading=\"lazy\" class=\"alignnone size-full wp-image-8135\" src=\"https:\/\/map-mh.cz\/map4\/wp-content\/uploads\/2020\/05\/inspiromat-06.png\" alt=\"\" width=\"940\" height=\"788\" srcset=\"https:\/\/map-mh.cz\/map4\/wp-content\/uploads\/2020\/05\/inspiromat-06.png 940w, https:\/\/map-mh.cz\/map4\/wp-content\/uploads\/2020\/05\/inspiromat-06-358x300.png 358w, https:\/\/map-mh.cz\/map4\/wp-content\/uploads\/2020\/05\/inspiromat-06-768x644.png 768w\" sizes=\"(max-width: 940px) 100vw, 940px\" \/><\/p>\n<p><img decoding=\"async\" loading=\"lazy\" class=\"alignnone size-full wp-image-8036\" src=\"https:\/\/map-mh.cz\/map4\/wp-content\/uploads\/2020\/05\/inspiromat-6.png\" alt=\"\" width=\"940\" height=\"788\" srcset=\"https:\/\/map-mh.cz\/map4\/wp-content\/uploads\/2020\/05\/inspiromat-6.png 940w, https:\/\/map-mh.cz\/map4\/wp-content\/uploads\/2020\/05\/inspiromat-6-358x300.png 358w, https:\/\/map-mh.cz\/map4\/wp-content\/uploads\/2020\/05\/inspiromat-6-768x644.png 768w\" sizes=\"(max-width: 940px) 100vw, 940px\" \/><\/p>\n<p><img decoding=\"async\" loading=\"lazy\" class=\"alignnone size-full wp-image-8037\" src=\"https:\/\/map-mh.cz\/map4\/wp-content\/uploads\/2020\/05\/inspiromat-08.png\" alt=\"\" width=\"940\" height=\"788\" srcset=\"https:\/\/map-mh.cz\/map4\/wp-content\/uploads\/2020\/05\/inspiromat-08.png 940w, https:\/\/map-mh.cz\/map4\/wp-content\/uploads\/2020\/05\/inspiromat-08-358x300.png 358w, https:\/\/map-mh.cz\/map4\/wp-content\/uploads\/2020\/05\/inspiromat-08-768x644.png 768w\" sizes=\"(max-width: 940px) 100vw, 940px\" \/><\/p>\n<p><img decoding=\"async\" loading=\"lazy\" class=\"alignnone size-full wp-image-8038\" src=\"https:\/\/map-mh.cz\/map4\/wp-content\/uploads\/2020\/05\/inspiromat-09.png\" alt=\"\" width=\"940\" height=\"788\" srcset=\"https:\/\/map-mh.cz\/map4\/wp-content\/uploads\/2020\/05\/inspiromat-09.png 940w, https:\/\/map-mh.cz\/map4\/wp-content\/uploads\/2020\/05\/inspiromat-09-358x300.png 358w, https:\/\/map-mh.cz\/map4\/wp-content\/uploads\/2020\/05\/inspiromat-09-768x644.png 768w\" sizes=\"(max-width: 940px) 100vw, 940px\" \/><\/p>\n<p><img decoding=\"async\" loading=\"lazy\" class=\"alignnone size-full wp-image-8039\" src=\"https:\/\/map-mh.cz\/map4\/wp-content\/uploads\/2020\/05\/inspiromat-10.png\" alt=\"\" width=\"940\" height=\"788\" srcset=\"https:\/\/map-mh.cz\/map4\/wp-content\/uploads\/2020\/05\/inspiromat-10.png 940w, https:\/\/map-mh.cz\/map4\/wp-content\/uploads\/2020\/05\/inspiromat-10-358x300.png 358w, https:\/\/map-mh.cz\/map4\/wp-content\/uploads\/2020\/05\/inspiromat-10-768x644.png 768w\" sizes=\"(max-width: 940px) 100vw, 940px\" \/><\/p>\n<p><img decoding=\"async\" loading=\"lazy\" class=\"alignnone size-full wp-image-8048\" src=\"https:\/\/map-mh.cz\/map4\/wp-content\/uploads\/2020\/05\/inspiromat-11.png\" alt=\"\" width=\"940\" height=\"788\" srcset=\"https:\/\/map-mh.cz\/map4\/wp-content\/uploads\/2020\/05\/inspiromat-11.png 940w, https:\/\/map-mh.cz\/map4\/wp-content\/uploads\/2020\/05\/inspiromat-11-358x300.png 358w, https:\/\/map-mh.cz\/map4\/wp-content\/uploads\/2020\/05\/inspiromat-11-768x644.png 768w\" sizes=\"(max-width: 940px) 100vw, 940px\" \/><\/p>\n<p><img decoding=\"async\" loading=\"lazy\" class=\"alignnone size-full wp-image-8049\" src=\"https:\/\/map-mh.cz\/map4\/wp-content\/uploads\/2020\/05\/inspiromat-12.png\" alt=\"\" width=\"940\" height=\"788\" srcset=\"https:\/\/map-mh.cz\/map4\/wp-content\/uploads\/2020\/05\/inspiromat-12.png 940w, https:\/\/map-mh.cz\/map4\/wp-content\/uploads\/2020\/05\/inspiromat-12-358x300.png 358w, https:\/\/map-mh.cz\/map4\/wp-content\/uploads\/2020\/05\/inspiromat-12-768x644.png 768w\" sizes=\"(max-width: 940px) 100vw, 940px\" \/><\/p>\n<p><img decoding=\"async\" loading=\"lazy\" class=\"alignnone size-full wp-image-8072\" src=\"https:\/\/map-mh.cz\/map4\/wp-content\/uploads\/2020\/05\/inspiromat-13.png\" alt=\"\" width=\"940\" height=\"788\" srcset=\"https:\/\/map-mh.cz\/map4\/wp-content\/uploads\/2020\/05\/inspiromat-13.png 940w, https:\/\/map-mh.cz\/map4\/wp-content\/uploads\/2020\/05\/inspiromat-13-358x300.png 358w, https:\/\/map-mh.cz\/map4\/wp-content\/uploads\/2020\/05\/inspiromat-13-768x644.png 768w\" sizes=\"(max-width: 940px) 100vw, 940px\" \/><\/p>\n<p><img decoding=\"async\" loading=\"lazy\" class=\"alignnone size-full wp-image-8073\" src=\"https:\/\/map-mh.cz\/map4\/wp-content\/uploads\/2020\/05\/inspiromat-14.png\" alt=\"\" width=\"940\" height=\"788\" srcset=\"https:\/\/map-mh.cz\/map4\/wp-content\/uploads\/2020\/05\/inspiromat-14.png 940w, https:\/\/map-mh.cz\/map4\/wp-content\/uploads\/2020\/05\/inspiromat-14-358x300.png 358w, https:\/\/map-mh.cz\/map4\/wp-content\/uploads\/2020\/05\/inspiromat-14-768x644.png 768w\" sizes=\"(max-width: 940px) 100vw, 940px\" \/><\/p>\n<p><img decoding=\"async\" loading=\"lazy\" class=\"alignnone size-full wp-image-8136\" src=\"https:\/\/map-mh.cz\/map4\/wp-content\/uploads\/2020\/05\/inspiromat-15.png\" alt=\"\" width=\"940\" height=\"788\" srcset=\"https:\/\/map-mh.cz\/map4\/wp-content\/uploads\/2020\/05\/inspiromat-15.png 940w, https:\/\/map-mh.cz\/map4\/wp-content\/uploads\/2020\/05\/inspiromat-15-358x300.png 358w, https:\/\/map-mh.cz\/map4\/wp-content\/uploads\/2020\/05\/inspiromat-15-768x644.png 768w\" sizes=\"(max-width: 940px) 100vw, 940px\" \/><\/p>\n<p><img decoding=\"async\" loading=\"lazy\" class=\"alignnone size-full wp-image-8137\" src=\"https:\/\/map-mh.cz\/map4\/wp-content\/uploads\/2020\/05\/inspiromat-16.png\" alt=\"\" width=\"940\" height=\"788\" srcset=\"https:\/\/map-mh.cz\/map4\/wp-content\/uploads\/2020\/05\/inspiromat-16.png 940w, https:\/\/map-mh.cz\/map4\/wp-content\/uploads\/2020\/05\/inspiromat-16-358x300.png 358w, https:\/\/map-mh.cz\/map4\/wp-content\/uploads\/2020\/05\/inspiromat-16-768x644.png 768w\" sizes=\"(max-width: 940px) 100vw, 940px\" \/><\/p>\n<p><img decoding=\"async\" loading=\"lazy\" class=\"alignnone size-full wp-image-8138\" src=\"https:\/\/map-mh.cz\/map4\/wp-content\/uploads\/2020\/05\/inspiromat-17.png\" alt=\"\" width=\"940\" height=\"788\" srcset=\"https:\/\/map-mh.cz\/map4\/wp-content\/uploads\/2020\/05\/inspiromat-17.png 940w, https:\/\/map-mh.cz\/map4\/wp-content\/uploads\/2020\/05\/inspiromat-17-358x300.png 358w, https:\/\/map-mh.cz\/map4\/wp-content\/uploads\/2020\/05\/inspiromat-17-768x644.png 768w\" sizes=\"(max-width: 940px) 100vw, 940px\" \/><\/p>\n<p><img decoding=\"async\" loading=\"lazy\" class=\"alignnone size-full wp-image-8139\" src=\"https:\/\/map-mh.cz\/map4\/wp-content\/uploads\/2020\/05\/inspiromat-18.png\" alt=\"\" width=\"940\" height=\"788\" srcset=\"https:\/\/map-mh.cz\/map4\/wp-content\/uploads\/2020\/05\/inspiromat-18.png 940w, https:\/\/map-mh.cz\/map4\/wp-content\/uploads\/2020\/05\/inspiromat-18-358x300.png 358w, https:\/\/map-mh.cz\/map4\/wp-content\/uploads\/2020\/05\/inspiromat-18-768x644.png 768w\" sizes=\"(max-width: 940px) 100vw, 940px\" \/><\/p>\n<p><img decoding=\"async\" loading=\"lazy\" class=\"alignnone size-full wp-image-8098\" src=\"https:\/\/map-mh.cz\/map4\/wp-content\/uploads\/2020\/05\/inspiromat-19.png\" alt=\"\" width=\"940\" height=\"788\" srcset=\"https:\/\/map-mh.cz\/map4\/wp-content\/uploads\/2020\/05\/inspiromat-19.png 940w, https:\/\/map-mh.cz\/map4\/wp-content\/uploads\/2020\/05\/inspiromat-19-358x300.png 358w, https:\/\/map-mh.cz\/map4\/wp-content\/uploads\/2020\/05\/inspiromat-19-768x644.png 768w\" sizes=\"(max-width: 940px) 100vw, 940px\" \/><\/p>\n<p><img decoding=\"async\" loading=\"lazy\" class=\"alignnone size-full wp-image-8099\" src=\"https:\/\/map-mh.cz\/map4\/wp-content\/uploads\/2020\/05\/inspiromat-20.png\" alt=\"\" width=\"940\" height=\"788\" srcset=\"https:\/\/map-mh.cz\/map4\/wp-content\/uploads\/2020\/05\/inspiromat-20.png 940w, https:\/\/map-mh.cz\/map4\/wp-content\/uploads\/2020\/05\/inspiromat-20-358x300.png 358w, https:\/\/map-mh.cz\/map4\/wp-content\/uploads\/2020\/05\/inspiromat-20-768x644.png 768w\" sizes=\"(max-width: 940px) 100vw, 940px\" \/><\/p>\n","protected":false},"excerpt":{"rendered":"<p>Tato inspirativn\u00ed str\u00e1nka je v\u00fdsledkem na\u0161\u00ed &#8220;koronavirov\u00e9&#8221; v\u00fdzvy pro rodi\u010de d\u011bt\u00ed v\u0161ech v\u011bkov\u00fdch kategori\u00ed, v&nbsp;n\u00ed\u017e jsme je vyzvali o&nbsp;sd\u00edlen\u00ed jejich tip\u016f z&nbsp;aktivit, kter\u00fdmi si kr\u00e1t\u00ed \u010das v&nbsp;dob\u00e1ch pandemie koronaviru. Rodi\u010de se d\u00edky v\u00fdzv\u011b pod\u011blili o&nbsp;sv\u00e9 z\u00e1\u017eitky z&nbsp;t\u00e9to doby, zas\u00edlali n\u00e1m fotografie se stru\u010dn\u00fdm popisem aktivity, kterou se spole\u010dn\u011b bavili v&nbsp;dob\u011b, kdy d\u011bti nemohly chodit do [&hellip;]<\/p>\n","protected":false},"author":4,"featured_media":0,"parent":0,"menu_order":0,"comment_status":"closed","ping_status":"closed","template":"","meta":[],"_links":{"self":[{"href":"https:\/\/map-mh.cz\/map4\/wp-json\/wp\/v2\/pages\/8026"}],"collection":[{"href":"https:\/\/map-mh.cz\/map4\/wp-json\/wp\/v2\/pages"}],"about":[{"href":"https:\/\/map-mh.cz\/map4\/wp-json\/wp\/v2\/types\/page"}],"author":[{"embeddable":true,"href":"https:\/\/map-mh.cz\/map4\/wp-json\/wp\/v2\/users\/4"}],"replies":[{"embeddable":true,"href":"https:\/\/map-mh.cz\/map4\/wp-json\/wp\/v2\/comments?post=8026"}],"version-history":[{"count":11,"href":"https:\/\/map-mh.cz\/map4\/wp-json\/wp\/v2\/pages\/8026\/revisions"}],"predecessor-version":[{"id":8140,"href":"https:\/\/map-mh.cz\/map4\/wp-json\/wp\/v2\/pages\/8026\/revisions\/8140"}],"wp:attachment":[{"href":"https:\/\/map-mh.cz\/map4\/wp-json\/wp\/v2\/media?parent=8026"}],"curies":[{"name":"wp","href":"https:\/\/api.w.org\/{rel}","templated":true}]}}