{"id":7537,"date":"2020-03-27T14:02:15","date_gmt":"2020-03-27T13:02:15","guid":{"rendered":"https:\/\/map-mh.cz\/map4\/?page_id=7537"},"modified":"2024-02-02T17:14:29","modified_gmt":"2024-02-02T16:14:29","slug":"dalsi-tipy","status":"publish","type":"page","link":"https:\/\/map-mh.cz\/map4\/dalsi-tipy\/","title":{"rendered":"Dal\u0161\u00ed tipy"},"content":{"rendered":"<p><strong>Seznamy aktivit vznikly v&nbsp;dob\u011b zav\u0159en\u00ed \u0161kol v&nbsp;pr\u016fb\u011bhu koronavirov\u00e9 pandemie. <\/strong><\/p>\n<p><strong>Nech\u00e1me je p\u0159\u00edstupn\u00e9 jako p\u0159\u00edpadn\u00fd zdroj inspirace.<\/strong><\/p>\n<hr \/>\n<ul>\n<li><a href=\"https:\/\/map-mh.cz\/map4\/2020\/05\/jedenactero-pro-deti-a-rodice-kdyz-je-skola-zavrena\/\">Jeden\u00e1ctero pro d\u011bti a&nbsp;rodi\u010de &#8220;kdy\u017e je \u0161kola zav\u0159en\u00e1&#8221;<\/a><\/li>\n<li><a href=\"https:\/\/map-mh.cz\/map4\/2020\/04\/vzdelavani-nadalku\/\">Vzd\u011bl\u00e1v\u00e1n\u00ed #NaD\u00e1lku<\/a><\/li>\n<li><a href=\"https:\/\/map-mh.cz\/map4\/2020\/04\/msmt-vydalo-vyhlasku-k-hodnoceni-druheho-pololeti-2019-2020\/\">M\u0160MT vydalo vyhl\u00e1\u0161ku k&nbsp;hodnocen\u00ed druh\u00e9ho pololet\u00ed 2019\/2020<\/a><\/li>\n<li><a href=\"https:\/\/map-mh.cz\/map4\/2020\/04\/digikoalice-propojuje-a-inspiruje\/\">DigiKoalice propojuje a&nbsp;inspiruje<\/a><\/li>\n<li><a href=\"https:\/\/map-mh.cz\/map4\/2020\/04\/webex-onlie-vyuka\/\">Webex online v\u00fduka<\/a><\/li>\n<li><a href=\"https:\/\/map-mh.cz\/map4\/2020\/04\/sdilena-interaktivni-tabule-zdarma\/\">Sd\u00edlen\u00e1 interaktivn\u00ed tabule zdarma<\/a><\/li>\n<li><a href=\"https:\/\/map-mh.cz\/map4\/2020\/04\/skola-v-pyzamu\/\">\u0160kola v&nbsp;py\u017eamu<\/a><\/li>\n<li><a href=\"https:\/\/map-mh.cz\/map4\/2020\/04\/ucebnice-online-vyukove-aplikace-a-dalsi-k-dispozici-zdarma\/\">U\u010debnice online, v\u00fdukov\u00e9 aplikace a&nbsp;dal\u0161\u00ed k&nbsp;dispozici zdarma<\/a><\/li>\n<li><a href=\"https:\/\/map-mh.cz\/map4\/2020\/04\/online-vzdelavani-v-zus\/\">Online vzd\u011bl\u00e1v\u00e1n\u00ed v&nbsp;ZU\u0160<\/a><\/li>\n<li><a href=\"https:\/\/map-mh.cz\/map4\/2020\/04\/rodic-jako-projektovy-manazer-sve-rodiny-jak-na-to\/\">Rodi\u010d jako projektov\u00fd mana\u017eer sv\u00e9 rodiny &#8211; jak na to<\/a><\/li>\n<li><a href=\"https:\/\/www.clovekvtisni.cz\/podnety-pro-ucitele-a-skoly-v-nouzovem-stavu-s-ohledem-na-socialne-znevyhodnene-deti-6525gp\">Podn\u011bty pro u\u010ditele a&nbsp;\u0161koly v&nbsp;nouzov\u00e9m stavu s&nbsp;ohledem na soci\u00e1ln\u011b znev\u00fdhodn\u011bn\u00e9 d\u011bti<\/a><\/li>\n<li><a href=\"https:\/\/map-mh.cz\/map4\/2020\/03\/webinare-na-podporu-distancni-vyuky-ve-skolach\/\">Webin\u00e1\u0159e na podporu distan\u010dn\u00ed v\u00fduky ve \u0161kol\u00e1ch<\/a><\/li>\n<li><a href=\"https:\/\/map-mh.cz\/map4\/2020\/03\/ucit-online-rozcestnik-pro-online-vyuku\/\">U\u010dit online &#8211; rozcestn\u00edk pro online v\u00fduku<\/a><\/li>\n<li><a href=\"https:\/\/map-mh.cz\/map4\/2020\/03\/knihovny-proti-viru\/\">Knihovny proti viru<\/a><\/li>\n<li><a href=\"https:\/\/map-mh.cz\/map4\/2020\/03\/pracovni-listy-pro-zs-a-g-materialy-pro-ms-na-www-rvp-cz\/\">Pracovn\u00ed listy pro Z\u0160 a&nbsp;G, materi\u00e1ly pro M\u0160 na www.rvp.cz<\/a><\/li>\n<\/ul>\n","protected":false},"excerpt":{"rendered":"<p>Seznamy aktivit vznikly v&nbsp;dob\u011b zav\u0159en\u00ed \u0161kol v&nbsp;pr\u016fb\u011bhu koronavirov\u00e9 pandemie. Nech\u00e1me je p\u0159\u00edstupn\u00e9 jako p\u0159\u00edpadn\u00fd zdroj inspirace. Jeden\u00e1ctero pro d\u011bti a&nbsp;rodi\u010de &#8220;kdy\u017e je \u0161kola zav\u0159en\u00e1&#8221; Vzd\u011bl\u00e1v\u00e1n\u00ed #NaD\u00e1lku M\u0160MT vydalo vyhl\u00e1\u0161ku k&nbsp;hodnocen\u00ed druh\u00e9ho pololet\u00ed 2019\/2020 DigiKoalice propojuje a&nbsp;inspiruje Webex online v\u00fduka Sd\u00edlen\u00e1 interaktivn\u00ed tabule zdarma \u0160kola v&nbsp;py\u017eamu U\u010debnice online, v\u00fdukov\u00e9 aplikace a&nbsp;dal\u0161\u00ed k&nbsp;dispozici zdarma Online vzd\u011bl\u00e1v\u00e1n\u00ed v&nbsp;ZU\u0160 [&hellip;]<\/p>\n","protected":false},"author":1,"featured_media":0,"parent":0,"menu_order":0,"comment_status":"closed","ping_status":"closed","template":"","meta":[],"_links":{"self":[{"href":"https:\/\/map-mh.cz\/map4\/wp-json\/wp\/v2\/pages\/7537"}],"collection":[{"href":"https:\/\/map-mh.cz\/map4\/wp-json\/wp\/v2\/pages"}],"about":[{"href":"https:\/\/map-mh.cz\/map4\/wp-json\/wp\/v2\/types\/page"}],"author":[{"embeddable":true,"href":"https:\/\/map-mh.cz\/map4\/wp-json\/wp\/v2\/users\/1"}],"replies":[{"embeddable":true,"href":"https:\/\/map-mh.cz\/map4\/wp-json\/wp\/v2\/comments?post=7537"}],"version-history":[{"count":19,"href":"https:\/\/map-mh.cz\/map4\/wp-json\/wp\/v2\/pages\/7537\/revisions"}],"predecessor-version":[{"id":14802,"href":"https:\/\/map-mh.cz\/map4\/wp-json\/wp\/v2\/pages\/7537\/revisions\/14802"}],"wp:attachment":[{"href":"https:\/\/map-mh.cz\/map4\/wp-json\/wp\/v2\/media?parent=7537"}],"curies":[{"name":"wp","href":"https:\/\/api.w.org\/{rel}","templated":true}]}}