{"id":7535,"date":"2020-03-27T14:01:58","date_gmt":"2020-03-27T13:01:58","guid":{"rendered":"https:\/\/map-mh.cz\/map4\/?page_id=7535"},"modified":"2024-02-02T17:13:25","modified_gmt":"2024-02-02T16:13:25","slug":"zakladni-skola-2-stupen","status":"publish","type":"page","link":"https:\/\/map-mh.cz\/map4\/zakladni-skola-2-stupen\/","title":{"rendered":"Z\u00e1kladn\u00ed \u0161kola &#8211; 2.&nbsp;stupe\u0148"},"content":{"rendered":"<p><strong>Seznamy aktivit vznikly v&nbsp;dob\u011b zav\u0159en\u00ed \u0161kol v&nbsp;pr\u016fb\u011bhu koronavirov\u00e9 pandemie. <\/strong><\/p>\n<p><strong>Nech\u00e1me je p\u0159\u00edstupn\u00e9 jako p\u0159\u00edpadn\u00fd zdroj inspirace.<\/strong><\/p>\n<hr \/>\n<ul>\n<li><a href=\"https:\/\/www.faketicky.cz\/koncepce-medialni-vychovy-3-hodina-jak-nepodlehnout-stereotypum\/\">Jak nepodlehnout stereotyp\u016fm<\/a><\/li>\n<li><a href=\"https:\/\/vida.cz\/d\/ekospioni\">Eko\u0161pioni &#8211; zelen\u00e1 mise<\/a><\/li>\n<li><a href=\"https:\/\/map-mh.cz\/map4\/2021\/02\/jsem-netvor-program-pro-8-a-9-tridy\/\">Jsem Netvor &#8211; program pro 8.&nbsp;a&nbsp;9.&nbsp;t\u0159\u00eddy<\/a><\/li>\n<li><a href=\"https:\/\/edu.ceskatelevize.cz\/vybrane-kapitoly\/pripravujeme-se-na-prijimacky\">P\u0159ipravujeme se na p\u0159ij\u00edma\u010dky na S\u0160: Jak na to?<\/a><\/li>\n<li><a href=\"https:\/\/www.ucimeonline.cz\/courses\/39-jak-vyucovat-dejepis-distancne\/?utm_source=ecomail&amp;utm_campaign=2020_12_01_uo_-_newsletter_unor_2021&amp;utm_medium=email&amp;utm_term=37027&amp;ecmid=30598\">Jak vyu\u010dovat d\u011bjepis distan\u010dn\u011b?<\/a><\/li>\n<li><a href=\"https:\/\/clanky.rvp.cz\/clanek\/c\/Z\/22529\/VANDALISMUS.html\/\">Vandalismus jako v\u00fdukov\u00e1 aktivita<\/a><\/li>\n<li><a href=\"https:\/\/map-mh.cz\/map4\/2021\/01\/kde-se-ucit\/\">Kde se u\u010dit?<\/a><\/li>\n<li><a href=\"https:\/\/map-mh.cz\/map4\/2021\/01\/hodina-dejepisu-podcast\/\">Hodina d\u011bjepisu (podcast)<\/a><\/li>\n<li><a href=\"https:\/\/map-mh.cz\/map4\/2020\/12\/v-digitalnim-svete-prirucka-jsns-cz\/\">V digit\u00e1ln\u00edm sv\u011bt\u011b (p\u0159\u00edru\u010dka JSNS.CZ)<\/a><\/li>\n<li><a href=\"https:\/\/map-mh.cz\/map4\/2020\/12\/9461\/\">V\u00fdukov\u00e1 videa z&nbsp;p\u0159\u00edrodopisu a&nbsp;chemie pro 2.&nbsp;stupe\u0148<\/a><\/li>\n<li><a href=\"https:\/\/map-mh.cz\/map4\/2020\/11\/krok-za-krokem-modernimi-ceskoslovenskymi-dejinami\/\">Krok za krokem modern\u00edmi \u010deskoslovensk\u00fdmi d\u011bjinami<\/a><\/li>\n<li><a href=\"https:\/\/map-mh.cz\/map4\/2020\/11\/tovarna-na-zpravy-aneb-jak-funguje-ctk-online-workshop-pro-skolaky\/\">Tov\u00e1rna na zpr\u00e1vy aneb Jak funguje \u010cTK &#8211; online workshop pro \u0161kol\u00e1ky!<\/a><\/li>\n<li><a href=\"https:\/\/map-mh.cz\/map4\/2020\/11\/detem-chybi-kamaradi-hodne\/\">D\u011btem chyb\u00ed kamar\u00e1di. Hodn\u011b<\/a><\/li>\n<li><a href=\"https:\/\/map-mh.cz\/map4\/2020\/11\/sametova-revoluce\/\">Sametov\u00e1 revoluce<\/a><\/li>\n<li><a href=\"https:\/\/map-mh.cz\/map4\/2020\/11\/vyroci-350-let-od-smrti-jana-amose-komenskeho\/\">V\u00fdro\u010d\u00ed 350 let od smrti Jana Amose Komensk\u00e9ho<\/a><\/li>\n<li><a href=\"https:\/\/www.jsns.cz\/projekty\/pribehy-bezpravi\/mesic-filmu-na-skolach\/online?utm_source=bulletinpb&amp;utm_medium=smartemailing&amp;utm_campaign=bulletinpb_listopad_2020\">Online besedy M\u011bs\u00edce filmu na \u0161kol\u00e1ch<\/a><\/li>\n<li><a href=\"https:\/\/www.npmk.cz\/pro-media\/tiskove-zpravy\/novy-vzdelavaci-program-k-pripomenuti-400-vyroci-bitvy-na-bile-hore-1620?fbclid=IwAR2m9eh3NzG70gA3jMbPo-NCUmU8SEnM0xbTOgjG9jt5rWXuN1g_WA6WMDQ\">Nov\u00fd vzd\u011bl\u00e1vac\u00ed program k&nbsp;p\u0159ipomenut\u00ed 400.&nbsp;v\u00fdro\u010d\u00ed bitvy na B\u00edl\u00e9 ho\u0159e (1620-2020)<\/a><\/li>\n<li><a href=\"https:\/\/map-mh.cz\/map4\/2020\/11\/pravidla-online-vyucovani\/\">Pravidla online vyu\u010dov\u00e1n\u00ed<\/a><\/li>\n<li><a href=\"https:\/\/map-mh.cz\/map4\/2020\/11\/vzdelavaci-serie-knihovny-vaclava-havla-rok-revoluce\/\">Vzd\u011bl\u00e1vac\u00ed s\u00e9rie Knihovny V\u00e1clava Havla ROK REVOLUCE<\/a><\/li>\n<li><a href=\"https:\/\/map-mh.cz\/map4\/2020\/08\/vydejte-se-s-nasim-pracovnim-listem-na-prochazku-do-mohelnice-nad-jizerou\/\">Vydejte se s&nbsp;na\u0161\u00edm pracovn\u00edm listem na proch\u00e1zku do Mohelnice nad Jizerou<\/a><\/li>\n<li><a href=\"https:\/\/map-mh.cz\/map4\/2020\/06\/literarni-prochazka-na-hrad-kost\/\">Liter\u00e1rn\u00ed proch\u00e1zka na hrad Kost a&nbsp;na Vyske\u0159<\/a><\/li>\n<li><a href=\"https:\/\/map-mh.cz\/map4\/2020\/06\/pracovni-listy-a-dalsi-materialy-o-vcelach-pro-deti\/\">Pracovn\u00ed listy a&nbsp;dal\u0161\u00ed materi\u00e1ly pro d\u011bti o&nbsp;v\u010del\u00e1ch<\/a><\/li>\n<li><a href=\"https:\/\/map-mh.cz\/map4\/2020\/05\/tematicka-zprava-csi-vzdelavani-na-dalku-v-ms-zs-a-ss\/\">Tematick\u00e1 zpr\u00e1va \u010c\u0160I &#8211; Vzd\u011bl\u00e1v\u00e1n\u00ed na d\u00e1lku v&nbsp;Z\u0160<\/a><\/li>\n<li><a href=\"https:\/\/map-mh.cz\/map4\/2020\/05\/odpad-ekologicka-stopa-trideni-a-bioodpad-pracovni-listy\/\">Odpad, ekologick\u00e1 stopa, t\u0159\u00edd\u011bn\u00ed a&nbsp;bioodpad &#8211; pracovn\u00ed listy<\/a><\/li>\n<li><a href=\"https:\/\/map-mh.cz\/map4\/2020\/05\/statni-sprava-a-samosprava-pracovni-list-do-online-sborniku\/\">St\u00e1tn\u00ed spr\u00e1va a&nbsp;samospr\u00e1va (pracovn\u00ed list do online sborn\u00edku)<\/a><\/li>\n<li><a href=\"https:\/\/map-mh.cz\/map4\/2020\/05\/online-sbornik-se-rozsiruje-o-dalsi-prispevky-od-dominika-rubase\/\">Online sborn\u00edk se roz\u0161i\u0159uje o&nbsp;dal\u0161\u00ed p\u0159\u00edsp\u011bvky Dominika Rub\u00e1\u0161e<\/a><\/li>\n<li><a href=\"https:\/\/map-mh.cz\/map4\/2020\/05\/vlastnosti-vodniho-toku\/\">Vlastnosti vodn\u00edho toku<\/a><\/li>\n<li><a href=\"https:\/\/map-mh.cz\/map4\/2020\/04\/vzdelavani-nadalku\/\">Vzd\u011bl\u00e1v\u00e1n\u00ed #NaD\u00e1lku<\/a><\/li>\n<li><a href=\"https:\/\/map-mh.cz\/map4\/2020\/04\/msmt-vydalo-vyhlasku-k-hodnoceni-druheho-pololeti-2019-2020\/\">M\u0160MT vydalo vyhl\u00e1\u0161ku k&nbsp;hodnocen\u00ed druh\u00e9ho pololet\u00ed 2019\/2020<\/a><\/li>\n<li><a href=\"https:\/\/map-mh.cz\/map4\/2020\/04\/digitalni-vyukove-materialy-z-databaze-soutezni-prehlidky-domino\/\">Digit\u00e1ln\u00ed v\u00fdukov\u00e9 materi\u00e1ly z&nbsp;datab\u00e1ze sout\u011b\u017en\u00ed p\u0159ehl\u00eddky DOMINO<\/a><\/li>\n<li><a href=\"https:\/\/map-mh.cz\/map4\/2020\/04\/ct-edu-volne-dostupna-vzdelavaci-videa\/\">\u010cT edu &#8211; voln\u011b dostupn\u00e1 vzd\u011bl\u00e1vac\u00ed videa<\/a><\/li>\n<li><a href=\"https:\/\/map-mh.cz\/map4\/2020\/04\/velis-prochazka-se-ctenim-barokni-krajinou\/\">Veli\u0161 &#8211; proch\u00e1zka se \u010dten\u00edm, baroko<\/a><\/li>\n<li><a href=\"https:\/\/map-mh.cz\/map4\/2020\/04\/kampan-umeni-odpadu-u-prilezitosti-dne-zeme\/\">Kampa\u0148 Um\u011bn\u00ed odpadu u&nbsp;p\u0159\u00edle\u017eitosti Dne Zem\u011b<\/a><\/li>\n<li><a href=\"https:\/\/www.youtube.com\/watch?v=vESLY1mzDNg&amp;feature=youtu.be\">Motivace k&nbsp;u\u010den\u00ed<\/a><\/li>\n<li><a href=\"https:\/\/map-mh.cz\/map4\/2020\/04\/velky-radechov-prochazka-po-okoli\/\">Velk\u00fd Radechov &#8211; proch\u00e1zka po&nbsp;okol\u00ed<\/a><\/li>\n<li><a href=\"https:\/\/map-mh.cz\/map4\/2020\/04\/pomoc-s-domaci-vyukou-zaku-od-nakladatelstvi-nova-skola\/\">Pomoc s&nbsp;dom\u00e1c\u00ed v\u00fdukou \u017e\u00e1k\u016f od nakladatelstv\u00ed Nov\u00e1 \u0161kola<\/a><\/li>\n<li><a href=\"https:\/\/map-mh.cz\/map4\/2020\/04\/skola-s-nadhledem-online-procvicovani-pro-zaky-zs\/\">\u0160kola s&nbsp;nadhledem &#8211; online procvi\u010dov\u00e1n\u00ed pro \u017e\u00e1ky Z\u0160<\/a><\/li>\n<li><a href=\"https:\/\/map-mh.cz\/map4\/2020\/04\/prochazka-se-ctenim-hruba-skala-od-8-let\/\">Proch\u00e1zka se \u010dten\u00edm &#8211; Hrub\u00e1 Sk\u00e1la, od 8 let<\/a><\/li>\n<li><a href=\"https:\/\/map-mh.cz\/map4\/2020\/04\/narodni-muzeum-pro-deti\/\">N\u00e1rodn\u00ed muzeum pro d\u011bti<\/a><\/li>\n<li><a href=\"https:\/\/map-mh.cz\/map4\/2020\/04\/atlas-od-mapy-cz\/\">Atlas od Mapy.cz<\/a><\/li>\n<li><a href=\"https:\/\/map-mh.cz\/map4\/2020\/04\/ov-lidska-prava-pro-8-a-9-rocnik-www-vaclavhavel-cz\/\">OV &#8211; lidsk\u00e1 pr\u00e1va pro 8.&nbsp;a&nbsp;9.&nbsp;ro\u010dn\u00edk, Knihovna V\u00e1clava Havla<\/a><\/li>\n<li><a href=\"https:\/\/map-mh.cz\/map4\/2020\/04\/pracovni-listy-z-dilny-nasi-pracovni-skupiny-pro-mistne-zakotvene-uceni\/\">Pracovn\u00ed listy z&nbsp;d\u00edlny na\u0161\u00ed pracovn\u00ed skupiny pro m\u00edstn\u011b zakotven\u00e9 u\u010den\u00ed<\/a><\/li>\n<li><a href=\"https:\/\/map-mh.cz\/map4\/2020\/04\/online-kurzy-red-monster-pro-zs-a-ss\/\">Online kurzy Red Monster pro Z\u0160 a&nbsp;S\u0160<\/a><\/li>\n<li><a href=\"https:\/\/map-mh.cz\/map4\/2020\/04\/narodni-parky-nabizeji-vyukove-materialy-zdarma-ke-stazeni\/\">N\u00e1rodn\u00ed parky nab\u00edzej\u00ed v\u00fdukov\u00e9 materi\u00e1ly zdarma ke sta\u017een\u00ed<\/a><\/li>\n<li><a href=\"https:\/\/map-mh.cz\/map4\/2020\/04\/hrave-procvicovani-matematiky-pro-zaky-zakladnich-skol\/\">Hrav\u00e9 procvi\u010dov\u00e1n\u00ed matematiky pro \u017e\u00e1ky z\u00e1kladn\u00edch \u0161kol<\/a><\/li>\n<li><a href=\"https:\/\/map-mh.cz\/map4\/2020\/04\/procvicovaci-testy-z-ceskeho-jazyka-a-matematiky\/\">Procvi\u010dovac\u00ed testy z&nbsp;\u010desk\u00e9ho jazyka a&nbsp;matematiky<\/a><\/li>\n<li><a href=\"https:\/\/map-mh.cz\/map4\/2020\/04\/moje-cestina\/\">Moje \u010de\u0161tina<\/a><\/li>\n<li><a href=\"https:\/\/map-mh.cz\/map4\/2020\/04\/diktaty-pravopisna-a-pocetni-cviceni-pro-kazdeho\/\">Dikt\u00e1ty, pravopisn\u00e1 a&nbsp;po\u010detn\u00ed cvi\u010den\u00ed pro ka\u017ed\u00e9ho<\/a><\/li>\n<li><a href=\"https:\/\/map-mh.cz\/map4\/2020\/03\/vv-inspirace-z-narodni-galerie-praha\/\">VV &#8211; inspirace z&nbsp;N\u00e1rodn\u00ed galerie Praha<\/a><\/li>\n<li><a href=\"https:\/\/map-mh.cz\/map4\/2020\/03\/co-cist-zajimave-detske-knihy-roku-2019\/\">Co \u010d\u00edst&#8230; zaj\u00edmav\u00e9 d\u011btsk\u00e9 knihy roku 2019<\/a><\/li>\n<li><a href=\"https:\/\/map-mh.cz\/map4\/2020\/03\/napadite-pracovni-listy-do-vyuky\/\">N\u00e1padit\u00e9 pracovn\u00ed listy<\/a><\/li>\n<li><a href=\"https:\/\/map-mh.cz\/map4\/2020\/03\/online-stream-divadel\/\">Online stream divadel<\/a><\/li>\n<li><a href=\"https:\/\/map-mh.cz\/map4\/2020\/03\/za-obrazy-do-galerie-pro-vv-cej-dej-hv-www-ogl-cz\/\">Za obrazy do galerie (pro VV, \u010cJ, D\u011a, HV), www.ogl.cz<\/a><\/li>\n<li><a href=\"https:\/\/map-mh.cz\/map4\/2020\/03\/vytvarna-vyzva-oblastni-galerie-vysociny-v-jihlave-pro-deti\/\">V\u00fdtvarn\u00e1 v\u00fdzva Oblastn\u00ed galerie Vyso\u010diny v&nbsp;Jihlav\u011b (pro d\u011bti)<\/a><\/li>\n<li><a href=\"https:\/\/map-mh.cz\/map4\/2020\/03\/moderni-dejiny-v-dokumentarnich-filmech-na-jsns-cz\/\">Modern\u00ed d\u011bjiny v&nbsp;dokument\u00e1rn\u00edch filmech na jsns.cz<\/a><\/li>\n<li><a href=\"https:\/\/map-mh.cz\/map4\/2020\/03\/jak-na-dokumentarni-film\/\">Jak na dokument\u00e1rn\u00ed film<\/a><\/li>\n<li><a href=\"https:\/\/map-mh.cz\/map4\/2020\/03\/rozvijejici-vetne-cleny\/\">Rozv\u00edjej\u00edc\u00ed v\u011btn\u00e9 \u010dleny<\/a><\/li>\n<li><a href=\"https:\/\/map-mh.cz\/map4\/2020\/03\/khanova-skola-vyukova-videa\/\">Khanova \u0161kola &#8211; v\u00fdukov\u00e1 videa<\/a><\/li>\n<li><a href=\"https:\/\/dum.rvp.cz\/vyhledavani\/prochazet.html?rvp=Z\">Metodick\u00fd port\u00e1l rvp.cz &#8211; z\u00e1kladn\u00ed vzd\u011bl\u00e1v\u00e1n\u00ed<\/a><\/li>\n<li><a href=\"https:\/\/map-mh.cz\/map4\/2020\/03\/za-obrazy-do-galerie-pro-vv-cej-dej-hv-www-ogl-cz\/\">Za obrazy do galerie (VV, CEJ, DEJ, HV), www.ogl.cz<\/a><\/li>\n<li><a href=\"https:\/\/map-mh.cz\/map4\/2020\/03\/vv-inspirace-z-n%E2%80%A6ni-galerie-praha\/\">VV \u2013 inspirace z\u00a0N\u00e1rodn\u00ed galerie Praha<\/a><\/li>\n<\/ul>\n","protected":false},"excerpt":{"rendered":"<p>Seznamy aktivit vznikly v&nbsp;dob\u011b zav\u0159en\u00ed \u0161kol v&nbsp;pr\u016fb\u011bhu koronavirov\u00e9 pandemie. Nech\u00e1me je p\u0159\u00edstupn\u00e9 jako p\u0159\u00edpadn\u00fd zdroj inspirace. Jak nepodlehnout stereotyp\u016fm Eko\u0161pioni &#8211; zelen\u00e1 mise Jsem Netvor &#8211; program pro 8.&nbsp;a&nbsp;9.&nbsp;t\u0159\u00eddy P\u0159ipravujeme se na p\u0159ij\u00edma\u010dky na S\u0160: Jak na to? Jak vyu\u010dovat d\u011bjepis distan\u010dn\u011b? Vandalismus jako v\u00fdukov\u00e1 aktivita Kde se u\u010dit? Hodina d\u011bjepisu (podcast) V&nbsp;digit\u00e1ln\u00edm sv\u011bt\u011b [&hellip;]<\/p>\n","protected":false},"author":1,"featured_media":0,"parent":0,"menu_order":0,"comment_status":"closed","ping_status":"closed","template":"","meta":[],"_links":{"self":[{"href":"https:\/\/map-mh.cz\/map4\/wp-json\/wp\/v2\/pages\/7535"}],"collection":[{"href":"https:\/\/map-mh.cz\/map4\/wp-json\/wp\/v2\/pages"}],"about":[{"href":"https:\/\/map-mh.cz\/map4\/wp-json\/wp\/v2\/types\/page"}],"author":[{"embeddable":true,"href":"https:\/\/map-mh.cz\/map4\/wp-json\/wp\/v2\/users\/1"}],"replies":[{"embeddable":true,"href":"https:\/\/map-mh.cz\/map4\/wp-json\/wp\/v2\/comments?post=7535"}],"version-history":[{"count":73,"href":"https:\/\/map-mh.cz\/map4\/wp-json\/wp\/v2\/pages\/7535\/revisions"}],"predecessor-version":[{"id":14801,"href":"https:\/\/map-mh.cz\/map4\/wp-json\/wp\/v2\/pages\/7535\/revisions\/14801"}],"wp:attachment":[{"href":"https:\/\/map-mh.cz\/map4\/wp-json\/wp\/v2\/media?parent=7535"}],"curies":[{"name":"wp","href":"https:\/\/api.w.org\/{rel}","templated":true}]}}