{"id":7531,"date":"2020-03-27T14:01:28","date_gmt":"2020-03-27T13:01:28","guid":{"rendered":"https:\/\/map-mh.cz\/map4\/?page_id=7531"},"modified":"2024-02-02T17:12:16","modified_gmt":"2024-02-02T16:12:16","slug":"materska-skola","status":"publish","type":"page","link":"https:\/\/map-mh.cz\/map4\/materska-skola\/","title":{"rendered":"Mate\u0159sk\u00e1 \u0161kola"},"content":{"rendered":"<p><strong>Seznamy aktivit vznikly v&nbsp;dob\u011b zav\u0159en\u00ed \u0161kol v&nbsp;pr\u016fb\u011bhu koronavirov\u00e9 pandemie. <\/strong><\/p>\n<p><strong>Nech\u00e1me je p\u0159\u00edstupn\u00e9 jako p\u0159\u00edpadn\u00fd zdroj inspirace.<\/strong><\/p>\n<hr \/>\n<ul>\n<li><a href=\"https:\/\/map-mh.cz\/map4\/wp-content\/uploads\/2021\/03\/priloha_878733612_0_metodika-ms.pdf\">Doporu\u010den\u00ed pro vzd\u011bl\u00e1v\u00e1n\u00ed distan\u010dn\u00edm zp\u016fsobem v&nbsp;M\u0160<\/a><\/li>\n<li><a href=\"https:\/\/vida.cz\/d\/ekospioni\">Eko\u0161pioni &#8211; zelen\u00e1 mise<\/a><\/li>\n<li><a href=\"https:\/\/map-mh.cz\/map4\/2021\/01\/kde-se-ucit\/\">Kde se u\u010dit?<\/a><\/li>\n<li><a href=\"https:\/\/map-mh.cz\/map4\/2021\/01\/hejneho-matematika-nova-komplexni-metodika-pro-ucitele-v-materskych-skolach\/\">Hejn\u00e9ho matematika &#8211; nov\u00e1 komplexn\u00ed metodika pro u\u010ditele v&nbsp;mate\u0159sk\u00fdch \u0161kol\u00e1ch<\/a><\/li>\n<li><a href=\"https:\/\/www.youtube.com\/watch?v=eZVqK2c5QmA&amp;t\">Jak se p\u0159ipravit na distan\u010dn\u00ed vzd\u011bl\u00e1v\u00e1n\u00ed v&nbsp;mate\u0159sk\u00e9 \u0161kole?<\/a><\/li>\n<li><a href=\"https:\/\/map-mh.cz\/map4\/2020\/11\/svaty-martin-tipy-pro-rodice-pro-dnesni-den\/\">Svat\u00fd Martin: tipy pro rodi\u010de na dne\u0161n\u00ed den<\/a><\/li>\n<li><a href=\"https:\/\/map-mh.cz\/map4\/2020\/06\/pracovni-listy-a-dalsi-materialy-o-vcelach-pro-deti\/\">Pracovn\u00ed listy a&nbsp;dal\u0161\u00ed materi\u00e1ly o&nbsp;v\u010del\u00e1ch pro d\u011bti<\/a><\/li>\n<li><a href=\"https:\/\/map-mh.cz\/map4\/2020\/05\/tematicka-zprava-csi-vzdelavani-na-dalku-v-ms-zs-a-ss\/\">Tematick\u00e1 zpr\u00e1va \u010c\u0160I &#8211; Vzd\u011bl\u00e1v\u00e1n\u00ed na d\u00e1lku v&nbsp;M\u0160<\/a><\/li>\n<li><a href=\"https:\/\/map-mh.cz\/map4\/2020\/04\/digitalni-vyukove-materialy-z-databaze-soutezni-prehlidky-domino\/\">Digit\u00e1ln\u00ed v\u00fdukov\u00e9 materi\u00e1ly z&nbsp;datab\u00e1ze sout\u011b\u017en\u00ed p\u0159ehl\u00eddky DOMINO<\/a><\/li>\n<li><a href=\"https:\/\/map-mh.cz\/map4\/2020\/04\/ct-edu-volne-dostupna-vzdelavaci-videa\/\">\u010cT edu &#8211; voln\u011b dostupn\u00e1 vzd\u011bl\u00e1vac\u00ed videa<\/a><\/li>\n<li><a href=\"https:\/\/map-mh.cz\/map4\/2020\/04\/predskolaci-bez-zapisu\/\">P\u0159ed\u0161kol\u00e1ci bez z\u00e1pisu<\/a><\/li>\n<li><a href=\"https:\/\/map-mh.cz\/map4\/2020\/04\/lesni-pedagogika-pro-deti-rodice-i-pedagogy\/\">Lesn\u00ed pedagogika pro d\u011bti, rodi\u010de i&nbsp;pedagogy<\/a><\/li>\n<li><a href=\"https:\/\/map-mh.cz\/map4\/2020\/04\/hurvinek-v-prirode\/\">Hurv\u00ednek v&nbsp;p\u0159\u00edrod\u011b<\/a><\/li>\n<li><a href=\"https:\/\/map-mh.cz\/map4\/2020\/04\/materialy-pro-ms\/\">Materi\u00e1ly pro M\u0160<\/a><\/li>\n<li><a href=\"https:\/\/map-mh.cz\/map4\/2020\/04\/jak-zvitezit-nad-drakem-koronem-omalovanky-pro-deti\/\">Jak zv\u00edt\u011bzit nad drakem Koronem (omalov\u00e1nky pro d\u011bti)<\/a><\/li>\n<li><a href=\"https:\/\/map-mh.cz\/map4\/2020\/04\/narodni-parky-nabizeji-vyukove-materialy-zdarma-ke-stazeni\/\">N\u00e1rodn\u00ed parky nab\u00edzej\u00ed v\u00fdukov\u00e9 materi\u00e1ly zdarma ke sta\u017een\u00ed<\/a><\/li>\n<li><a href=\"https:\/\/map-mh.cz\/map4\/2020\/03\/vv-inspirace-z-narodni-galerie-praha\/\">VV &#8211; inspirace z&nbsp;N\u00e1rodn\u00ed galerie Praha<\/a><\/li>\n<li><a href=\"https:\/\/map-mh.cz\/map4\/2020\/03\/co-cist-zajimave-detske-knihy-roku-2019\/\">Co \u010d\u00edst&#8230; zaj\u00edmav\u00e9 d\u011btsk\u00e9 knihy roku 2019<\/a><\/li>\n<li><a href=\"https:\/\/map-mh.cz\/map4\/2020\/03\/cviceni-rodicu-s-detmi\/\">Cvi\u010den\u00ed rodi\u010d\u016f s&nbsp;d\u011btmi<\/a><\/li>\n<li><a href=\"https:\/\/map-mh.cz\/map4\/2020\/03\/malujete-a-kreslite-radi-zapojte-se-do-vytvarne-souteze-tvorime-s-juniorem\/\">Malujete a&nbsp;kresl\u00edte r\u00e1di? Zapojte se do v\u00fdtvarn\u00e9 sout\u011b\u017ee Tvo\u0159\u00edme s&nbsp;Juniorem<\/a><\/li>\n<li><a href=\"https:\/\/map-mh.cz\/map4\/2020\/03\/vytvarna-vyzva-oblastni-galerie-vysociny-v-jihlave-pro-deti\/\">V\u00fdtvarn\u00e1 v\u00fdzva Oblastn\u00ed galerie Vyso\u010diny v&nbsp;Jihlav\u011b (pro d\u011bti)<\/a><\/li>\n<li><a href=\"https:\/\/dum.rvp.cz\/vyhledavani\/prochazet.html?rvp=P\">Metodick\u00fd port\u00e1l rvp.cz\u00a0&#8211; p\u0159ed\u0161koln\u00ed vzd\u011bl\u00e1v\u00e1n\u00ed<\/a><\/li>\n<li><a href=\"https:\/\/map-mh.cz\/map4\/2020\/03\/za-obrazy-do-galerie-pro-vv-cej-dej-hv-www-ogl-cz\/\">Za obrazy do galerie (CEJ, VV, DEJ, HV), www.ogl.cz<\/a><\/li>\n<li><a href=\"https:\/\/map-mh.cz\/map4\/2020\/03\/vv-inspirace-z-n\u2026ni-galerie-praha\/\">VV &#8211; inspirace z&nbsp;N\u00e1rodn\u00ed galerie Praha<\/a><\/li>\n<\/ul>\n","protected":false},"excerpt":{"rendered":"<p>Seznamy aktivit vznikly v&nbsp;dob\u011b zav\u0159en\u00ed \u0161kol v&nbsp;pr\u016fb\u011bhu koronavirov\u00e9 pandemie. Nech\u00e1me je p\u0159\u00edstupn\u00e9 jako p\u0159\u00edpadn\u00fd zdroj inspirace. Doporu\u010den\u00ed pro vzd\u011bl\u00e1v\u00e1n\u00ed distan\u010dn\u00edm zp\u016fsobem v&nbsp;M\u0160 Eko\u0161pioni &#8211; zelen\u00e1 mise Kde se u\u010dit? Hejn\u00e9ho matematika &#8211; nov\u00e1 komplexn\u00ed metodika pro u\u010ditele v&nbsp;mate\u0159sk\u00fdch \u0161kol\u00e1ch Jak se p\u0159ipravit na distan\u010dn\u00ed vzd\u011bl\u00e1v\u00e1n\u00ed v&nbsp;mate\u0159sk\u00e9 \u0161kole? Svat\u00fd Martin: tipy pro rodi\u010de na dne\u0161n\u00ed den [&hellip;]<\/p>\n","protected":false},"author":1,"featured_media":0,"parent":0,"menu_order":0,"comment_status":"closed","ping_status":"closed","template":"","meta":[],"_links":{"self":[{"href":"https:\/\/map-mh.cz\/map4\/wp-json\/wp\/v2\/pages\/7531"}],"collection":[{"href":"https:\/\/map-mh.cz\/map4\/wp-json\/wp\/v2\/pages"}],"about":[{"href":"https:\/\/map-mh.cz\/map4\/wp-json\/wp\/v2\/types\/page"}],"author":[{"embeddable":true,"href":"https:\/\/map-mh.cz\/map4\/wp-json\/wp\/v2\/users\/1"}],"replies":[{"embeddable":true,"href":"https:\/\/map-mh.cz\/map4\/wp-json\/wp\/v2\/comments?post=7531"}],"version-history":[{"count":31,"href":"https:\/\/map-mh.cz\/map4\/wp-json\/wp\/v2\/pages\/7531\/revisions"}],"predecessor-version":[{"id":14800,"href":"https:\/\/map-mh.cz\/map4\/wp-json\/wp\/v2\/pages\/7531\/revisions\/14800"}],"wp:attachment":[{"href":"https:\/\/map-mh.cz\/map4\/wp-json\/wp\/v2\/media?parent=7531"}],"curies":[{"name":"wp","href":"https:\/\/api.w.org\/{rel}","templated":true}]}}