{"id":7021,"date":"2020-02-12T09:41:54","date_gmt":"2020-02-12T08:41:54","guid":{"rendered":"https:\/\/map-mh.cz\/map4\/?page_id=7021"},"modified":"2022-09-05T11:06:32","modified_gmt":"2022-09-05T09:06:32","slug":"oddil-vsestrannosti-predskolaci","status":"publish","type":"page","link":"https:\/\/map-mh.cz\/map4\/volnocasove-aktivity\/oddil-vsestrannosti-predskolaci\/","title":{"rendered":"Odd\u00edl V\u0161estrannosti \u2013 p\u0159ed\u0161kol\u00e1ci"},"content":{"rendered":"<p><strong>N\u00e1zev organizace<\/strong>: <span data-sheets-value=\"{&quot;1&quot;:2,&quot;2&quot;:&quot;SDH Mnichovo Hradi\u0161t\u011b&quot;}\" data-sheets-userformat=\"{&quot;2&quot;:513,&quot;3&quot;:{&quot;1&quot;:0},&quot;12&quot;:0}\">TJ Sokol Mnichovo Hradi\u0161t\u011b<\/span><\/p>\n<p><strong>N\u00e1zev volno\u010dasov\u00e9 aktivity:<\/strong> Odd\u00edl V\u0161estrannosti \u2013 p\u0159ed\u0161kol\u00e1ci<\/p>\n<p><strong>M\u00edsto kon\u00e1n\u00ed:<\/strong> <span data-sheets-value=\"{&quot;1&quot;:2,&quot;2&quot;:&quot;Sokolovna Mnichovo Hradi\u0161t\u011b&quot;}\" data-sheets-userformat=\"{&quot;2&quot;:513,&quot;3&quot;:{&quot;1&quot;:0},&quot;12&quot;:0}\">Sokolovna Mnichovo Hradi\u0161t\u011b<\/span><\/p>\n<p><strong>Dny, kdy aktivita prob\u00edh\u00e1:<\/strong> pond\u011bl\u00ed 16:30\u201317:30<\/p>\n<p><strong>Cena aktivity:<\/strong><\/p>\n<p><strong>Pro jak star\u00e9 d\u011bti je aktivita ur\u010dena:<\/strong> 4\u20136 let<\/p>\n<p><strong>Webov\u00e9 str\u00e1nky organizace:<\/strong> <a class=\"in-cell-link\" href=\"http:\/\/new.sokolmh.cz\/\" target=\"_blank\" rel=\"noopener\">www.new.sokolmh.cz<\/a><\/p>\n<p><strong>Kontaktn\u00ed osoba:<\/strong>\u00a0Dana Mad\u011brov\u00e1 (tel.: 737&nbsp;850705, dana.lochmanova@post.cz) a&nbsp;Ji\u0159ina Barto\u0148ov\u00e1<\/p>\n<a class=\"maxbutton-10 maxbutton maxbutton-zpet\" href=\"https:\/\/map-mh.cz\/map4\/volnocasove-aktivity\/\"><span class='mb-text'>zp\u011bt<\/span><\/a>\n","protected":false},"excerpt":{"rendered":"<p>N\u00e1zev organizace: TJ Sokol Mnichovo Hradi\u0161t\u011b N\u00e1zev volno\u010dasov\u00e9 aktivity: Odd\u00edl V\u0161estrannosti \u2013 p\u0159ed\u0161kol\u00e1ci M\u00edsto kon\u00e1n\u00ed: Sokolovna Mnichovo Hradi\u0161t\u011b Dny, kdy aktivita prob\u00edh\u00e1: pond\u011bl\u00ed 16:30\u201317:30 Cena aktivity: Pro jak star\u00e9 d\u011bti je aktivita ur\u010dena: 4\u20136 let Webov\u00e9 str\u00e1nky organizace: www.new.sokolmh.cz Kontaktn\u00ed osoba:\u00a0Dana Mad\u011brov\u00e1 (tel.: 737&nbsp;850705, dana.lochmanova@post.cz) a&nbsp;Ji\u0159ina Barto\u0148ov\u00e1<\/p>\n","protected":false},"author":4,"featured_media":0,"parent":6079,"menu_order":0,"comment_status":"closed","ping_status":"closed","template":"","meta":[],"_links":{"self":[{"href":"https:\/\/map-mh.cz\/map4\/wp-json\/wp\/v2\/pages\/7021"}],"collection":[{"href":"https:\/\/map-mh.cz\/map4\/wp-json\/wp\/v2\/pages"}],"about":[{"href":"https:\/\/map-mh.cz\/map4\/wp-json\/wp\/v2\/types\/page"}],"author":[{"embeddable":true,"href":"https:\/\/map-mh.cz\/map4\/wp-json\/wp\/v2\/users\/4"}],"replies":[{"embeddable":true,"href":"https:\/\/map-mh.cz\/map4\/wp-json\/wp\/v2\/comments?post=7021"}],"version-history":[{"count":6,"href":"https:\/\/map-mh.cz\/map4\/wp-json\/wp\/v2\/pages\/7021\/revisions"}],"predecessor-version":[{"id":13008,"href":"https:\/\/map-mh.cz\/map4\/wp-json\/wp\/v2\/pages\/7021\/revisions\/13008"}],"up":[{"embeddable":true,"href":"https:\/\/map-mh.cz\/map4\/wp-json\/wp\/v2\/pages\/6079"}],"wp:attachment":[{"href":"https:\/\/map-mh.cz\/map4\/wp-json\/wp\/v2\/media?parent=7021"}],"curies":[{"name":"wp","href":"https:\/\/api.w.org\/{rel}","templated":true}]}}