{"id":6986,"date":"2020-02-05T08:03:03","date_gmt":"2020-02-05T07:03:03","guid":{"rendered":"https:\/\/map-mh.cz\/map4\/?page_id=6986"},"modified":"2022-05-03T11:08:29","modified_gmt":"2022-05-03T09:08:29","slug":"pomucky","status":"publish","type":"page","link":"https:\/\/map-mh.cz\/map4\/pomucky\/","title":{"rendered":"Pom\u016fcky v&nbsp;MAPu"},"content":{"rendered":"<p>Po vzoru <a href=\"https:\/\/map-mh.cz\/map4\/knihovna\/\">MAP\u00ed knihovni\u010dky<\/a> (k\u00a0dispozici je v\u00a0M\u011bstsk\u00e9 knihovn\u011b MH) roz\u0161i\u0159ujeme na\u0161i nab\u00eddku o\u00a0mo\u017enost zap\u016fj\u010dit si od n\u00e1s i\u00a0nejr\u016fzn\u011bj\u0161\u00ed pom\u016fcky vhodn\u00e9 do \u0161koln\u00ed \u010di&nbsp;dom\u00e1c\u00ed v\u00fduky. N\u00e1pady ke koupi konkr\u00e9tn\u00edch pom\u016fcek p\u0159ich\u00e1zej\u00ed z\u00a0podn\u011bt\u016f \u010dlen\u016f na\u0161ich pracovn\u00edch skupin, je\u017e se v\u00a0r\u00e1mci projektu MAP II Mnichovohradi\u0161\u0165sko pravideln\u011b setk\u00e1vaj\u00ed: \u010dleny t\u011bchto pracovn\u00edch skupin jsou u\u010ditel\u00e9, neform\u00e1ln\u00ed vzd\u011blavatel\u00e9, rodi\u010de a\u00a0dal\u0161\u00ed z\u00e1jemci o\u00a0vzd\u011bl\u00e1v\u00e1n\u00ed z\u00a0na\u0161eho regionu; pom\u016fcky jsou tedy nakupov\u00e1ny na z\u00e1klad\u011b jejich osobn\u00edho doporu\u010den\u00ed.<\/p>\n<p>Nab\u00eddka pom\u016fcek bude postupn\u011b roz\u0161i\u0159ov\u00e1na, sledujte tedy pr\u016fb\u011b\u017en\u011b tento web (pom\u016fcky jsou \u0159azeny abecedn\u011b podle sv\u00e9ho n\u00e1zvu).<\/p>\n<p><strong>Kdo<\/strong> si m\u016f\u017ee pom\u016fcky zap\u016fj\u010dit? V\u00a0podstat\u011b kdokoliv z&nbsp;ORP Mnichovo Hradi\u0161t\u011b \u2013 obra\u0165te se na n\u00e1s, a\u0165 u\u017e jste u\u010ditel a\u00a0pom\u016fcka by se V\u00e1m mohla hodit do v\u00fduky, nebo jste neform\u00e1ln\u00ed vzd\u011blavatel a\u00a0konkr\u00e9tn\u00ed pom\u016fcka tematicky zapad\u00e1 do Va\u0161\u00ed p\u016fsobnosti, nebo jste rodi\u010d\/prarodi\u010d a\u00a0pot\u0159ebujete se se sv\u00fdmi d\u011btmi doma zabavit.<\/p>\n<p><strong>Jak<\/strong> si m\u016f\u017eete pom\u016fcky zap\u016fj\u010dit? Ozv\u011bte se Mark\u00e9t\u011b Tom\u00e1\u0161ov\u00e9 p\u00edsemn\u011b na email <strong>marketa.tomasova@mnhradiste.cz<\/strong>, p\u0159\u00edpadn\u011b telefonicky na \u010d\u00edslo<strong> 732\u00a0680\u00a0514<\/strong>. Spole\u010dn\u011b se domluv\u00edte na p\u0159ed\u00e1n\u00ed pom\u016fcky.<\/p>\n<hr \/>\n<p><img decoding=\"async\" loading=\"lazy\" class=\"alignnone size-full wp-image-12520\" src=\"https:\/\/map-mh.cz\/map4\/wp-content\/uploads\/2022\/05\/stavebnice-plastovy-konstrukter-cislice.jpg\" alt=\"\" width=\"940\" height=\"788\" srcset=\"https:\/\/map-mh.cz\/map4\/wp-content\/uploads\/2022\/05\/stavebnice-plastovy-konstrukter-cislice.jpg 940w, https:\/\/map-mh.cz\/map4\/wp-content\/uploads\/2022\/05\/stavebnice-plastovy-konstrukter-cislice-358x300.jpg 358w, https:\/\/map-mh.cz\/map4\/wp-content\/uploads\/2022\/05\/stavebnice-plastovy-konstrukter-cislice-768x644.jpg 768w\" sizes=\"(max-width: 940px) 100vw, 940px\" \/> <img decoding=\"async\" loading=\"lazy\" class=\"alignnone size-full wp-image-12521\" src=\"https:\/\/map-mh.cz\/map4\/wp-content\/uploads\/2022\/05\/stavebnice-plastovy-konstrukter-abeceda.jpg\" alt=\"\" width=\"940\" height=\"788\" srcset=\"https:\/\/map-mh.cz\/map4\/wp-content\/uploads\/2022\/05\/stavebnice-plastovy-konstrukter-abeceda.jpg 940w, https:\/\/map-mh.cz\/map4\/wp-content\/uploads\/2022\/05\/stavebnice-plastovy-konstrukter-abeceda-358x300.jpg 358w, https:\/\/map-mh.cz\/map4\/wp-content\/uploads\/2022\/05\/stavebnice-plastovy-konstrukter-abeceda-768x644.jpg 768w\" sizes=\"(max-width: 940px) 100vw, 940px\" \/><\/p>\n<hr \/>\n<p><img decoding=\"async\" loading=\"lazy\" class=\"alignnone size-full wp-image-12388\" src=\"https:\/\/map-mh.cz\/map4\/wp-content\/uploads\/2022\/04\/mikroskop_levenhuk_dtx_30.png\" alt=\"\" width=\"940\" height=\"788\" srcset=\"https:\/\/map-mh.cz\/map4\/wp-content\/uploads\/2022\/04\/mikroskop_levenhuk_dtx_30.png 940w, https:\/\/map-mh.cz\/map4\/wp-content\/uploads\/2022\/04\/mikroskop_levenhuk_dtx_30-358x300.png 358w, https:\/\/map-mh.cz\/map4\/wp-content\/uploads\/2022\/04\/mikroskop_levenhuk_dtx_30-768x644.png 768w\" sizes=\"(max-width: 940px) 100vw, 940px\" \/><\/p>\n<p>Mikroskop jsme pou\u017eili v\u00a0krou\u017eku Mal\u00fd pr\u016fzkumn\u00edk p\u0159\u00edrody p\u0159i&nbsp;zkoum\u00e1n\u00ed rostlin a&nbsp;drobn\u00fdch \u017eivo\u010dich\u016f. Pro men\u0161\u00ed d\u011bti je mnohem snadn\u011bj\u0161\u00ed pozorov\u00e1n\u00ed na obrazovce po\u010d\u00edta\u010de ne\u017e v\u00a0okul\u00e1ru klasick\u00e9ho mikroskopu.<br \/>\nVelice u\u017eite\u010dn\u00e1 a&nbsp;z\u00e1bavn\u00e1 je mo\u017enost po\u0159izov\u00e1n\u00ed fotografi\u00ed a&nbsp;nahr\u00e1v\u00e1n\u00ed vide\u00ed.\u00a0 Michala Mydl\u00e1\u0159ov\u00e1<\/p>\n<p><img decoding=\"async\" loading=\"lazy\" class=\"alignnone wp-image-12497\" src=\"https:\/\/map-mh.cz\/map4\/wp-content\/uploads\/2022\/05\/210615131907082.jpg\" alt=\"\" width=\"354\" height=\"199\" srcset=\"https:\/\/map-mh.cz\/map4\/wp-content\/uploads\/2022\/05\/210615131907082.jpg 1200w, https:\/\/map-mh.cz\/map4\/wp-content\/uploads\/2022\/05\/210615131907082-500x281.jpg 500w, https:\/\/map-mh.cz\/map4\/wp-content\/uploads\/2022\/05\/210615131907082-768x432.jpg 768w\" sizes=\"(max-width: 354px) 100vw, 354px\" \/>\u00a0\u00a0\u00a0\u00a0 <img decoding=\"async\" loading=\"lazy\" class=\"alignnone wp-image-12499\" src=\"https:\/\/map-mh.cz\/map4\/wp-content\/uploads\/2022\/05\/210615132415918.jpg\" alt=\"\" width=\"357\" height=\"201\" srcset=\"https:\/\/map-mh.cz\/map4\/wp-content\/uploads\/2022\/05\/210615132415918.jpg 1200w, https:\/\/map-mh.cz\/map4\/wp-content\/uploads\/2022\/05\/210615132415918-500x281.jpg 500w, https:\/\/map-mh.cz\/map4\/wp-content\/uploads\/2022\/05\/210615132415918-768x432.jpg 768w\" sizes=\"(max-width: 357px) 100vw, 357px\" \/>\u00a0\u00a0 <img decoding=\"async\" loading=\"lazy\" class=\"alignnone wp-image-12498\" src=\"https:\/\/map-mh.cz\/map4\/wp-content\/uploads\/2022\/05\/201013210022570.jpg\" alt=\"\" width=\"358\" height=\"201\" srcset=\"https:\/\/map-mh.cz\/map4\/wp-content\/uploads\/2022\/05\/201013210022570.jpg 1200w, https:\/\/map-mh.cz\/map4\/wp-content\/uploads\/2022\/05\/201013210022570-500x281.jpg 500w, https:\/\/map-mh.cz\/map4\/wp-content\/uploads\/2022\/05\/201013210022570-768x432.jpg 768w\" sizes=\"(max-width: 358px) 100vw, 358px\" \/>\u00a0\u00a0 <img decoding=\"async\" loading=\"lazy\" class=\"alignnone wp-image-12493\" src=\"https:\/\/map-mh.cz\/map4\/wp-content\/uploads\/2022\/05\/cimg1769.jpg\" alt=\"\" width=\"355\" height=\"203\" srcset=\"https:\/\/map-mh.cz\/map4\/wp-content\/uploads\/2022\/05\/cimg1769.jpg 573w, https:\/\/map-mh.cz\/map4\/wp-content\/uploads\/2022\/05\/cimg1769-500x286.jpg 500w\" sizes=\"(max-width: 355px) 100vw, 355px\" \/>\u00a0\u00a0 <img decoding=\"async\" loading=\"lazy\" class=\"alignnone wp-image-12492\" src=\"https:\/\/map-mh.cz\/map4\/wp-content\/uploads\/2022\/05\/cimg1761.jpg\" alt=\"\" width=\"170\" height=\"204\" srcset=\"https:\/\/map-mh.cz\/map4\/wp-content\/uploads\/2022\/05\/cimg1761.jpg 834w, https:\/\/map-mh.cz\/map4\/wp-content\/uploads\/2022\/05\/cimg1761-250x300.jpg 250w, https:\/\/map-mh.cz\/map4\/wp-content\/uploads\/2022\/05\/cimg1761-768x921.jpg 768w\" sizes=\"(max-width: 170px) 100vw, 170px\" \/><\/p>\n<div style=\"width: 1920px;\" class=\"wp-video\"><!--[if lt IE 9]><script>document.createElement('video');<\/script><![endif]-->\n<video class=\"wp-video-shortcode\" id=\"video-6986-1\" width=\"1920\" height=\"1080\" preload=\"metadata\" controls=\"controls\"><source type=\"video\/mp4\" src=\"https:\/\/map-mh.cz\/map4\/wp-content\/uploads\/2022\/05\/vse.mp4?_=1\" \/><a href=\"https:\/\/map-mh.cz\/map4\/wp-content\/uploads\/2022\/05\/vse.mp4\">https:\/\/map-mh.cz\/map4\/wp-content\/uploads\/2022\/05\/vse.mp4<\/a><\/video><\/div>\n<hr \/>\n<p><img decoding=\"async\" loading=\"lazy\" class=\"alignnone size-full wp-image-7995\" src=\"https:\/\/map-mh.cz\/map4\/wp-content\/uploads\/2020\/05\/ctenarske-kostky.png\" alt=\"\" width=\"940\" height=\"788\" srcset=\"https:\/\/map-mh.cz\/map4\/wp-content\/uploads\/2020\/05\/ctenarske-kostky.png 940w, https:\/\/map-mh.cz\/map4\/wp-content\/uploads\/2020\/05\/ctenarske-kostky-358x300.png 358w, https:\/\/map-mh.cz\/map4\/wp-content\/uploads\/2020\/05\/ctenarske-kostky-768x644.png 768w\" sizes=\"(max-width: 940px) 100vw, 940px\" \/><\/p>\n<p><img decoding=\"async\" loading=\"lazy\" class=\"alignnone size-full wp-image-7691\" src=\"https:\/\/map-mh.cz\/map4\/wp-content\/uploads\/2020\/04\/emusaci.png\" alt=\"\" width=\"940\" height=\"788\" srcset=\"https:\/\/map-mh.cz\/map4\/wp-content\/uploads\/2020\/04\/emusaci.png 940w, https:\/\/map-mh.cz\/map4\/wp-content\/uploads\/2020\/04\/emusaci-358x300.png 358w, https:\/\/map-mh.cz\/map4\/wp-content\/uploads\/2020\/04\/emusaci-768x644.png 768w\" sizes=\"(max-width: 940px) 100vw, 940px\" \/><\/p>\n<p><img decoding=\"async\" loading=\"lazy\" class=\"alignnone size-full wp-image-7689\" src=\"https:\/\/map-mh.cz\/map4\/wp-content\/uploads\/2020\/04\/functional-tangram.png\" alt=\"\" width=\"940\" height=\"788\" srcset=\"https:\/\/map-mh.cz\/map4\/wp-content\/uploads\/2020\/04\/functional-tangram.png 940w, https:\/\/map-mh.cz\/map4\/wp-content\/uploads\/2020\/04\/functional-tangram-358x300.png 358w, https:\/\/map-mh.cz\/map4\/wp-content\/uploads\/2020\/04\/functional-tangram-768x644.png 768w\" sizes=\"(max-width: 940px) 100vw, 940px\" \/><\/p>\n<p><img decoding=\"async\" loading=\"lazy\" class=\"alignnone size-full wp-image-7692\" src=\"https:\/\/map-mh.cz\/map4\/wp-content\/uploads\/2020\/04\/logico-piccolo.png\" alt=\"\" width=\"940\" height=\"788\" srcset=\"https:\/\/map-mh.cz\/map4\/wp-content\/uploads\/2020\/04\/logico-piccolo.png 940w, https:\/\/map-mh.cz\/map4\/wp-content\/uploads\/2020\/04\/logico-piccolo-358x300.png 358w, https:\/\/map-mh.cz\/map4\/wp-content\/uploads\/2020\/04\/logico-piccolo-768x644.png 768w\" sizes=\"(max-width: 940px) 100vw, 940px\" \/><\/p>\n<p><img decoding=\"async\" loading=\"lazy\" class=\"alignnone size-full wp-image-7693\" src=\"https:\/\/map-mh.cz\/map4\/wp-content\/uploads\/2020\/04\/pislicke-pocitadlo.png\" alt=\"\" width=\"940\" height=\"788\" srcset=\"https:\/\/map-mh.cz\/map4\/wp-content\/uploads\/2020\/04\/pislicke-pocitadlo.png 940w, https:\/\/map-mh.cz\/map4\/wp-content\/uploads\/2020\/04\/pislicke-pocitadlo-358x300.png 358w, https:\/\/map-mh.cz\/map4\/wp-content\/uploads\/2020\/04\/pislicke-pocitadlo-768x644.png 768w\" sizes=\"(max-width: 940px) 100vw, 940px\" \/><\/p>\n<p>&nbsp;<\/p>\n","protected":false},"excerpt":{"rendered":"<p>Po vzoru MAP\u00ed knihovni\u010dky (k\u00a0dispozici je v\u00a0M\u011bstsk\u00e9 knihovn\u011b MH) roz\u0161i\u0159ujeme na\u0161i nab\u00eddku o\u00a0mo\u017enost zap\u016fj\u010dit si od n\u00e1s i\u00a0nejr\u016fzn\u011bj\u0161\u00ed pom\u016fcky vhodn\u00e9 do \u0161koln\u00ed \u010di&nbsp;dom\u00e1c\u00ed v\u00fduky. N\u00e1pady ke koupi konkr\u00e9tn\u00edch pom\u016fcek p\u0159ich\u00e1zej\u00ed z\u00a0podn\u011bt\u016f \u010dlen\u016f na\u0161ich pracovn\u00edch skupin, je\u017e se v\u00a0r\u00e1mci projektu MAP II Mnichovohradi\u0161\u0165sko pravideln\u011b setk\u00e1vaj\u00ed: \u010dleny t\u011bchto pracovn\u00edch skupin jsou u\u010ditel\u00e9, neform\u00e1ln\u00ed vzd\u011blavatel\u00e9, rodi\u010de a\u00a0dal\u0161\u00ed z\u00e1jemci [&hellip;]<\/p>\n","protected":false},"author":1,"featured_media":0,"parent":0,"menu_order":0,"comment_status":"closed","ping_status":"closed","template":"","meta":[],"_links":{"self":[{"href":"https:\/\/map-mh.cz\/map4\/wp-json\/wp\/v2\/pages\/6986"}],"collection":[{"href":"https:\/\/map-mh.cz\/map4\/wp-json\/wp\/v2\/pages"}],"about":[{"href":"https:\/\/map-mh.cz\/map4\/wp-json\/wp\/v2\/types\/page"}],"author":[{"embeddable":true,"href":"https:\/\/map-mh.cz\/map4\/wp-json\/wp\/v2\/users\/1"}],"replies":[{"embeddable":true,"href":"https:\/\/map-mh.cz\/map4\/wp-json\/wp\/v2\/comments?post=6986"}],"version-history":[{"count":18,"href":"https:\/\/map-mh.cz\/map4\/wp-json\/wp\/v2\/pages\/6986\/revisions"}],"predecessor-version":[{"id":12523,"href":"https:\/\/map-mh.cz\/map4\/wp-json\/wp\/v2\/pages\/6986\/revisions\/12523"}],"wp:attachment":[{"href":"https:\/\/map-mh.cz\/map4\/wp-json\/wp\/v2\/media?parent=6986"}],"curies":[{"name":"wp","href":"https:\/\/api.w.org\/{rel}","templated":true}]}}