{"id":6916,"date":"2020-01-24T08:57:54","date_gmt":"2020-01-24T07:57:54","guid":{"rendered":"https:\/\/map-mh.cz\/map4\/?page_id=6916"},"modified":"2023-08-18T11:48:23","modified_gmt":"2023-08-18T09:48:23","slug":"fotbal-pro-kluky-i-holky","status":"publish","type":"page","link":"https:\/\/map-mh.cz\/map4\/volnocasove-aktivity\/fotbal-pro-kluky-i-holky\/","title":{"rendered":"Fotbal pro kluky i&nbsp;holky"},"content":{"rendered":"<p><strong>N\u00e1zev organizace<\/strong>: <span data-sheets-value=\"{&quot;1&quot;:2,&quot;2&quot;:&quot;Mnichovohradi\u0161\u0165sk\u00fd sportovn\u00ed klub&quot;}\" data-sheets-userformat=\"{&quot;2&quot;:513,&quot;3&quot;:{&quot;1&quot;:0},&quot;12&quot;:0}\">Mnichovohradi\u0161\u0165sk\u00fd sportovn\u00ed klub<\/span><\/p>\n<p><strong>N\u00e1zev volno\u010dasov\u00e9 aktivity:<\/strong> Fotbal pro kluky i&nbsp;holky<\/p>\n<p><strong>M\u00edsto kon\u00e1n\u00ed:<\/strong> <span data-sheets-value=\"{&quot;1&quot;:2,&quot;2&quot;:&quot;Kl\u00e1\u0161tersk\u00e1 882 Mnichovo Hradi\u0161t\u011b&quot;}\" data-sheets-userformat=\"{&quot;2&quot;:513,&quot;3&quot;:{&quot;1&quot;:0},&quot;12&quot;:0}\">Kl\u00e1\u0161tersk\u00e1 882, Mnichovo Hradi\u0161t\u011b<\/span><\/p>\n<p><strong>Dny, kdy aktivita prob\u00edh\u00e1: <\/strong>d<span data-sheets-value=\"{&quot;1&quot;:2,&quot;2&quot;:&quot;Sch\u016fzky jednotliv\u00fdch dru\u017ein jsou v pond\u011bl\u00ed, ve st\u0159edu a \u010dtvrtek v odpoledn\u00edch hodin\u00e1ch. D\u00e1le jsou n\u011bkolikr\u00e1t do roka odd\u00edlov\u00e9 akce, akce ve spolupr\u00e1ci s m\u011bstem, v\u00fdpravy, v\u00fdlety apod.&quot;}\" data-sheets-userformat=\"{&quot;2&quot;:513,&quot;3&quot;:{&quot;1&quot;:0},&quot;12&quot;:0}\">le rozpisu (bli\u017e\u0161\u00ed informace osobn\u011b)<\/span><\/p>\n<p><strong>Cena aktivity:<\/strong> d<span data-sheets-value=\"{&quot;1&quot;:2,&quot;2&quot;:&quot;dle ro\u010dn\u00edk\u016f&quot;}\" data-sheets-userformat=\"{&quot;2&quot;:513,&quot;3&quot;:{&quot;1&quot;:0},&quot;12&quot;:0}\">le ro\u010dn\u00edk\u016f<\/span><\/p>\n<p><strong>Pro jak star\u00e9 d\u011bti je aktivita ur\u010dena:<\/strong> od 5<span data-sheets-value=\"{&quot;1&quot;:2,&quot;2&quot;:&quot;5-14 let&quot;}\" data-sheets-userformat=\"{&quot;2&quot;:513,&quot;3&quot;:{&quot;1&quot;:0},&quot;12&quot;:0}\"> let<br \/>\n<\/span><\/p>\n<p><strong>Webov\u00e9 str\u00e1nky organizace:<\/strong> <a href=\"https:\/\/www.mskfotbal.cz\/\">www.mskfotbal.cz<\/a><\/p>\n<p><strong>Kontaktn\u00ed osoba: <\/strong><span data-sheets-value=\"{&quot;1&quot;:2,&quot;2&quot;:&quot;Ing. Petr Mazal, MBA&quot;}\" data-sheets-userformat=\"{&quot;2&quot;:513,&quot;3&quot;:{&quot;1&quot;:0},&quot;12&quot;:0}\"><span class=\"wsw-02\"><span class=\"wsw-33\">Martin Smetana<\/span><\/span>, <\/span><span data-sheets-value=\"{&quot;1&quot;:2,&quot;2&quot;:&quot;info@petrmazal.cz \/ +420 724 085 538&quot;}\" data-sheets-userformat=\"{&quot;2&quot;:513,&quot;3&quot;:{&quot;1&quot;:0},&quot;12&quot;:0}\">beda.mracek@seznam.cz, +420&nbsp;720&nbsp;100&nbsp;097<br \/>\n<\/span><\/p>\n<a class=\"maxbutton-10 maxbutton maxbutton-zpet\" href=\"https:\/\/map-mh.cz\/map4\/volnocasove-aktivity\/\"><span class='mb-text'>zp\u011bt<\/span><\/a>\n","protected":false},"excerpt":{"rendered":"<p>N\u00e1zev organizace: Mnichovohradi\u0161\u0165sk\u00fd sportovn\u00ed klub N\u00e1zev volno\u010dasov\u00e9 aktivity: Fotbal pro kluky i&nbsp;holky M\u00edsto kon\u00e1n\u00ed: Kl\u00e1\u0161tersk\u00e1 882, Mnichovo Hradi\u0161t\u011b Dny, kdy aktivita prob\u00edh\u00e1: dle rozpisu (bli\u017e\u0161\u00ed informace osobn\u011b) Cena aktivity: dle ro\u010dn\u00edk\u016f Pro jak star\u00e9 d\u011bti je aktivita ur\u010dena: od 5 let Webov\u00e9 str\u00e1nky organizace: www.mskfotbal.cz Kontaktn\u00ed osoba: Martin Smetana, beda.mracek@seznam.cz, +420&nbsp;720&nbsp;100&nbsp;097<\/p>\n","protected":false},"author":4,"featured_media":0,"parent":6079,"menu_order":0,"comment_status":"closed","ping_status":"closed","template":"","meta":[],"_links":{"self":[{"href":"https:\/\/map-mh.cz\/map4\/wp-json\/wp\/v2\/pages\/6916"}],"collection":[{"href":"https:\/\/map-mh.cz\/map4\/wp-json\/wp\/v2\/pages"}],"about":[{"href":"https:\/\/map-mh.cz\/map4\/wp-json\/wp\/v2\/types\/page"}],"author":[{"embeddable":true,"href":"https:\/\/map-mh.cz\/map4\/wp-json\/wp\/v2\/users\/4"}],"replies":[{"embeddable":true,"href":"https:\/\/map-mh.cz\/map4\/wp-json\/wp\/v2\/comments?post=6916"}],"version-history":[{"count":6,"href":"https:\/\/map-mh.cz\/map4\/wp-json\/wp\/v2\/pages\/6916\/revisions"}],"predecessor-version":[{"id":14150,"href":"https:\/\/map-mh.cz\/map4\/wp-json\/wp\/v2\/pages\/6916\/revisions\/14150"}],"up":[{"embeddable":true,"href":"https:\/\/map-mh.cz\/map4\/wp-json\/wp\/v2\/pages\/6079"}],"wp:attachment":[{"href":"https:\/\/map-mh.cz\/map4\/wp-json\/wp\/v2\/media?parent=6916"}],"curies":[{"name":"wp","href":"https:\/\/api.w.org\/{rel}","templated":true}]}}