{"id":6913,"date":"2020-01-24T08:51:48","date_gmt":"2020-01-24T07:51:48","guid":{"rendered":"https:\/\/map-mh.cz\/map4\/?page_id=6913"},"modified":"2025-08-29T14:23:12","modified_gmt":"2025-08-29T12:23:12","slug":"skauti","status":"publish","type":"page","link":"https:\/\/map-mh.cz\/map4\/volnocasove-aktivity\/skauti\/","title":{"rendered":"Skauti"},"content":{"rendered":"<p><strong>N\u00e1zev organizace<\/strong>: <span data-sheets-value=\"{&quot;1&quot;:2,&quot;2&quot;:&quot;Jun\u00e1k - \u010desk\u00fd skaut, st\u0159edisko Mnichovo Hradi\u0161t\u011b, z.s.&quot;}\" data-sheets-userformat=\"{&quot;2&quot;:513,&quot;3&quot;:{&quot;1&quot;:0},&quot;12&quot;:0}\">Jun\u00e1k \u2013 \u010desk\u00fd skaut, st\u0159edisko Mnichovo Hradi\u0161t\u011b, z. s.<\/span><\/p>\n<p><strong>N\u00e1zev volno\u010dasov\u00e9 aktivity:<\/strong> Skauti<\/p>\n<p><strong>M\u00edsto kon\u00e1n\u00ed:<\/strong>\u00a0Skautsk\u00e1 klubovna <span data-sheets-value=\"{&quot;1&quot;:2,&quot;2&quot;:&quot;d\u011bti 5-9 let - pololet\u00ed (5 m\u011bs\u00edc\u016f) - 1900 K\u010d, d\u011bti 10-14 let - pololet\u00ed (5 m\u011bs\u00edc\u016f) - 2400 K\u010d&quot;}\" data-sheets-userformat=\"{&quot;2&quot;:513,&quot;3&quot;:{&quot;1&quot;:0},&quot;12&quot;:0}\">\u2013<\/span> Kl\u00e1\u0161tersk\u00e1 880, Mnichovo Hradi\u0161t\u011b<\/p>\n<p><strong>Dny, kdy aktivita prob\u00edh\u00e1: <\/strong><span data-sheets-value=\"{&quot;1&quot;:2,&quot;2&quot;:&quot;Sch\u016fzky jednotliv\u00fdch dru\u017ein jsou v pond\u011bl\u00ed, ve st\u0159edu a \u010dtvrtek v odpoledn\u00edch hodin\u00e1ch. D\u00e1le jsou n\u011bkolikr\u00e1t do roka odd\u00edlov\u00e9 akce, akce ve spolupr\u00e1ci s m\u011bstem, v\u00fdpravy, v\u00fdlety apod.&quot;}\" data-sheets-userformat=\"{&quot;2&quot;:513,&quot;3&quot;:{&quot;1&quot;:0},&quot;12&quot;:0}\">Sch\u016fzky jednotliv\u00fdch dru\u017ein jsou v&nbsp;pond\u011bl\u00ed, v&nbsp;\u00fater\u00fd a&nbsp;ve st\u0159edu v&nbsp;odpoledn\u00edch hodin\u00e1ch. D\u00e1le jsou n\u011bkolikr\u00e1t do roka odd\u00edlov\u00e9 akce, akce ve spolupr\u00e1ci s&nbsp;m\u011bstem, v\u00fdpravy, v\u00fdlety apod.<\/span><\/p>\n<p><strong>Cena aktivity:<\/strong><\/p>\n<p><span data-sheets-value=\"{&quot;1&quot;:2,&quot;2&quot;:&quot;Cena je stanovena podle v\u011bkov\u00e9 kategorie. Ve \u0161koln\u00edm roce 2019\/2020 je max. ro\u010dn\u00ed p\u0159\u00edsp\u011bvek 1200 K\u010d. D\u00e1le si d\u011bti plat\u00ed v\u00fdpravy a v\u00fdlety dle n\u00e1ro\u010dnosti akce.&quot;}\" data-sheets-userformat=\"{&quot;2&quot;:513,&quot;3&quot;:{&quot;1&quot;:0},&quot;12&quot;:0}\">Cena je stanovena podle v\u011bkov\u00e9 kategorie.<\/span><\/p>\n<p><span data-sheets-value=\"{&quot;1&quot;:2,&quot;2&quot;:&quot;Cena je stanovena podle v\u011bkov\u00e9 kategorie. Ve \u0161koln\u00edm roce 2019\/2020 je max. ro\u010dn\u00ed p\u0159\u00edsp\u011bvek 1200 K\u010d. D\u00e1le si d\u011bti plat\u00ed v\u00fdpravy a v\u00fdlety dle n\u00e1ro\u010dnosti akce.&quot;}\" data-sheets-userformat=\"{&quot;2&quot;:513,&quot;3&quot;:{&quot;1&quot;:0},&quot;12&quot;:0}\">Ve \u0161koln\u00edm roce 2025\/2026 je max. ro\u010dn\u00ed p\u0159\u00edsp\u011bvek 1800&nbsp;K\u010d. D\u00e1le si d\u011bti plat\u00ed v\u00fdpravy a&nbsp;v\u00fdlety dle n\u00e1ro\u010dnosti akce.<\/span><\/p>\n<p><strong>Pro jak star\u00e9 d\u011bti je aktivita ur\u010dena:<\/strong> od 5<span data-sheets-value=\"{&quot;1&quot;:2,&quot;2&quot;:&quot;5-14 let&quot;}\" data-sheets-userformat=\"{&quot;2&quot;:513,&quot;3&quot;:{&quot;1&quot;:0},&quot;12&quot;:0}\">\u00a0let\u00a0<\/span><\/p>\n<p><strong>Webov\u00e9 str\u00e1nky organizace:<\/strong> <a class=\"in-cell-link\" href=\"http:\/\/skautmh.cz\" target=\"_blank\" rel=\"noopener\">www.skautmh.cz<\/a><\/p>\n<p><strong>Kontaktn\u00ed osoba: <\/strong><span data-sheets-value=\"{&quot;1&quot;:2,&quot;2&quot;:&quot;Ing. Petr Mazal, MBA&quot;}\" data-sheets-userformat=\"{&quot;2&quot;:513,&quot;3&quot;:{&quot;1&quot;:0},&quot;12&quot;:0}\">Tereza Bukvi\u010dkov\u00e1, <\/span><span data-sheets-value=\"{&quot;1&quot;:2,&quot;2&quot;:&quot;info@petrmazal.cz \/ +420 724 085 538&quot;}\" data-sheets-userformat=\"{&quot;2&quot;:513,&quot;3&quot;:{&quot;1&quot;:0},&quot;12&quot;:0}\">1oddilmh@skaut.cz, +420&nbsp;737&nbsp;628&nbsp;408<\/span><\/p>\n<a class=\"maxbutton-10 maxbutton maxbutton-zpet\" href=\"https:\/\/map-mh.cz\/map4\/volnocasove-aktivity\/\"><span class='mb-text'>zp\u011bt<\/span><\/a>\n","protected":false},"excerpt":{"rendered":"<p>N\u00e1zev organizace: Jun\u00e1k \u2013 \u010desk\u00fd skaut, st\u0159edisko Mnichovo Hradi\u0161t\u011b, z. s. N\u00e1zev volno\u010dasov\u00e9 aktivity: Skauti M\u00edsto kon\u00e1n\u00ed:\u00a0Skautsk\u00e1 klubovna \u2013 Kl\u00e1\u0161tersk\u00e1 880, Mnichovo Hradi\u0161t\u011b Dny, kdy aktivita prob\u00edh\u00e1: Sch\u016fzky jednotliv\u00fdch dru\u017ein jsou v&nbsp;pond\u011bl\u00ed, v&nbsp;\u00fater\u00fd a&nbsp;ve st\u0159edu v&nbsp;odpoledn\u00edch hodin\u00e1ch. D\u00e1le jsou n\u011bkolikr\u00e1t do roka odd\u00edlov\u00e9 akce, akce ve spolupr\u00e1ci s&nbsp;m\u011bstem, v\u00fdpravy, v\u00fdlety apod. Cena aktivity: Cena je [&hellip;]<\/p>\n","protected":false},"author":4,"featured_media":0,"parent":6079,"menu_order":0,"comment_status":"closed","ping_status":"closed","template":"","meta":[],"_links":{"self":[{"href":"https:\/\/map-mh.cz\/map4\/wp-json\/wp\/v2\/pages\/6913"}],"collection":[{"href":"https:\/\/map-mh.cz\/map4\/wp-json\/wp\/v2\/pages"}],"about":[{"href":"https:\/\/map-mh.cz\/map4\/wp-json\/wp\/v2\/types\/page"}],"author":[{"embeddable":true,"href":"https:\/\/map-mh.cz\/map4\/wp-json\/wp\/v2\/users\/4"}],"replies":[{"embeddable":true,"href":"https:\/\/map-mh.cz\/map4\/wp-json\/wp\/v2\/comments?post=6913"}],"version-history":[{"count":6,"href":"https:\/\/map-mh.cz\/map4\/wp-json\/wp\/v2\/pages\/6913\/revisions"}],"predecessor-version":[{"id":16369,"href":"https:\/\/map-mh.cz\/map4\/wp-json\/wp\/v2\/pages\/6913\/revisions\/16369"}],"up":[{"embeddable":true,"href":"https:\/\/map-mh.cz\/map4\/wp-json\/wp\/v2\/pages\/6079"}],"wp:attachment":[{"href":"https:\/\/map-mh.cz\/map4\/wp-json\/wp\/v2\/media?parent=6913"}],"curies":[{"name":"wp","href":"https:\/\/api.w.org\/{rel}","templated":true}]}}