{"id":6771,"date":"2020-01-14T21:48:42","date_gmt":"2020-01-14T20:48:42","guid":{"rendered":"https:\/\/map-mh.cz\/map4\/?page_id=6771"},"modified":"2024-09-02T12:08:49","modified_gmt":"2024-09-02T10:08:49","slug":"umelecke-vzdelavani-vytvarny-obor","status":"publish","type":"page","link":"https:\/\/map-mh.cz\/map4\/volnocasove-aktivity\/umelecke-vzdelavani-vytvarny-obor\/","title":{"rendered":"Um\u011bleck\u00e9 vzd\u011bl\u00e1v\u00e1n\u00ed \u2013 v\u00fdtvarn\u00fd obor"},"content":{"rendered":"<p><strong>Talentov\u00e9 p\u0159ij\u00edmac\u00ed zkou\u0161ky do Z\u00e1kladn\u00ed um\u011bleck\u00e9 \u0161koly Mnichovo Hradi\u0161t\u011b prob\u00edhaj\u00ed v&nbsp;kv\u011btnu. <\/strong><\/p>\n<p><strong>Pro aktu\u00e1ln\u00ed informace sledujte <a href=\"http:\/\/www.zusmh.cz\">www.zusmh.cz.<\/a><\/strong><\/p>\n<p><strong>N\u00e1zev organizace<\/strong>: Z\u00e1kladn\u00ed um\u011bleck\u00e1 \u0161kola Mnichovo Hradi\u0161t\u011b<\/p>\n<p><strong>N\u00e1zev volno\u010dasov\u00e9 aktivity:<\/strong>\u00a0Um\u011bleck\u00e9 vzd\u011bl\u00e1v\u00e1n\u00ed \u2013 v\u00fdtvarn\u00fd obor<\/p>\n<p><strong>M\u00edsto kon\u00e1n\u00ed:<\/strong> ZU\u0160 MH<strong>, <\/strong>Palack\u00e9ho 38, Mnichovo Hradi\u0161t\u011b<\/p>\n<p><strong>Pro jak star\u00e9 d\u011bti je aktivita ur\u010dena:<\/strong><span data-sheets-value=\"{&quot;1&quot;:2,&quot;2&quot;:&quot;1. 6 - 12 let; 2. 6 - 18 let&quot;}\" data-sheets-userformat=\"{&quot;2&quot;:513,&quot;3&quot;:{&quot;1&quot;:0},&quot;12&quot;:0}\"> 5\u201321 let<\/span><\/p>\n<p><strong>Webov\u00e9 str\u00e1nky organizace: <\/strong><a href=\"http:\/\/www.zusmh.cz\">www.zusmh.cz<\/a><\/p>\n<p><strong>Kontaktn\u00ed osoba:\u00a0<\/strong>Jan \u010c\u00ed\u017eek,\u00a0DiS., jan.cizek@zusmh.cz<\/p>\n<a class=\"maxbutton-10 maxbutton maxbutton-zpet\" href=\"https:\/\/map-mh.cz\/map4\/volnocasove-aktivity\/\"><span class='mb-text'>zp\u011bt<\/span><\/a>\n","protected":false},"excerpt":{"rendered":"<p>Talentov\u00e9 p\u0159ij\u00edmac\u00ed zkou\u0161ky do Z\u00e1kladn\u00ed um\u011bleck\u00e9 \u0161koly Mnichovo Hradi\u0161t\u011b prob\u00edhaj\u00ed v&nbsp;kv\u011btnu. Pro aktu\u00e1ln\u00ed informace sledujte www.zusmh.cz. N\u00e1zev organizace: Z\u00e1kladn\u00ed um\u011bleck\u00e1 \u0161kola Mnichovo Hradi\u0161t\u011b N\u00e1zev volno\u010dasov\u00e9 aktivity:\u00a0Um\u011bleck\u00e9 vzd\u011bl\u00e1v\u00e1n\u00ed \u2013 v\u00fdtvarn\u00fd obor M\u00edsto kon\u00e1n\u00ed: ZU\u0160 MH, Palack\u00e9ho 38, Mnichovo Hradi\u0161t\u011b Pro jak star\u00e9 d\u011bti je aktivita ur\u010dena: 5\u201321 let Webov\u00e9 str\u00e1nky organizace: www.zusmh.cz Kontaktn\u00ed osoba:\u00a0Jan \u010c\u00ed\u017eek,\u00a0DiS., jan.cizek@zusmh.cz<\/p>\n","protected":false},"author":4,"featured_media":0,"parent":6079,"menu_order":0,"comment_status":"closed","ping_status":"closed","template":"","meta":[],"_links":{"self":[{"href":"https:\/\/map-mh.cz\/map4\/wp-json\/wp\/v2\/pages\/6771"}],"collection":[{"href":"https:\/\/map-mh.cz\/map4\/wp-json\/wp\/v2\/pages"}],"about":[{"href":"https:\/\/map-mh.cz\/map4\/wp-json\/wp\/v2\/types\/page"}],"author":[{"embeddable":true,"href":"https:\/\/map-mh.cz\/map4\/wp-json\/wp\/v2\/users\/4"}],"replies":[{"embeddable":true,"href":"https:\/\/map-mh.cz\/map4\/wp-json\/wp\/v2\/comments?post=6771"}],"version-history":[{"count":2,"href":"https:\/\/map-mh.cz\/map4\/wp-json\/wp\/v2\/pages\/6771\/revisions"}],"predecessor-version":[{"id":15442,"href":"https:\/\/map-mh.cz\/map4\/wp-json\/wp\/v2\/pages\/6771\/revisions\/15442"}],"up":[{"embeddable":true,"href":"https:\/\/map-mh.cz\/map4\/wp-json\/wp\/v2\/pages\/6079"}],"wp:attachment":[{"href":"https:\/\/map-mh.cz\/map4\/wp-json\/wp\/v2\/media?parent=6771"}],"curies":[{"name":"wp","href":"https:\/\/api.w.org\/{rel}","templated":true}]}}