{"id":6617,"date":"2020-01-06T10:50:09","date_gmt":"2020-01-06T09:50:09","guid":{"rendered":"https:\/\/map-mh.cz\/map4\/?page_id=6617"},"modified":"2025-08-18T00:06:37","modified_gmt":"2025-08-17T22:06:37","slug":"sport-stolni-tenis","status":"publish","type":"page","link":"https:\/\/map-mh.cz\/map4\/volnocasove-aktivity\/sport-stolni-tenis\/","title":{"rendered":"Stoln\u00ed tenis"},"content":{"rendered":"<p><strong>N\u00e1zev organizace<\/strong>: <span data-sheets-value=\"{&quot;1&quot;:2,&quot;2&quot;:&quot;TJ Sokol Mnichovo Hradi\u0161t\u011b - odd\u00edl stoln\u00edho tenisu&quot;}\" data-sheets-userformat=\"{&quot;2&quot;:513,&quot;3&quot;:{&quot;1&quot;:0},&quot;12&quot;:0}\">TJ Sokol Mnichovo Hradi\u0161t\u011b &#8211; odd\u00edl stoln\u00edho tenisu<\/span><\/p>\n<p><strong>N\u00e1zev volno\u010dasov\u00e9 aktivity:<\/strong> <span data-sheets-value=\"{&quot;1&quot;:2,&quot;2&quot;:&quot;Sport - stoln\u00ed tenis&quot;}\" data-sheets-userformat=\"{&quot;2&quot;:513,&quot;3&quot;:{&quot;1&quot;:0},&quot;12&quot;:0}\">Stoln\u00ed tenis<\/span><\/p>\n<p><strong>M\u00edsto kon\u00e1n\u00ed:<\/strong> H<span data-sheets-value=\"{&quot;1&quot;:2,&quot;2&quot;:&quot;herna stoln\u00edho tenisu v Sokolovn\u011b v MH - bo\u010dn\u00ed vchod vpravo&quot;}\" data-sheets-userformat=\"{&quot;2&quot;:513,&quot;3&quot;:{&quot;1&quot;:0},&quot;12&quot;:0}\">erna stoln\u00edho tenisu v&nbsp;Sokolovn\u011b v&nbsp;MH \u2013 bo\u010dn\u00ed vchod vpravo<\/span><\/p>\n<p><strong>Dny, kdy aktivita prob\u00edh\u00e1:<\/strong> <span data-sheets-value=\"{&quot;1&quot;:2,&quot;2&quot;:&quot;pravideln\u00e9 tr\u00e9ninky \u00fat+\u010dt 17-18.30, + individu\u00e1l a v\u00edkendov\u00e9 turnaje&quot;}\" data-sheets-userformat=\"{&quot;2&quot;:513,&quot;3&quot;:{&quot;1&quot;:0},&quot;12&quot;:0}\">pravideln\u00e9 tr\u00e9ninky v&nbsp;\u00fater\u00fd a&nbsp;ve \u010dtvrtek 16:00\u201317:30&nbsp;h a\u00a017:30\u201319:00&nbsp;h + individu\u00e1l a&nbsp;v\u00edkendov\u00e9 turnaje<\/span><\/p>\n<p><strong>Cena aktivity:<\/strong> <span data-sheets-value=\"{&quot;1&quot;:2,&quot;2&quot;:&quot;1000 K\u010d\/pololet\u00ed&quot;}\" data-sheets-userformat=\"{&quot;2&quot;:513,&quot;3&quot;:{&quot;1&quot;:0},&quot;12&quot;:0}\">1300 K\u010d\/pololet\u00ed<\/span><\/p>\n<p><strong>Pro jak star\u00e9 d\u011bti je aktivita ur\u010dena:<\/strong> <span data-sheets-value=\"{&quot;1&quot;:2,&quot;2&quot;:&quot;zat\u00edm pouze chlapci od 6 let&quot;}\" data-sheets-userformat=\"{&quot;2&quot;:513,&quot;3&quot;:{&quot;1&quot;:0},&quot;12&quot;:0}\">zat\u00edm pouze chlapci od 6 let<\/span><\/p>\n<p><strong>Webov\u00e9 str\u00e1nky organizace:<\/strong> <a href=\"http:\/\/new.sokolmh.cz\/stolni-tenis\/\">www.new.sokolmh.cz\/stolni-tenis\/<\/a><\/p>\n<p><strong>Kontaktn\u00ed osoba: <\/strong><span data-sheets-value=\"{&quot;1&quot;:2,&quot;2&quot;:&quot;Jan Mare\u0161&quot;}\" data-sheets-userformat=\"{&quot;2&quot;:513,&quot;3&quot;:{&quot;1&quot;:0},&quot;12&quot;:0}\">Jan Mare\u0161, honza.mares@centrum.cz,\u00a0 774&nbsp;665&nbsp;190<\/span><\/p>\n<a class=\"maxbutton-10 maxbutton maxbutton-zpet\" href=\"https:\/\/map-mh.cz\/map4\/volnocasove-aktivity\/\"><span class='mb-text'>zp\u011bt<\/span><\/a>\n","protected":false},"excerpt":{"rendered":"<p>N\u00e1zev organizace: TJ Sokol Mnichovo Hradi\u0161t\u011b &#8211; odd\u00edl stoln\u00edho tenisu N\u00e1zev volno\u010dasov\u00e9 aktivity: Stoln\u00ed tenis M\u00edsto kon\u00e1n\u00ed: Herna stoln\u00edho tenisu v&nbsp;Sokolovn\u011b v&nbsp;MH \u2013 bo\u010dn\u00ed vchod vpravo Dny, kdy aktivita prob\u00edh\u00e1: pravideln\u00e9 tr\u00e9ninky v&nbsp;\u00fater\u00fd a&nbsp;ve \u010dtvrtek 16:00\u201317:30&nbsp;h a\u00a017:30\u201319:00&nbsp;h + individu\u00e1l a&nbsp;v\u00edkendov\u00e9 turnaje Cena aktivity: 1300 K\u010d\/pololet\u00ed Pro jak star\u00e9 d\u011bti je aktivita ur\u010dena: zat\u00edm pouze chlapci [&hellip;]<\/p>\n","protected":false},"author":4,"featured_media":0,"parent":6079,"menu_order":0,"comment_status":"closed","ping_status":"closed","template":"","meta":[],"_links":{"self":[{"href":"https:\/\/map-mh.cz\/map4\/wp-json\/wp\/v2\/pages\/6617"}],"collection":[{"href":"https:\/\/map-mh.cz\/map4\/wp-json\/wp\/v2\/pages"}],"about":[{"href":"https:\/\/map-mh.cz\/map4\/wp-json\/wp\/v2\/types\/page"}],"author":[{"embeddable":true,"href":"https:\/\/map-mh.cz\/map4\/wp-json\/wp\/v2\/users\/4"}],"replies":[{"embeddable":true,"href":"https:\/\/map-mh.cz\/map4\/wp-json\/wp\/v2\/comments?post=6617"}],"version-history":[{"count":7,"href":"https:\/\/map-mh.cz\/map4\/wp-json\/wp\/v2\/pages\/6617\/revisions"}],"predecessor-version":[{"id":16348,"href":"https:\/\/map-mh.cz\/map4\/wp-json\/wp\/v2\/pages\/6617\/revisions\/16348"}],"up":[{"embeddable":true,"href":"https:\/\/map-mh.cz\/map4\/wp-json\/wp\/v2\/pages\/6079"}],"wp:attachment":[{"href":"https:\/\/map-mh.cz\/map4\/wp-json\/wp\/v2\/media?parent=6617"}],"curies":[{"name":"wp","href":"https:\/\/api.w.org\/{rel}","templated":true}]}}