{"id":6612,"date":"2020-01-06T10:33:53","date_gmt":"2020-01-06T09:33:53","guid":{"rendered":"https:\/\/map-mh.cz\/map4\/?page_id=6612"},"modified":"2020-01-06T14:58:48","modified_gmt":"2020-01-06T13:58:48","slug":"tenisovy-klub-mnichovo-hradiste-z-s","status":"publish","type":"page","link":"https:\/\/map-mh.cz\/map4\/volnocasove-aktivity\/tenisovy-klub-mnichovo-hradiste-z-s\/","title":{"rendered":"Tenisov\u00e1 \u0161kola a&nbsp;\u0161kolka"},"content":{"rendered":"<p><strong>N\u00e1zev organizace<\/strong>: <span data-sheets-value=\"{&quot;1&quot;:2,&quot;2&quot;:&quot;Tenisov\u00fd klub Mnichovo Hradi\u0161t\u011b z.s.&quot;}\" data-sheets-userformat=\"{&quot;2&quot;:513,&quot;3&quot;:{&quot;1&quot;:0},&quot;12&quot;:0}\">Tenisov\u00fd klub Mnichovo Hradi\u0161t\u011b z.s.<\/span><\/p>\n<p><strong>N\u00e1zev volno\u010dasov\u00e9 aktivity:<\/strong> <span data-sheets-value=\"{&quot;1&quot;:2,&quot;2&quot;:&quot;Tenisov\u00e1 \u0161kola a \u0161kolka&quot;}\" data-sheets-userformat=\"{&quot;2&quot;:513,&quot;3&quot;:{&quot;1&quot;:0},&quot;12&quot;:0}\">Tenisov\u00e1 \u0161kola a&nbsp;\u0161kolka<\/span><\/p>\n<p><strong>M\u00edsto kon\u00e1n\u00ed:<\/strong> <span data-sheets-value=\"{&quot;1&quot;:2,&quot;2&quot;:&quot;Are\u00e1l TKMH Kl\u00e1\u0161tersk\u00e1 1487, MH&quot;}\" data-sheets-userformat=\"{&quot;2&quot;:513,&quot;3&quot;:{&quot;1&quot;:0},&quot;12&quot;:0}\">Are\u00e1l TKMH Kl\u00e1\u0161tersk\u00e1 1487<br \/>\n<\/span><\/p>\n<p><strong>Dny, kdy aktivita prob\u00edh\u00e1:<\/strong> p<span data-sheets-value=\"{&quot;1&quot;:2,&quot;2&quot;:&quot;Pond\u011bl\u00ed - p\u00e1tek&quot;}\" data-sheets-userformat=\"{&quot;2&quot;:513,&quot;3&quot;:{&quot;1&quot;:0},&quot;12&quot;:0}\">ond\u011bl\u00ed\u2013p\u00e1tek<\/span><\/p>\n<p><strong>Cena aktivity:<\/strong> t<span data-sheets-value=\"{&quot;1&quot;:2,&quot;2&quot;:&quot;Tarif dle vyu\u017eit\u00ed&quot;}\" data-sheets-userformat=\"{&quot;2&quot;:513,&quot;3&quot;:{&quot;1&quot;:0},&quot;12&quot;:0}\">arif dle vyu\u017eit\u00ed<\/span><\/p>\n<p><strong>Pro jak star\u00e9 d\u011bti je aktivita ur\u010dena:<\/strong> od 4 let<\/p>\n<p><strong>Webov\u00e9 str\u00e1nky organizace:<\/strong> www.tenismh.cz<\/p>\n<p><strong>Kontaktn\u00ed osoba: <\/strong><span data-sheets-value=\"{&quot;1&quot;:2,&quot;2&quot;:&quot;Pavel Hron&quot;}\" data-sheets-userformat=\"{&quot;2&quot;:513,&quot;3&quot;:{&quot;1&quot;:0},&quot;12&quot;:0}\">Pavel Hron, Pa-h@post.cz, 728&nbsp;886&nbsp;979<br \/>\n<\/span><\/p>\n<a class=\"maxbutton-10 maxbutton maxbutton-zpet\" href=\"https:\/\/map-mh.cz\/map4\/volnocasove-aktivity\/\"><span class='mb-text'>zp\u011bt<\/span><\/a>\n","protected":false},"excerpt":{"rendered":"<p>N\u00e1zev organizace: Tenisov\u00fd klub Mnichovo Hradi\u0161t\u011b z.s. N\u00e1zev volno\u010dasov\u00e9 aktivity: Tenisov\u00e1 \u0161kola a&nbsp;\u0161kolka M\u00edsto kon\u00e1n\u00ed: Are\u00e1l TKMH Kl\u00e1\u0161tersk\u00e1 1487 Dny, kdy aktivita prob\u00edh\u00e1: pond\u011bl\u00ed\u2013p\u00e1tek Cena aktivity: tarif dle vyu\u017eit\u00ed Pro jak star\u00e9 d\u011bti je aktivita ur\u010dena: od 4 let Webov\u00e9 str\u00e1nky organizace: www.tenismh.cz Kontaktn\u00ed osoba: Pavel Hron, Pa-h@post.cz, 728&nbsp;886&nbsp;979<\/p>\n","protected":false},"author":4,"featured_media":0,"parent":6079,"menu_order":0,"comment_status":"closed","ping_status":"closed","template":"","meta":[],"_links":{"self":[{"href":"https:\/\/map-mh.cz\/map4\/wp-json\/wp\/v2\/pages\/6612"}],"collection":[{"href":"https:\/\/map-mh.cz\/map4\/wp-json\/wp\/v2\/pages"}],"about":[{"href":"https:\/\/map-mh.cz\/map4\/wp-json\/wp\/v2\/types\/page"}],"author":[{"embeddable":true,"href":"https:\/\/map-mh.cz\/map4\/wp-json\/wp\/v2\/users\/4"}],"replies":[{"embeddable":true,"href":"https:\/\/map-mh.cz\/map4\/wp-json\/wp\/v2\/comments?post=6612"}],"version-history":[{"count":3,"href":"https:\/\/map-mh.cz\/map4\/wp-json\/wp\/v2\/pages\/6612\/revisions"}],"predecessor-version":[{"id":6661,"href":"https:\/\/map-mh.cz\/map4\/wp-json\/wp\/v2\/pages\/6612\/revisions\/6661"}],"up":[{"embeddable":true,"href":"https:\/\/map-mh.cz\/map4\/wp-json\/wp\/v2\/pages\/6079"}],"wp:attachment":[{"href":"https:\/\/map-mh.cz\/map4\/wp-json\/wp\/v2\/media?parent=6612"}],"curies":[{"name":"wp","href":"https:\/\/api.w.org\/{rel}","templated":true}]}}