{"id":6608,"date":"2020-01-06T10:17:44","date_gmt":"2020-01-06T09:17:44","guid":{"rendered":"https:\/\/map-mh.cz\/map4\/?page_id=6608"},"modified":"2024-08-16T10:48:17","modified_gmt":"2024-08-16T08:48:17","slug":"detsky-pevecky-sbor-zvonky","status":"publish","type":"page","link":"https:\/\/map-mh.cz\/map4\/volnocasove-aktivity\/detsky-pevecky-sbor-zvonky\/","title":{"rendered":"D\u011btsk\u00fd p\u011bveck\u00fd sbor Zvonky"},"content":{"rendered":"<p><strong>N\u00e1zev organizace<\/strong>: D<span data-sheets-value=\"{&quot;1&quot;:2,&quot;2&quot;:&quot;ZU\u0160 Mnichovo Hradi\u0161t\u011b&quot;}\" data-sheets-userformat=\"{&quot;2&quot;:513,&quot;3&quot;:{&quot;1&quot;:0},&quot;12&quot;:0}\">\u011btsk\u00fd p\u011bveck\u00fd sbor Zvonky \u2013 ZU\u0160 Mnichovo Hradi\u0161t\u011b<\/span><\/p>\n<p><strong>N\u00e1zev volno\u010dasov\u00e9 aktivity:<\/strong> <span data-sheets-value=\"{&quot;1&quot;:2,&quot;2&quot;:&quot;Sborov\u00fd zp\u011bv&quot;}\" data-sheets-userformat=\"{&quot;2&quot;:513,&quot;3&quot;:{&quot;1&quot;:0},&quot;12&quot;:0}\">Sborov\u00fd zp\u011bv<\/span><\/p>\n<p><strong>M\u00edsto kon\u00e1n\u00ed:<\/strong> <span data-sheets-value=\"{&quot;1&quot;:2,&quot;2&quot;:&quot;ZU\u0160 Mnichovo Hradi\u0161t\u011b&quot;}\" data-sheets-userformat=\"{&quot;2&quot;:513,&quot;3&quot;:{&quot;1&quot;:0},&quot;12&quot;:0}\">ZU\u0160 Mnichovo Hradi\u0161t\u011b<\/span><\/p>\n<p><strong>Dny, kdy aktivita prob\u00edh\u00e1:<\/strong><\/p>\n<p><span data-sheets-value=\"{&quot;1&quot;:2,&quot;2&quot;:&quot;Ko\u0165ata - \u00fater\u00fd 14,00 - 14,45\\nZvone\u010dky - p\u00e1tek 13,15 - 14,45\\nZvonky - \u00fater\u00fd a p\u00e1tek 15,00 - 17,00 &quot;}\" data-sheets-userformat=\"{&quot;2&quot;:513,&quot;3&quot;:{&quot;1&quot;:0},&quot;12&quot;:0}\">Ko\u0165ata\u00a0\u2013 \u00fater\u00fd 14:00\u201314:45 hodin<br \/>\nZvone\u010dky\u00a0\u2013 p\u00e1tek 13:15\u201314:45 hodin<br \/>\nZvonky \u2013 \u00fater\u00fd a&nbsp;p\u00e1tek 15:00\u201317:00 hodin <\/span><\/p>\n<p><strong>Cena aktivity:<\/strong> <span data-sheets-value=\"{&quot;1&quot;:2,&quot;2&quot;:&quot;\u0161koln\u00e9 v ZU\u0160, 350, 600 a 750 K\u010d &quot;}\" data-sheets-userformat=\"{&quot;2&quot;:513,&quot;3&quot;:{&quot;1&quot;:0},&quot;12&quot;:0}\">\u0161koln\u00e9 v&nbsp;ZU\u0160, 600 K\u010d, 800&nbsp;K\u010d a&nbsp;1000&nbsp;K\u010d <\/span><\/p>\n<p><strong>Pro jak star\u00e9 d\u011bti je aktivita ur\u010dena:<\/strong> <span data-sheets-value=\"{&quot;1&quot;:2,&quot;2&quot;:&quot;od 6 do 19 let&quot;}\" data-sheets-userformat=\"{&quot;2&quot;:513,&quot;3&quot;:{&quot;1&quot;:0},&quot;12&quot;:0}\">6\u201319 let<\/span><\/p>\n<p><strong>Webov\u00e9 str\u00e1nky organizace:<\/strong> <span data-sheets-value=\"{&quot;1&quot;:2,&quot;2&quot;:&quot;www.zvonky.eu&quot;}\" data-sheets-userformat=\"{&quot;2&quot;:513,&quot;3&quot;:{&quot;1&quot;:0},&quot;12&quot;:0}\">www.zvonky.eu<\/span><\/p>\n<p><strong>Kontaktn\u00ed osoba: <\/strong><span data-sheets-value=\"{&quot;1&quot;:2,&quot;2&quot;:&quot;Alena Hejlov\u00e1&quot;}\" data-sheets-userformat=\"{&quot;2&quot;:513,&quot;3&quot;:{&quot;1&quot;:0},&quot;12&quot;:0}\">Alena Hejlov\u00e1, a.hejlova@zusmh.cz, 606&nbsp;312&nbsp;231<br \/>\n<\/span><\/p>\n<a class=\"maxbutton-10 maxbutton maxbutton-zpet\" href=\"https:\/\/map-mh.cz\/map4\/volnocasove-aktivity\/\"><span class='mb-text'>zp\u011bt<\/span><\/a>\n","protected":false},"excerpt":{"rendered":"<p>N\u00e1zev organizace: D\u011btsk\u00fd p\u011bveck\u00fd sbor Zvonky \u2013 ZU\u0160 Mnichovo Hradi\u0161t\u011b N\u00e1zev volno\u010dasov\u00e9 aktivity: Sborov\u00fd zp\u011bv M\u00edsto kon\u00e1n\u00ed: ZU\u0160 Mnichovo Hradi\u0161t\u011b Dny, kdy aktivita prob\u00edh\u00e1: Ko\u0165ata\u00a0\u2013 \u00fater\u00fd 14:00\u201314:45 hodin Zvone\u010dky\u00a0\u2013 p\u00e1tek 13:15\u201314:45 hodin Zvonky \u2013 \u00fater\u00fd a&nbsp;p\u00e1tek 15:00\u201317:00 hodin Cena aktivity: \u0161koln\u00e9 v&nbsp;ZU\u0160, 600 K\u010d, 800&nbsp;K\u010d a&nbsp;1000&nbsp;K\u010d Pro jak star\u00e9 d\u011bti je aktivita ur\u010dena: 6\u201319 let [&hellip;]<\/p>\n","protected":false},"author":4,"featured_media":0,"parent":6079,"menu_order":0,"comment_status":"closed","ping_status":"closed","template":"","meta":[],"_links":{"self":[{"href":"https:\/\/map-mh.cz\/map4\/wp-json\/wp\/v2\/pages\/6608"}],"collection":[{"href":"https:\/\/map-mh.cz\/map4\/wp-json\/wp\/v2\/pages"}],"about":[{"href":"https:\/\/map-mh.cz\/map4\/wp-json\/wp\/v2\/types\/page"}],"author":[{"embeddable":true,"href":"https:\/\/map-mh.cz\/map4\/wp-json\/wp\/v2\/users\/4"}],"replies":[{"embeddable":true,"href":"https:\/\/map-mh.cz\/map4\/wp-json\/wp\/v2\/comments?post=6608"}],"version-history":[{"count":7,"href":"https:\/\/map-mh.cz\/map4\/wp-json\/wp\/v2\/pages\/6608\/revisions"}],"predecessor-version":[{"id":15380,"href":"https:\/\/map-mh.cz\/map4\/wp-json\/wp\/v2\/pages\/6608\/revisions\/15380"}],"up":[{"embeddable":true,"href":"https:\/\/map-mh.cz\/map4\/wp-json\/wp\/v2\/pages\/6079"}],"wp:attachment":[{"href":"https:\/\/map-mh.cz\/map4\/wp-json\/wp\/v2\/media?parent=6608"}],"curies":[{"name":"wp","href":"https:\/\/api.w.org\/{rel}","templated":true}]}}