{"id":6589,"date":"2019-12-17T14:39:27","date_gmt":"2019-12-17T13:39:27","guid":{"rendered":"https:\/\/map-mh.cz\/map4\/?page_id=6589"},"modified":"2024-02-26T10:27:09","modified_gmt":"2024-02-26T09:27:09","slug":"truhlarsky-krouzek-pro-deti","status":"publish","type":"page","link":"https:\/\/map-mh.cz\/map4\/volnocasove-aktivity\/truhlarsky-krouzek-pro-deti\/","title":{"rendered":"Truhl\u00e1\u0159sk\u00fd krou\u017eek pro d\u011bti"},"content":{"rendered":"<p><strong>N\u00e1zev organizace<\/strong>: Jednota bratrsk\u00e1 Mnichovo Hradi\u0161t\u011b<\/p>\n<p><strong>N\u00e1zev volno\u010dasov\u00e9 aktivity:<\/strong> Truhl\u00e1\u0159sk\u00fd krou\u017eek pro d\u011bti<\/p>\n<p><strong>M\u00edsto kon\u00e1n\u00ed:<\/strong> Volno\u010dasov\u00e9 centrum MH, Z\u00e1meck\u00e1 744<\/p>\n<p><strong>Dny, kdy aktivita prob\u00edh\u00e1:<\/strong><\/p>\n<p>\u00fater\u00fd od 17:00 hodin<\/p>\n<p>\u010dtvrtek od 17:00 hodin<\/p>\n<p><strong>Cena aktivity:<\/strong> \u2013<\/p>\n<p><strong>Pro jak star\u00e9 d\u011bti je aktivita ur\u010dena:<\/strong> 6\u201318 let<\/p>\n<p><strong>Webov\u00e9 str\u00e1nky organizace:<\/strong> <a href=\"http:\/\/www.jbmh.cz\/\">www.jbmh.cz<\/a><\/p>\n<p><strong>Kontaktn\u00ed osoba:<\/strong> Petr Nov\u00e1k, 774&nbsp;351&nbsp;978<\/p>\n<a class=\"maxbutton-10 maxbutton maxbutton-zpet\" href=\"https:\/\/map-mh.cz\/map4\/volnocasove-aktivity\/\"><span class='mb-text'>zp\u011bt<\/span><\/a>\n","protected":false},"excerpt":{"rendered":"<p>N\u00e1zev organizace: Jednota bratrsk\u00e1 Mnichovo Hradi\u0161t\u011b N\u00e1zev volno\u010dasov\u00e9 aktivity: Truhl\u00e1\u0159sk\u00fd krou\u017eek pro d\u011bti M\u00edsto kon\u00e1n\u00ed: Volno\u010dasov\u00e9 centrum MH, Z\u00e1meck\u00e1 744 Dny, kdy aktivita prob\u00edh\u00e1: \u00fater\u00fd od 17:00 hodin \u010dtvrtek od 17:00 hodin Cena aktivity: \u2013 Pro jak star\u00e9 d\u011bti je aktivita ur\u010dena: 6\u201318 let Webov\u00e9 str\u00e1nky organizace: www.jbmh.cz Kontaktn\u00ed osoba: Petr Nov\u00e1k, 774&nbsp;351&nbsp;978<\/p>\n","protected":false},"author":4,"featured_media":0,"parent":6079,"menu_order":0,"comment_status":"closed","ping_status":"closed","template":"","meta":[],"_links":{"self":[{"href":"https:\/\/map-mh.cz\/map4\/wp-json\/wp\/v2\/pages\/6589"}],"collection":[{"href":"https:\/\/map-mh.cz\/map4\/wp-json\/wp\/v2\/pages"}],"about":[{"href":"https:\/\/map-mh.cz\/map4\/wp-json\/wp\/v2\/types\/page"}],"author":[{"embeddable":true,"href":"https:\/\/map-mh.cz\/map4\/wp-json\/wp\/v2\/users\/4"}],"replies":[{"embeddable":true,"href":"https:\/\/map-mh.cz\/map4\/wp-json\/wp\/v2\/comments?post=6589"}],"version-history":[{"count":5,"href":"https:\/\/map-mh.cz\/map4\/wp-json\/wp\/v2\/pages\/6589\/revisions"}],"predecessor-version":[{"id":14956,"href":"https:\/\/map-mh.cz\/map4\/wp-json\/wp\/v2\/pages\/6589\/revisions\/14956"}],"up":[{"embeddable":true,"href":"https:\/\/map-mh.cz\/map4\/wp-json\/wp\/v2\/pages\/6079"}],"wp:attachment":[{"href":"https:\/\/map-mh.cz\/map4\/wp-json\/wp\/v2\/media?parent=6589"}],"curies":[{"name":"wp","href":"https:\/\/api.w.org\/{rel}","templated":true}]}}