{"id":6576,"date":"2019-12-17T14:18:43","date_gmt":"2019-12-17T13:18:43","guid":{"rendered":"https:\/\/map-mh.cz\/map4\/?page_id=6576"},"modified":"2020-09-09T11:32:29","modified_gmt":"2020-09-09T09:32:29","slug":"krouzek-mladych-hasicu-zachranaru","status":"publish","type":"page","link":"https:\/\/map-mh.cz\/map4\/volnocasove-aktivity\/krouzek-mladych-hasicu-zachranaru\/","title":{"rendered":"Odd\u00edl mlad\u00fdch hasi\u010d\u016f \u2013 z\u00e1chran\u00e1\u0159\u016f"},"content":{"rendered":"<p><strong>N\u00e1zev organizace<\/strong>: <span data-sheets-value=\"{&quot;1&quot;:2,&quot;2&quot;:&quot;SDH Mnichovo Hradi\u0161t\u011b&quot;}\" data-sheets-userformat=\"{&quot;2&quot;:513,&quot;3&quot;:{&quot;1&quot;:0},&quot;12&quot;:0}\">SDH Mnichovo Hradi\u0161t\u011b<\/span><\/p>\n<p><strong>N\u00e1zev volno\u010dasov\u00e9 aktivity: <\/strong>Odd\u00edl mlad\u00fdch hasi\u010d\u016f \u2013 z\u00e1chran\u00e1\u0159\u016f<\/p>\n<p><strong>M\u00edsto kon\u00e1n\u00ed:<\/strong> Hasi\u010dsk\u00e1 zbrojnice SDH Mnichovo Hradi\u0161t\u011b, H\u0159bitovn\u00ed 316 (vchod Jir\u00e1skova ul.)<\/p>\n<p><strong>Dny, kdy aktivita prob\u00edh\u00e1:<\/strong> p\u00e1tek<\/p>\n<p><strong>Cena aktivity:<\/strong> bez poplatku<\/p>\n<p><strong>Pro jak star\u00e9 d\u011bti je aktivita ur\u010dena:<\/strong> 8\u201315 let<\/p>\n<p><strong>Webov\u00e9 str\u00e1nky organizace: <\/strong><a href=\"https:\/\/hasici-mh-junior.cz\/\">www.hasici-mh-junior.cz<\/a><\/p>\n<p><strong>Kontaktn\u00ed osoba:<\/strong> Zuzana Kunto\u0161ov\u00e1, mh.sdh.junior@seznam.cz<\/p>\n<a class=\"maxbutton-10 maxbutton maxbutton-zpet\" href=\"https:\/\/map-mh.cz\/map4\/volnocasove-aktivity\/\"><span class='mb-text'>zp\u011bt<\/span><\/a>\n","protected":false},"excerpt":{"rendered":"<p>N\u00e1zev organizace: SDH Mnichovo Hradi\u0161t\u011b N\u00e1zev volno\u010dasov\u00e9 aktivity: Odd\u00edl mlad\u00fdch hasi\u010d\u016f \u2013 z\u00e1chran\u00e1\u0159\u016f M\u00edsto kon\u00e1n\u00ed: Hasi\u010dsk\u00e1 zbrojnice SDH Mnichovo Hradi\u0161t\u011b, H\u0159bitovn\u00ed 316 (vchod Jir\u00e1skova ul.) Dny, kdy aktivita prob\u00edh\u00e1: p\u00e1tek Cena aktivity: bez poplatku Pro jak star\u00e9 d\u011bti je aktivita ur\u010dena: 8\u201315 let Webov\u00e9 str\u00e1nky organizace: www.hasici-mh-junior.cz Kontaktn\u00ed osoba: Zuzana Kunto\u0161ov\u00e1, mh.sdh.junior@seznam.cz<\/p>\n","protected":false},"author":4,"featured_media":0,"parent":6079,"menu_order":0,"comment_status":"closed","ping_status":"closed","template":"","meta":[],"_links":{"self":[{"href":"https:\/\/map-mh.cz\/map4\/wp-json\/wp\/v2\/pages\/6576"}],"collection":[{"href":"https:\/\/map-mh.cz\/map4\/wp-json\/wp\/v2\/pages"}],"about":[{"href":"https:\/\/map-mh.cz\/map4\/wp-json\/wp\/v2\/types\/page"}],"author":[{"embeddable":true,"href":"https:\/\/map-mh.cz\/map4\/wp-json\/wp\/v2\/users\/4"}],"replies":[{"embeddable":true,"href":"https:\/\/map-mh.cz\/map4\/wp-json\/wp\/v2\/comments?post=6576"}],"version-history":[{"count":9,"href":"https:\/\/map-mh.cz\/map4\/wp-json\/wp\/v2\/pages\/6576\/revisions"}],"predecessor-version":[{"id":8909,"href":"https:\/\/map-mh.cz\/map4\/wp-json\/wp\/v2\/pages\/6576\/revisions\/8909"}],"up":[{"embeddable":true,"href":"https:\/\/map-mh.cz\/map4\/wp-json\/wp\/v2\/pages\/6079"}],"wp:attachment":[{"href":"https:\/\/map-mh.cz\/map4\/wp-json\/wp\/v2\/media?parent=6576"}],"curies":[{"name":"wp","href":"https:\/\/api.w.org\/{rel}","templated":true}]}}