{"id":6564,"date":"2019-12-17T09:30:05","date_gmt":"2019-12-17T08:30:05","guid":{"rendered":"https:\/\/map-mh.cz\/map4\/?page_id=6564"},"modified":"2023-08-28T11:47:49","modified_gmt":"2023-08-28T09:47:49","slug":"1-krestansky-klub-pro-deti","status":"publish","type":"page","link":"https:\/\/map-mh.cz\/map4\/volnocasove-aktivity\/1-krestansky-klub-pro-deti\/","title":{"rendered":"K\u0159es\u0165ansk\u00fd klub &#8211; rodinn\u00e9 v\u00fdlety a&nbsp;vych\u00e1zky"},"content":{"rendered":"<p><strong>N\u00e1zev organizace<\/strong>: <span data-sheets-value=\"{&quot;1&quot;:2,&quot;2&quot;:&quot;Jednota bratrsk\u00e1 Mnichovo Hradi\u0161t\u011b&quot;}\" data-sheets-userformat=\"{&quot;2&quot;:513,&quot;3&quot;:{&quot;1&quot;:0},&quot;12&quot;:0}\">Jednota bratrsk\u00e1 Mnichovo Hradi\u0161t\u011b<\/span><\/p>\n<p><strong>N\u00e1zev volno\u010dasov\u00e9 aktivity:<\/strong>\u00a0Rodinn\u00e9 v\u00fdlety a&nbsp;vych\u00e1zky<\/p>\n<p><strong>M\u00edsto kon\u00e1n\u00ed:<\/strong><span data-sheets-value=\"{&quot;1&quot;:2,&quot;2&quot;:&quot;1. zahradn\u00ed domek 2.Z\u0160; 2. Volno\u010dasov\u00e9 centrum &quot;}\" data-sheets-userformat=\"{&quot;2&quot;:513,&quot;3&quot;:{&quot;1&quot;:0},&quot;12&quot;:0}\"> Okol\u00ed Mnichova Hradi\u0161t\u011b<br \/>\n<\/span><\/p>\n<p><strong>Dny, kdy aktivita prob\u00edh\u00e1:<\/strong> <span data-sheets-value=\"{&quot;1&quot;:2,&quot;2&quot;:&quot;1. st\u0159eda od 17:00; 2. \u00fater\u00fd od 17:00&quot;}\" data-sheets-userformat=\"{&quot;2&quot;:513,&quot;3&quot;:{&quot;1&quot;:0},&quot;12&quot;:0}\">st\u0159eda od 17:00 hodin<br \/>\n<\/span><\/p>\n<p><strong>Cena aktivity:<\/strong> \u2013<\/p>\n<p><strong>Pro jak star\u00e9 d\u011bti je aktivita ur\u010dena:<\/strong><span data-sheets-value=\"{&quot;1&quot;:2,&quot;2&quot;:&quot;1. 6 - 12 let; 2. 6 - 18 let&quot;}\" data-sheets-userformat=\"{&quot;2&quot;:513,&quot;3&quot;:{&quot;1&quot;:0},&quot;12&quot;:0}\"> bez omezen\u00ed &#8211; doprovod rodi\u010d\u016f<br \/>\n<\/span><\/p>\n<p><strong>Webov\u00e9 str\u00e1nky organizace:<\/strong> <a class=\"in-cell-link\" href=\"http:\/\/www.jbmh.cz\" target=\"_blank\" rel=\"noopener\">www.jbmh.cz<\/a><\/p>\n<p><strong>Kontaktn\u00ed osoba:<\/strong><span data-sheets-value=\"{&quot;1&quot;:2,&quot;2&quot;:&quot;1. Ing. Jan Salaba; 2. Petr Nov\u00e1k&quot;}\" data-sheets-userformat=\"{&quot;2&quot;:513,&quot;3&quot;:{&quot;1&quot;:0},&quot;12&quot;:0}\"> Ivo \u0160rajbr,\u00a0sbor@jbmh.cz, 728&nbsp;514&nbsp;681<br \/>\n<\/span><\/p>\n<a class=\"maxbutton-10 maxbutton maxbutton-zpet\" href=\"https:\/\/map-mh.cz\/map4\/volnocasove-aktivity\/\"><span class='mb-text'>zp\u011bt<\/span><\/a>\n","protected":false},"excerpt":{"rendered":"<p>N\u00e1zev organizace: Jednota bratrsk\u00e1 Mnichovo Hradi\u0161t\u011b N\u00e1zev volno\u010dasov\u00e9 aktivity:\u00a0Rodinn\u00e9 v\u00fdlety a&nbsp;vych\u00e1zky M\u00edsto kon\u00e1n\u00ed: Okol\u00ed Mnichova Hradi\u0161t\u011b Dny, kdy aktivita prob\u00edh\u00e1: st\u0159eda od 17:00 hodin Cena aktivity: \u2013 Pro jak star\u00e9 d\u011bti je aktivita ur\u010dena: bez omezen\u00ed &#8211; doprovod rodi\u010d\u016f Webov\u00e9 str\u00e1nky organizace: www.jbmh.cz Kontaktn\u00ed osoba: Ivo \u0160rajbr,\u00a0sbor@jbmh.cz, 728&nbsp;514&nbsp;681<\/p>\n","protected":false},"author":4,"featured_media":0,"parent":6079,"menu_order":0,"comment_status":"closed","ping_status":"closed","template":"","meta":[],"_links":{"self":[{"href":"https:\/\/map-mh.cz\/map4\/wp-json\/wp\/v2\/pages\/6564"}],"collection":[{"href":"https:\/\/map-mh.cz\/map4\/wp-json\/wp\/v2\/pages"}],"about":[{"href":"https:\/\/map-mh.cz\/map4\/wp-json\/wp\/v2\/types\/page"}],"author":[{"embeddable":true,"href":"https:\/\/map-mh.cz\/map4\/wp-json\/wp\/v2\/users\/4"}],"replies":[{"embeddable":true,"href":"https:\/\/map-mh.cz\/map4\/wp-json\/wp\/v2\/comments?post=6564"}],"version-history":[{"count":8,"href":"https:\/\/map-mh.cz\/map4\/wp-json\/wp\/v2\/pages\/6564\/revisions"}],"predecessor-version":[{"id":14187,"href":"https:\/\/map-mh.cz\/map4\/wp-json\/wp\/v2\/pages\/6564\/revisions\/14187"}],"up":[{"embeddable":true,"href":"https:\/\/map-mh.cz\/map4\/wp-json\/wp\/v2\/pages\/6079"}],"wp:attachment":[{"href":"https:\/\/map-mh.cz\/map4\/wp-json\/wp\/v2\/media?parent=6564"}],"curies":[{"name":"wp","href":"https:\/\/api.w.org\/{rel}","templated":true}]}}