{"id":6208,"date":"2019-11-09T16:11:10","date_gmt":"2019-11-09T15:11:10","guid":{"rendered":"https:\/\/map-mh.cz\/map4\/?page_id=6208"},"modified":"2024-08-09T14:02:46","modified_gmt":"2024-08-09T12:02:46","slug":"tk-impuls-sokol-mnichovo-hradiste","status":"publish","type":"page","link":"https:\/\/map-mh.cz\/map4\/volnocasove-aktivity\/tk-impuls-sokol-mnichovo-hradiste\/","title":{"rendered":"TK Impuls Sokol Mnichovo Hradi\u0161t\u011b"},"content":{"rendered":"<p><strong>N\u00e1zev organizace<\/strong>: TJ Sokol Mnichovo Hradi\u0161t\u011b<\/p>\n<p><strong>N\u00e1zev volno\u010dasov\u00e9 aktivity:<\/strong> TK Impuls Sokol Mnichovo Hradi\u0161t\u011b<\/p>\n<p><strong>M\u00edsto kon\u00e1n\u00ed:<\/strong> Sokolovna, Komunitn\u00ed centrum M\u00edrov\u00e1, Volno\u010dasov\u00e9 centrum MH<\/p>\n<p><strong>Dny, kdy aktivita prob\u00edh\u00e1:<\/strong> st\u0159eda 14:30\u201320:00\u00a0h a\u00a0p\u00e1tek 15:00\u201317:00\u00a0h<\/p>\n<p><strong>Cena aktivity:<\/strong> dle v\u00fdkonnostn\u00ed kategorie<\/p>\n<p><strong>Pro jak star\u00e9 d\u011bti je aktivita ur\u010dena:<\/strong> 3\u20136 let (Minibaby), 6\u20138 let (Minikids), 8\u201311 let (Kids), 11\u201316 let (Teenegers), od 16 let (Adults) a&nbsp;maminky (Ladies)<\/p>\n<p><strong>Webov\u00e9 str\u00e1nky organizace:<\/strong>\u00a0<a href=\"https:\/\/taskimpuls.proweb.cz\/\" target=\"_blank\" rel=\"noopener\">www.taskimpuls.proweb.cz<\/a><\/p>\n<p><strong>Kontaktn\u00ed osoba:<\/strong> Iveta Pol\u00edvkov\u00e1,\u00a0737&nbsp;723&nbsp;022, taskimpuls@gmail.com<\/p>\n<a class=\"maxbutton-10 maxbutton maxbutton-zpet\" href=\"https:\/\/map-mh.cz\/map4\/volnocasove-aktivity\/\"><span class='mb-text'>zp\u011bt<\/span><\/a>\n","protected":false},"excerpt":{"rendered":"<p>N\u00e1zev organizace: TJ Sokol Mnichovo Hradi\u0161t\u011b N\u00e1zev volno\u010dasov\u00e9 aktivity: TK Impuls Sokol Mnichovo Hradi\u0161t\u011b M\u00edsto kon\u00e1n\u00ed: Sokolovna, Komunitn\u00ed centrum M\u00edrov\u00e1, Volno\u010dasov\u00e9 centrum MH Dny, kdy aktivita prob\u00edh\u00e1: st\u0159eda 14:30\u201320:00\u00a0h a\u00a0p\u00e1tek 15:00\u201317:00\u00a0h Cena aktivity: dle v\u00fdkonnostn\u00ed kategorie Pro jak star\u00e9 d\u011bti je aktivita ur\u010dena: 3\u20136 let (Minibaby), 6\u20138 let (Minikids), 8\u201311 let (Kids), 11\u201316 let (Teenegers), [&hellip;]<\/p>\n","protected":false},"author":1,"featured_media":0,"parent":6079,"menu_order":0,"comment_status":"closed","ping_status":"closed","template":"","meta":[],"_links":{"self":[{"href":"https:\/\/map-mh.cz\/map4\/wp-json\/wp\/v2\/pages\/6208"}],"collection":[{"href":"https:\/\/map-mh.cz\/map4\/wp-json\/wp\/v2\/pages"}],"about":[{"href":"https:\/\/map-mh.cz\/map4\/wp-json\/wp\/v2\/types\/page"}],"author":[{"embeddable":true,"href":"https:\/\/map-mh.cz\/map4\/wp-json\/wp\/v2\/users\/1"}],"replies":[{"embeddable":true,"href":"https:\/\/map-mh.cz\/map4\/wp-json\/wp\/v2\/comments?post=6208"}],"version-history":[{"count":12,"href":"https:\/\/map-mh.cz\/map4\/wp-json\/wp\/v2\/pages\/6208\/revisions"}],"predecessor-version":[{"id":15366,"href":"https:\/\/map-mh.cz\/map4\/wp-json\/wp\/v2\/pages\/6208\/revisions\/15366"}],"up":[{"embeddable":true,"href":"https:\/\/map-mh.cz\/map4\/wp-json\/wp\/v2\/pages\/6079"}],"wp:attachment":[{"href":"https:\/\/map-mh.cz\/map4\/wp-json\/wp\/v2\/media?parent=6208"}],"curies":[{"name":"wp","href":"https:\/\/api.w.org\/{rel}","templated":true}]}}