{"id":6204,"date":"2019-11-09T15:24:34","date_gmt":"2019-11-09T14:24:34","guid":{"rendered":"https:\/\/map-mh.cz\/map4\/?page_id=6204"},"modified":"2023-08-18T12:33:36","modified_gmt":"2023-08-18T10:33:36","slug":"rybarsky-sport","status":"publish","type":"page","link":"https:\/\/map-mh.cz\/map4\/volnocasove-aktivity\/rybarsky-sport\/","title":{"rendered":"Ryb\u00e1\u0159sk\u00fd sport"},"content":{"rendered":"<p><strong>N\u00e1zev organizace<\/strong>: \u010cesk\u00fd ryb\u00e1\u0159sk\u00fd svaz, z.s., m\u00edstn\u00ed organizace Mnichovo Hradi\u0161t\u011b<\/p>\n<p><strong>N\u00e1zev volno\u010dasov\u00e9 aktivity:<\/strong> Ryb\u00e1\u0159sk\u00fd sport<\/p>\n<p><strong>M\u00edsto kon\u00e1n\u00ed:<\/strong>\u00a0Mnichovo Hradi\u0161t\u011b \u2013 pobyt v&nbsp;p\u0159\u00edrod\u011b u&nbsp;vodn\u00edch ploch\/u\u010debna Volno\u010dasov\u00e9ho centra MH<\/p>\n<p><strong>Dny, kdy aktivita prob\u00edh\u00e1:<\/strong>\u00a0pond\u011bl\u00ed \u2013 pravideln\u00e9 sch\u016fzka, v\u00edkendy \u2013 nepravideln\u011b<\/p>\n<p><strong>Cena aktivity:<\/strong> bezplatn\u00e9 + povolenky k&nbsp;lovu, \u010dlenstv\u00ed \u2013 viz cen\u00edk web (210&nbsp;K\u010d legitimace)<\/p>\n<p><strong>Pro jak star\u00e9 d\u011bti je aktivita ur\u010dena:<\/strong> od 1.&nbsp;t\u0159\u00eddy Z\u0160 (i&nbsp;mlad\u0161\u00ed d\u011bti v&nbsp;doprovodu rodi\u010de)<\/p>\n<p><strong>Webov\u00e9 str\u00e1nky organizace:<\/strong>\u00a0<a href=\"http:\/\/www.rybarimh.cz\">www.rybarimh.cz<\/a><\/p>\n<p><strong>Kontaktn\u00ed osoba:\u00a0<\/strong>Filip \u010cerm\u00e1k \u2013 vedouc\u00ed ml\u00e1de\u017ee, filip.cer@seznam.cz, tel.: 728&nbsp;434&nbsp;197<\/p>\n<a class=\"maxbutton-10 maxbutton maxbutton-zpet\" href=\"https:\/\/map-mh.cz\/map4\/volnocasove-aktivity\/\"><span class='mb-text'>zp\u011bt<\/span><\/a>\n","protected":false},"excerpt":{"rendered":"<p>N\u00e1zev organizace: \u010cesk\u00fd ryb\u00e1\u0159sk\u00fd svaz, z.s., m\u00edstn\u00ed organizace Mnichovo Hradi\u0161t\u011b N\u00e1zev volno\u010dasov\u00e9 aktivity: Ryb\u00e1\u0159sk\u00fd sport M\u00edsto kon\u00e1n\u00ed:\u00a0Mnichovo Hradi\u0161t\u011b \u2013 pobyt v&nbsp;p\u0159\u00edrod\u011b u&nbsp;vodn\u00edch ploch\/u\u010debna Volno\u010dasov\u00e9ho centra MH Dny, kdy aktivita prob\u00edh\u00e1:\u00a0pond\u011bl\u00ed \u2013 pravideln\u00e9 sch\u016fzka, v\u00edkendy \u2013 nepravideln\u011b Cena aktivity: bezplatn\u00e9 + povolenky k&nbsp;lovu, \u010dlenstv\u00ed \u2013 viz cen\u00edk web (210&nbsp;K\u010d legitimace) Pro jak star\u00e9 d\u011bti je aktivita [&hellip;]<\/p>\n","protected":false},"author":1,"featured_media":0,"parent":6079,"menu_order":0,"comment_status":"closed","ping_status":"closed","template":"","meta":[],"_links":{"self":[{"href":"https:\/\/map-mh.cz\/map4\/wp-json\/wp\/v2\/pages\/6204"}],"collection":[{"href":"https:\/\/map-mh.cz\/map4\/wp-json\/wp\/v2\/pages"}],"about":[{"href":"https:\/\/map-mh.cz\/map4\/wp-json\/wp\/v2\/types\/page"}],"author":[{"embeddable":true,"href":"https:\/\/map-mh.cz\/map4\/wp-json\/wp\/v2\/users\/1"}],"replies":[{"embeddable":true,"href":"https:\/\/map-mh.cz\/map4\/wp-json\/wp\/v2\/comments?post=6204"}],"version-history":[{"count":5,"href":"https:\/\/map-mh.cz\/map4\/wp-json\/wp\/v2\/pages\/6204\/revisions"}],"predecessor-version":[{"id":14151,"href":"https:\/\/map-mh.cz\/map4\/wp-json\/wp\/v2\/pages\/6204\/revisions\/14151"}],"up":[{"embeddable":true,"href":"https:\/\/map-mh.cz\/map4\/wp-json\/wp\/v2\/pages\/6079"}],"wp:attachment":[{"href":"https:\/\/map-mh.cz\/map4\/wp-json\/wp\/v2\/media?parent=6204"}],"curies":[{"name":"wp","href":"https:\/\/api.w.org\/{rel}","templated":true}]}}