{"id":6200,"date":"2019-11-09T15:17:22","date_gmt":"2019-11-09T14:17:22","guid":{"rendered":"https:\/\/map-mh.cz\/map4\/?page_id=6200"},"modified":"2020-01-06T14:35:33","modified_gmt":"2020-01-06T13:35:33","slug":"modelarsky-krouzek-letecky-modelar","status":"publish","type":"page","link":"https:\/\/map-mh.cz\/map4\/volnocasove-aktivity\/modelarsky-krouzek-letecky-modelar\/","title":{"rendered":"Model\u00e1\u0159sk\u00fd krou\u017eek &#8211; leteck\u00fd model\u00e1\u0159"},"content":{"rendered":"<p><strong>N\u00e1zev organizace<\/strong>: Model klub Mnichovo Hradi\u0161t\u011b<\/p>\n<p><strong>N\u00e1zev volno\u010dasov\u00e9 aktivity:<\/strong> Model\u00e1\u0159sk\u00fd krou\u017eek \u2013 leteck\u00fd model\u00e1\u0159<\/p>\n<p><strong>M\u00edsto kon\u00e1n\u00ed:<\/strong> Mnichovo Hradi\u0161t\u011b, \u017di\u017ekova ul. za Autod\u00edlnou Rychl\u00fd<\/p>\n<p><strong>Dny, kdy aktivita prob\u00edh\u00e1:<\/strong>\u00a0\u00fater\u00fd 15:00\u201317:00 hod.<\/p>\n<p><strong>Cena aktivity:<\/strong> 1000&nbsp;K\u010d<\/p>\n<p><strong>Pro jak star\u00e9 d\u011bti je aktivita ur\u010dena:<\/strong> pro d\u011bti od 8 let<\/p>\n<p><strong>Webov\u00e9 str\u00e1nky organizace:<\/strong>\u00a0<a href=\"http:\/\/www.modelklubmh.cz\/\" target=\"_blank\" rel=\"noopener\">www.modelklubmh.cz<\/a><\/p>\n<p><strong>Kontaktn\u00ed osoba:\u00a0<\/strong>Ale\u0161 Rychl\u00fd, ales.rychly@centrum.cz, 606&nbsp;618&nbsp;389<\/p>\n<a class=\"maxbutton-10 maxbutton maxbutton-zpet\" href=\"https:\/\/map-mh.cz\/map4\/volnocasove-aktivity\/\"><span class='mb-text'>zp\u011bt<\/span><\/a>\n","protected":false},"excerpt":{"rendered":"<p>N\u00e1zev organizace: Model klub Mnichovo Hradi\u0161t\u011b N\u00e1zev volno\u010dasov\u00e9 aktivity: Model\u00e1\u0159sk\u00fd krou\u017eek \u2013 leteck\u00fd model\u00e1\u0159 M\u00edsto kon\u00e1n\u00ed: Mnichovo Hradi\u0161t\u011b, \u017di\u017ekova ul. za Autod\u00edlnou Rychl\u00fd Dny, kdy aktivita prob\u00edh\u00e1:\u00a0\u00fater\u00fd 15:00\u201317:00 hod. Cena aktivity: 1000&nbsp;K\u010d Pro jak star\u00e9 d\u011bti je aktivita ur\u010dena: pro d\u011bti od 8 let Webov\u00e9 str\u00e1nky organizace:\u00a0www.modelklubmh.cz Kontaktn\u00ed osoba:\u00a0Ale\u0161 Rychl\u00fd, ales.rychly@centrum.cz, 606&nbsp;618&nbsp;389<\/p>\n","protected":false},"author":1,"featured_media":0,"parent":6079,"menu_order":0,"comment_status":"closed","ping_status":"closed","template":"","meta":[],"_links":{"self":[{"href":"https:\/\/map-mh.cz\/map4\/wp-json\/wp\/v2\/pages\/6200"}],"collection":[{"href":"https:\/\/map-mh.cz\/map4\/wp-json\/wp\/v2\/pages"}],"about":[{"href":"https:\/\/map-mh.cz\/map4\/wp-json\/wp\/v2\/types\/page"}],"author":[{"embeddable":true,"href":"https:\/\/map-mh.cz\/map4\/wp-json\/wp\/v2\/users\/1"}],"replies":[{"embeddable":true,"href":"https:\/\/map-mh.cz\/map4\/wp-json\/wp\/v2\/comments?post=6200"}],"version-history":[{"count":3,"href":"https:\/\/map-mh.cz\/map4\/wp-json\/wp\/v2\/pages\/6200\/revisions"}],"predecessor-version":[{"id":6648,"href":"https:\/\/map-mh.cz\/map4\/wp-json\/wp\/v2\/pages\/6200\/revisions\/6648"}],"up":[{"embeddable":true,"href":"https:\/\/map-mh.cz\/map4\/wp-json\/wp\/v2\/pages\/6079"}],"wp:attachment":[{"href":"https:\/\/map-mh.cz\/map4\/wp-json\/wp\/v2\/media?parent=6200"}],"curies":[{"name":"wp","href":"https:\/\/api.w.org\/{rel}","templated":true}]}}