{"id":6185,"date":"2019-11-08T22:03:55","date_gmt":"2019-11-08T21:03:55","guid":{"rendered":"https:\/\/map-mh.cz\/map4\/?page_id=6185"},"modified":"2024-08-16T10:50:36","modified_gmt":"2024-08-16T08:50:36","slug":"fotbal","status":"publish","type":"page","link":"https:\/\/map-mh.cz\/map4\/volnocasove-aktivity\/fotbal\/","title":{"rendered":"Fotbal &#8211; SK Kl\u00e1\u0161ter"},"content":{"rendered":"<p><strong>N\u00e1zev organizace<\/strong>: SK Kl\u00e1\u0161ter<\/p>\n<p><strong>N\u00e1zev volno\u010dasov\u00e9 aktivity:<\/strong> Fotbal<\/p>\n<p><strong>M\u00edsto kon\u00e1n\u00ed:<\/strong> Kl\u00e1\u0161ter Hradi\u0161t\u011b nad Jizerou (v&nbsp;zimn\u00edm obdob\u00ed sportovn\u00ed hala Jivina)<\/p>\n<p><strong>Dny, kdy aktivita prob\u00edh\u00e1:<\/strong> pond\u011bl\u00ed a\u017e \u010dtvrtek<\/p>\n<p><strong>Cena aktivity:<\/strong> 500 K\u010d\/rok<\/p>\n<p><strong>Pro jak star\u00e9 d\u011bti je aktivita ur\u010dena:<\/strong>\u00a05\u201315 let<\/p>\n<p><strong>Webov\u00e9 str\u00e1nky organizace:<\/strong><\/p>\n<p><strong>Kontaktn\u00ed osoba:\u00a0<\/strong>Martin P\u00e1lka, skklaster@seznam.cz, 603&nbsp;521&nbsp;292<\/p>\n<a class=\"maxbutton-10 maxbutton maxbutton-zpet\" href=\"https:\/\/map-mh.cz\/map4\/volnocasove-aktivity\/\"><span class='mb-text'>zp\u011bt<\/span><\/a>\n","protected":false},"excerpt":{"rendered":"<p>N\u00e1zev organizace: SK Kl\u00e1\u0161ter N\u00e1zev volno\u010dasov\u00e9 aktivity: Fotbal M\u00edsto kon\u00e1n\u00ed: Kl\u00e1\u0161ter Hradi\u0161t\u011b nad Jizerou (v&nbsp;zimn\u00edm obdob\u00ed sportovn\u00ed hala Jivina) Dny, kdy aktivita prob\u00edh\u00e1: pond\u011bl\u00ed a\u017e \u010dtvrtek Cena aktivity: 500 K\u010d\/rok Pro jak star\u00e9 d\u011bti je aktivita ur\u010dena:\u00a05\u201315 let Webov\u00e9 str\u00e1nky organizace: Kontaktn\u00ed osoba:\u00a0Martin P\u00e1lka, skklaster@seznam.cz, 603&nbsp;521&nbsp;292<\/p>\n","protected":false},"author":1,"featured_media":0,"parent":6079,"menu_order":0,"comment_status":"closed","ping_status":"closed","template":"","meta":[],"_links":{"self":[{"href":"https:\/\/map-mh.cz\/map4\/wp-json\/wp\/v2\/pages\/6185"}],"collection":[{"href":"https:\/\/map-mh.cz\/map4\/wp-json\/wp\/v2\/pages"}],"about":[{"href":"https:\/\/map-mh.cz\/map4\/wp-json\/wp\/v2\/types\/page"}],"author":[{"embeddable":true,"href":"https:\/\/map-mh.cz\/map4\/wp-json\/wp\/v2\/users\/1"}],"replies":[{"embeddable":true,"href":"https:\/\/map-mh.cz\/map4\/wp-json\/wp\/v2\/comments?post=6185"}],"version-history":[{"count":13,"href":"https:\/\/map-mh.cz\/map4\/wp-json\/wp\/v2\/pages\/6185\/revisions"}],"predecessor-version":[{"id":15381,"href":"https:\/\/map-mh.cz\/map4\/wp-json\/wp\/v2\/pages\/6185\/revisions\/15381"}],"up":[{"embeddable":true,"href":"https:\/\/map-mh.cz\/map4\/wp-json\/wp\/v2\/pages\/6079"}],"wp:attachment":[{"href":"https:\/\/map-mh.cz\/map4\/wp-json\/wp\/v2\/media?parent=6185"}],"curies":[{"name":"wp","href":"https:\/\/api.w.org\/{rel}","templated":true}]}}