{"id":6079,"date":"2019-10-30T10:45:55","date_gmt":"2019-10-30T09:45:55","guid":{"rendered":"https:\/\/map-mh.cz\/map4\/?page_id=6079"},"modified":"2024-11-29T09:33:45","modified_gmt":"2024-11-29T08:33:45","slug":"volnocasove-aktivity","status":"publish","type":"page","link":"https:\/\/map-mh.cz\/map4\/volnocasove-aktivity\/","title":{"rendered":"Z\u00e1jmov\u00e9 krou\u017eky a&nbsp;ZU\u0160"},"content":{"rendered":"<p><span style=\"color: #ff6600;\"><strong>Klub d\u011bt\u00ed a&nbsp;ml\u00e1de\u017ee &#8211; p<\/strong><strong>ro aktu\u00e1ln\u00ed informace nav\u0161tivte <a style=\"color: #ff6600;\" href=\"https:\/\/ddm-mb.cz\/kdmmh\/\">https:\/\/ddm-mb.cz\/kdmmh\/<\/a>.<\/strong><\/span><\/p>\n<p><strong>Dal\u0161\u00ed mo\u017enosti z\u00e1jmov\u00fdch krou\u017ek\u016f maj\u00ed pro sv\u00e9 \u017e\u00e1ky jednotliv\u00e9 z\u00e1kladn\u00ed \u0161koly.<\/strong><\/p>\n\n<table id=\"tablepress-1\" class=\"tablepress tablepress-id-1\">\n<thead>\n<tr class=\"row-1 odd\">\n\t<th class=\"column-1\">N\u00e1zev volno\u010dasov\u00e9 aktivity<\/th><th class=\"column-2\">N\u00e1zev organizace<\/th><th class=\"column-3\">Pro jak star\u00e9 d\u011bti<\/th>\n<\/tr>\n<\/thead>\n<tbody class=\"row-hover\">\n<tr class=\"row-2 even\">\n\t<td class=\"column-1\"><a href=\"https:\/\/map-mh.cz\/map4\/volnocasove-aktivity\/kemp-vitezu-atleticky-krouzek-a-sportovni-tabor\/\" rel=\"noopener\">Kemp v\u00edt\u011bz\u016f \u2013 atletick\u00fd krou\u017eek a sportovn\u00ed t\u00e1bor<\/a><\/td><td class=\"column-2\">Atletick\u00fd klub Adama Sebastiana Helceleta, z.s.<\/td><td class=\"column-3\">od 6 let<\/td>\n<\/tr>\n<tr class=\"row-3 odd\">\n\t<td class=\"column-1\"><a href=\"https:\/\/map-mh.cz\/map4\/volnocasove-aktivity\/sebeobrana-krav-maga-pro-deti\/\">Sebeobrana krav maga pro d\u011bti <\/a><\/td><td class=\"column-2\">Brante-se.cz \u2013 \u0160kola sebeobrany krav maga<\/td><td class=\"column-3\">5\u201313 let<\/td>\n<\/tr>\n<tr class=\"row-4 even\">\n\t<td class=\"column-1\"><a href=\"https:\/\/map-mh.cz\/map4\/volnocasove-aktivity\/mimicviceni-cviceni-rodicu-s-detmi\/\" rel=\"noopener\">Pohybov\u00e9 kurzy na podporu zdrav\u00e9ho v\u00fdvoje nejmen\u0161\u00edch d\u011bt\u00ed<\/a><\/td><td class=\"column-2\">Centrum pro rodinu N\u00e1ru\u010d<\/td><td class=\"column-3\">1\u20133 let<\/td>\n<\/tr>\n<tr class=\"row-5 odd\">\n\t<td class=\"column-1\"><a href=\"https:\/\/map-mh.cz\/map4\/volnocasove-aktivity\/rybarsky-sport\/\">Ryb\u00e1\u0159sk\u00fd sport<\/a><br \/>\n<\/td><td class=\"column-2\">\u010cesk\u00fd ryb\u00e1\u0159sk\u00fd svaz, z.s., m\u00edstn\u00ed organizace Mnichovo Hradi\u0161t\u011b<br \/>\n<\/td><td class=\"column-3\">6 a v\u00edce let (od 1. t\u0159\u00eddy Z\u0160)<br \/>\n<\/td>\n<\/tr>\n<tr class=\"row-6 even\">\n\t<td class=\"column-1\"><a href=\"https:\/\/map-mh.cz\/map4\/volnocasove-aktivity\/kondicni-a-zavodni-gymnasticky-aerobik\/\" rel=\"noopener\">Kondi\u010dn\u00ed a z\u00e1vodn\u00ed gymnastick\u00fd aerobik<\/a><\/td><td class=\"column-2\">Fit Studio Mnichovo Hradi\u0161t\u011b<\/td><td class=\"column-3\">od 4 let<\/td>\n<\/tr>\n<tr class=\"row-7 odd\">\n\t<td class=\"column-1\"><a href=\"https:\/\/map-mh.cz\/map4\/volnocasove-aktivity\/1-krestansky-klub-pro-deti\/\" rel=\"noopener\">K\u0159es\u0165ansk\u00fd klub \u2013 rodinn\u00e9 v\u00fdlety a vych\u00e1zky<\/a><\/td><td class=\"column-2\">Jednota bratrsk\u00e1 Mnichovo Hradi\u0161t\u011b<\/td><td class=\"column-3\">bez omezen\u00ed \u2013<br \/>\n doprovod rodi\u010de<br \/>\n<\/td>\n<\/tr>\n<tr class=\"row-8 even\">\n\t<td class=\"column-1\"><a href=\"https:\/\/map-mh.cz\/map4\/volnocasove-aktivity\/truhlarsky-krouzek-pro-deti\/\" rel=\"noopener\">Truhl\u00e1\u0159sk\u00fd krou\u017eek pro d\u011bti<\/a><\/td><td class=\"column-2\">Jednota bratrsk\u00e1 Mnichovo Hradi\u0161t\u011b<\/td><td class=\"column-3\">6\u201318 let<\/td>\n<\/tr>\n<tr class=\"row-9 odd\">\n\t<td class=\"column-1\"><a href=\"https:\/\/map-mh.cz\/map4\/volnocasove-aktivity\/skauti\/\" rel=\"noopener\">Skauti<\/a><\/td><td class=\"column-2\">Jun\u00e1k \u2013 \u010desk\u00fd skaut, st\u0159edisko Mnichovo Hradi\u0161t\u011b, z.s.<\/td><td class=\"column-3\">od 5 let <\/td>\n<\/tr>\n<tr class=\"row-10 even\">\n\t<td class=\"column-1\"><a href=\"https:\/\/map-mh.cz\/map4\/volnocasove-aktivity\/divadelni-krouzek\/\" rel=\"noopener\">Divadeln\u00ed krou\u017eek<\/a><\/td><td class=\"column-2\"> Klub MH<\/td><td class=\"column-3\">1. t\u0159\u00edda - neur\u010dito <\/td>\n<\/tr>\n<tr class=\"row-11 odd\">\n\t<td class=\"column-1\"><a href=\"https:\/\/map-mh.cz\/map4\/volnocasove-aktivity\/setkavani-lidi-s-konickem-patrani-po-predcich\/\">Setk\u00e1v\u00e1n\u00ed lid\u00ed s kon\u00ed\u010dkem p\u00e1tr\u00e1n\u00ed po p\u0159edc\u00edch<\/a><\/td><td class=\"column-2\">Mnichovohradi\u0161\u0165sk\u00fd spolek genealog\u016f<\/td><td class=\"column-3\">bez v\u011bkov\u00e9ho omezen\u00ed<\/td>\n<\/tr>\n<tr class=\"row-12 even\">\n\t<td class=\"column-1\"><a href=\"https:\/\/map-mh.cz\/map4\/volnocasove-aktivity\/fotbal-pro-kluky-i-holky\/\" rel=\"noopener\">Fotbal pro kluky i holky<\/a><\/td><td class=\"column-2\">Mnichovohradi\u0161\u0165sk\u00fd sportovn\u00ed klub<\/td><td class=\"column-3\">od 5 let<\/td>\n<\/tr>\n<tr class=\"row-13 odd\">\n\t<td class=\"column-1\"><a href=\"https:\/\/map-mh.cz\/map4\/volnocasove-aktivity\/modelarsky-krouzek-letecky-modelar\/\">Model\u00e1\u0159sk\u00fd krou\u017eek \u2013 leteck\u00fd model\u00e1\u0159<\/a><\/td><td class=\"column-2\">Model klub Mnichovo Hradi\u0161t\u011b<br \/>\n<\/td><td class=\"column-3\">8 a v\u00edce let<br \/>\n<\/td>\n<\/tr>\n<tr class=\"row-14 even\">\n\t<td class=\"column-1\"><a href=\"https:\/\/map-mh.cz\/map4\/volnocasove-aktivity\/krouzek-mladych-hasicu-zachranaru\/\">Odd\u00edl mlad\u00fdch hasi\u010d\u016f<\/a><\/td><td class=\"column-2\">SDH Mnichovo Hradi\u0161t\u011b<\/td><td class=\"column-3\">8\u201315 let<\/td>\n<\/tr>\n<tr class=\"row-15 odd\">\n\t<td class=\"column-1\"><a href=\"https:\/\/map-mh.cz\/map4\/volnocasove-aktivity\/fotbal\/\">Fotbal<\/a><br \/>\n<\/td><td class=\"column-2\">SK Kl\u00e1\u0161ter<br \/>\n<\/td><td class=\"column-3\">5\u201315 let <br \/>\n<\/td>\n<\/tr>\n<tr class=\"row-16 even\">\n\t<td class=\"column-1\"><a href=\"https:\/\/map-mh.cz\/map4\/volnocasove-aktivity\/tanecni-kurz-pro-zaky-1-8-tridy\/\" rel=\"noopener\">Tane\u010dn\u00ed kurz pro \u017e\u00e1ky 1.\u20138. t\u0159\u00eddy<\/a><\/td><td class=\"column-2\">TaP\u0160 ILMA<\/td><td class=\"column-3\">6\u201314 let<\/td>\n<\/tr>\n<tr class=\"row-17 odd\">\n\t<td class=\"column-1\"><a href=\"https:\/\/map-mh.cz\/map4\/volnocasove-aktivity\/tenisovy-klub-mnichovo-hradiste-z-s\/\" rel=\"noopener\">Tenisov\u00e1 \u0161kola a \u0161kolka<\/a><\/td><td class=\"column-2\">Tenisov\u00fd klub Mnichovo Hradi\u0161t\u011b z.s.<\/td><td class=\"column-3\">od 4 let<\/td>\n<\/tr>\n<tr class=\"row-18 even\">\n\t<td class=\"column-1\"><a href=\"https:\/\/map-mh.cz\/map4\/volnocasove-aktivity\/cyklistika\/\" rel=\"noopener\">Cyklistika<\/a><\/td><td class=\"column-2\">TJ Auto \u0160koda Mlad\u00e1 Boleslav<\/td><td class=\"column-3\">10\u201316 let<\/td>\n<\/tr>\n<tr class=\"row-19 odd\">\n\t<td class=\"column-1\"><a href=\"https:\/\/map-mh.cz\/map4\/2022\/09\/batolidlo\/\" rel=\"noopener\">Batolidlo<\/a><\/td><td class=\"column-2\">TJ Sokol Mnichovo <\/td><td class=\"column-3\">1\u20133 let<\/td>\n<\/tr>\n<tr class=\"row-20 even\">\n\t<td class=\"column-1\"><a href=\"https:\/\/map-mh.cz\/map4\/volnocasove-aktivity\/tk-impuls-sokol-mnichovo-hradiste\/\" rel=\"noopener\">Tane\u010dn\u00ed klub Impuls Sokol Mnichovo Hradi\u0161t\u011b<\/a><\/td><td class=\"column-2\">TJ Sokol Mnichovo Hradi\u0161t\u011b<br \/>\n<\/td><td class=\"column-3\">3\u201316 let (d\u00e1le rozeps\u00e1no)<\/td>\n<\/tr>\n<tr class=\"row-21 odd\">\n\t<td class=\"column-1\"><a href=\"https:\/\/map-mh.cz\/map4\/volnocasove-aktivity\/oddil-vsestrannosti-predskolaci\/\" rel=\"noopener\">Odd\u00edl V\u0161estrannosti \u2013 p\u0159ed\u0161kol\u00e1ci<\/a><\/td><td class=\"column-2\">TJ Sokol Mnichovo Hradi\u0161t\u011b<\/td><td class=\"column-3\">4\u20136 let<\/td>\n<\/tr>\n<tr class=\"row-22 even\">\n\t<td class=\"column-1\"><a href=\"https:\/\/map-mh.cz\/map4\/volnocasove-aktivity\/volejbal-a-minivolejbal\/\" rel=\"noopener\">Volejbal a minivolejbal<\/a><\/td><td class=\"column-2\">TJ Sokol Mnichovo Hradi\u0161t\u011b <\/td><td class=\"column-3\">od 8 let<\/td>\n<\/tr>\n<tr class=\"row-23 odd\">\n\t<td class=\"column-1\"><a href=\"https:\/\/map-mh.cz\/map4\/volnocasove-aktivity\/sport-stolni-tenis\/\" rel=\"noopener\">Stoln\u00ed tenis<\/a><\/td><td class=\"column-2\">TJ Sokol Mnichovo Hradi\u0161t\u011b \u2013 odd\u00edl stoln\u00edho tenisu<\/td><td class=\"column-3\">zat\u00edm pouze chlapci od 6 let<\/td>\n<\/tr>\n<tr class=\"row-24 even\">\n\t<td class=\"column-1\"><a href=\"https:\/\/map-mh.cz\/map4\/volnocasove-aktivity\/detsky-pevecky-sbor-zvonky\/\" rel=\"noopener\">D\u011btsk\u00fd p\u011bveck\u00fd sbor Zvonky<\/a><\/td><td class=\"column-2\">ZU\u0160 Mnichovo Hradi\u0161t\u011b<\/td><td class=\"column-3\">6\u201319 let<\/td>\n<\/tr>\n<tr class=\"row-25 odd\">\n\t<td class=\"column-1\"><a href=\"https:\/\/map-mh.cz\/map4\/volnocasove-aktivity\/umelecke-vzdelavani-vytvarny-obor\/\" rel=\"noopener\">Um\u011bleck\u00e9 vzd\u011bl\u00e1v\u00e1n\u00ed \u2013 v\u00fdtvarn\u00fd obor<\/a><\/td><td class=\"column-2\">ZU\u0160 Mnichovo Hradi\u0161t\u011b<\/td><td class=\"column-3\">5\u201321 let<\/td>\n<\/tr>\n<tr class=\"row-26 even\">\n\t<td class=\"column-1\"><a href=\"https:\/\/map-mh.cz\/map4\/volnocasove-aktivity\/umelecke-vzdelavani-hudebni-obor\/\" rel=\"noopener\">Um\u011bleck\u00e9 vzd\u011bl\u00e1v\u00e1n\u00ed \u2013 hudebn\u00ed obor<\/a><\/td><td class=\"column-2\">ZU\u0160 Mnichovo Hradi\u0161t\u011b<\/td><td class=\"column-3\">5\u201321 let<\/td>\n<\/tr>\n<tr class=\"row-27 odd\">\n\t<td class=\"column-1\"><a href=\"https:\/\/map-mh.cz\/map4\/volnocasove-aktivity\/umelecke-vzdelavani-tanecni-obor\/\" rel=\"noopener\">Um\u011bleck\u00e9 vzd\u011bl\u00e1v\u00e1n\u00ed \u2013 tane\u010dn\u00ed obor<\/a><\/td><td class=\"column-2\">ZU\u0160 Mnichovo Hradi\u0161t\u011b<\/td><td class=\"column-3\">5\u201321 let<\/td>\n<\/tr>\n<tr class=\"row-28 even\">\n\t<td class=\"column-1\"><a href=\"https:\/\/map-mh.cz\/map4\/volnocasove-aktivity\/umelecke-vzdelavani-literarne-dramaticky-obor\/\" rel=\"noopener\">Um\u011bleck\u00e9 vzd\u011bl\u00e1v\u00e1n\u00ed \u2013 liter\u00e1rn\u011b\u2013dramatick\u00fd obor<\/a><\/td><td class=\"column-2\">ZU\u0160 Mnichovo Hradi\u0161t\u011b<\/td><td class=\"column-3\">5\u201319 let<\/td>\n<\/tr>\n<tr class=\"row-29 odd\">\n\t<td class=\"column-1\"><a href=\"https:\/\/ddm-mb.cz\/kdmmh\/\" rel=\"noopener\" target=\"_blank\">Krou\u017eky Domu d\u011bt\u00ed a ml\u00e1de\u017ee<\/a><\/td><td class=\"column-2\">KDM<\/td><td class=\"column-3\"><\/td>\n<\/tr>\n<tr class=\"row-30 even\">\n\t<td class=\"column-1\"><a href=\"https:\/\/map-mh.cz\/map4\/volnocasove-aktivity\/cyklokrouzky-pro-deti\/\" rel=\"noopener\" target=\"_blank\">Cyklokrou\u017eky pro d\u011bti<\/a><\/td><td class=\"column-2\">Akademie v pohybu<\/td><td class=\"column-3\">6\u201310 let<\/td>\n<\/tr>\n<\/tbody>\n<\/table>\n<!-- #tablepress-1 from cache -->\n","protected":false},"excerpt":{"rendered":"<p>Klub d\u011bt\u00ed a&nbsp;ml\u00e1de\u017ee &#8211; pro aktu\u00e1ln\u00ed informace nav\u0161tivte https:\/\/ddm-mb.cz\/kdmmh\/. Dal\u0161\u00ed mo\u017enosti z\u00e1jmov\u00fdch krou\u017ek\u016f maj\u00ed pro sv\u00e9 \u017e\u00e1ky jednotliv\u00e9 z\u00e1kladn\u00ed \u0161koly.<\/p>\n","protected":false},"author":1,"featured_media":0,"parent":0,"menu_order":0,"comment_status":"closed","ping_status":"closed","template":"","meta":[],"_links":{"self":[{"href":"https:\/\/map-mh.cz\/map4\/wp-json\/wp\/v2\/pages\/6079"}],"collection":[{"href":"https:\/\/map-mh.cz\/map4\/wp-json\/wp\/v2\/pages"}],"about":[{"href":"https:\/\/map-mh.cz\/map4\/wp-json\/wp\/v2\/types\/page"}],"author":[{"embeddable":true,"href":"https:\/\/map-mh.cz\/map4\/wp-json\/wp\/v2\/users\/1"}],"replies":[{"embeddable":true,"href":"https:\/\/map-mh.cz\/map4\/wp-json\/wp\/v2\/comments?post=6079"}],"version-history":[{"count":13,"href":"https:\/\/map-mh.cz\/map4\/wp-json\/wp\/v2\/pages\/6079\/revisions"}],"predecessor-version":[{"id":15660,"href":"https:\/\/map-mh.cz\/map4\/wp-json\/wp\/v2\/pages\/6079\/revisions\/15660"}],"wp:attachment":[{"href":"https:\/\/map-mh.cz\/map4\/wp-json\/wp\/v2\/media?parent=6079"}],"curies":[{"name":"wp","href":"https:\/\/api.w.org\/{rel}","templated":true}]}}