{"id":507,"date":"2022-06-02T17:35:23","date_gmt":"2022-06-02T15:35:23","guid":{"rendered":"https:\/\/map-mh.cz\/map4\/?page_id=507"},"modified":"2026-02-27T06:44:32","modified_gmt":"2026-02-27T05:44:32","slug":"ridici-vybor","status":"publish","type":"page","link":"https:\/\/map-mh.cz\/map4\/dokumenty\/ridici-vybor\/","title":{"rendered":"\u0158\u00edd\u00edc\u00ed v\u00fdbor"},"content":{"rendered":"<h1><span style=\"color: #0000ff;\">MAP IV Mnichovohradi\u0161\u0165sko<\/span><\/h1>\n<p><a href=\"https:\/\/map-mh.cz\/map4\/wp-content\/uploads\/2026\/02\/20251228_31_zaznam_6_rv_map_mh_iv_overeny.pdf\">Zaznam_6.&nbsp;jedn\u00e1n\u00ed_\u0158V_MAP_MH_IV 28.&nbsp;12.&nbsp;2025<\/a><\/p>\n<p><a href=\"https:\/\/map-mh.cz\/map4\/wp-content\/uploads\/2026\/02\/evaluacni_zprava_map_iv_mh.pdf\">Evalua\u010dn\u00ed_zpr\u00e1va_MAP_IV_MH<\/a><\/p>\n<p><a href=\"https:\/\/map-mh.cz\/map4\/wp-content\/uploads\/2026\/02\/map_4_mnichovohradiste_komplet.pdf\">MAP_4_Mnichovohradi\u0161\u0165sko &#8211; KOMPLET<\/a><\/p>\n<p><a href=\"https:\/\/map-mh.cz\/map4\/wp-content\/uploads\/2026\/01\/20251201_zaznam_5_rv_map_mh_iv_overeny.pdf\">Z\u00e1znam_5.&nbsp;jedn\u00e1n\u00ed_\u0158V_MAP_MH_IV_1.&nbsp;12.&nbsp;2025<\/a><\/p>\n<p><a href=\"https:\/\/map-mh.cz\/map4\/wp-content\/uploads\/2026\/01\/cely_dokument_mapmh_4_final_s_prilohami_podpis.pdf\">DOKUMENT_MAP MH_IV<\/a><\/p>\n<p><a href=\"https:\/\/map-mh.cz\/map4\/wp-content\/uploads\/2026\/01\/inv_priority_map_mh_20251201_podpis.pdf\">Investi\u010dn\u00ed_priority_MAP_IV MH_1.&nbsp;12.&nbsp;2025<\/a><\/p>\n<p><a href=\"https:\/\/map-mh.cz\/map4\/wp-content\/uploads\/2026\/01\/navrh_financovani_aktivit_map_mh.pdf\">N\u00e1vrh_financovan\u00ed_aktivit_MAP_MH<\/a><\/p>\n<p><a href=\"https:\/\/map-mh.cz\/map4\/wp-content\/uploads\/2026\/01\/organizacni-struktura_map_iv_mh_20251201_podpis.pdf\">Organiza\u010dn\u00ed struktura_MAP_IV_MH_1.&nbsp;12.&nbsp;2025<\/a><\/p>\n<p><a href=\"https:\/\/map-mh.cz\/map4\/wp-content\/uploads\/2026\/01\/rap_mh_2025_26_final.pdf\">Ro\u010dn\u00ed ak\u010dn\u00ed pl\u00e1n_MH_2025_26<\/a><\/p>\n<p><a href=\"https:\/\/map-mh.cz\/map4\/wp-content\/uploads\/2026\/01\/rap_mh_2026_27_final.pdf\">Ro\u010dn\u00ed ak\u010dn\u00ed pl\u00e1n_2026_27<\/a><\/p>\n<p><a href=\"https:\/\/map-mh.cz\/map4\/wp-content\/uploads\/2026\/01\/rap_mh_2027_28_final.pdf\">Ro\u010dn\u00ed ak\u010dn\u00ed pl\u00e1n_2027_28<\/a><\/p>\n<p><a href=\"https:\/\/map-mh.cz\/map4\/wp-content\/uploads\/2026\/01\/sr_map_mh_20251201_podpis.pdf\">Strategick\u00fd r\u00e1mec MAP_MH_1.&nbsp;12.&nbsp;2025<\/a><\/p>\n<p><a href=\"https:\/\/map-mh.cz\/map4\/wp-content\/uploads\/2026\/01\/sr_map_mnichovo_hradiste_20250530.pdf\">Strategick\u00fd r\u00e1mec_MAP_IV MH 30.&nbsp;5.&nbsp;2025<\/a><\/p>\n<p><a href=\"https:\/\/map-mh.cz\/map4\/wp-content\/uploads\/2026\/01\/20250227_30_zaznam_4_rv_map_mh_iv_overeny.pdf\">Z\u00e1znam_4.&nbsp;jedn\u00e1n\u00ed_\u0158V_MAP_MH_IV\u00a0 27.&nbsp;2.&nbsp;2025<\/a><\/p>\n<p><a href=\"https:\/\/map-mh.cz\/map4\/wp-content\/uploads\/2026\/01\/inv_priority_mnichovo_hradiste_20250530.pdf\">Investi\u010dn\u00ed priority 30.&nbsp;5.&nbsp;2025<\/a><\/p>\n<p><a href=\"https:\/\/map-mh.cz\/map4\/wp-content\/uploads\/2024\/12\/20241107_zaznam_3_rv_map_mh_iv_overeny.pdf\">Z\u00e1znam_3.&nbsp;jedn\u00e1n\u00ed_\u0158V_MAP_MH_IV<\/a><\/p>\n<p><a href=\"https:\/\/map-mh.cz\/map4\/wp-content\/uploads\/2024\/12\/sr_map_20241107_podpis.pdf\">Strategick\u00fd r\u00e1mec_MAP_7.&nbsp;11.&nbsp;2024<\/a><\/p>\n<p><a href=\"https:\/\/map-mh.cz\/map4\/wp-content\/uploads\/2024\/12\/inv_priority_map_mh_20241107_podpis.pdf\">Investi\u010dn\u00ed priority\u00a0 MAP_MH_7.&nbsp;11. <\/a><a href=\"https:\/\/map-mh.cz\/map4\/wp-content\/uploads\/2024\/12\/inv_priority_map_mh_20241107_podpis.pdf\">2024<\/a><\/p>\n<p><a href=\"https:\/\/map-mh.cz\/map4\/wp-content\/uploads\/2024\/12\/20240105_zaznam_2_rv_map_mh_iv.pdf\">Z\u00e1znam 2.&nbsp;jedn\u00e1n\u00ed \u0158V<\/a><a href=\"https:\/\/map-mh.cz\/map4\/wp-content\/uploads\/2024\/12\/20240105_zaznam_2_rv_map_mh_iv.pdf\">_MAP_IV MH<\/a><\/p>\n<p><a href=\"https:\/\/map-mh.cz\/map4\/wp-content\/uploads\/2024\/12\/inv_priority_map_mh_20240105.pdf\">Investi\u010dn\u00ed priority_MAP_MH_ 5.&nbsp;1.&nbsp;2024<\/a><\/p>\n<p><a href=\"https:\/\/map-mh.cz\/map4\/wp-content\/uploads\/2024\/12\/komunikacni_plan_map_iv_mh.pdf\">Komunika\u010dn\u00ed pl\u00e1n_MAP_IV_MH<\/a><\/p>\n<p><a href=\"https:\/\/map-mh.cz\/map4\/wp-content\/uploads\/2023\/10\/zaznam-1-jednani-rv-map-iv-mh.pdf\">Z\u00e1znam 1.&nbsp;jedn\u00e1n\u00ed \u0158V MAP IV MH<\/a><\/p>\n<p><a href=\"https:\/\/map-mh.cz\/map4\/wp-content\/uploads\/2023\/10\/organizacni-struktura_map_iv_mh.pdf\">Organiza\u010dn\u00ed struktura_MAP_IV_MH<\/a><\/p>\n<p><a href=\"https:\/\/map-mh.cz\/map4\/wp-content\/uploads\/2023\/10\/statum-ridiciho-vyboru-map-iv-mh.pdf\">Statum \u0158\u00edd\u00edc\u00edho v\u00fdboru MAP IV MH<\/a><\/p>\n<p><a href=\"https:\/\/map-mh.cz\/map4\/wp-content\/uploads\/2023\/10\/jednaci-rad-ridiciho-vyboru-map-iv-mh.pdf\">Jednac\u00ed \u0159\u00e1d \u0158\u00edd\u00edc\u00edho v\u00fdboru MAP IV MH<\/a><\/p>\n<hr \/>\n<ul>\n<li><a href=\"https:\/\/map-mh.cz\/map4\/wp-content\/uploads\/2023\/07\/akcni-plan-na-rok-2023.pdf\">Ak\u010dn\u00ed pl\u00e1n na rok 2023<\/a><\/li>\n<li><a href=\"https:\/\/map-mh.cz\/map4\/wp-content\/uploads\/2023\/07\/akcni-plan-na-rok-2024.pdf\">Ak\u010dn\u00ed pl\u00e1n na rok 2024<\/a><\/li>\n<li><a href=\"https:\/\/map-mh.cz\/map4\/wp-content\/uploads\/2023\/07\/akcni-plan-na-rok-2025.pdf\">Ak\u010dn\u00ed pl\u00e1n na rok 2025<\/a><\/li>\n<li><a href=\"https:\/\/map-mh.cz\/map4\/wp-content\/uploads\/2023\/07\/rap-mh-nove-projekty-s-vazbou-2023-25.pdf\">RAP MH nove projekty s&nbsp;vazbou 2023-25<\/a><\/li>\n<li><a href=\"https:\/\/map-mh.cz\/map4\/wp-content\/uploads\/2023\/07\/zaznam-3-rv-map-iii-mh-22-6-2023.pdf\">Z\u00e1znam 3.&nbsp;\u0158V MAP III MH 22.6.2023<\/a><\/li>\n<li><a href=\"https:\/\/map-mh.cz\/map4\/wp-content\/uploads\/2023\/07\/investicni-priority-map-mh-22-6-2023.pdf\">Investi\u010dn\u00ed priority MAP MH 22.6.2023<\/a><\/li>\n<li><a href=\"https:\/\/map-mh.cz\/map4\/wp-content\/uploads\/2023\/07\/strategicky-ramec-priorit-map-mh-do-roku-2025.pdf\">Strategick\u00fd r\u00e1mec priorit MAP MH do roku 2025<\/a><\/li>\n<li><a href=\"https:\/\/map-mh.cz\/map4\/wp-content\/uploads\/2023\/07\/dokument-map-mh-29-6-2023.pdf\">Dokument MAP MH 29.6.2023<\/a><\/li>\n<li><a href=\"https:\/\/map-mh.cz\/map4\/wp-content\/uploads\/2023\/01\/investicni_priority_map_mh_22-12-2022.pdf\">Investi\u010dn\u00ed_priority_MAP_MH_22.12.2022<\/a><\/li>\n<li><a href=\"https:\/\/map-mh.cz\/map4\/wp-content\/uploads\/2023\/01\/zaznam_2-rv-map-iii-mh_22-12-2022.pdf\">Z\u00e1znam 2.\u0158V MAP III MH_22.12.2022<\/a><\/li>\n<li><a href=\"https:\/\/map-mh.cz\/map4\/wp-content\/uploads\/2022\/10\/20221020_zaznam_1_rv_map_mh_iii_overeny.pdf\">Z\u00e1znam 1.\u0158V MAP III MH_20.10.2022<\/a><\/li>\n<li><a href=\"https:\/\/map-mh.cz\/map4\/wp-content\/uploads\/2022\/10\/jednaci_rad_rv_map_mh_iii.pdf\">Jednac\u00ed \u0159\u00e1d_\u0158V MAP III MH<\/a><\/li>\n<li><a href=\"https:\/\/map-mh.cz\/map4\/wp-content\/uploads\/2022\/10\/statut_rv_map_mh_iii.pdf\">Statut<\/a>\u00a0<a href=\"https:\/\/map-mh.cz\/map4\/wp-content\/uploads\/2022\/10\/statut_rv_map_mh_iii.pdf\">\u0158V MAP III MH<\/a><\/li>\n<li>\n<hr \/>\n<\/li>\n<li><a href=\"https:\/\/map-mh.cz\/map4\/wp-content\/uploads\/2022\/08\/zaznam-zasedani-8-rv-map-ii-mh-13-6-2022.pdf\">Z\u00e1znam zased\u00e1n\u00ed 8.&nbsp;\u0158V MAP II MH 13.6.2022<\/a><\/li>\n<li><a href=\"https:\/\/map-mh.cz\/map4\/wp-content\/uploads\/2022\/08\/inv_priority_map_mh_20220613_podpis.pdf\">Investi\u010dn\u00ed_priority_MAP_MH_13.6.2022<\/a><\/li>\n<li><a href=\"https:\/\/map-mh.cz\/map4\/wp-content\/uploads\/2021\/11\/zaznam-zasedani-7-rv-map-ii-mh-1-11-2021.pdf\">Z\u00e1znam zased\u00e1n\u00ed 7.&nbsp;\u0158V MAP II MH 1.&nbsp;11.&nbsp;2021<\/a><\/li>\n<li><a href=\"https:\/\/map-mh.cz\/map4\/wp-content\/uploads\/2021\/05\/zaznam_ps_inspiromat-spolecneho-vzdelavani_4-5.pdf\">Z\u00e1znam_PS_Inspiromat spole\u010dn\u00e9ho vzd\u011bl\u00e1v\u00e1n\u00ed_4.5.2021<\/a><\/li>\n<li><a href=\"https:\/\/map-mh.cz\/map4\/wp-content\/uploads\/2021\/03\/zaznam_rv_mapii_20211503.pdf\">Z\u00e1znam_\u0158V_MAP II MH_per rollam_15.&nbsp;3.&nbsp;2021<\/a><\/li>\n<li><a href=\"https:\/\/map-mh.cz\/map4\/wp-content\/uploads\/2020\/11\/zaznam_rv_mapii_20201106.pdf\">Zaznam_5.&nbsp;jednani RV_per rollam_6.11.2020<\/a><\/li>\n<li><a href=\"https:\/\/map-mh.cz\/map4\/wp-content\/uploads\/2020\/09\/zaznam_4-jednani-rv_per-rollam_18-9-2020.pdf\">Zaznam_4.&nbsp;jednani RV_per rollam_18.9.2020<\/a><\/li>\n<li><a href=\"https:\/\/map-mh.cz\/map4\/wp-content\/uploads\/2019\/12\/zaznam-zasedani-3-rv-map-ii-25-11-18-11-2019-per-rollam.pdf\">Z\u00e1znam zased\u00e1n\u00ed 3.&nbsp;\u0158V MAP II MH 25.&nbsp;11.-18.&nbsp;11.&nbsp;2019 per rollam<\/a><\/li>\n<li><a href=\"https:\/\/map-mh.cz\/map4\/wp-content\/uploads\/2019\/05\/20190416_2_zasedani_rv_zaznam.pdf\">Z\u00e1znam zased\u00e1n\u00ed 2.&nbsp;\u0158V MAP II MH 16.&nbsp;4.&nbsp;2019<\/a><\/li>\n<li><a href=\"https:\/\/map-mh.cz\/map4\/wp-content\/uploads\/2019\/04\/aktualizovany-seznam-clenu-rv_map-ii-mh.pdf\">Aktualizovan\u00fd seznam \u010dlen\u016f \u0158V MAP II MH<\/a><\/li>\n<li><a href=\"https:\/\/map-mh.cz\/map4\/wp-content\/uploads\/2019\/04\/zaznam-z-1-rv-map-ii.pdf\">Z\u00e1znam zasesed\u00e1n\u00ed 1.&nbsp;\u0158V MAP II MH 4.&nbsp;12.&nbsp;2018<\/a><\/li>\n<li><a href=\"https:\/\/map-mh.cz\/map4\/wp-content\/uploads\/2018\/12\/Jednac\u00ed-\u0159\u00e1d-\u0158V-20181204.pdf\">Jednac\u00ed \u0159\u00e1d \u0158V MAP II MH 4.&nbsp;12.&nbsp;2018<\/a><\/li>\n<li><a href=\"https:\/\/map-mh.cz\/map4\/wp-content\/uploads\/2018\/12\/Statut-\u0158V_20181204.pdf\">Statut \u0158V MAP II MH 4.&nbsp;12.&nbsp;2018<\/a><\/li>\n<\/ul>\n","protected":false},"excerpt":{"rendered":"<p>MAP IV Mnichovohradi\u0161\u0165sko Zaznam_6.&nbsp;jedn\u00e1n\u00ed_\u0158V_MAP_MH_IV 28.&nbsp;12.&nbsp;2025 Evalua\u010dn\u00ed_zpr\u00e1va_MAP_IV_MH MAP_4_Mnichovohradi\u0161\u0165sko &#8211; KOMPLET Z\u00e1znam_5.&nbsp;jedn\u00e1n\u00ed_\u0158V_MAP_MH_IV_1.&nbsp;12.&nbsp;2025 DOKUMENT_MAP MH_IV Investi\u010dn\u00ed_priority_MAP_IV MH_1.&nbsp;12.&nbsp;2025 N\u00e1vrh_financovan\u00ed_aktivit_MAP_MH Organiza\u010dn\u00ed struktura_MAP_IV_MH_1.&nbsp;12.&nbsp;2025 Ro\u010dn\u00ed ak\u010dn\u00ed pl\u00e1n_MH_2025_26 Ro\u010dn\u00ed ak\u010dn\u00ed pl\u00e1n_2026_27 Ro\u010dn\u00ed ak\u010dn\u00ed pl\u00e1n_2027_28 Strategick\u00fd r\u00e1mec MAP_MH_1.&nbsp;12.&nbsp;2025 Strategick\u00fd r\u00e1mec_MAP_IV MH 30.&nbsp;5.&nbsp;2025 Z\u00e1znam_4.&nbsp;jedn\u00e1n\u00ed_\u0158V_MAP_MH_IV\u00a0 27.&nbsp;2.&nbsp;2025 Investi\u010dn\u00ed priority 30.&nbsp;5.&nbsp;2025 Z\u00e1znam_3.&nbsp;jedn\u00e1n\u00ed_\u0158V_MAP_MH_IV Strategick\u00fd r\u00e1mec_MAP_7.&nbsp;11.&nbsp;2024 Investi\u010dn\u00ed priority\u00a0 MAP_MH_7.&nbsp;11.&nbsp;2024 Z\u00e1znam 2.&nbsp;jedn\u00e1n\u00ed \u0158V_MAP_IV MH Investi\u010dn\u00ed priority_MAP_MH_ 5.&nbsp;1.&nbsp;2024 Komunika\u010dn\u00ed pl\u00e1n_MAP_IV_MH Z\u00e1znam [&hellip;]<\/p>\n","protected":false},"author":1,"featured_media":0,"parent":113,"menu_order":0,"comment_status":"closed","ping_status":"closed","template":"","meta":[],"_links":{"self":[{"href":"https:\/\/map-mh.cz\/map4\/wp-json\/wp\/v2\/pages\/507"}],"collection":[{"href":"https:\/\/map-mh.cz\/map4\/wp-json\/wp\/v2\/pages"}],"about":[{"href":"https:\/\/map-mh.cz\/map4\/wp-json\/wp\/v2\/types\/page"}],"author":[{"embeddable":true,"href":"https:\/\/map-mh.cz\/map4\/wp-json\/wp\/v2\/users\/1"}],"replies":[{"embeddable":true,"href":"https:\/\/map-mh.cz\/map4\/wp-json\/wp\/v2\/comments?post=507"}],"version-history":[{"count":52,"href":"https:\/\/map-mh.cz\/map4\/wp-json\/wp\/v2\/pages\/507\/revisions"}],"predecessor-version":[{"id":16678,"href":"https:\/\/map-mh.cz\/map4\/wp-json\/wp\/v2\/pages\/507\/revisions\/16678"}],"up":[{"embeddable":true,"href":"https:\/\/map-mh.cz\/map4\/wp-json\/wp\/v2\/pages\/113"}],"wp:attachment":[{"href":"https:\/\/map-mh.cz\/map4\/wp-json\/wp\/v2\/media?parent=507"}],"curies":[{"name":"wp","href":"https:\/\/api.w.org\/{rel}","templated":true}]}}