{"id":4238,"date":"2019-04-08T14:21:40","date_gmt":"2019-04-08T12:21:40","guid":{"rendered":"https:\/\/map-mh.cz\/map4\/?page_id=4238"},"modified":"2026-03-06T14:58:03","modified_gmt":"2026-03-06T13:58:03","slug":"knihovna","status":"publish","type":"page","link":"https:\/\/map-mh.cz\/map4\/knihovna\/","title":{"rendered":"MAP\u00cd KNIHOVNI\u010cKA"},"content":{"rendered":"<p>MAP\u00ed knihovni\u010dku naleznete v&nbsp;M\u011bstsk\u00e9 knihovn\u011b Mnichovo Hradi\u0161t\u011b hned vedle v\u00fddejn\u00edho pultu v&nbsp;odd\u011blen\u00ed pro dosp\u011bl\u00e9. Obsahuje knihy zakoupen\u00e9 v&nbsp;r\u00e1mci projekt\u016f MAP Mnichovohradi\u0161\u0165sko na z\u00e1klad\u011b tip\u016f a&nbsp;po\u017eadavk\u016f m\u00edstn\u00edch pedagog\u016f, rodi\u010d\u016f a&nbsp;dal\u0161\u00edch vzd\u011blavatel\u016f. Najdete zde \u0161irok\u00e9 spektrum literatury (nejen odborn\u00e9). Knihy si m\u016f\u017eete zap\u016fj\u010dit v&nbsp;b\u011b\u017en\u00e9m re\u017eimu m\u011bstsk\u00e9 knihovny.<\/p>\n<p>Zde m\u016f\u017eete nahl\u00e9dnout do seznamu knih v&nbsp;registru knihovny (zjistit jejich aktu\u00e1ln\u00ed dostupnost): <a href=\"https:\/\/mnhradiste.tritius.cz\/combined?area=-1&amp;rows%5B0%5D.searchFieldItem=-9589&amp;rows%5B0%5D.relation=STR_CONTAINS&amp;rows%5B0%5D.value=MAP&amp;rows%5B1%5D.operator=AND&amp;rows%5B1%5D.searchFieldItem=-13&amp;rows%5B1%5D.relation=STR_STARTS&amp;rows%5B1%5D.value=&amp;rows%5B2%5D.operator=AND&amp;rows%5B2%5D.searchFieldItem=-21&amp;rows%5B2%5D.relation=STR_EQ&amp;rows%5B2%5D.value=&amp;rows%5B3%5D.operator=AND&amp;rows%5B3%5D.searchFieldItem=-9589&amp;rows%5B3%5D.relation=STR_STARTS&amp;rows%5B3%5D.value=&amp;rows%5B4%5D.operator=AND&amp;rows%5B4%5D.searchFieldItem=-14&amp;rows%5B4%5D.relation=STR_CONTAINS&amp;rows%5B4%5D.value=&amp;allsrc=on&amp;_csrf=f79d8185-4de6-42eb-ac91-12acae7bea1d\" target=\"_blank\" rel=\"noopener\" data-saferedirecturl=\"https:\/\/www.google.com\/url?q=https:\/\/mnhradiste.tritius.cz\/combined?area%3D-1%26rows%255B0%255D.searchFieldItem%3D-9589%26rows%255B0%255D.relation%3DSTR_CONTAINS%26rows%255B0%255D.value%3DMAP%26rows%255B1%255D.operator%3DAND%26rows%255B1%255D.searchFieldItem%3D-13%26rows%255B1%255D.relation%3DSTR_STARTS%26rows%255B1%255D.value%3D%26rows%255B2%255D.operator%3DAND%26rows%255B2%255D.searchFieldItem%3D-21%26rows%255B2%255D.relation%3DSTR_EQ%26rows%255B2%255D.value%3D%26rows%255B3%255D.operator%3DAND%26rows%255B3%255D.searchFieldItem%3D-9589%26rows%255B3%255D.relation%3DSTR_STARTS%26rows%255B3%255D.value%3D%26rows%255B4%255D.operator%3DAND%26rows%255B4%255D.searchFieldItem%3D-14%26rows%255B4%255D.relation%3DSTR_CONTAINS%26rows%255B4%255D.value%3D%26allsrc%3Don%26_csrf%3Df79d8185-4de6-42eb-ac91-12acae7bea1d&amp;source=gmail&amp;ust=1772886783263000&amp;usg=AOvVaw3eZmmQjIoFyLpiJ8Vksu1f\">M\u011bstsk\u00e1 knihovna Mnichovo Hradi\u0161t\u011b &#8211; vyhled\u00e1v\u00e1n\u00ed &#8211; Knihy v&nbsp;MAP\u00ed knihovni\u010dce <\/a><\/p>\n<p><a href=\"https:\/\/map-mh.cz\/map4\/wp-content\/uploads\/2026\/01\/mapi-knihovnicka_seznam-vsechny-knihy.pdf\">MAP\u00ed knihovni\u010dka seznam knih<\/a><\/p>\n<p style=\"text-align: left;\">Otev\u00edrac\u00ed doba M\u011bstsk\u00e9 knihovny Mnichovo Hradi\u0161t\u011b:<\/p>\n<div>\n<table style=\"height: 152px;\" border=\"1\" width=\"164\">\n<thead>\n<tr>\n<td colspan=\"2\">Odd\u011blen\u00ed pro dosp\u011bl\u00e9<\/td>\n<\/tr>\n<\/thead>\n<tbody>\n<tr>\n<td>pond\u011bl\u00ed<\/td>\n<td>13:00-18:00<\/td>\n<\/tr>\n<tr>\n<td>\u00fater\u00fd<\/td>\n<td>10:00-12:00<\/td>\n<\/tr>\n<tr>\n<td>st\u0159eda<\/td>\n<td>13:00-17:00<\/td>\n<\/tr>\n<tr>\n<td>\u010dtvrtek<\/td>\n<td>13:00-18:00<\/td>\n<\/tr>\n<\/tbody>\n<\/table>\n<\/div>\n<p><img decoding=\"async\" loading=\"lazy\" class=\"wp-image-15649 aligncenter\" src=\"https:\/\/map-mh.cz\/map4\/wp-content\/uploads\/2024\/11\/knihovna.jpeg\" alt=\"\" width=\"241\" height=\"536\" srcset=\"https:\/\/map-mh.cz\/map4\/wp-content\/uploads\/2024\/11\/knihovna.jpeg 450w, https:\/\/map-mh.cz\/map4\/wp-content\/uploads\/2024\/11\/knihovna-135x300.jpeg 135w\" sizes=\"(max-width: 241px) 100vw, 241px\" \/><\/p>\n<hr \/>\n<h2><span style=\"color: #008080;\"><strong>Uk\u00e1zky\u00a0<\/strong><\/span><span style=\"color: #008080;\"><strong>knih<\/strong><\/span><span style=\"color: #008080;\"><strong>:<\/strong><\/span><\/h2>\n\n\t\t<style type=\"text\/css\">\n\t\t\t#gallery-1 {\n\t\t\t\tmargin: auto;\n\t\t\t}\n\t\t\t#gallery-1 .gallery-item {\n\t\t\t\tfloat: left;\n\t\t\t\tmargin-top: 10px;\n\t\t\t\ttext-align: center;\n\t\t\t\twidth: 16%;\n\t\t\t}\n\t\t\t#gallery-1 img {\n\t\t\t\tborder: 2px solid #cfcfcf;\n\t\t\t}\n\t\t\t#gallery-1 .gallery-caption {\n\t\t\t\tmargin-left: 0;\n\t\t\t}\n\t\t\t\/* see gallery_shortcode() in wp-includes\/media.php *\/\n\t\t<\/style>\n\t\t<div id='gallery-1' class='gallery galleryid-4238 gallery-columns-6 gallery-size-thumbnail'><dl class='gallery-item'>\n\t\t\t<dt class='gallery-icon landscape'>\n\t\t\t\t<a href='https:\/\/map-mh.cz\/map4\/wp-content\/uploads\/2019\/07\/formativni_hodnoceni2.png' rel=\"lightbox[gallery-0]\"><img width=\"150\" height=\"150\" src=\"https:\/\/map-mh.cz\/map4\/wp-content\/uploads\/2019\/07\/formativni_hodnoceni2-150x150.png\" class=\"attachment-thumbnail size-thumbnail\" alt=\"\" decoding=\"async\" loading=\"lazy\" \/><\/a>\n\t\t\t<\/dt><\/dl><dl class='gallery-item'>\n\t\t\t<dt class='gallery-icon landscape'>\n\t\t\t\t<a href='https:\/\/map-mh.cz\/map4\/wp-content\/uploads\/2019\/07\/nastaveni-mysli.png' rel=\"lightbox[gallery-0]\"><img width=\"150\" height=\"150\" src=\"https:\/\/map-mh.cz\/map4\/wp-content\/uploads\/2019\/07\/nastaveni-mysli-150x150.png\" class=\"attachment-thumbnail size-thumbnail\" alt=\"\" decoding=\"async\" loading=\"lazy\" \/><\/a>\n\t\t\t<\/dt><\/dl><dl class='gallery-item'>\n\t\t\t<dt class='gallery-icon landscape'>\n\t\t\t\t<a href='https:\/\/map-mh.cz\/map4\/wp-content\/uploads\/2019\/07\/aha-rodicovstvi.png' rel=\"lightbox[gallery-0]\"><img width=\"150\" height=\"150\" src=\"https:\/\/map-mh.cz\/map4\/wp-content\/uploads\/2019\/07\/aha-rodicovstvi-150x150.png\" class=\"attachment-thumbnail size-thumbnail\" alt=\"\" decoding=\"async\" loading=\"lazy\" \/><\/a>\n\t\t\t<\/dt><\/dl><dl class='gallery-item'>\n\t\t\t<dt class='gallery-icon landscape'>\n\t\t\t\t<a href='https:\/\/map-mh.cz\/map4\/wp-content\/uploads\/2019\/07\/predchazime_porucham_uceni.png' rel=\"lightbox[gallery-0]\"><img width=\"150\" height=\"150\" src=\"https:\/\/map-mh.cz\/map4\/wp-content\/uploads\/2019\/07\/predchazime_porucham_uceni-150x150.png\" class=\"attachment-thumbnail size-thumbnail\" alt=\"\" decoding=\"async\" loading=\"lazy\" \/><\/a>\n\t\t\t<\/dt><\/dl><dl class='gallery-item'>\n\t\t\t<dt class='gallery-icon landscape'>\n\t\t\t\t<a href='https:\/\/map-mh.cz\/map4\/wp-content\/uploads\/2019\/07\/vychova_jako_dobrodruzstvi.png' rel=\"lightbox[gallery-0]\"><img width=\"150\" height=\"150\" src=\"https:\/\/map-mh.cz\/map4\/wp-content\/uploads\/2019\/07\/vychova_jako_dobrodruzstvi-150x150.png\" class=\"attachment-thumbnail size-thumbnail\" alt=\"\" decoding=\"async\" loading=\"lazy\" \/><\/a>\n\t\t\t<\/dt><\/dl><dl class='gallery-item'>\n\t\t\t<dt class='gallery-icon landscape'>\n\t\t\t\t<a href='https:\/\/map-mh.cz\/map4\/wp-content\/uploads\/2019\/08\/svoboda_uceni.png' rel=\"lightbox[gallery-0]\"><img width=\"150\" height=\"150\" src=\"https:\/\/map-mh.cz\/map4\/wp-content\/uploads\/2019\/08\/svoboda_uceni-150x150.png\" class=\"attachment-thumbnail size-thumbnail\" alt=\"\" decoding=\"async\" loading=\"lazy\" \/><\/a>\n\t\t\t<\/dt><\/dl><br style=\"clear: both\" \/><dl class='gallery-item'>\n\t\t\t<dt class='gallery-icon landscape'>\n\t\t\t\t<a href='https:\/\/map-mh.cz\/map4\/wp-content\/uploads\/2019\/08\/cteme_s_porozumenim_1_trida.png' rel=\"lightbox[gallery-0]\"><img width=\"150\" height=\"150\" src=\"https:\/\/map-mh.cz\/map4\/wp-content\/uploads\/2019\/08\/cteme_s_porozumenim_1_trida-150x150.png\" class=\"attachment-thumbnail size-thumbnail\" alt=\"\" decoding=\"async\" loading=\"lazy\" \/><\/a>\n\t\t\t<\/dt><\/dl><dl class='gallery-item'>\n\t\t\t<dt class='gallery-icon landscape'>\n\t\t\t\t<a href='https:\/\/map-mh.cz\/map4\/wp-content\/uploads\/2019\/08\/rodice_vitani.png' rel=\"lightbox[gallery-0]\"><img width=\"150\" height=\"150\" src=\"https:\/\/map-mh.cz\/map4\/wp-content\/uploads\/2019\/08\/rodice_vitani-150x150.png\" class=\"attachment-thumbnail size-thumbnail\" alt=\"\" decoding=\"async\" loading=\"lazy\" \/><\/a>\n\t\t\t<\/dt><\/dl><dl class='gallery-item'>\n\t\t\t<dt class='gallery-icon landscape'>\n\t\t\t\t<a href='https:\/\/map-mh.cz\/map4\/wp-content\/uploads\/2019\/08\/jak_prezit_kdyz_se_rodice_rozvadeji.png' rel=\"lightbox[gallery-0]\"><img width=\"150\" height=\"150\" src=\"https:\/\/map-mh.cz\/map4\/wp-content\/uploads\/2019\/08\/jak_prezit_kdyz_se_rodice_rozvadeji-150x150.png\" class=\"attachment-thumbnail size-thumbnail\" alt=\"\" decoding=\"async\" loading=\"lazy\" \/><\/a>\n\t\t\t<\/dt><\/dl><dl class='gallery-item'>\n\t\t\t<dt class='gallery-icon landscape'>\n\t\t\t\t<a href='https:\/\/map-mh.cz\/map4\/wp-content\/uploads\/2019\/08\/fake_news.png' rel=\"lightbox[gallery-0]\"><img width=\"150\" height=\"150\" src=\"https:\/\/map-mh.cz\/map4\/wp-content\/uploads\/2019\/08\/fake_news-150x150.png\" class=\"attachment-thumbnail size-thumbnail\" alt=\"\" decoding=\"async\" loading=\"lazy\" \/><\/a>\n\t\t\t<\/dt><\/dl><dl class='gallery-item'>\n\t\t\t<dt class='gallery-icon landscape'>\n\t\t\t\t<a href='https:\/\/map-mh.cz\/map4\/wp-content\/uploads\/2019\/08\/cteme_s_porozumenim_2_trida.png' rel=\"lightbox[gallery-0]\"><img width=\"150\" height=\"150\" src=\"https:\/\/map-mh.cz\/map4\/wp-content\/uploads\/2019\/08\/cteme_s_porozumenim_2_trida-150x150.png\" class=\"attachment-thumbnail size-thumbnail\" alt=\"\" decoding=\"async\" loading=\"lazy\" \/><\/a>\n\t\t\t<\/dt><\/dl>\n\t\t\t<br style='clear: both' \/>\n\t\t<\/div>\n\n<hr \/>\n<hr \/>\n<p><strong>Soubory knih pro pr\u00e1ci ve t\u0159\u00edd\u011b<\/strong><\/p>\n<p>zap\u016fj\u010den\u00ed po&nbsp;domluv\u011b s&nbsp;Ivou \u0160trojsovou (ifa.dobiasova@post.cz)<\/p>\n<p><img decoding=\"async\" loading=\"lazy\" class=\"alignnone size-full wp-image-16527\" src=\"https:\/\/map-mh.cz\/map4\/wp-content\/uploads\/2025\/11\/img_20251021_121542.jpg\" alt=\"\" width=\"750\" height=\"1000\" srcset=\"https:\/\/map-mh.cz\/map4\/wp-content\/uploads\/2025\/11\/img_20251021_121542.jpg 750w, https:\/\/map-mh.cz\/map4\/wp-content\/uploads\/2025\/11\/img_20251021_121542-225x300.jpg 225w\" sizes=\"(max-width: 750px) 100vw, 750px\" \/><img decoding=\"async\" loading=\"lazy\" class=\"alignnone wp-image-16528\" src=\"https:\/\/map-mh.cz\/map4\/wp-content\/uploads\/2025\/11\/img_20251021_121525.jpg\" alt=\"\" width=\"930\" height=\"696\" srcset=\"https:\/\/map-mh.cz\/map4\/wp-content\/uploads\/2025\/11\/img_20251021_121525-400x300.jpg 400w, https:\/\/map-mh.cz\/map4\/wp-content\/uploads\/2025\/11\/img_20251021_121525-768x576.jpg 768w\" sizes=\"(max-width: 930px) 100vw, 930px\" \/><\/p>\n<hr \/>\n<p><img decoding=\"async\" loading=\"lazy\" class=\"alignnone wp-image-16520\" src=\"https:\/\/map-mh.cz\/map4\/wp-content\/uploads\/2025\/11\/img_20251021_120732.jpg\" alt=\"\" width=\"752\" height=\"1003\" srcset=\"https:\/\/map-mh.cz\/map4\/wp-content\/uploads\/2025\/11\/img_20251021_120732.jpg 750w, https:\/\/map-mh.cz\/map4\/wp-content\/uploads\/2025\/11\/img_20251021_120732-225x300.jpg 225w\" sizes=\"(max-width: 752px) 100vw, 752px\" \/><img decoding=\"async\" loading=\"lazy\" class=\"alignnone wp-image-16519\" src=\"https:\/\/map-mh.cz\/map4\/wp-content\/uploads\/2025\/11\/img_20251021_120716.jpg\" alt=\"\" width=\"910\" height=\"682\" srcset=\"https:\/\/map-mh.cz\/map4\/wp-content\/uploads\/2025\/11\/img_20251021_120716.jpg 1200w, https:\/\/map-mh.cz\/map4\/wp-content\/uploads\/2025\/11\/img_20251021_120716-400x300.jpg 400w, https:\/\/map-mh.cz\/map4\/wp-content\/uploads\/2025\/11\/img_20251021_120716-768x576.jpg 768w\" sizes=\"(max-width: 910px) 100vw, 910px\" \/><\/p>\n<p>&nbsp;<\/p>\n<hr \/>\n<p><img decoding=\"async\" loading=\"lazy\" class=\"alignnone size-full wp-image-16517\" src=\"https:\/\/map-mh.cz\/map4\/wp-content\/uploads\/2025\/11\/img_20251021_120439.jpg\" alt=\"\" width=\"750\" height=\"1000\" srcset=\"https:\/\/map-mh.cz\/map4\/wp-content\/uploads\/2025\/11\/img_20251021_120439.jpg 750w, https:\/\/map-mh.cz\/map4\/wp-content\/uploads\/2025\/11\/img_20251021_120439-225x300.jpg 225w\" sizes=\"(max-width: 750px) 100vw, 750px\" \/> <img decoding=\"async\" loading=\"lazy\" class=\"alignnone wp-image-16516\" src=\"https:\/\/map-mh.cz\/map4\/wp-content\/uploads\/2025\/11\/img_20251021_120432.jpg\" alt=\"\" width=\"915\" height=\"686\" srcset=\"https:\/\/map-mh.cz\/map4\/wp-content\/uploads\/2025\/11\/img_20251021_120432.jpg 1200w, https:\/\/map-mh.cz\/map4\/wp-content\/uploads\/2025\/11\/img_20251021_120432-400x300.jpg 400w, https:\/\/map-mh.cz\/map4\/wp-content\/uploads\/2025\/11\/img_20251021_120432-768x576.jpg 768w\" sizes=\"(max-width: 915px) 100vw, 915px\" \/><\/p>\n<hr \/>\n<p><img decoding=\"async\" loading=\"lazy\" class=\"alignnone size-full wp-image-16514\" src=\"https:\/\/map-mh.cz\/map4\/wp-content\/uploads\/2025\/11\/img_20251021_120155.jpg\" alt=\"\" width=\"750\" height=\"1000\" srcset=\"https:\/\/map-mh.cz\/map4\/wp-content\/uploads\/2025\/11\/img_20251021_120155.jpg 750w, https:\/\/map-mh.cz\/map4\/wp-content\/uploads\/2025\/11\/img_20251021_120155-225x300.jpg 225w\" sizes=\"(max-width: 750px) 100vw, 750px\" \/><img decoding=\"async\" loading=\"lazy\" class=\"alignnone wp-image-16515\" src=\"https:\/\/map-mh.cz\/map4\/wp-content\/uploads\/2025\/11\/img_20251021_120200.jpg\" alt=\"\" width=\"971\" height=\"728\" srcset=\"https:\/\/map-mh.cz\/map4\/wp-content\/uploads\/2025\/11\/img_20251021_120200.jpg 1200w, https:\/\/map-mh.cz\/map4\/wp-content\/uploads\/2025\/11\/img_20251021_120200-400x300.jpg 400w, https:\/\/map-mh.cz\/map4\/wp-content\/uploads\/2025\/11\/img_20251021_120200-768x576.jpg 768w\" sizes=\"(max-width: 971px) 100vw, 971px\" \/><\/p>\n<hr \/>\n<p><img decoding=\"async\" loading=\"lazy\" class=\"alignnone size-full wp-image-16511\" src=\"https:\/\/map-mh.cz\/map4\/wp-content\/uploads\/2025\/11\/img_20251021_115647.jpg\" alt=\"\" width=\"750\" height=\"1000\" srcset=\"https:\/\/map-mh.cz\/map4\/wp-content\/uploads\/2025\/11\/img_20251021_115647.jpg 750w, https:\/\/map-mh.cz\/map4\/wp-content\/uploads\/2025\/11\/img_20251021_115647-225x300.jpg 225w\" sizes=\"(max-width: 750px) 100vw, 750px\" \/><img decoding=\"async\" loading=\"lazy\" class=\"alignnone wp-image-16513\" src=\"https:\/\/map-mh.cz\/map4\/wp-content\/uploads\/2025\/11\/img_20251021_115635.jpg\" alt=\"\" width=\"1002\" height=\"752\" srcset=\"https:\/\/map-mh.cz\/map4\/wp-content\/uploads\/2025\/11\/img_20251021_115635.jpg 1200w, https:\/\/map-mh.cz\/map4\/wp-content\/uploads\/2025\/11\/img_20251021_115635-400x300.jpg 400w, https:\/\/map-mh.cz\/map4\/wp-content\/uploads\/2025\/11\/img_20251021_115635-768x576.jpg 768w\" sizes=\"(max-width: 1002px) 100vw, 1002px\" \/><\/p>\n<hr \/>\n<p><img decoding=\"async\" loading=\"lazy\" class=\"alignnone size-full wp-image-16512\" src=\"https:\/\/map-mh.cz\/map4\/wp-content\/uploads\/2025\/11\/img_20251021_115856.jpg\" alt=\"\" width=\"675\" height=\"900\" srcset=\"https:\/\/map-mh.cz\/map4\/wp-content\/uploads\/2025\/11\/img_20251021_115856.jpg 675w, https:\/\/map-mh.cz\/map4\/wp-content\/uploads\/2025\/11\/img_20251021_115856-225x300.jpg 225w\" sizes=\"(max-width: 675px) 100vw, 675px\" \/> \u00a0<img decoding=\"async\" loading=\"lazy\" class=\"alignnone wp-image-16510\" src=\"https:\/\/map-mh.cz\/map4\/wp-content\/uploads\/2025\/11\/img_20251021_115847.jpg\" alt=\"\" width=\"947\" height=\"710\" srcset=\"https:\/\/map-mh.cz\/map4\/wp-content\/uploads\/2025\/11\/img_20251021_115847.jpg 1200w, https:\/\/map-mh.cz\/map4\/wp-content\/uploads\/2025\/11\/img_20251021_115847-400x300.jpg 400w, https:\/\/map-mh.cz\/map4\/wp-content\/uploads\/2025\/11\/img_20251021_115847-768x576.jpg 768w\" sizes=\"(max-width: 947px) 100vw, 947px\" \/><\/p>\n<hr \/>\n<p><img decoding=\"async\" loading=\"lazy\" class=\"alignnone wp-image-16531\" src=\"https:\/\/map-mh.cz\/map4\/wp-content\/uploads\/2025\/11\/img_20251021_121131_1-1.jpg\" alt=\"\" width=\"751\" height=\"1001\" srcset=\"https:\/\/map-mh.cz\/map4\/wp-content\/uploads\/2025\/11\/img_20251021_121131_1-1.jpg 675w, https:\/\/map-mh.cz\/map4\/wp-content\/uploads\/2025\/11\/img_20251021_121131_1-1-225x300.jpg 225w\" sizes=\"(max-width: 751px) 100vw, 751px\" \/> <img decoding=\"async\" loading=\"lazy\" class=\"alignnone wp-image-16532\" src=\"https:\/\/map-mh.cz\/map4\/wp-content\/uploads\/2025\/11\/img_20251021_121127.jpg\" alt=\"\" width=\"1038\" height=\"779\" srcset=\"https:\/\/map-mh.cz\/map4\/wp-content\/uploads\/2025\/11\/img_20251021_121127.jpg 750w, https:\/\/map-mh.cz\/map4\/wp-content\/uploads\/2025\/11\/img_20251021_121127-400x300.jpg 400w\" sizes=\"(max-width: 1038px) 100vw, 1038px\" \/><\/p>\n<hr \/>\n<p>&nbsp;<\/p>\n<p>&nbsp;<\/p>\n","protected":false},"excerpt":{"rendered":"<p>MAP\u00ed knihovni\u010dku naleznete v&nbsp;M\u011bstsk\u00e9 knihovn\u011b Mnichovo Hradi\u0161t\u011b hned vedle v\u00fddejn\u00edho pultu v&nbsp;odd\u011blen\u00ed pro dosp\u011bl\u00e9. Obsahuje knihy zakoupen\u00e9 v&nbsp;r\u00e1mci projekt\u016f MAP Mnichovohradi\u0161\u0165sko na z\u00e1klad\u011b tip\u016f a&nbsp;po\u017eadavk\u016f m\u00edstn\u00edch pedagog\u016f, rodi\u010d\u016f a&nbsp;dal\u0161\u00edch vzd\u011blavatel\u016f. Najdete zde \u0161irok\u00e9 spektrum literatury (nejen odborn\u00e9). Knihy si m\u016f\u017eete zap\u016fj\u010dit v&nbsp;b\u011b\u017en\u00e9m re\u017eimu m\u011bstsk\u00e9 knihovny. Zde m\u016f\u017eete nahl\u00e9dnout do seznamu knih v&nbsp;registru knihovny (zjistit jejich [&hellip;]<\/p>\n","protected":false},"author":1,"featured_media":0,"parent":0,"menu_order":0,"comment_status":"closed","ping_status":"closed","template":"","meta":[],"_links":{"self":[{"href":"https:\/\/map-mh.cz\/map4\/wp-json\/wp\/v2\/pages\/4238"}],"collection":[{"href":"https:\/\/map-mh.cz\/map4\/wp-json\/wp\/v2\/pages"}],"about":[{"href":"https:\/\/map-mh.cz\/map4\/wp-json\/wp\/v2\/types\/page"}],"author":[{"embeddable":true,"href":"https:\/\/map-mh.cz\/map4\/wp-json\/wp\/v2\/users\/1"}],"replies":[{"embeddable":true,"href":"https:\/\/map-mh.cz\/map4\/wp-json\/wp\/v2\/comments?post=4238"}],"version-history":[{"count":50,"href":"https:\/\/map-mh.cz\/map4\/wp-json\/wp\/v2\/pages\/4238\/revisions"}],"predecessor-version":[{"id":16696,"href":"https:\/\/map-mh.cz\/map4\/wp-json\/wp\/v2\/pages\/4238\/revisions\/16696"}],"wp:attachment":[{"href":"https:\/\/map-mh.cz\/map4\/wp-json\/wp\/v2\/media?parent=4238"}],"curies":[{"name":"wp","href":"https:\/\/api.w.org\/{rel}","templated":true}]}}