{"id":3727,"date":"2019-02-12T11:08:16","date_gmt":"2019-02-12T10:08:16","guid":{"rendered":"https:\/\/map-mh.cz\/map4\/?page_id=3727"},"modified":"2022-01-03T09:39:20","modified_gmt":"2022-01-03T08:39:20","slug":"souhrnny-seznam-mistnich-odborniku","status":"publish","type":"page","link":"https:\/\/map-mh.cz\/map4\/souhrnny-seznam-mistnich-odborniku\/","title":{"rendered":"Souhrnn\u00fd seznam m\u00edstn\u00edch odborn\u00edk\u016f"},"content":{"rendered":"<p><strong><em>D\u011bti i&nbsp;dosp\u011bl\u00ed se nejv\u00edce nau\u010d\u00ed od t\u011bch, kte\u0159\u00ed sv\u00e9 znalosti a&nbsp;dovednosti cht\u011bj\u00ed a&nbsp;dok\u00e1\u017eou p\u0159ed\u00e1vat. Vyu\u017eijte seznamu m\u00edstn\u00edch odborn\u00edk\u016f a&nbsp;poj\u010fte se s&nbsp;d\u011btmi dozv\u011bd\u011bt n\u011bco z&nbsp;oblasti geologie, ornitologie, poznat bl\u00ed\u017ee liturgick\u00fd rok, \u017eivot na statku \u010di&nbsp;v\u010dela\u0159en\u00ed atd.<\/em><\/strong><\/p>\n<p><strong><em>T\u00fdm projektu MAP II\u00a0Mnichovohradi\u0161\u0165sko pro v\u00e1s p\u0159ipravil seznam lid\u00ed, kte\u0159\u00ed\u00a0d\u011blaj\u00ed v&nbsp;r\u00e1mci sv\u00e9 profese \u010di&nbsp;jako sv\u00e9ho kon\u00ed\u010dka n\u011bco, co by bylo mo\u017en\u00e9 p\u0159edat d\u011btem\/\u017e\u00e1k\u016fm, a&nbsp;t\u00edm je obohatit. B\u011b\u017en\u00e9 vyu\u010dov\u00e1n\u00ed m\u00e1 jist\u011b v&nbsp;\u017eivot\u011b d\u00edt\u011bte\/\u017e\u00e1ka m\u00edsto, ale nen\u00ed nad to vyzkou\u0161et si v\u011bci na\u017eivo \u010di&nbsp;se n\u011bco dozv\u011bd\u011bt od toho, kdo se n\u011bjakou \u010dinnost\u00ed dlouhodob\u011b zab\u00fdv\u00e1.\u00a0<\/em><\/strong><\/p>\n<p><strong><em>P\u0159ehled nab\u00edz\u00ed jm\u00e9no odborn\u00edka, t\u00e9mata, kter\u00fdmi se zab\u00fdv\u00e1, i&nbsp;mo\u017enou formu spolupr\u00e1ce. Na v\u00e1s je pak doty\u010dn\u00e9ho kontaktovat a&nbsp;bl\u00ed\u017ee si v\u0161e domluvit. S&nbsp;dan\u00fdm \u010dlov\u011bk se n\u00e1sledn\u011b domluv\u00edte na tom, zda se jedn\u00e1 o&nbsp;dobrovolnickou \u010dinnost, kterou poskytne zdarma, \u010di&nbsp;je to placen\u00e1 nab\u00eddka. U\u010ditel, vedouc\u00ed z\u00e1jmov\u00e9ho krou\u017eku \u010di&nbsp;rodi\u010d si pak t\u00e9\u017e n\u00e1sledn\u011b domluv\u00ed term\u00edn, \u010das \u010di&nbsp;dal\u0161\u00ed podm\u00ednky n\u00e1v\u0161t\u011bvy, besedy apod.\u00a0<\/em><\/strong><\/p>\n<p><strong><em>Pevn\u011b douf\u00e1me, \u017ee datab\u00e1ze pom\u016f\u017ee k&nbsp;propojov\u00e1n\u00ed odborn\u00edk\u016f se \u017e\u00e1ky.\u00a0<\/em><\/strong><\/p>\n<hr \/>\n<p><strong>Mgr. Ilona Dvo\u0159\u00e1kov\u00e1 (Apifarma Bakov)<\/strong><\/p>\n<p><strong>t\u00e9mata:<\/strong> v\u010dela\u0159stv\u00ed, apiterapie, bylinka\u0159en\u00ed<\/p>\n<p><strong>kontakt:<\/strong> email: apifarmabakov@seznam.cz<\/p>\n<p><strong>facebook:<\/strong> <a href=\"https:\/\/www.facebook.com\/profile.php?id=100054201803375\">Apifarma Bakov nad Jizerou<\/a><\/p>\n<p><strong>mo\u017enosti pro \u017e\u00e1ky:<\/strong> beseda, exkurze, projektov\u00fd den pro \u0161koly<\/p>\n<hr \/>\n<p><strong>Mgr. Doubravka Fi\u0161erov\u00e1\u00a0<\/strong><\/p>\n<p><strong>t\u00e9mata: <\/strong>v\u010dela\u0159stv\u00ed, biozem\u011bd\u011blstv\u00ed, sada\u0159stv\u00ed, chov krav<\/p>\n<p><strong>kontakt:\u00a0<\/strong>email: doubravkazeskalan@tiscali.cz<\/p>\n<p><strong>webov\u00e9 str\u00e1nky:<\/strong> <a href=\"http:\/\/www.arnostice.cz\">www.arnostice.cz<\/a><\/p>\n<p><strong>mo\u017enosti pro \u017e\u00e1ky:\u00a0<\/strong>n\u00e1v\u0161t\u011bva ve dvo\u0159e Arno\u0161tice, d\u00e1le dle domluvy<\/p>\n<hr \/>\n<p><strong>Martina Krau\u0161nerov\u00e1 <\/strong><\/p>\n<p><strong>t\u00e9mata:<\/strong> dr\u00e1tov\u00e1n\u00ed<\/p>\n<p><strong>kontakt:<\/strong> email: vanikova.martina@seznam.cz, tel.: +420&nbsp;732&nbsp;647&nbsp;960<\/p>\n<p><strong>facebook:<\/strong> <a href=\"https:\/\/www.facebook.com\/groups\/582069349300672\">Dr\u00e1tov\u00e1n\u00ed s&nbsp;Martinou<\/a><\/p>\n<p><strong>mo\u017enosti pro \u017e\u00e1ky:<\/strong> pracovn\u00ed d\u00edlna ve \u0161kol\u00e1ch na Mnichovohradi\u0161\u0165sku<\/p>\n<hr \/>\n<p><strong>Jana Kunto\u0161ov\u00e1<\/strong><\/p>\n<p><strong>t\u00e9ma:<\/strong> zem\u011bd\u011blstv\u00ed, zpracov\u00e1n\u00ed a\u00a0konzervace ovoce\/zeleniny nebo potravin celkov\u011b<\/p>\n<p><strong>kontakt:<\/strong> email: info@vesnickedobroty.cz, tel.: +420\u00a0777\u00a0812\u00a0504<\/p>\n<p><strong>webov\u00e9 str\u00e1nky:<\/strong> <a href=\"http:\/\/www.vesnickedobroty.cz\/\">www.vesnickedobroty.cz<\/a><\/p>\n<p><strong>mo\u017enosti pro \u017e\u00e1ky:\u00a0<\/strong>p\u0159edn\u00e1\u0161ka, beseda, n\u00e1v\u0161t\u011bva ve \u0161kole<\/p>\n<hr \/>\n<p><strong>R.D. Mgr. Pavel Mach<\/strong><\/p>\n<p><strong>t\u00e9mata: <\/strong>liturgick\u00fd rok, v\u00edra, n\u00e1bo\u017eenstv\u00ed<\/p>\n<p><strong>kontakt:<\/strong>\u00a0email: farnost.mnichovo.hradiste@dltm.cz, tel.: +420\u00a0736\u00a0148\u00a0567<\/p>\n<p><strong>mo\u017enosti pro \u017e\u00e1ky:\u00a0<\/strong>p\u0159edn\u00e1\u0161ka, beseda, n\u00e1v\u0161t\u011bva kostela a\u00a0fary v\u00a0Mnichov\u011b Hradi\u0161ti<\/p>\n<hr \/>\n<p><strong>Petr Mu\u017e\u00e1k<\/strong><\/p>\n<p><strong>t\u00e9mata:\u00a0<\/strong>geologie, mineralogie, paleontologie, myslivost<\/p>\n<p><strong>kontakt:<\/strong>\u00a0email: muzak@muzeumcl.cz<\/p>\n<p><strong>mo\u017enosti pro \u017e\u00e1ky:\u00a0<\/strong>p\u0159edn\u00e1\u0161ka, n\u00e1v\u0161t\u011bva ve \u0161kole, exkurze v\u00a0ter\u00e9nu s\u00a0mo\u017enostmi sb\u011bru fosili\u00ed, hornin a\u00a0miner\u00e1l\u016f, exkurze s\u00a0vytv\u00e1\u0159en\u00edm pracovn\u00edho listu, zoologick\u00e9 uk\u00e1zky trofej\u00ed, \u0161k\u00e1r, k\u016f\u017e\u00ed a\u00a0ko\u017eek v\u010detn\u011b pobytov\u00fdch znak\u016f zv\u011b\u0159e<\/p>\n<hr \/>\n<p><strong>Michala Mydl\u00e1\u0159ov\u00e1<\/strong><\/p>\n<p><strong>t\u00e9mata: <\/strong>prvn\u00ed pomoc, pr\u00e1ce v\u00a0rozvojov\u00e9 zemi (Zambie) <a href=\"http:\/\/www.zambie.estranky.cz\">www.zambie.estranky.cz<\/a><\/p>\n<p><strong>kontakt: <\/strong>email: michala.mydlarova@gmail.com, tel.: +420\u00a0790\u00a0366\u00a0530<\/p>\n<p><strong>mo\u017enosti pro \u017e\u00e1ky:\u00a0<\/strong>p\u0159edn\u00e1\u0161ka, beseda, n\u00e1v\u0161t\u011bva ve \u0161kole<\/p>\n<hr \/>\n<p><strong>Petr Nov\u00e1k <\/strong><\/p>\n<p><strong>t\u00e9ma:<\/strong> truhl\u00e1\u0159stv\u00ed<\/p>\n<p><strong>kontakt: <\/strong>tel.: +420\u00a0774\u00a0351\u00a0978<\/p>\n<p><strong>mo\u017enosti pro \u017e\u00e1ky:<\/strong> p\u0159edn\u00e1\u0161ka, beseda, n\u00e1v\u0161t\u011bva v\u00a0d\u00edln\u011b v\u00a0Mnichov\u011b Hradi\u0161ti, uk\u00e1zka pr\u00e1ce ve \u0161kole\u2026<\/p>\n<hr \/>\n<p><strong>Mgr. et Bc. Petr Nov\u00e1k<\/strong><\/p>\n<p><strong>t\u00e9mata:\u00a0<\/strong>genealogie (p\u00e1tr\u00e1n\u00ed po&nbsp;p\u0159edc\u00edch), p\u0159\u00edjmen\u00ed na Mnichovohradi\u0161\u0165sku, pr\u00e1ce s&nbsp;pam\u011btn\u00edky, tvorba rodinn\u00e9 kroniky<\/p>\n<p><strong>kontakt:<\/strong>\u00a0email: petr-novak@post.cz, tel.: +420&nbsp;724&nbsp;700&nbsp;656<\/p>\n<p><strong>webov\u00e9 str\u00e1nky: <\/strong><a href=\"http:\/\/www.rodokmenymh.cz\">www.rodokmenymh.cz<\/a><\/p>\n<p><strong>mo\u017enosti pro \u017e\u00e1ky:\u00a0<\/strong>p\u0159edn\u00e1\u0161ka, beseda, rady za\u010d\u00ednaj\u00edc\u00edm badatel\u016fm, mo\u017enost individu\u00e1ln\u00ed n\u00e1v\u0161t\u011bvy n\u011bkter\u00e9 z&nbsp;pravideln\u00fdch sch\u016fzek Mnichovohradi\u0161\u0165sk\u00e9ho spolku genealog\u016f<\/p>\n<hr \/>\n<p><strong>Mgr. Eva Palc\u00fatov\u00e1<\/strong><\/p>\n<p><strong>t\u00e9mata: <\/strong>muzikoterapie a\u00a0muzikoterapeutick\u00e9 poh\u00e1dky<\/p>\n<p><strong>kontakt:<\/strong>\u00a0email: slunicko.evca@seznam.cz, tel.: +420\u00a0777\u00a0591\u00a0961<\/p>\n<p><strong>mo\u017enosti pro \u017e\u00e1ky: <\/strong>n\u00e1v\u0161t\u011bva ve \u0161kole, muzikoterapie <strong>\u2013<\/strong> relaxace, poh\u00e1dka, koncert<\/p>\n<hr \/>\n<p><strong>Bc. Miloslav Pernet<\/strong><\/p>\n<p><strong>t\u00e9mata:\u00a0<\/strong>bezpe\u010dnost a&nbsp;sebeobrana<\/p>\n<p><strong>kontakt:<\/strong>\u00a0email: miloslavpernet@brante-se.cz, tel.: +420&nbsp;604&nbsp;473&nbsp;594<\/p>\n<p><strong>webov\u00e9 str\u00e1nky: <\/strong><a href=\"http:\/\/www.brante-se.cz\">www.brante-se.cz<\/a><\/p>\n<p><strong>mo\u017enosti pro \u017e\u00e1ky:\u00a0<\/strong>p\u0159edn\u00e1\u0161ka, beseda, poradenstv\u00ed, semin\u00e1\u0159, kurz, kondi\u010dn\u00ed p\u0159\u00edprava<\/p>\n<hr \/>\n<p><strong>Petra Pilbauerov\u00e1<\/strong><\/p>\n<p><strong>t\u00e9ma: <\/strong>ryb\u00e1\u0159stv\u00ed<\/p>\n<p><strong>kontakt: <\/strong>email: petra.pilbauerova@ddm_mb.cz, tel.: +420\u00a0724\u00a0985\u00a0154<\/p>\n<p><strong>mo\u017enosti pro \u017e\u00e1ky:\u00a0<\/strong>p\u0159edn\u00e1\u0161ka, beseda, exkurze v&nbsp;ter\u00e9nu, n\u00e1v\u0161t\u011bva ve \u0161kole<\/p>\n<hr \/>\n<p><strong>Bc. Pavel Rak<\/strong><\/p>\n<p><strong>t\u00e9mata:\u00a0<\/strong>3D tisk \u2013 \u00favod to t\u00e9matu, modelov\u00e1n\u00ed v\u00a0po\u010d\u00edta\u010dov\u00fdch programech, tisk na 3D tisk\u00e1rn\u011b<\/p>\n<p><strong>kontakt:<\/strong>\u00a0email: spisalek@centrum.cz, tel.: +420\u00a0721\u00a0253\u00a0802<\/p>\n<p><strong>mo\u017enosti pro \u017e\u00e1ky:\u00a0<\/strong>p\u0159edn\u00e1\u0161ka, beseda, celodenn\u00ed workshop, uk\u00e1zka modelov\u00e1n\u00ed a\u00a03D tisku ve \u0161kole \u010di\u00a0krou\u017eku<\/p>\n<hr \/>\n<p><strong>RNDr. Dominik Rub\u00e1\u0161<\/strong><\/p>\n<p><strong>t\u00e9mata:\u00a0<\/strong>ter\u00e9nn\u00ed v\u00fduka (vlastiv\u011bdn\u00e9, zem\u011bpisn\u00e9 a\u00a0geologick\u00e9 vych\u00e1zky)<\/p>\n<p><strong>kontakt: <\/strong>email: domrubi@seznam.cz<\/p>\n<p><strong>mo\u017enosti pro \u017e\u00e1ky:\u00a0<\/strong>vlastiv\u011bdn\u00e9, zem\u011bpisn\u00e9 a\u00a0geologick\u00e9 vych\u00e1zky<\/p>\n<hr \/>\n<p><strong>Edita \u0158ez\u00e1\u010dov\u00e1<\/strong><\/p>\n<p><strong>t\u00e9ma: <\/strong>optometrie<\/p>\n<p><strong>kontakt: <\/strong>email: edita.rezacova@estante.cz, tel.: +420\u00a0732\u00a0274\u00a0703<\/p>\n<p><strong>webov\u00e9 str\u00e1nky:<\/strong> <a href=\"http:\/\/www.optikaestante.cz\">www.optikaestante.cz<\/a><\/p>\n<p><strong>mo\u017enosti pro \u017e\u00e1ky:\u00a0<\/strong>p\u0159edn\u00e1\u0161ka, beseda, exkurze v&nbsp;Optika Estante v&nbsp;Mnichov\u011b Hradi\u0161ti, n\u00e1v\u0161t\u011bva ve \u0161kole<\/p>\n<hr \/>\n<p><strong>Ing. Mark\u00e9ta Sv\u00e1rovsk\u00e1<\/strong><\/p>\n<p><strong>t\u00e9ma:<\/strong> v\u010dela\u0159stv\u00ed<\/p>\n<p><strong>kontakt:<\/strong> email: info@svarovsky-co.cz, tel.: +420&nbsp;737&nbsp;243\u00a0757<\/p>\n<p><strong>webov\u00e9 str\u00e1nky:<\/strong> www.svarovskahoney.cz, <strong>Facebook:<\/strong> Sv\u00e1rovsk\u00e1 Honey<\/p>\n<p><strong>mo\u017enosti pro \u017e\u00e1ky:\u00a0<\/strong>p\u0159edn\u00e1\u0161ka, beseda, exkurze u&nbsp;v\u010delstev v\u00a0Mnichov\u011b Hradi\u0161ti, n\u00e1v\u0161t\u011bva ve \u0161kole, tvo\u0159iv\u00e1 d\u00edlni\u010dka<\/p>\n<hr \/>\n<p><strong>Mgr. Vojt\u011bch \u0160\u0165astn\u00fd <\/strong><\/p>\n<p><strong>t\u00e9mata:<\/strong>\u00a0ornitologie, krajina, ekologie, mok\u0159ady, \u017eivotn\u00ed prost\u0159ed\u00ed<\/p>\n<p><strong>kontakt:<\/strong> email: stastny.vojta@seznam.cz, tel.: +420\u00a0739\u00a0425\u00a0076<\/p>\n<p><strong>webov\u00e9 str\u00e1nky:<\/strong> <a href=\"http:\/\/www.dumprirody.cz\/\">www.dumprirody.cz<\/a>, <a href=\"http:\/\/www.sedmihorskemokrady.cz\">www.sedmihorskemokrady.cz<\/a>, <a href=\"http:\/\/www.toulkyrajem.cz\">www.toulkyrajem.cz<\/a>, <a href=\"http:\/\/www.csopbukovina.cz\">www.csopbukovina.cz<\/a><\/p>\n<p><strong>mo\u017enosti pro \u017e\u00e1ky: <\/strong>p\u0159edn\u00e1\u0161ka, beseda, exkurze v&nbsp;ter\u00e9nu, n\u00e1v\u0161t\u011bva ve \u0161kole, z\u00e1jmov\u00fd krou\u017eek\u2026<\/p>\n<hr \/>\n<p><strong>Ing. Jan \u0160trojsa\u00a0<\/strong><\/p>\n<p><strong>t\u00e9mata: <\/strong>v\u010dela\u0159stv\u00ed, krajina a\u00a0jej\u00ed v\u00fdvoj<\/p>\n<p><strong>kontakt: <\/strong>email: stroja@seznam.cz<\/p>\n<p><strong>mo\u017enosti pro \u017e\u00e1ky:\u00a0<\/strong>beseda, proch\u00e1zka krajinou<\/p>\n<hr \/>\n<p><strong>Mgr. Iva \u0160trojsov\u00e1<\/strong><\/p>\n<p><strong>t\u00e9mata: <\/strong>\u017e\u00e1kovsk\u00e9 projekty, komunitn\u00ed projekty, pr\u00e1ce s\u00a0dokument\u00e1rn\u00edm filmem, kritick\u00e9 my\u0161len\u00ed (\u010dten\u00ed a\u00a0psan\u00ed), m\u00edstn\u011b zakotven\u00e9 u\u010den\u00ed, \u017e\u00e1kovsk\u00e1 samospr\u00e1va<\/p>\n<p><strong>kontakt: <\/strong>email: ifa.dobiasova@post.cz<\/p>\n<p><strong>mo\u017enosti pro \u017e\u00e1ky:\u00a0<\/strong>mo\u017enost koordinace \u017e\u00e1kovsk\u00fdch projekt\u016f, uk\u00e1zka pr\u00e1ce s\u00a0\u017e\u00e1ky v\u00a0r\u00e1mci dan\u00fdch t\u00e9mat<\/p>\n<hr \/>\n<p><strong>Petr Tich\u00fd<\/strong><\/p>\n<p><strong>t\u00e9ma: <\/strong>kov\u00e1\u0159sk\u00e1 v\u00fdroba<\/p>\n<p><strong>kontakt: <\/strong>email: tichyp@seznam.cz, tel.: +420\u00a0731\u00a0014\u00a0067<\/p>\n<p><strong>mo\u017enosti pro \u017e\u00e1ky: <\/strong>v\u00fdklad o\u00a0z\u00e1kladech kov\u00e1\u0159sk\u00e9 v\u00fdroby s\u00a0n\u00e1zornou uk\u00e1zku v\u00fdroby jednoduch\u00fdch kov\u00e1\u0159sk\u00fdch v\u00fdrobk\u016f v\u00a0kov\u00e1rn\u011b SOU Hub\u00e1lov<\/p>\n<hr \/>\n<p><strong>Stanislav Tutka<\/strong><\/p>\n<p><strong>t\u00e9ma: <\/strong>mykologie<\/p>\n<p><strong>kontakt: <\/strong>email: stanislav.tudka@email.cz, tel.: +420\u00a0608\u00a0982\u00a0602<\/p>\n<p><strong>mo\u017enosti pro \u017e\u00e1ky:\u00a0<\/strong>p\u0159edn\u00e1\u0161ka, beseda, exkurze, n\u00e1v\u0161t\u011bva ve \u0161kole<\/p>\n<hr \/>\n<p><strong>Karel a\u00a0Eva Urbanovi \u2013 Urbanglass s.r.o.<\/strong><\/p>\n<p><strong>t\u00e9ma: <\/strong>ru\u010dn\u00ed v\u00fdroba sklen\u011bn\u00fdch figurek<\/p>\n<p><strong>kontakt:<\/strong> email: urbanglass@seznam.cz, tel.: +420\u00a0603\u00a0213\u00a0339, +420\u00a0326\u00a0789\u00a0368<\/p>\n<p><strong>webov\u00e9 str\u00e1nky:<\/strong> <a href=\"http:\/\/www.urbanglass-figurky.cz\">www.urbanglass-figurky.cz,<\/a> <strong>Facebook:<\/strong> <a href=\"https:\/\/www.facebook.com\/Urbanglass-figurky-506222549474294\/\">Urbanglass-figurky-506222549474294\/<\/a><\/p>\n<p><strong>mo\u017enosti pro \u017e\u00e1ky:\u00a0<\/strong>n\u00e1v\u0161t\u011bva skl\u00e1\u0159sk\u00e9 d\u00edlny v&nbsp;Hub\u00e1lov\u011b, mo\u017enost vyzkou\u0161en\u00ed pr\u00e1ce skl\u00e1\u0159e, beseda, prezentace ve \u0161kole, p\u0159\u00edp. uk\u00e1zka pr\u00e1ce ve \u0161kole, v\u0161e dle domluvy<\/p>\n<hr \/>\n<p><strong>Jaroslav Zadra\u017eil<\/strong><\/p>\n<p><strong>t\u00e9mata:\u00a0<\/strong>Pro\u010d je d\u016fle\u017eit\u00e9 v\u011bd\u011bt n\u011bco o\u00a0tom, co j\u00edme. Va\u0159en\u00ed <strong>\u2013<\/strong> historie a\u00a0sou\u010dasnost.<br \/>\nPotraviny <strong>\u2013<\/strong> v\u00fdb\u011br a\u00a0\u00faprava<\/p>\n<p><strong>kontakt:<\/strong>\u00a0email: zadrazil_j@seznam.cz, tel.: +420\u00a0720\u00a0756\u00a0019<\/p>\n<p><strong>mo\u017enosti pro \u017e\u00e1ky:\u00a0<\/strong>p\u0159edn\u00e1\u0161ka, beseda, konzultace<\/p>\n","protected":false},"excerpt":{"rendered":"<p>D\u011bti i&nbsp;dosp\u011bl\u00ed se nejv\u00edce nau\u010d\u00ed od t\u011bch, kte\u0159\u00ed sv\u00e9 znalosti a&nbsp;dovednosti cht\u011bj\u00ed a&nbsp;dok\u00e1\u017eou p\u0159ed\u00e1vat. Vyu\u017eijte seznamu m\u00edstn\u00edch odborn\u00edk\u016f a&nbsp;poj\u010fte se s&nbsp;d\u011btmi dozv\u011bd\u011bt n\u011bco z&nbsp;oblasti geologie, ornitologie, poznat bl\u00ed\u017ee liturgick\u00fd rok, \u017eivot na statku \u010di&nbsp;v\u010dela\u0159en\u00ed atd. T\u00fdm projektu MAP II\u00a0Mnichovohradi\u0161\u0165sko pro v\u00e1s p\u0159ipravil seznam lid\u00ed, kte\u0159\u00ed\u00a0d\u011blaj\u00ed v&nbsp;r\u00e1mci sv\u00e9 profese \u010di&nbsp;jako sv\u00e9ho kon\u00ed\u010dka n\u011bco, co by bylo [&hellip;]<\/p>\n","protected":false},"author":1,"featured_media":0,"parent":0,"menu_order":0,"comment_status":"closed","ping_status":"closed","template":"","meta":[],"_links":{"self":[{"href":"https:\/\/map-mh.cz\/map4\/wp-json\/wp\/v2\/pages\/3727"}],"collection":[{"href":"https:\/\/map-mh.cz\/map4\/wp-json\/wp\/v2\/pages"}],"about":[{"href":"https:\/\/map-mh.cz\/map4\/wp-json\/wp\/v2\/types\/page"}],"author":[{"embeddable":true,"href":"https:\/\/map-mh.cz\/map4\/wp-json\/wp\/v2\/users\/1"}],"replies":[{"embeddable":true,"href":"https:\/\/map-mh.cz\/map4\/wp-json\/wp\/v2\/comments?post=3727"}],"version-history":[{"count":28,"href":"https:\/\/map-mh.cz\/map4\/wp-json\/wp\/v2\/pages\/3727\/revisions"}],"predecessor-version":[{"id":11542,"href":"https:\/\/map-mh.cz\/map4\/wp-json\/wp\/v2\/pages\/3727\/revisions\/11542"}],"wp:attachment":[{"href":"https:\/\/map-mh.cz\/map4\/wp-json\/wp\/v2\/media?parent=3727"}],"curies":[{"name":"wp","href":"https:\/\/api.w.org\/{rel}","templated":true}]}}