{"id":3561,"date":"2018-12-31T01:07:28","date_gmt":"2018-12-31T00:07:28","guid":{"rendered":"https:\/\/map-mh.cz\/map4\/?page_id=3561"},"modified":"2019-01-03T23:43:50","modified_gmt":"2019-01-03T22:43:50","slug":"michala-mydlarova","status":"publish","type":"page","link":"https:\/\/map-mh.cz\/map4\/michala-mydlarova\/","title":{"rendered":"Michala Mydl\u00e1\u0159ov\u00e1"},"content":{"rendered":"<p><a href=\"https:\/\/map-mh.cz\/map4\/wp-content\/uploads\/2018\/12\/Foto_Mydl\u00e1\u0159ov\u00e1.jpg\" rel=\"lightbox-0\"><img decoding=\"async\" loading=\"lazy\" class=\"alignright wp-image-3552 size-thumbnail\" src=\"https:\/\/map-mh.cz\/map4\/wp-content\/uploads\/2019\/01\/Foto_Mydl\u00e1\u0159ov\u00e1m.jpg\" alt=\"\" width=\"150\" height=\"150\" \/><\/a><\/p>\n<p>Poch\u00e1z\u00edm z&nbsp;Mnichova Hradi\u0161t\u011b. Po&nbsp;studiu na st\u0159edn\u00ed zdravotnick\u00e9 \u0161kole jsem pracovala na anesteziologicko-resuscita\u010dn\u00edm odd\u011blen\u00ed Klaudi\u00e1novy nemocnice v&nbsp;Mlad\u00e9 Boleslavi a&nbsp;n\u00e1sledn\u011b v\u00a0ordinaci MUDr. \u0160v\u00e1bov\u00e9 v&nbsp;Mnichov\u011b Hradi\u0161ti. Kv\u016fli studiu angli\u010dtiny jsem odjela do Anglie, kde jsem pracovala jako au pair a&nbsp;jako asistent pro voz\u00ed\u010dk\u00e1\u0159e. V&nbsp;roce 2007 jsem odcestovala do rovn\u00edkov\u00e9 Afriky, kde jsem dva roky str\u00e1vila prac\u00ed na zdravotnick\u00fdch a&nbsp;vzd\u011bl\u00e1vac\u00edch projektech. M\u00e1m t\u0159i d\u011bti, v\u0161echny nav\u0161t\u011bvuj\u00ed Z\u0160 a&nbsp;M\u0160 na Kl\u00e1\u0161te\u0159e, kde bydl\u00edme. B\u011bhem rodi\u010dovsk\u00e9 dovolen\u00e9 jsem pracovala pro MAP Mnichovohradi\u0161\u0165sko, na projektech Centra pro rodinu N\u00e1ru\u010d, z. \u00fa., a\u00a0v\u011bnovala se v\u00fduce prvn\u00ed pomoci. Pr\u00e1ci pro projekt MAP vn\u00edm\u00e1m jako smysluplnou a&nbsp;velmi m\u011b bav\u00ed. Vzd\u011bl\u00e1v\u00e1n\u00ed je spole\u010dn\u011b s\u00a0t\u00e9maty, jako je udr\u017eiteln\u00fd rozvoj, ob\u010dansk\u00e1 spole\u010dnost a&nbsp;komunitn\u00ed \u017eivot, dlouhodob\u011b oblast\u00ed m\u00e9ho z\u00e1jmu.<\/p>\n","protected":false},"excerpt":{"rendered":"<p>Poch\u00e1z\u00edm z&nbsp;Mnichova Hradi\u0161t\u011b. Po&nbsp;studiu na st\u0159edn\u00ed zdravotnick\u00e9 \u0161kole jsem pracovala na anesteziologicko-resuscita\u010dn\u00edm odd\u011blen\u00ed Klaudi\u00e1novy nemocnice v&nbsp;Mlad\u00e9 Boleslavi a&nbsp;n\u00e1sledn\u011b v\u00a0ordinaci MUDr. \u0160v\u00e1bov\u00e9 v&nbsp;Mnichov\u011b Hradi\u0161ti. Kv\u016fli studiu angli\u010dtiny jsem odjela do Anglie, kde jsem pracovala jako au pair a&nbsp;jako asistent pro voz\u00ed\u010dk\u00e1\u0159e. V&nbsp;roce 2007 jsem odcestovala do rovn\u00edkov\u00e9 Afriky, kde jsem dva roky str\u00e1vila prac\u00ed na zdravotnick\u00fdch [&hellip;]<\/p>\n","protected":false},"author":1,"featured_media":0,"parent":0,"menu_order":0,"comment_status":"closed","ping_status":"closed","template":"","meta":[],"_links":{"self":[{"href":"https:\/\/map-mh.cz\/map4\/wp-json\/wp\/v2\/pages\/3561"}],"collection":[{"href":"https:\/\/map-mh.cz\/map4\/wp-json\/wp\/v2\/pages"}],"about":[{"href":"https:\/\/map-mh.cz\/map4\/wp-json\/wp\/v2\/types\/page"}],"author":[{"embeddable":true,"href":"https:\/\/map-mh.cz\/map4\/wp-json\/wp\/v2\/users\/1"}],"replies":[{"embeddable":true,"href":"https:\/\/map-mh.cz\/map4\/wp-json\/wp\/v2\/comments?post=3561"}],"version-history":[{"count":3,"href":"https:\/\/map-mh.cz\/map4\/wp-json\/wp\/v2\/pages\/3561\/revisions"}],"predecessor-version":[{"id":3575,"href":"https:\/\/map-mh.cz\/map4\/wp-json\/wp\/v2\/pages\/3561\/revisions\/3575"}],"wp:attachment":[{"href":"https:\/\/map-mh.cz\/map4\/wp-json\/wp\/v2\/media?parent=3561"}],"curies":[{"name":"wp","href":"https:\/\/api.w.org\/{rel}","templated":true}]}}