{"id":3558,"date":"2018-12-31T00:57:14","date_gmt":"2018-12-30T23:57:14","guid":{"rendered":"https:\/\/map-mh.cz\/map4\/?page_id=3558"},"modified":"2022-10-18T10:05:06","modified_gmt":"2022-10-18T08:05:06","slug":"ing-kamila-koranova","status":"publish","type":"page","link":"https:\/\/map-mh.cz\/map4\/ing-kamila-koranova\/","title":{"rendered":"Ing. Kamila Ko\u0159\u00e1nov\u00e1"},"content":{"rendered":"<p><a href=\"https:\/\/map-mh.cz\/map4\/wp-content\/uploads\/2018\/12\/Foto_Ko\u0159\u00e1nov\u00e1.jpg\" rel=\"lightbox-0\"><img decoding=\"async\" loading=\"lazy\" class=\"wp-image-3551 size-thumbnail alignright\" src=\"https:\/\/map-mh.cz\/map4\/wp-content\/uploads\/2019\/01\/Foto_Ko\u0159\u00e1nov\u00e1m.jpg\" alt=\"\" width=\"150\" height=\"150\" \/><\/a>V projektu MAP III m\u00e1m na starosti finan\u010dn\u00ed str\u00e1nku (\u010derp\u00e1n\u00ed rozpo\u010dtu, faktury, smlouvy, podklady pro mzdy a&nbsp;za\u00fa\u010dtov\u00e1n\u00ed n\u00e1klad\u016f). Pod\u00edlela jsem se t\u00e9\u017e na p\u0159edchoz\u00edch projektech MAPu. Pr\u00e1ce na projektu m\u011b bav\u00ed, jeliko\u017e mi oblast vzd\u011bl\u00e1v\u00e1n\u00ed nen\u00ed lhostejn\u00e1. V&nbsp;minulosti jsem 5 let pracovala v&nbsp;bankovn\u00edm sektoru a&nbsp;po&nbsp;mate\u0159sk\u00e9 dovolen\u00e9 jsem p\u016fsobila ve Vzd\u011bl\u00e1vac\u00edm centru v&nbsp;Turnov\u011b, kde jsem zaji\u0161\u0165ovala organizaci vzd\u011bl\u00e1vac\u00edch semin\u00e1\u0159\u016f pro pedagogy z&nbsp;M\u0160. M\u00e1m dv\u011b d\u011bti, dcera je na z\u00e1kladn\u00ed \u0161kole a&nbsp;syn na st\u0159edn\u00ed \u0161kole v&nbsp;Turnov\u011b.<\/p>\n<p>&nbsp;<\/p>\n<p>&nbsp;<\/p>\n","protected":false},"excerpt":{"rendered":"<p>V projektu MAP III m\u00e1m na starosti finan\u010dn\u00ed str\u00e1nku (\u010derp\u00e1n\u00ed rozpo\u010dtu, faktury, smlouvy, podklady pro mzdy a&nbsp;za\u00fa\u010dtov\u00e1n\u00ed n\u00e1klad\u016f). Pod\u00edlela jsem se t\u00e9\u017e na p\u0159edchoz\u00edch projektech MAPu. Pr\u00e1ce na projektu m\u011b bav\u00ed, jeliko\u017e mi oblast vzd\u011bl\u00e1v\u00e1n\u00ed nen\u00ed lhostejn\u00e1. V&nbsp;minulosti jsem 5 let pracovala v&nbsp;bankovn\u00edm sektoru a&nbsp;po&nbsp;mate\u0159sk\u00e9 dovolen\u00e9 jsem p\u016fsobila ve Vzd\u011bl\u00e1vac\u00edm centru v&nbsp;Turnov\u011b, kde jsem zaji\u0161\u0165ovala [&hellip;]<\/p>\n","protected":false},"author":1,"featured_media":0,"parent":0,"menu_order":0,"comment_status":"closed","ping_status":"closed","template":"","meta":[],"_links":{"self":[{"href":"https:\/\/map-mh.cz\/map4\/wp-json\/wp\/v2\/pages\/3558"}],"collection":[{"href":"https:\/\/map-mh.cz\/map4\/wp-json\/wp\/v2\/pages"}],"about":[{"href":"https:\/\/map-mh.cz\/map4\/wp-json\/wp\/v2\/types\/page"}],"author":[{"embeddable":true,"href":"https:\/\/map-mh.cz\/map4\/wp-json\/wp\/v2\/users\/1"}],"replies":[{"embeddable":true,"href":"https:\/\/map-mh.cz\/map4\/wp-json\/wp\/v2\/comments?post=3558"}],"version-history":[{"count":4,"href":"https:\/\/map-mh.cz\/map4\/wp-json\/wp\/v2\/pages\/3558\/revisions"}],"predecessor-version":[{"id":13285,"href":"https:\/\/map-mh.cz\/map4\/wp-json\/wp\/v2\/pages\/3558\/revisions\/13285"}],"wp:attachment":[{"href":"https:\/\/map-mh.cz\/map4\/wp-json\/wp\/v2\/media?parent=3558"}],"curies":[{"name":"wp","href":"https:\/\/api.w.org\/{rel}","templated":true}]}}