{"id":3553,"date":"2018-12-31T00:52:59","date_gmt":"2018-12-30T23:52:59","guid":{"rendered":"https:\/\/map-mh.cz\/map4\/?page_id=3553"},"modified":"2019-01-03T23:34:16","modified_gmt":"2019-01-03T22:34:16","slug":"mgr-martina-kestnerova","status":"publish","type":"page","link":"https:\/\/map-mh.cz\/map4\/mgr-martina-kestnerova\/","title":{"rendered":"Mgr. Martina Kestnerov\u00e1"},"content":{"rendered":"<p><a href=\"https:\/\/map-mh.cz\/map4\/wp-content\/uploads\/2018\/12\/Foto_Kestnerov\u00e1.jpg\" rel=\"lightbox-0\"><img decoding=\"async\" loading=\"lazy\" class=\"alignright wp-image-3549 size-thumbnail\" src=\"https:\/\/map-mh.cz\/map4\/wp-content\/uploads\/2019\/01\/Foto_Kestnerov\u00e1m.jpg\" alt=\"\" width=\"150\" height=\"150\" \/><\/a>Jsem z&nbsp;Turnova. Dvan\u00e1ct let jsem pracovala v\u00a0ob\u010dansk\u00e9m sdru\u017een\u00ed Most ke vzd\u011bl\u00e1n\u00ed na pozici projektov\u00e9 mana\u017eerky a\u00a0lektorky. Zde jsem z\u00edskala zku\u0161enosti s\u00a0\u0159\u00edzen\u00edm a\u00a0administrac\u00ed men\u0161\u00edch projekt\u016f v\u00a0soci\u00e1ln\u00ed oblasti. Mimo jin\u00e9 jsem m\u011bla na starost individu\u00e1ln\u00ed a\u00a0skupinov\u00e9 poradenstv\u00ed pro uchaze\u010de o\u00a0zam\u011bstn\u00e1n\u00ed, koordinaci r\u016fzn\u00fdch kurz\u016f a&nbsp;rekvalifikac\u00ed, \u0159\u00edzen\u00e9 praxe a\u00a0spole\u010densky \u00fa\u010deln\u00e1 pracovn\u00ed m\u00edsta. Oblast vzd\u011bl\u00e1v\u00e1n\u00ed je mi tedy velmi bl\u00edzk\u00e1. B\u011bhem sv\u00e9 rodi\u010dovsk\u00e9 dovolen\u00e9 jsem m\u011bla mo\u017enost zapojit se do projektu zam\u011b\u0159en\u00e9ho na volno\u010dasov\u00e9 vzd\u011bl\u00e1v\u00e1n\u00ed d\u011bt\u00ed, kde jsem pracovala na pozici lektorky finan\u010dn\u00ed gramotnosti. Ob\u011b m\u00e9 d\u011bti doch\u00e1zej\u00ed do \u0161kolsk\u00fdch za\u0159\u00edzen\u00ed v\u00a0Turnov\u011b, dcera na z\u00e1kladn\u00ed \u0161kolu, syn do mate\u0159sk\u00e9 \u0161koly a\u00a0z\u00a0pozice rodi\u010de se o\u00a0problematiku \u0161kolstv\u00ed t\u00e9\u017e \u017eiv\u011b zaj\u00edm\u00e1m. Se sv\u00fdm \u017eivotn\u00edm p\u0159\u00edstupem jsem hledala smysluplnou pr\u00e1ci a\u00a0pevn\u011b v\u011b\u0159\u00edm, \u017ee jsem ji na\u0161la.<\/p>\n","protected":false},"excerpt":{"rendered":"<p>Jsem z&nbsp;Turnova. Dvan\u00e1ct let jsem pracovala v\u00a0ob\u010dansk\u00e9m sdru\u017een\u00ed Most ke vzd\u011bl\u00e1n\u00ed na pozici projektov\u00e9 mana\u017eerky a\u00a0lektorky. Zde jsem z\u00edskala zku\u0161enosti s\u00a0\u0159\u00edzen\u00edm a\u00a0administrac\u00ed men\u0161\u00edch projekt\u016f v\u00a0soci\u00e1ln\u00ed oblasti. Mimo jin\u00e9 jsem m\u011bla na starost individu\u00e1ln\u00ed a\u00a0skupinov\u00e9 poradenstv\u00ed pro uchaze\u010de o\u00a0zam\u011bstn\u00e1n\u00ed, koordinaci r\u016fzn\u00fdch kurz\u016f a&nbsp;rekvalifikac\u00ed, \u0159\u00edzen\u00e9 praxe a\u00a0spole\u010densky \u00fa\u010deln\u00e1 pracovn\u00ed m\u00edsta. Oblast vzd\u011bl\u00e1v\u00e1n\u00ed je mi tedy velmi bl\u00edzk\u00e1. [&hellip;]<\/p>\n","protected":false},"author":1,"featured_media":0,"parent":0,"menu_order":0,"comment_status":"closed","ping_status":"closed","template":"","meta":[],"_links":{"self":[{"href":"https:\/\/map-mh.cz\/map4\/wp-json\/wp\/v2\/pages\/3553"}],"collection":[{"href":"https:\/\/map-mh.cz\/map4\/wp-json\/wp\/v2\/pages"}],"about":[{"href":"https:\/\/map-mh.cz\/map4\/wp-json\/wp\/v2\/types\/page"}],"author":[{"embeddable":true,"href":"https:\/\/map-mh.cz\/map4\/wp-json\/wp\/v2\/users\/1"}],"replies":[{"embeddable":true,"href":"https:\/\/map-mh.cz\/map4\/wp-json\/wp\/v2\/comments?post=3553"}],"version-history":[{"count":3,"href":"https:\/\/map-mh.cz\/map4\/wp-json\/wp\/v2\/pages\/3553\/revisions"}],"predecessor-version":[{"id":3572,"href":"https:\/\/map-mh.cz\/map4\/wp-json\/wp\/v2\/pages\/3553\/revisions\/3572"}],"wp:attachment":[{"href":"https:\/\/map-mh.cz\/map4\/wp-json\/wp\/v2\/media?parent=3553"}],"curies":[{"name":"wp","href":"https:\/\/api.w.org\/{rel}","templated":true}]}}