{"id":16383,"date":"2025-09-15T09:40:43","date_gmt":"2025-09-15T07:40:43","guid":{"rendered":"https:\/\/map-mh.cz\/map4\/?page_id=16383"},"modified":"2026-02-16T10:41:23","modified_gmt":"2026-02-16T09:41:23","slug":"cyklokrouzky-pro-deti","status":"publish","type":"page","link":"https:\/\/map-mh.cz\/map4\/volnocasove-aktivity\/cyklokrouzky-pro-deti\/","title":{"rendered":"Cyklokrou\u017eky pro d\u011bti"},"content":{"rendered":"<p><strong>N\u00e1zev organizace<\/strong>:\u00a0<span data-sheets-value=\"{&quot;1&quot;:2,&quot;2&quot;:&quot;Brante-se.cz - V\u00fduka sebeobrany krav maga&quot;}\" data-sheets-userformat=\"{&quot;2&quot;:513,&quot;3&quot;:{&quot;1&quot;:0},&quot;12&quot;:0}\">Akademie v&nbsp;pohybu<\/span><\/p>\n<p><strong>N\u00e1zev volno\u010dasov\u00e9 aktivity:<\/strong> <span data-sheets-value=\"{&quot;1&quot;:2,&quot;2&quot;:&quot;Sebeobrana krav maga pro d\u011bti &quot;}\" data-sheets-userformat=\"{&quot;2&quot;:513,&quot;3&quot;:{&quot;1&quot;:0},&quot;12&quot;:0}\">Cyklokrou\u017eky pro d\u011bti<\/span><\/p>\n<p><strong>M\u00edsto kon\u00e1n\u00ed:<\/strong> Sraz \u2013 d\u011btsk\u00e9 dopravn\u00ed h\u0159i\u0161t\u011b Mnichovo Hradi\u0161t\u011b. M\u00edsto v\u00fduky se bude m\u011bnit v&nbsp;z\u00e1vislosti na typu tr\u00e9ninku.<\/p>\n<p><strong>Dny, kdy aktivita prob\u00edh\u00e1:<\/strong><\/p>\n<p>P\u00e1tek: 16:30\u201318:00 hodin. od 3.&nbsp;4.&nbsp;2026<\/p>\n<p><strong>Cena aktivity:\u00a0<\/strong>3.990&nbsp;K\u010d<span data-sheets-value=\"{&quot;1&quot;:2,&quot;2&quot;:&quot;dle ro\u010dn\u00edk\u016f&quot;}\" data-sheets-userformat=\"{&quot;2&quot;:513,&quot;3&quot;:{&quot;1&quot;:0},&quot;12&quot;:0}\"><br \/>\n<\/span><\/p>\n<p><strong>Pro jak star\u00e9 d\u011bti je aktivita ur\u010dena:<\/strong> 6\u201310 let, po&nbsp;dohod\u011b je mo\u017en\u00e9 vz\u00edt mlad\u0161\u00ed\/star\u0161\u00ed d\u00edt\u011b<\/p>\n<p><strong>Webov\u00e9 str\u00e1nky organizace:<\/strong> <a href=\"http:\/\/www.akademievpohybu.cz\">www.akademievpohybu.cz<\/a><\/p>\n<p><strong>Kontaktn\u00ed osoba: <\/strong><span data-sheets-value=\"{&quot;1&quot;:2,&quot;2&quot;:&quot;info@petrmazal.cz \/ +420 724 085 538&quot;}\" data-sheets-userformat=\"{&quot;2&quot;:513,&quot;3&quot;:{&quot;1&quot;:0},&quot;12&quot;:0}\">Mgr. Tereza Van\u00ed\u010dkov\u00e1, info@akademievpohybu.cz, +420&nbsp;604&nbsp;926&nbsp;236<\/span><\/p>\n<a class=\"maxbutton-10 maxbutton maxbutton-zpet\" href=\"https:\/\/map-mh.cz\/map4\/volnocasove-aktivity\/\"><span class='mb-text'>zp\u011bt<\/span><\/a>\n","protected":false},"excerpt":{"rendered":"<p>N\u00e1zev organizace:\u00a0Akademie v&nbsp;pohybu N\u00e1zev volno\u010dasov\u00e9 aktivity: Cyklokrou\u017eky pro d\u011bti M\u00edsto kon\u00e1n\u00ed: Sraz \u2013 d\u011btsk\u00e9 dopravn\u00ed h\u0159i\u0161t\u011b Mnichovo Hradi\u0161t\u011b. M\u00edsto v\u00fduky se bude m\u011bnit v&nbsp;z\u00e1vislosti na typu tr\u00e9ninku. Dny, kdy aktivita prob\u00edh\u00e1: P\u00e1tek: 16:30\u201318:00 hodin. od 3.&nbsp;4.&nbsp;2026 Cena aktivity:\u00a03.990&nbsp;K\u010d Pro jak star\u00e9 d\u011bti je aktivita ur\u010dena: 6\u201310 let, po&nbsp;dohod\u011b je mo\u017en\u00e9 vz\u00edt mlad\u0161\u00ed\/star\u0161\u00ed d\u00edt\u011b Webov\u00e9 str\u00e1nky [&hellip;]<\/p>\n","protected":false},"author":4,"featured_media":0,"parent":6079,"menu_order":0,"comment_status":"closed","ping_status":"closed","template":"","meta":[],"_links":{"self":[{"href":"https:\/\/map-mh.cz\/map4\/wp-json\/wp\/v2\/pages\/16383"}],"collection":[{"href":"https:\/\/map-mh.cz\/map4\/wp-json\/wp\/v2\/pages"}],"about":[{"href":"https:\/\/map-mh.cz\/map4\/wp-json\/wp\/v2\/types\/page"}],"author":[{"embeddable":true,"href":"https:\/\/map-mh.cz\/map4\/wp-json\/wp\/v2\/users\/4"}],"replies":[{"embeddable":true,"href":"https:\/\/map-mh.cz\/map4\/wp-json\/wp\/v2\/comments?post=16383"}],"version-history":[{"count":3,"href":"https:\/\/map-mh.cz\/map4\/wp-json\/wp\/v2\/pages\/16383\/revisions"}],"predecessor-version":[{"id":16649,"href":"https:\/\/map-mh.cz\/map4\/wp-json\/wp\/v2\/pages\/16383\/revisions\/16649"}],"up":[{"embeddable":true,"href":"https:\/\/map-mh.cz\/map4\/wp-json\/wp\/v2\/pages\/6079"}],"wp:attachment":[{"href":"https:\/\/map-mh.cz\/map4\/wp-json\/wp\/v2\/media?parent=16383"}],"curies":[{"name":"wp","href":"https:\/\/api.w.org\/{rel}","templated":true}]}}