{"id":14917,"date":"2024-02-22T10:52:29","date_gmt":"2024-02-22T09:52:29","guid":{"rendered":"https:\/\/map-mh.cz\/map4\/?page_id=14917"},"modified":"2024-02-22T13:57:07","modified_gmt":"2024-02-22T12:57:07","slug":"e-mailovy-infokanal","status":"publish","type":"page","link":"https:\/\/map-mh.cz\/map4\/e-mailovy-infokanal\/","title":{"rendered":"E-mailov\u00fd infokan\u00e1l"},"content":{"rendered":"<p><strong>Pro\u010d se registrovat?<\/strong><\/p>\n<p>Na V\u00e1mi uveden\u00fd e-mail, budou zas\u00edl\u00e1ny pozv\u00e1nky a&nbsp;aktu\u00e1ln\u00ed informace z\u00a0MAP Mnichovohradi\u0161\u0165sko.<\/p>\n<h2>REGISTRACE<\/h2>\n<p>Registrac\u00ed k\u00a0odb\u011bru na\u0161ich pozv\u00e1nek a&nbsp;aktu\u00e1ln\u00edch informac\u00ed o&nbsp;projektu z\u00a0MAP, ud\u011bluji souhlas se zpracov\u00e1n\u00ed osobn\u00edch \u00fadaj\u016f spr\u00e1vci \u00fadaj\u016f \u2013 MAP Mnichovohradi\u0161\u0165sko (M\u011bsto Mnichovo Hradi\u0161t\u011b). Souhlas je ud\u011blov\u00e1n na\u0161\u00ed organizaci MAP Mnichovohradi\u0161\u0165sko (M\u011bsto Mnichovo Hradi\u0161t\u011b) se s\u00eddlem Masarykovo n\u00e1m\u011bst\u00ed 1, 29501 Mnichovo Hradi\u0161t\u011b, (d\u00e1le jen \u201eMAP\u201c). \u00da\u010delem zpracov\u00e1n\u00ed osobn\u00edch \u00fadaj\u016f je zejm\u00e9na: zas\u00edl\u00e1n\u00ed pravideln\u00fdch novinek a&nbsp;informac\u00ed o&nbsp;aktivit\u00e1ch, slu\u017eb\u00e1ch a&nbsp;akc\u00edch (v\u010d. pozv\u00e1nek na konan\u00e9 akce) MAP, a&nbsp;\u00a0to v\u00a0elektronick\u00e9 podob\u011b, formou emailov\u00e9ho infokan\u00e1lu. Zpracov\u00e1van\u00e9 osobn\u00ed \u00fadaje budou zejm\u00e9na: Va\u0161e jm\u00e9no, p\u0159\u00edjmen\u00ed, emailov\u00e1 adresa, organizace a&nbsp;role v&nbsp;organizaci. V&nbsp;p\u0159\u00edpad\u011b, \u017ee se rozhodnete p\u0159ihl\u00e1sit na na\u0161i akci, je mo\u017en\u00e9, \u017ee V\u00e1mi p\u0159edan\u00e9 osobn\u00ed \u00fadaje se roz\u0161\u00ed\u0159\u00ed o&nbsp;dal\u0161\u00ed identifika\u010dn\u00ed a&nbsp;kontaktn\u00ed \u00fadaje, kterou budou nezbytn\u00e9 pro pln\u011bn\u00ed \u00fa\u010delu zpracov\u00e1n\u00ed Va\u0161ich \u00fadaj\u016f p\u0159i&nbsp;konan\u00fdch akc\u00edch, jedn\u00e1 se zejm\u00e9na o&nbsp;telefon nebo datum narozen\u00ed pro p\u0159\u00edpadn\u00e9 certifikace nebo doklady o&nbsp;absolvov\u00e1n\u00ed na\u0161\u00edch akc\u00ed. \u00a0P\u0159\u00edjemcem \u00fadaj\u016f mohou b\u00fdt t\u0159et\u00ed osoby pov\u011b\u0159en\u00e9 poskytovatelem podpory, p\u0159\u00edpadn\u011b Evropskou komis\u00ed, a&nbsp;to pouze k\u00a0\u00fa\u010del\u016fm evidence. Prohla\u0161uji, \u017ee poskytnut\u00e9 osobn\u00ed \u00fadaje jsou pravdiv\u00e9. Tento souhlas \u010din\u00edm bez\u00faplatn\u011b bez n\u00e1roku na jakoukoliv odm\u011bnu nebo n\u00e1hradu n\u00e1klad\u016f. Beru na v\u011bdom\u00ed, \u017ee poskytnut\u00ed osobn\u00edch \u00fadaj\u016f je dobrovoln\u00e9 a&nbsp;\u017ee jej mohu kdykoliv odvolat a&nbsp;to na n\u00ed\u017ee uveden\u00e9m linku Odvol\u00e1n\u00ed souhlasu,, p\u0159i\u010dem\u017e odvol\u00e1n\u00edm souhlasu nen\u00ed dot\u010dena z\u00e1konnost zpracov\u00e1n\u00ed vych\u00e1zej\u00edc\u00edho ze souhlasu, kter\u00fd byl d\u00e1n p\u0159ed jeho odvol\u00e1n\u00edm. Jako subjekt \u00fadaj\u016f potvrzuji, \u017ee mi bylo poskytnuto pou\u010den\u00ed o&nbsp;m\u00fdch pr\u00e1vech. Tento souhlas p\u0159edstavuje m\u016fj svobodn\u00fd, konkr\u00e9tn\u00ed, informovan\u00fd a&nbsp;jednozna\u010dn\u00fd projev v\u016fle a&nbsp;ud\u011bluji jej a&nbsp;dobu 10 let, nebo do jeho odvol\u00e1n\u00ed.<\/p>\n<h2>Registra\u010dn\u00ed formul\u00e1\u0159:<\/h2>\n<div role=\"form\" class=\"wpcf7\" id=\"wpcf7-f14924-o1\" lang=\"cs-CZ\" dir=\"ltr\">\n<div class=\"screen-reader-response\"><\/div>\n<form action=\"\/map4\/wp-json\/wp\/v2\/pages\/14917#wpcf7-f14924-o1\" method=\"post\" class=\"wpcf7-form\" novalidate=\"novalidate\">\n<div style=\"display: none;\">\n<input type=\"hidden\" name=\"_wpcf7\" value=\"14924\" \/>\n<input type=\"hidden\" name=\"_wpcf7_version\" value=\"4.7\" \/>\n<input type=\"hidden\" name=\"_wpcf7_locale\" value=\"cs_CZ\" \/>\n<input type=\"hidden\" name=\"_wpcf7_unit_tag\" value=\"wpcf7-f14924-o1\" \/>\n<input type=\"hidden\" name=\"_wpnonce\" value=\"64e9e36218\" \/>\n<\/div>\n<p><label> P\u0159\u00edjmen\u00ed a jm\u00e9no (vy\u017eadov\u00e1no)<br \/>\n    <span class=\"wpcf7-form-control-wrap jmeno\"><input type=\"text\" name=\"jmeno\" value=\"\" size=\"40\" class=\"wpcf7-form-control wpcf7-text wpcf7-validates-as-required\" aria-required=\"true\" aria-invalid=\"false\" \/><\/span> <\/label><\/p>\n<p><label> E-mail (vy\u017eadov\u00e1no)<br \/>\n    <span class=\"wpcf7-form-control-wrap email\"><input type=\"email\" name=\"email\" value=\"\" size=\"40\" class=\"wpcf7-form-control wpcf7-text wpcf7-email wpcf7-validates-as-required wpcf7-validates-as-email\" aria-required=\"true\" aria-invalid=\"false\" \/><\/span> <\/label><\/p>\n<p><label> Organizace a pozice (vy\u017eadov\u00e1no)<br \/>\n    <span class=\"wpcf7-form-control-wrap organizace\"><input type=\"text\" name=\"organizace\" value=\"\" size=\"40\" class=\"wpcf7-form-control wpcf7-text wpcf7-validates-as-required\" aria-required=\"true\" aria-invalid=\"false\" \/><\/span> <\/label><\/p>\n<p><input type=\"submit\" value=\"Odeslat\" class=\"wpcf7-form-control wpcf7-submit\" \/><\/p>\n<div class=\"wpcf7-response-output wpcf7-display-none\"><\/div><\/form><\/div>\n<hr \/>\n<h2>Odvol\u00e1n\u00ed souhlasu<\/h2>\n<p>Odstran\u011bn\u00ed ze zpracov\u00e1n\u00ed registrovan\u00fdch subjekt\u016f bude provedeno na z\u00e1klad\u011b odvolan\u00e9ho souhlasu. T\u00edmto bude ukon\u010deno zas\u00edl\u00e1n\u00ed upozorn\u011bn\u00ed.<\/p>\n<p>Souhlas m\u016f\u017eete odvolat n\u00ed\u017ee.<\/p>\n<div role=\"form\" class=\"wpcf7\" id=\"wpcf7-f14925-o2\" lang=\"cs-CZ\" dir=\"ltr\">\n<div class=\"screen-reader-response\"><\/div>\n<form action=\"\/map4\/wp-json\/wp\/v2\/pages\/14917#wpcf7-f14925-o2\" method=\"post\" class=\"wpcf7-form\" novalidate=\"novalidate\">\n<div style=\"display: none;\">\n<input type=\"hidden\" name=\"_wpcf7\" value=\"14925\" \/>\n<input type=\"hidden\" name=\"_wpcf7_version\" value=\"4.7\" \/>\n<input type=\"hidden\" name=\"_wpcf7_locale\" value=\"cs_CZ\" \/>\n<input type=\"hidden\" name=\"_wpcf7_unit_tag\" value=\"wpcf7-f14925-o2\" \/>\n<input type=\"hidden\" name=\"_wpnonce\" value=\"a99bb3cfb2\" \/>\n<\/div>\n<p><label> E-mail (vy\u017eadov\u00e1no)<br \/>\n    <span class=\"wpcf7-form-control-wrap email\"><input type=\"email\" name=\"email\" value=\"\" size=\"40\" class=\"wpcf7-form-control wpcf7-text wpcf7-email wpcf7-validates-as-required wpcf7-validates-as-email\" aria-required=\"true\" aria-invalid=\"false\" \/><\/span> <\/label><\/p>\n<p><input type=\"submit\" value=\"Odeslat\" class=\"wpcf7-form-control wpcf7-submit\" \/><\/p>\n<div class=\"wpcf7-response-output wpcf7-display-none\"><\/div><\/form><\/div>\n","protected":false},"excerpt":{"rendered":"<p>Pro\u010d se registrovat? Na V\u00e1mi uveden\u00fd e-mail, budou zas\u00edl\u00e1ny pozv\u00e1nky a&nbsp;aktu\u00e1ln\u00ed informace z\u00a0MAP Mnichovohradi\u0161\u0165sko. REGISTRACE Registrac\u00ed k\u00a0odb\u011bru na\u0161ich pozv\u00e1nek a&nbsp;aktu\u00e1ln\u00edch informac\u00ed o&nbsp;projektu z\u00a0MAP, ud\u011bluji souhlas se zpracov\u00e1n\u00ed osobn\u00edch \u00fadaj\u016f spr\u00e1vci \u00fadaj\u016f \u2013 MAP Mnichovohradi\u0161\u0165sko (M\u011bsto Mnichovo Hradi\u0161t\u011b). Souhlas je ud\u011blov\u00e1n na\u0161\u00ed organizaci MAP Mnichovohradi\u0161\u0165sko (M\u011bsto Mnichovo Hradi\u0161t\u011b) se s\u00eddlem Masarykovo n\u00e1m\u011bst\u00ed 1, 29501 Mnichovo Hradi\u0161t\u011b, [&hellip;]<\/p>\n","protected":false},"author":1,"featured_media":0,"parent":0,"menu_order":0,"comment_status":"closed","ping_status":"closed","template":"","meta":[],"_links":{"self":[{"href":"https:\/\/map-mh.cz\/map4\/wp-json\/wp\/v2\/pages\/14917"}],"collection":[{"href":"https:\/\/map-mh.cz\/map4\/wp-json\/wp\/v2\/pages"}],"about":[{"href":"https:\/\/map-mh.cz\/map4\/wp-json\/wp\/v2\/types\/page"}],"author":[{"embeddable":true,"href":"https:\/\/map-mh.cz\/map4\/wp-json\/wp\/v2\/users\/1"}],"replies":[{"embeddable":true,"href":"https:\/\/map-mh.cz\/map4\/wp-json\/wp\/v2\/comments?post=14917"}],"version-history":[{"count":4,"href":"https:\/\/map-mh.cz\/map4\/wp-json\/wp\/v2\/pages\/14917\/revisions"}],"predecessor-version":[{"id":14927,"href":"https:\/\/map-mh.cz\/map4\/wp-json\/wp\/v2\/pages\/14917\/revisions\/14927"}],"wp:attachment":[{"href":"https:\/\/map-mh.cz\/map4\/wp-json\/wp\/v2\/media?parent=14917"}],"curies":[{"name":"wp","href":"https:\/\/api.w.org\/{rel}","templated":true}]}}