{"id":14861,"date":"2024-02-06T21:10:09","date_gmt":"2024-02-06T20:10:09","guid":{"rendered":"https:\/\/map-mh.cz\/map4\/?page_id=14861"},"modified":"2025-12-26T13:37:12","modified_gmt":"2025-12-26T12:37:12","slug":"souhrnny-seznam-mistnich-lidru","status":"publish","type":"page","link":"https:\/\/map-mh.cz\/map4\/souhrnny-seznam-mistnich-lidru\/","title":{"rendered":"Souhrnn\u00fd seznam m\u00edstn\u00edch l\u00eddr\u016f"},"content":{"rendered":"<p>&nbsp;<\/p>\n<p><a href=\"https:\/\/map-mh.cz\/map4\/wp-content\/uploads\/2025\/12\/mistni_lidri_final.pdf\">Souhrnn\u00fd seznam m\u00edstn\u00edch l\u00eddr\u016f MAP IV Mnichovohradi\u0161\u0165sko<\/a><\/p>\n","protected":false},"excerpt":{"rendered":"<p>&nbsp; Souhrnn\u00fd seznam m\u00edstn\u00edch l\u00eddr\u016f MAP IV Mnichovohradi\u0161\u0165sko<\/p>\n","protected":false},"author":1,"featured_media":0,"parent":0,"menu_order":0,"comment_status":"closed","ping_status":"closed","template":"","meta":[],"_links":{"self":[{"href":"https:\/\/map-mh.cz\/map4\/wp-json\/wp\/v2\/pages\/14861"}],"collection":[{"href":"https:\/\/map-mh.cz\/map4\/wp-json\/wp\/v2\/pages"}],"about":[{"href":"https:\/\/map-mh.cz\/map4\/wp-json\/wp\/v2\/types\/page"}],"author":[{"embeddable":true,"href":"https:\/\/map-mh.cz\/map4\/wp-json\/wp\/v2\/users\/1"}],"replies":[{"embeddable":true,"href":"https:\/\/map-mh.cz\/map4\/wp-json\/wp\/v2\/comments?post=14861"}],"version-history":[{"count":4,"href":"https:\/\/map-mh.cz\/map4\/wp-json\/wp\/v2\/pages\/14861\/revisions"}],"predecessor-version":[{"id":16564,"href":"https:\/\/map-mh.cz\/map4\/wp-json\/wp\/v2\/pages\/14861\/revisions\/16564"}],"wp:attachment":[{"href":"https:\/\/map-mh.cz\/map4\/wp-json\/wp\/v2\/media?parent=14861"}],"curies":[{"name":"wp","href":"https:\/\/api.w.org\/{rel}","templated":true}]}}