{"id":14858,"date":"2024-02-06T21:05:56","date_gmt":"2024-02-06T20:05:56","guid":{"rendered":"https:\/\/map-mh.cz\/map4\/?page_id=14858"},"modified":"2026-02-25T08:42:34","modified_gmt":"2026-02-25T07:42:34","slug":"evvo","status":"publish","type":"page","link":"https:\/\/map-mh.cz\/map4\/evvo\/","title":{"rendered":"EVVO"},"content":{"rendered":"<h3><strong>N\u00e1padn\u00edk pro environment\u00e1ln\u00ed vzd\u011bl\u00e1v\u00e1n\u00ed,<\/strong><strong>v\u00fdchovu a&nbsp;osv\u011btu (EVVO)\u00a0<\/strong><\/h3>\n<p>ke sta\u017een\u00ed: <a href=\"https:\/\/map-mh.cz\/map4\/wp-content\/uploads\/2026\/02\/napadnik-evvo-map-mh.pdf\">N\u00e1padn\u00edk EVVO \u2013 MAP MH<\/a><\/p>\n<p>Sestavili jsme pro v\u00e1s n\u00e1padn\u00edk pro EVVO.<\/p>\n<p><span style=\"color: #339966;\"><strong>Naleznete v\u00a0n\u011bm odkazy na nab\u00eddky vzd\u011bl\u00e1vac\u00edch program\u016f pro \u0161koly, vzd\u011bl\u00e1v\u00e1n\u00ed pro pedagogy a&nbsp;lektory, metodick\u00e9 materi\u00e1ly, prezentace a&nbsp;videa.<\/strong><\/span><\/p>\n<p>&nbsp;<\/p>\n<p><strong>Nab\u00eddky vzd\u011bl\u00e1vac\u00edch program\u016f pro \u0161koly:<\/strong><\/p>\n<p><a href=\"http:\/\/www.sevceskyraj.cz\/nase-nabidka\">St\u0159edisko ekologick\u00e9 v\u00fdchovy \u010cesk\u00fd r\u00e1j<\/a><\/p>\n<p><a href=\"https:\/\/www.dumprirody.cz\/ceskyraj\/programy-pro-skoly\/\">D\u016fm p\u0159\u00edrody \u010cesk\u00e9ho R\u00e1je<\/a><\/p>\n<p><a href=\"https:\/\/www.csopklenice.cz\/ekocentrum\/pro-skoly\/ekovychovne-programy\/\">\u010cSOP Klenice Mlad\u00e1 Boleslav<\/a><\/p>\n<p><a href=\"https:\/\/www.visitralsko.com\/vyukove-programy\/\">Geopark Ralsko<\/a><\/p>\n<p><a href=\"https:\/\/divizna.zooliberec.cz\/vzdelavani\/informace-k-programum\/\">St\u0159edisko ekologick\u00e9 v\u00fdchovy p\u0159i\u00a0Zoo Liberec \u2013 DIVIZNA<\/a><\/p>\n<p><a href=\"https:\/\/toulcuvdvur.cz\/stranka\/programy-pro-skoly-a-skolky\">Toulc\u016fv dv\u016fr Praha<\/a><\/p>\n<p><a href=\"https:\/\/muzeumricany.cz\/pro-skoly\/vyukove-programy-pro-skoly\/\">Muzeum \u0158\u00ed\u010dany<\/a><\/p>\n<p><a href=\"https:\/\/sever.ekologickavychova.cz\/vyukove-programy\/kralovehradecky-kraj\/kompletni-nabidka-evvo-2024-2025\/\">St\u0159edisko ekologick\u00e9 v\u00fdchovy Sever<\/a><\/p>\n<p>&nbsp;<\/p>\n<p><strong>Nab\u00eddky vzd\u011bl\u00e1v\u00e1n\u00ed pro pedagogy a\u00a0lektory, metodick\u00e9 materi\u00e1ly, prezentace:<\/strong><\/p>\n<p><a href=\"http:\/\/www.sevceskyraj.cz\/zrealizovane-projekty_krajinou-ceskeho-raje-s-pruvodcem\">St\u0159edisko ekologick\u00e9 v\u00fdchovy \u010cesk\u00fd r\u00e1j<\/a> \u2013 metodick\u00e9 podklady k\u00a0interpreta\u010dn\u00edm vych\u00e1zk\u00e1m<\/p>\n<p><a href=\"https:\/\/www.visitralsko.com\/pro-pedagogy\/\">Geopark Ralsko<\/a> \u00a0\u2013 metodick\u00e9 a&nbsp;v\u00fdukov\u00e9 materi\u00e1ly<\/p>\n<p><a href=\"https:\/\/zooliberec.cz\/vyukove-programy-v-zoo\/#listy-pracovni\">St\u0159edisko ekologick\u00e9 v\u00fdchovy p\u0159i\u00a0Zoo Liberec \u2013 DIVIZNA<\/a> \u2013 pracovn\u00ed lity ZOO Liberec<\/p>\n<p><a href=\"http:\/\/www.ametyst21.cz\/ev\/ke-stazeni\/\">Ametyst\u00a0<\/a>\u2013 metodick\u00e9 n\u00e1vody a\u00a0materi\u00e1ly do v\u00fduky k\u00a0p\u0159\u00edm\u00e9mu pou\u017eit\u00ed<\/p>\n<p><a href=\"https:\/\/toulcuvdvur.cz\/stranka\/pro-ucitele\">Toulc\u016fv dv\u016fr Praha<\/a> \u2013 nab\u00eddka semin\u00e1\u0159\u016f, specializa\u010dn\u00edho studia, webin\u00e1\u0159\u016f, konzultac\u00ed a&nbsp;metodick\u00e9 podpory<\/p>\n<p><a href=\"https:\/\/muzeumricany.cz\/pro-skoly\/workshopy-a-podpora-ucitelu\/\">Muzeum \u0158\u00ed\u010dany<\/a> \u2013 workshopy a&nbsp;podpora u\u010ditel\u016f<\/p>\n<p><a href=\"https:\/\/sever.ekologickavychova.cz\/pro-pedagogy\/\">St\u0159edisko ekologick\u00e9 v\u00fdchovy Sever<\/a> \u2013 nab\u00eddka semin\u00e1\u0159\u016f, specializa\u010dn\u00edho studia, konzultac\u00ed<\/p>\n<p><a href=\"https:\/\/lesodiverzita.cz\/\">Biotopov\u00e9 stromy<\/a><\/p>\n<p><a href=\"https:\/\/www.lipka.cz\/ke-stazeni\">Lipka<\/a> \u2013 metodick\u00e9 a&nbsp;projektov\u00e9 materi\u00e1ly ke sta\u017een\u00ed zdarma po&nbsp;zad\u00e1n\u00ed e-mailov\u00e9 adresy<\/p>\n<p><a href=\"https:\/\/www.lipka.cz\/lipka?idkz=mater118\">Region\u00e1ln\u00ed u\u010debnice \u2013 D\u00e1\u0161a Zouharov\u00e1 a\u00a0kol.<\/a> \u2013 metodika je ur\u010dena pro pedagogy z\u00e1kladn\u00edch i\u00a0st\u0159edn\u00edch \u0161kol, kte\u0159\u00ed se cht\u011bj\u00ed v\u011bnovat region\u00e1ln\u00ed v\u00fduce<\/p>\n<p><a href=\"https:\/\/www.lipka.cz\/ezdarma-hrajeme-si-na-prirodu?idkz=mater150\">Hrajeme si na p\u0159\u00edrodu<\/a> \u2013 kniha pln\u00e1 her s\u00a0ekologickou tematikou ke sta\u017een\u00ed zdarma po&nbsp;zad\u00e1n\u00ed e-mailov\u00e9 adresy<\/p>\n<p><a href=\"https:\/\/badatele.cz\/metodiky\/\">Badatelsk\u00e9 metodiky\u00a0\u2013 Badatel\u00e9 <\/a>\u2013 v\u00a0elektronick\u00e9 verzi zdarma e-mailem<\/p>\n<p><a href=\"https:\/\/www.youtube.com\/@bezk2112\/videos\">Videa \u2013 Metodika p\u0159\u00edpravy program\u016f environment\u00e1ln\u00ed v\u00fdchovy (BEZK,\u00a0z.s.)<\/a> \u2013\u00a0doc. PhDr. Jan \u010cin\u010dera, Ph.D.<\/p>\n<p><a href=\"https:\/\/www.odpovednejednani.cz\/\">V\u00fdvojov\u00e9 kontinuum \u00a0<\/a>\u00a0\u2013 Lipka \u2013 \u0160est oblast\u00ed kompetence k\u00a0odpov\u011bdn\u00e9mu jedn\u00e1n\u00ed k\u00a0p\u0159\u00edrod\u011b a\u00a0lidem<\/p>\n<p><a href=\"https:\/\/envigogika.cuni.cz\/index.php\/Envigogika\">\u010casopis Envigogika<\/a>\u00a0\u2013 odborn\u00e9 recenzovan\u00e9 periodikum s\u00a0pln\u011b otev\u0159en\u00fdm p\u0159\u00edstupem, vyd\u00e1van\u00e9 Univerzitou Karlovou.<\/p>\n<p>&nbsp;<\/p>\n<p><a href=\"http:\/\/www.pavucina-sev.cz\/\">Pavu\u010dina<\/a> \u2013 s\u00ed\u0165 st\u0159edisek ekologick\u00e9 v\u00fdchovy<\/p>\n<p><a href=\"https:\/\/www.e-bedrnik.cz\/\">Bedrn\u00edk \u2013 Mrkev \u2013 Mrkvi\u010dka<\/a> \u2013 programy a\u00a0\u010dasopisy<\/p>\n<p><a href=\"https:\/\/ucimoklimatu.cz\/\">U\u010d\u00edm o&nbsp;klimatu<\/a> \u2013 lekce pro v\u00fduku, metodick\u00e9 minimum<\/p>\n<p>&nbsp;<\/p>\n<p><a href=\"https:\/\/map-mh.cz\/map4\/wp-content\/uploads\/2023\/08\/prehled-dostupnych-ucebnich-pomucek-programu-informacnich-materialu-a-uzitecnych-odkazu-pro-vyuziti-ve-vychove-a-vzdelavani-o-zmene-klimatu-a-suchu-jako-jejim-klicovem-projevu-v-cr-xlsx-28-kb.xlsx\"><strong>P\u0159ehled dostupn\u00fdch u\u010debn\u00edch pom\u016fcek, program\u016f, informa\u010dn\u00edch materi\u00e1l\u016f a\u00a0u\u017eite\u010dn\u00fdch odkaz\u016f pro vyu\u017eit\u00ed ve v\u00fdchov\u011b a\u00a0vzd\u011bl\u00e1v\u00e1n\u00ed o\u00a0zm\u011bn\u011b klimatu a\u00a0suchu, jako jej\u00edm kl\u00ed\u010dov\u00e9m projevu v\u00a0\u010cR<\/strong><\/a><\/p>\n<hr \/>\n<p>&nbsp;<\/p>\n<p><strong>Metodick\u00e9 materi\u00e1ly pro Mnichovohradi\u0161\u0165sko:<\/strong><\/p>\n<p><a href=\"https:\/\/map-mh.cz\/map4\/wp-content\/uploads\/2026\/02\/regionalni_ucebnice_final_resp.pdf\">REGION\u00c1LN\u00cd U\u010cENBNICE MAP MNICHOVOHRADI\u0160\u0164SKO<\/a><\/p>\n<p><a href=\"https:\/\/map-mh.cz\/map4\/wp-content\/uploads\/2023\/01\/geologicky-mapovacek.pdf\">Geologick\u00fd mapov\u00e1\u010dek<\/a><\/p>\n<p><a href=\"https:\/\/map-mh.cz\/map4\/wp-content\/uploads\/2021\/04\/terenni-cviceni-v-pr-prihrazske-skaly.pdf\">Ter\u00e9nn\u00ed cvi\u010den\u00ed v\u00a0PR\u00a0P\u0159\u00edhrazsk\u00e9 sk\u00e1ly<\/a><\/p>\n<p><a href=\"https:\/\/map-mh.cz\/map4\/2020\/06\/geostezka-pred-zs-studentska\/\">Geostezka p\u0159ed Z\u0160 Studentsk\u00e1 v\u00a0Mnichov\u011b Hradi\u0161ti\u00a0\u2013 pracovn\u00ed listy\u00a0\u2013 druhy hornin<\/a><\/p>\n<p><a href=\"https:\/\/map-mh.cz\/map4\/wp-content\/uploads\/2022\/08\/slunecni-hledacka-v-knezmoste.pdf\">Slune\u010dn\u00ed hleda\u010dka v\u00a0Kn\u011b\u017emost\u011b<\/a><\/p>\n<p>&nbsp;<\/p>\n<p><strong>Vybran\u00e9 kapitoly z&nbsp;Region\u00e1ln\u00ed u\u010debnice Mnichovohradi\u0161\u0165sko v&nbsp;souvislosti s&nbsp;EVVO:<\/strong><\/p>\n<p><a href=\"https:\/\/map-mh.cz\/map4\/wp-content\/uploads\/2026\/02\/patracka-v-okoli-skoly.pdf\">P\u00e1tra\u010dka v&nbsp;okol\u00ed \u0161koly<\/a><\/p>\n<p><a href=\"https:\/\/map-mh.cz\/map4\/wp-content\/uploads\/2026\/02\/patrani-po-jaru-s-alfa-boxem.pdf\">P\u00e1tr\u00e1n\u00ed po&nbsp;jaru s&nbsp;alfa boxem<\/a><\/p>\n<p><a href=\"https:\/\/map-mh.cz\/map4\/wp-content\/uploads\/2026\/02\/poklady-z-jizery.pdf\">Poklady z&nbsp;Jizery<\/a><\/p>\n<p><a href=\"https:\/\/map-mh.cz\/map4\/wp-content\/uploads\/2026\/02\/stari-stromu.pdf\">St\u00e1\u0159\u00ed strom\u016f<\/a><\/p>\n<p><a href=\"https:\/\/map-mh.cz\/map4\/wp-content\/uploads\/2026\/02\/udrzitelne-do-skoly.pdf\">Udr\u017eiteln\u011b do \u0161koly<\/a><\/p>\n<p><a href=\"https:\/\/map-mh.cz\/map4\/wp-content\/uploads\/2026\/02\/udrzitelne-misto.pdf\">Udr\u017eiteln\u00e9 m\u00edsto<\/a><\/p>\n<p><a href=\"https:\/\/map-mh.cz\/map4\/wp-content\/uploads\/2026\/02\/zelen-na-namesti.pdf\">Zele\u0148 na n\u00e1m\u011bst\u00ed<\/a><\/p>\n<p><a href=\"https:\/\/map-mh.cz\/map4\/wp-content\/uploads\/2026\/02\/zelene-mesto.pdf\">Zelen\u00e9 m\u011bsto<\/a><\/p>\n<p><a href=\"https:\/\/map-mh.cz\/map4\/wp-content\/uploads\/2026\/02\/abraka-dabra-geomorfologie.pdf\">Abraka dabra geomorfologie<\/a><\/p>\n<p><a href=\"https:\/\/map-mh.cz\/map4\/wp-content\/uploads\/2026\/02\/bezpecnejsi-mesto-pro-chodce-a-cyklisty.pdf\">Bezpe\u010dn\u011bj\u0161\u00ed m\u011bsto pro chodce a&nbsp;cyklisty<\/a><\/p>\n<p><a href=\"https:\/\/map-mh.cz\/map4\/wp-content\/uploads\/2026\/02\/biotopovy-strom.pdf\">Biotopov\u00fd strom<\/a><\/p>\n<p><a href=\"https:\/\/map-mh.cz\/map4\/wp-content\/uploads\/2026\/02\/houby-v-lese.pdf\">Houby v&nbsp;lese<\/a><\/p>\n<p><a href=\"https:\/\/map-mh.cz\/map4\/wp-content\/uploads\/2026\/02\/lisejnik-fascinujici-kockopes.pdf\">Li\u0161ejn\u00edk &#8211; fascinuj\u00edc\u00ed ko\u010dkopes<\/a><\/p>\n<p><a href=\"https:\/\/map-mh.cz\/map4\/wp-content\/uploads\/2026\/02\/nase-houby.pdf\">Na\u0161e houby<\/a><\/p>\n<p><a href=\"https:\/\/map-mh.cz\/map4\/wp-content\/uploads\/2026\/02\/nezkrotna-jizera.pdf\">Nezkrotn\u00e1 Jizera<\/a><\/p>\n<p>&nbsp;<\/p>\n<p>&nbsp;<\/p>\n","protected":false},"excerpt":{"rendered":"<p>N\u00e1padn\u00edk pro environment\u00e1ln\u00ed vzd\u011bl\u00e1v\u00e1n\u00ed,v\u00fdchovu a&nbsp;osv\u011btu (EVVO)\u00a0 ke sta\u017een\u00ed: N\u00e1padn\u00edk EVVO \u2013 MAP MH Sestavili jsme pro v\u00e1s n\u00e1padn\u00edk pro EVVO. Naleznete v\u00a0n\u011bm odkazy na nab\u00eddky vzd\u011bl\u00e1vac\u00edch program\u016f pro \u0161koly, vzd\u011bl\u00e1v\u00e1n\u00ed pro pedagogy a&nbsp;lektory, metodick\u00e9 materi\u00e1ly, prezentace a&nbsp;videa. &nbsp; Nab\u00eddky vzd\u011bl\u00e1vac\u00edch program\u016f pro \u0161koly: St\u0159edisko ekologick\u00e9 v\u00fdchovy \u010cesk\u00fd r\u00e1j D\u016fm p\u0159\u00edrody \u010cesk\u00e9ho R\u00e1je \u010cSOP Klenice Mlad\u00e1 [&hellip;]<\/p>\n","protected":false},"author":1,"featured_media":0,"parent":0,"menu_order":0,"comment_status":"closed","ping_status":"closed","template":"","meta":[],"_links":{"self":[{"href":"https:\/\/map-mh.cz\/map4\/wp-json\/wp\/v2\/pages\/14858"}],"collection":[{"href":"https:\/\/map-mh.cz\/map4\/wp-json\/wp\/v2\/pages"}],"about":[{"href":"https:\/\/map-mh.cz\/map4\/wp-json\/wp\/v2\/types\/page"}],"author":[{"embeddable":true,"href":"https:\/\/map-mh.cz\/map4\/wp-json\/wp\/v2\/users\/1"}],"replies":[{"embeddable":true,"href":"https:\/\/map-mh.cz\/map4\/wp-json\/wp\/v2\/comments?post=14858"}],"version-history":[{"count":31,"href":"https:\/\/map-mh.cz\/map4\/wp-json\/wp\/v2\/pages\/14858\/revisions"}],"predecessor-version":[{"id":16674,"href":"https:\/\/map-mh.cz\/map4\/wp-json\/wp\/v2\/pages\/14858\/revisions\/16674"}],"wp:attachment":[{"href":"https:\/\/map-mh.cz\/map4\/wp-json\/wp\/v2\/media?parent=14858"}],"curies":[{"name":"wp","href":"https:\/\/api.w.org\/{rel}","templated":true}]}}