{"id":14423,"date":"2023-10-10T21:16:03","date_gmt":"2023-10-10T19:16:03","guid":{"rendered":"https:\/\/map-mh.cz\/map4\/?page_id=14423"},"modified":"2026-02-27T06:58:59","modified_gmt":"2026-02-27T05:58:59","slug":"skolni-poradenska-cinnost","status":"publish","type":"page","link":"https:\/\/map-mh.cz\/map4\/skolni-poradenska-cinnost\/","title":{"rendered":"\u0160koln\u00ed poradensk\u00e1 \u010dinnost"},"content":{"rendered":"<p>Sekce \u0160koln\u00ed poradenstv\u00ed je v\u011bnov\u00e1na t\u011bm, kte\u0159\u00ed tvo\u0159\u00ed \u0161koln\u00ed poradensk\u00e9 pracovi\u0161t\u011b, t\u0159\u00eddn\u00edm u\u010ditel\u016fm, rodi\u010d\u016fm a&nbsp;v\u0161em ostatn\u00edm, kte\u0159\u00ed hledaj\u00ed informace z&nbsp;t\u00e9to oblasti. Jedn\u00e1 se p\u0159edev\u0161\u00edm o&nbsp;odkazy na inspirativn\u00ed \u010dl\u00e1nky, metodiky, webov\u00e9 str\u00e1nky \u010di&nbsp;kontakty na pom\u00e1haj\u00edc\u00ed organizace.<\/p>\n<hr \/>\n<p><strong><a href=\"https:\/\/map-mh.cz\/map4\/wp-content\/uploads\/2026\/02\/12_seznam-materialu-1-stupen.pdf\">Seznam materi\u00e1l\u016f pro pr\u00e1ci s&nbsp;t\u0159\u00eddn\u00edm kolektivem na 1.&nbsp;stupni Z\u0160<\/a><\/strong><\/p>\n<hr \/>\n<p><a href=\"https:\/\/map-mh.cz\/map4\/wp-content\/uploads\/2026\/02\/13_seznam-materialu-tridni-kolektiv-2-stupen.pdf\"><strong>Seznam materi\u00e1l\u016f pro pr\u00e1ci s&nbsp;t\u0159\u00eddn\u00edm kolektivem na 2.&nbsp;stupeni Z\u0160<\/strong><\/a><\/p>\n<hr \/>\n<p><strong>T\u0159\u00eddnick\u00e9 hodiny<\/strong><\/p>\n<p><a href=\"https:\/\/map-mh.cz\/map4\/wp-content\/uploads\/2024\/01\/napadnik-65-aktivit-pro-podporu-dobrych-vztahu-trida-v-pohode.pdf\">N\u00e1padn\u00edk 65 aktivit pro podporu dobr\u00fdch vztah\u016f &#8211; t\u0159ida v&nbsp;pohod\u011b<\/a><\/p>\n<p><a href=\"https:\/\/map-mh.cz\/map4\/wp-content\/uploads\/2024\/01\/jak-zlepsit-vztahy-ve-tride-2-stupen.pdf\">Jak zlep\u0161it vztahy ve t\u0159\u00edd\u011b 2.&nbsp;stupe\u0148<\/a><\/p>\n<p>&nbsp;<\/p>\n<p><strong>Soci\u00e1ln\u00ed dovednosti d\u011bt\u00ed<\/strong><\/p>\n<p><a href=\"https:\/\/map-mh.cz\/map4\/wp-content\/uploads\/2024\/01\/kocici-zahrada-1-stupen.pdf\">Ko\u010di\u010d\u00ed zahrada (1.&nbsp;stupe\u0148)<\/a><\/p>\n<p>&nbsp;<\/p>\n<p><strong>Sebevra\u017eedn\u00e9 chov\u00e1n<\/strong>\u00ed<\/p>\n<p><a href=\"https:\/\/sebevrazdy.cz\/materialy\/\">Materi\u00e1ly &#8211; Sebevrazdy.cz<\/a><\/p>\n<p>Na str\u00e1nk\u00e1ch M\u0160MT je to posledn\u00ed materi\u00e1l na t\u00e9to str\u00e1nce:<\/p>\n<p><a href=\"https:\/\/www.msmt.cz\/vzdelavani\/socialni-programy\/metodicke-dokumenty-doporuceni-a-pokyny\">Metodick\u00e1 doporu\u010den\u00ed a&nbsp;metodick\u00e9 pokyny, M\u0160MT \u010cR (msmt.cz)<\/a><\/p>\n<p>&nbsp;<\/p>\n<p><strong>Podpora asistent\u016f pedagoga<\/strong><\/p>\n<p>Varianty (\u010clov\u011bk v&nbsp;t\u00edsni) &#8211; nab\u00eddka kurz\u016f<\/p>\n<p><a href=\"https:\/\/www.clovekvtisni.cz\/co-delame\/vzdelavaci-program-varianty\/kurzy-pro-ucitele\">https:\/\/www.clovekvtisni.cz\/co-delame\/vzdelavaci-program-varianty\/kurzy-pro-ucitele<\/a><\/p>\n<p>&nbsp;<\/p>\n<p><strong>Podpora u\u010ditel\u016f p\u0159i&nbsp;vzd\u011bl\u00e1v\u00e1n\u00ed \u017e\u00e1k\u016f s&nbsp;podp\u016frn\u00fdmi opat\u0159en\u00edmi<\/strong><\/p>\n<p>Varianty (\u010clov\u011bk v&nbsp;t\u00edsni) &#8211; nab\u00eddka kurz\u016f<\/p>\n<p><a href=\"https:\/\/www.clovekvtisni.cz\/co-delame\/vzdelavaci-program-varianty\/kurzy-pro-ucitele\">https:\/\/www.clovekvtisni.cz\/co-delame\/vzdelavaci-program-varianty\/kurzy-pro-ucitele<\/a><\/p>\n<hr \/>\n<p>Bro\u017eura <strong>Kdo mi porad\u00ed?<\/strong><\/p>\n<p>Ka\u017ed\u00fd z&nbsp;n\u00e1s ob\u010das pot\u0159ebuje poradit. Ale kde hledat radu? Na setk\u00e1v\u00e1n\u00ed\u00a0PS pro rovn\u00e9 p\u0159\u00edle\u017eitosti a&nbsp;sch\u016fzky \u0161koln\u00edch poradensk\u00fdch pracovi\u0161\u0165 jsme si spole\u010dn\u011b pro\u0161li ji\u017e existuj\u00edc\u00ed bro\u017eurku s&nbsp;kontakty, kter\u00e1 vznikla v&nbsp;MAP II Mnichovohradi\u0161\u0165sko. P\u0159em\u00fd\u0161leli jsme spole\u010dn\u011b nad t\u00edm, jak ji pozm\u011bnit, upravit, zaktualizovat. V\u00fdsledek spole\u010dn\u00e9 pr\u00e1ce je nyn\u00ed ke sta\u017een\u00ed zde na str\u00e1nce. Obsahuje kontakty na logopedy, psychology, psychiatry apod., info k&nbsp;ob\u011bd\u016fm \u010di&nbsp;krou\u017ek\u016fm zdarma, na organizace v\u011bnuj\u00edc\u00ed se pr\u00e1ci s&nbsp;rodinami a&nbsp;d\u011btmi \u010di&nbsp;informace k&nbsp;tomu, co d\u011bl\u00e1 osobn\u00ed a&nbsp;co pedagogick\u00e1 asistent. Douf\u00e1me, \u017ee v&nbsp;n\u00ed najdete pr\u00e1v\u011b ten vhodn\u00fd kontakt, kter\u00fd hled\u00e1te!<\/p>\n<p>Bro\u017eura <strong>Kdo mi porad\u00ed?<\/strong> ke sta\u017een\u00ed <a href=\"https:\/\/map-mh.cz\/map4\/wp-content\/uploads\/2025\/11\/rp_letak_web_2025_verze_25_08_2025.pdf\">ZDE.<\/a><\/p>\n<p><strong>Obsah<\/strong><br \/>\n<strong>1) Kontakty na pom\u00e1haj\u00edc\u00ed organizace\u00a0<\/strong><br \/>\na) Logopedie s. 2<br \/>\nb) Pedagogicko-psychologick\u00e1 poradna, speci\u00e1ln\u00ed pedagogick\u00e9 centrum<br \/>\nc) Ran\u00e1 p\u00e9\u010de, M\u0160 a&nbsp;Z\u0160 speci\u00e1ln\u00ed<br \/>\nd) St\u0159ediska v\u00fdchovn\u00e9 p\u00e9\u010de<br \/>\ne) Psychologick\u00e1 pomoc<br \/>\nf) Psychiatrie ambulantn\u00ed a&nbsp;l\u016f\u017ekov\u00e1 odd\u011blen\u00ed<br \/>\ng) Ochrana soci\u00e1ln\u00edch a&nbsp;pr\u00e1vn\u00edch z\u00e1jm\u016f nezletil\u00fdch d\u011bt\u00ed a&nbsp;rodin, spolupracuj\u00edc\u00ed organizace<br \/>\n<strong>2) Informace k&nbsp;t\u00e9matu asistent pedagoga (AP) a&nbsp;osobn\u00ed asistent (OA)\u00a0<\/strong><br \/>\na) Asistent pedagoga<br \/>\nb) Osobn\u00ed asistent<br \/>\n<strong>3) D\u00e1vky poskytovan\u00e9 \u00fa\u0159adem pr\u00e1ce<\/strong><br \/>\n<strong>4) Ob\u011bdy pro d\u011bti \u2013 zdarma\u00a0<\/strong><br \/>\na) Ob\u011bdy pro d\u011bti Women for Women<br \/>\nb) St\u0159edo\u010desk\u00fd kraj<br \/>\n<strong>5) Nab\u00eddka volno\u010dasov\u00fdch aktivit zdarma\u00a0<\/strong><\/p>\n<hr \/>\n<p>V\u00fdtisky bro\u017eury budou b\u011bhem podzimu 2025 distribuov\u00e1ny do \u0161kol v&nbsp;ORP Mnichovo Hradi\u0161t\u011b.<\/p>\n<p><img decoding=\"async\" loading=\"lazy\" class=\"alignnone wp-image-16429\" src=\"https:\/\/map-mh.cz\/map4\/wp-content\/uploads\/2025\/10\/img_20250929_183037.jpg\" alt=\"\" width=\"677\" height=\"508\" srcset=\"https:\/\/map-mh.cz\/map4\/wp-content\/uploads\/2025\/10\/img_20250929_183037.jpg 1200w, https:\/\/map-mh.cz\/map4\/wp-content\/uploads\/2025\/10\/img_20250929_183037-400x300.jpg 400w, https:\/\/map-mh.cz\/map4\/wp-content\/uploads\/2025\/10\/img_20250929_183037-768x576.jpg 768w\" sizes=\"(max-width: 677px) 100vw, 677px\" \/><\/p>\n<hr \/>\n<p><strong>MAP\u00ed krabi\u010dka pomoci<\/strong><\/p>\n<p>Na za\u010d\u00e1tku bylo setk\u00e1v\u00e1n\u00ed PS&nbsp;pro rovn\u00e9 p\u0159\u00edle\u017eitosti a&nbsp;sch\u016fzky \u0161koln\u00edch poradensk\u00fdch pracovi\u0161\u0165, na kter\u00fdch zazn\u011bla t\u00e9mata, kter\u00e1 v&nbsp;na\u0161em regionu rezonuj\u00ed a&nbsp;ke kter\u00fdm by \u0161koly uv\u00edtaly podporu.\u00a0 Na konci \u0161anon s&nbsp;n\u00e1zvem MAP\u00ed krabi\u010dka pomoci. MAP na z\u00e1klad\u011b podn\u011bt\u016f, rozhovor\u016f a&nbsp;setk\u00e1n\u00ed PS&nbsp;RP a&nbsp;\u0160PP vytvo\u0159il \u0161anon, kter\u00fd obsahuje tipy pro pr\u00e1ci ve t\u0159\u00edd\u011b, na sch\u016fzk\u00e1ch s&nbsp;\u017e\u00e1ky i&nbsp;s&nbsp;rodi\u010di, seznam pom\u016fcek vhodn\u00fdch pro sn\u00ed\u017een\u00ed stresu i&nbsp;informace k&nbsp;tomu, jak &#8220;krabi\u010dku&#8221; pou\u017e\u00edvat. Tematicky se v\u011bnuje p\u0159edev\u0161\u00edm pr\u00e1ci se stresem a&nbsp;nap\u011bt\u00edm, rozhovor\u016fm s&nbsp;d\u00edt\u011btem\/s \u017e\u00e1ky na r\u016fzn\u00e1 t\u00e9mata \u010di&nbsp;sebepo\u0161kozov\u00e1n\u00ed. V\u011b\u0159\u00edme, \u017ee bude vyu\u017e\u00edvanou sou\u010d\u00e1st\u00ed u\u010ditelsk\u00fdch knihovni\u010dek.<\/p>\n<p>Na ka\u017edou \u0161kolu v\u00a0ORP Mnichovo Hradi\u0161t\u011b byl doru\u010den jeden \u0161anon.<\/p>\n<p><img decoding=\"async\" loading=\"lazy\" class=\"alignnone wp-image-16437\" src=\"https:\/\/map-mh.cz\/map4\/wp-content\/uploads\/2025\/10\/img_20250929_183322.jpg\" alt=\"\" width=\"944\" height=\"708\" srcset=\"https:\/\/map-mh.cz\/map4\/wp-content\/uploads\/2025\/10\/img_20250929_183322.jpg 1200w, https:\/\/map-mh.cz\/map4\/wp-content\/uploads\/2025\/10\/img_20250929_183322-400x300.jpg 400w, https:\/\/map-mh.cz\/map4\/wp-content\/uploads\/2025\/10\/img_20250929_183322-768x576.jpg 768w\" sizes=\"(max-width: 944px) 100vw, 944px\" \/><\/p>\n","protected":false},"excerpt":{"rendered":"<p>Sekce \u0160koln\u00ed poradenstv\u00ed je v\u011bnov\u00e1na t\u011bm, kte\u0159\u00ed tvo\u0159\u00ed \u0161koln\u00ed poradensk\u00e9 pracovi\u0161t\u011b, t\u0159\u00eddn\u00edm u\u010ditel\u016fm, rodi\u010d\u016fm a&nbsp;v\u0161em ostatn\u00edm, kte\u0159\u00ed hledaj\u00ed informace z&nbsp;t\u00e9to oblasti. Jedn\u00e1 se p\u0159edev\u0161\u00edm o&nbsp;odkazy na inspirativn\u00ed \u010dl\u00e1nky, metodiky, webov\u00e9 str\u00e1nky \u010di&nbsp;kontakty na pom\u00e1haj\u00edc\u00ed organizace. Seznam materi\u00e1l\u016f pro pr\u00e1ci s&nbsp;t\u0159\u00eddn\u00edm kolektivem na 1.&nbsp;stupni Z\u0160 Seznam materi\u00e1l\u016f pro pr\u00e1ci s&nbsp;t\u0159\u00eddn\u00edm kolektivem na 2.&nbsp;stupeni Z\u0160 T\u0159\u00eddnick\u00e9 hodiny [&hellip;]<\/p>\n","protected":false},"author":1,"featured_media":0,"parent":0,"menu_order":0,"comment_status":"closed","ping_status":"closed","template":"","meta":[],"_links":{"self":[{"href":"https:\/\/map-mh.cz\/map4\/wp-json\/wp\/v2\/pages\/14423"}],"collection":[{"href":"https:\/\/map-mh.cz\/map4\/wp-json\/wp\/v2\/pages"}],"about":[{"href":"https:\/\/map-mh.cz\/map4\/wp-json\/wp\/v2\/types\/page"}],"author":[{"embeddable":true,"href":"https:\/\/map-mh.cz\/map4\/wp-json\/wp\/v2\/users\/1"}],"replies":[{"embeddable":true,"href":"https:\/\/map-mh.cz\/map4\/wp-json\/wp\/v2\/comments?post=14423"}],"version-history":[{"count":8,"href":"https:\/\/map-mh.cz\/map4\/wp-json\/wp\/v2\/pages\/14423\/revisions"}],"predecessor-version":[{"id":16687,"href":"https:\/\/map-mh.cz\/map4\/wp-json\/wp\/v2\/pages\/14423\/revisions\/16687"}],"wp:attachment":[{"href":"https:\/\/map-mh.cz\/map4\/wp-json\/wp\/v2\/media?parent=14423"}],"curies":[{"name":"wp","href":"https:\/\/api.w.org\/{rel}","templated":true}]}}