{"id":14208,"date":"2023-09-04T08:36:54","date_gmt":"2023-09-04T06:36:54","guid":{"rendered":"https:\/\/map-mh.cz\/map4\/?page_id=14208"},"modified":"2025-08-01T18:53:23","modified_gmt":"2025-08-01T16:53:23","slug":"cyklistika","status":"publish","type":"page","link":"https:\/\/map-mh.cz\/map4\/volnocasove-aktivity\/cyklistika\/","title":{"rendered":"Cyklistika"},"content":{"rendered":"<p><strong>N\u00e1zev organizace<\/strong>: <span data-sheets-value=\"{&quot;1&quot;:2,&quot;2&quot;:&quot;TJ Auto \u0160koda Mlad\u00e1 Boleslav&quot;}\" data-sheets-userformat=\"{&quot;2&quot;:513,&quot;3&quot;:{&quot;1&quot;:0},&quot;12&quot;:0}\">TJ Auto \u0160koda Mlad\u00e1 Boleslav<\/span><\/p>\n<p><strong>N\u00e1zev volno\u010dasov\u00e9 aktivity:<\/strong> <span data-sheets-value=\"{&quot;1&quot;:2,&quot;2&quot;:&quot;Cyklistika&quot;}\" data-sheets-userformat=\"{&quot;2&quot;:513,&quot;3&quot;:{&quot;1&quot;:0},&quot;12&quot;:0}\">Cyklistika<\/span><\/p>\n<p><strong>M\u00edsto kon\u00e1n\u00ed:<\/strong> <span data-sheets-value=\"{&quot;1&quot;:2,&quot;2&quot;:&quot;Atletick\u00fd stadion Josefa Hrona&quot;}\" data-sheets-userformat=\"{&quot;2&quot;:513,&quot;3&quot;:{&quot;1&quot;:0},&quot;12&quot;:0}\">Mnichovo Hradi\u0161t\u011b a&nbsp;Mlad\u00e1 Boleslav<\/span><\/p>\n<p><strong>Dny, kdy aktivita prob\u00edh\u00e1: <\/strong>p<span data-sheets-value=\"{&quot;1&quot;:2,&quot;2&quot;:&quot;Pond\u011bl\u00ed \u010dtvrtek - dle dohody okoln\u00edho programu&quot;}\" data-sheets-userformat=\"{&quot;2&quot;:513,&quot;3&quot;:{&quot;1&quot;:0},&quot;12&quot;:0}\">ond\u011bl\u00ed a&nbsp;\u010dtvrtek \u2013 dle dohody okoln\u00edho programu<\/span><\/p>\n<p><strong>Cena aktivity: <\/strong>6<span data-sheets-value=\"{&quot;1&quot;:3,&quot;3&quot;:1500}\" data-sheets-userformat=\"{&quot;2&quot;:513,&quot;3&quot;:{&quot;1&quot;:4,&quot;2&quot;:&quot;#,##0\\&quot;K\u010d\\&quot;&quot;,&quot;3&quot;:1},&quot;12&quot;:0}\">50K\u010d<\/span><\/p>\n<p><strong>Pro jak star\u00e9 d\u011bti je aktivita ur\u010dena:<\/strong><span data-sheets-value=\"{&quot;1&quot;:2,&quot;2&quot;:&quot;D\u011bti ze Z\u0160&quot;}\" data-sheets-userformat=\"{&quot;2&quot;:513,&quot;3&quot;:{&quot;1&quot;:0},&quot;12&quot;:0}\"> 10\u201316 let<\/span><\/p>\n<p><strong>Webov\u00e9 str\u00e1nky organizace: <\/strong><a href=\"http:\/\/www.tjasmb.cz\"><span data-sheets-value=\"{&quot;1&quot;:2,&quot;2&quot;:&quot;www.kempvitezu.cz&quot;}\" data-sheets-userformat=\"{&quot;2&quot;:513,&quot;3&quot;:{&quot;1&quot;:0},&quot;12&quot;:0}\" data-sheets-hyperlink=\"http:\/\/www.kempvitezu.cz\">www.tjasmb.cz<\/span><\/a><\/p>\n<p><strong>Kontaktn\u00ed osoba: <\/strong><span data-sheets-value=\"{&quot;1&quot;:2,&quot;2&quot;:&quot;Infomail&quot;}\" data-sheets-userformat=\"{&quot;2&quot;:513,&quot;3&quot;:{&quot;1&quot;:0},&quot;12&quot;:0}\">Anton\u00edn Ungerman a&nbsp;Petr Dlask, kolaungerman@seznam.cz, petr.dlask@centrum.cz <\/span><\/p>\n<a class=\"maxbutton-10 maxbutton maxbutton-zpet\" href=\"https:\/\/map-mh.cz\/map4\/volnocasove-aktivity\/\"><span class='mb-text'>zp\u011bt<\/span><\/a>\n","protected":false},"excerpt":{"rendered":"<p>N\u00e1zev organizace: TJ Auto \u0160koda Mlad\u00e1 Boleslav N\u00e1zev volno\u010dasov\u00e9 aktivity: Cyklistika M\u00edsto kon\u00e1n\u00ed: Mnichovo Hradi\u0161t\u011b a&nbsp;Mlad\u00e1 Boleslav Dny, kdy aktivita prob\u00edh\u00e1: pond\u011bl\u00ed a&nbsp;\u010dtvrtek \u2013 dle dohody okoln\u00edho programu Cena aktivity: 650K\u010d Pro jak star\u00e9 d\u011bti je aktivita ur\u010dena: 10\u201316 let Webov\u00e9 str\u00e1nky organizace: www.tjasmb.cz Kontaktn\u00ed osoba: Anton\u00edn Ungerman a&nbsp;Petr Dlask, kolaungerman@seznam.cz, petr.dlask@centrum.cz<\/p>\n","protected":false},"author":4,"featured_media":0,"parent":6079,"menu_order":0,"comment_status":"closed","ping_status":"closed","template":"","meta":[],"_links":{"self":[{"href":"https:\/\/map-mh.cz\/map4\/wp-json\/wp\/v2\/pages\/14208"}],"collection":[{"href":"https:\/\/map-mh.cz\/map4\/wp-json\/wp\/v2\/pages"}],"about":[{"href":"https:\/\/map-mh.cz\/map4\/wp-json\/wp\/v2\/types\/page"}],"author":[{"embeddable":true,"href":"https:\/\/map-mh.cz\/map4\/wp-json\/wp\/v2\/users\/4"}],"replies":[{"embeddable":true,"href":"https:\/\/map-mh.cz\/map4\/wp-json\/wp\/v2\/comments?post=14208"}],"version-history":[{"count":5,"href":"https:\/\/map-mh.cz\/map4\/wp-json\/wp\/v2\/pages\/14208\/revisions"}],"predecessor-version":[{"id":16327,"href":"https:\/\/map-mh.cz\/map4\/wp-json\/wp\/v2\/pages\/14208\/revisions\/16327"}],"up":[{"embeddable":true,"href":"https:\/\/map-mh.cz\/map4\/wp-json\/wp\/v2\/pages\/6079"}],"wp:attachment":[{"href":"https:\/\/map-mh.cz\/map4\/wp-json\/wp\/v2\/media?parent=14208"}],"curies":[{"name":"wp","href":"https:\/\/api.w.org\/{rel}","templated":true}]}}