{"id":14202,"date":"2023-09-04T08:15:50","date_gmt":"2023-09-04T06:15:50","guid":{"rendered":"https:\/\/map-mh.cz\/map4\/?page_id=14202"},"modified":"2025-08-29T14:31:42","modified_gmt":"2025-08-29T12:31:42","slug":"kemp-vitezu-atleticky-krouzek-a-sportovni-tabor","status":"publish","type":"page","link":"https:\/\/map-mh.cz\/map4\/volnocasove-aktivity\/kemp-vitezu-atleticky-krouzek-a-sportovni-tabor\/","title":{"rendered":"Kemp v\u00edt\u011bz\u016f \u2013 atletick\u00fd krou\u017eek a&nbsp;sportovn\u00ed t\u00e1bor"},"content":{"rendered":"<p><strong>N\u00e1zev organizace<\/strong>: <span data-sheets-value=\"{&quot;1&quot;:2,&quot;2&quot;:&quot;Atletick\u00fd klub Adama Sebastiana Helceleta, z.s.)&quot;}\" data-sheets-userformat=\"{&quot;2&quot;:513,&quot;3&quot;:{&quot;1&quot;:0},&quot;12&quot;:0}\">Atletick\u00fd klub Adama Sebastiana Helceleta, z.s.<\/span><\/p>\n<p><strong>N\u00e1zev volno\u010dasov\u00e9 aktivity:<\/strong> <span data-sheets-value=\"{&quot;1&quot;:2,&quot;2&quot;:&quot;Kemp v\u00edt\u011bz\u016f - atletick\u00fd krou\u017eek a sportovn\u00ed t\u00e1bor&quot;}\" data-sheets-userformat=\"{&quot;2&quot;:513,&quot;3&quot;:{&quot;1&quot;:0},&quot;12&quot;:0}\">Kemp v\u00edt\u011bz\u016f \u2013 atletick\u00fd krou\u017eek a&nbsp;sportovn\u00ed t\u00e1bor<\/span><\/p>\n<p><strong>M\u00edsto kon\u00e1n\u00ed:<\/strong> <span data-sheets-value=\"{&quot;1&quot;:2,&quot;2&quot;:&quot;Atletick\u00fd stadion Josefa Hrona&quot;}\" data-sheets-userformat=\"{&quot;2&quot;:513,&quot;3&quot;:{&quot;1&quot;:0},&quot;12&quot;:0}\">Atletick\u00fd stadion Josefa Hrona<\/span><\/p>\n<p><strong>Dny, kdy aktivita prob\u00edh\u00e1: <\/strong><\/p>\n<p>6<span data-sheets-value=\"{&quot;1&quot;:2,&quot;2&quot;:&quot;Kemp v\u00edt\u011bz\u016f - atletick\u00fd krou\u017eek a sportovn\u00ed t\u00e1bor&quot;}\" data-sheets-userformat=\"{&quot;2&quot;:513,&quot;3&quot;:{&quot;1&quot;:0},&quot;12&quot;:0}\">.\u2013<\/span>8.&nbsp;t\u0159\u00edda: \u00fater\u00fd 15<span data-sheets-value=\"{&quot;1&quot;:2,&quot;2&quot;:&quot;Kemp v\u00edt\u011bz\u016f - atletick\u00fd krou\u017eek a sportovn\u00ed t\u00e1bor&quot;}\" data-sheets-userformat=\"{&quot;2&quot;:513,&quot;3&quot;:{&quot;1&quot;:0},&quot;12&quot;:0}\">\u2013<\/span>16 hod.<br \/>\n1.<span data-sheets-value=\"{&quot;1&quot;:2,&quot;2&quot;:&quot;Kemp v\u00edt\u011bz\u016f - atletick\u00fd krou\u017eek a sportovn\u00ed t\u00e1bor&quot;}\" data-sheets-userformat=\"{&quot;2&quot;:513,&quot;3&quot;:{&quot;1&quot;:0},&quot;12&quot;:0}\">\u2013<\/span>3.&nbsp;t\u0159\u00edda: st\u0159eda 16<span data-sheets-value=\"{&quot;1&quot;:2,&quot;2&quot;:&quot;Kemp v\u00edt\u011bz\u016f - atletick\u00fd krou\u017eek a sportovn\u00ed t\u00e1bor&quot;}\" data-sheets-userformat=\"{&quot;2&quot;:513,&quot;3&quot;:{&quot;1&quot;:0},&quot;12&quot;:0}\">\u2013<\/span>17 hod.<br \/>\n4.<span data-sheets-value=\"{&quot;1&quot;:2,&quot;2&quot;:&quot;Kemp v\u00edt\u011bz\u016f - atletick\u00fd krou\u017eek a sportovn\u00ed t\u00e1bor&quot;}\" data-sheets-userformat=\"{&quot;2&quot;:513,&quot;3&quot;:{&quot;1&quot;:0},&quot;12&quot;:0}\">\u2013<\/span>5.&nbsp;t\u0159\u00edda: \u010dtvrtek 16<span data-sheets-value=\"{&quot;1&quot;:2,&quot;2&quot;:&quot;Kemp v\u00edt\u011bz\u016f - atletick\u00fd krou\u017eek a sportovn\u00ed t\u00e1bor&quot;}\" data-sheets-userformat=\"{&quot;2&quot;:513,&quot;3&quot;:{&quot;1&quot;:0},&quot;12&quot;:0}\">\u2013<\/span>17 hod.<\/p>\n<p><strong>Cena aktivity:<\/strong><br \/>\n<span data-sheets-value=\"{&quot;1&quot;:2,&quot;2&quot;:&quot;Krou\u017eek 1.500,- \/ p\u016flrok\\nKemp 3.790,- \/ turnus\\n&quot;}\" data-sheets-userformat=\"{&quot;2&quot;:513,&quot;3&quot;:{&quot;1&quot;:0},&quot;12&quot;:0}\">\u00a0?<\/span><\/p>\n<p><strong>Pro jak star\u00e9 d\u011bti je aktivita ur\u010dena:<\/strong> <span data-sheets-value=\"{&quot;1&quot;:2,&quot;2&quot;:&quot;D\u011bti ze Z\u0160&quot;}\" data-sheets-userformat=\"{&quot;2&quot;:513,&quot;3&quot;:{&quot;1&quot;:0},&quot;12&quot;:0}\">od 6 let<\/span><\/p>\n<p><strong>Webov\u00e9 str\u00e1nky organizace:<\/strong> <span data-sheets-value=\"{&quot;1&quot;:2,&quot;2&quot;:&quot;www.kempvitezu.cz&quot;}\" data-sheets-userformat=\"{&quot;2&quot;:513,&quot;3&quot;:{&quot;1&quot;:0},&quot;12&quot;:0}\" data-sheets-hyperlink=\"http:\/\/www.kempvitezu.cz\"><a href=\"http:\/\/www.kempvitezu.cz\">www.kempvitezu.cz<\/a><br \/>\n<a href=\"https:\/\/sport.kempvitezu.cz\/akce\/prehled\/2025?region=2&amp;type=2\">https:\/\/sport.kempvitezu.cz\/akce\/prehled\/2025?region=2&amp;type=2<\/a><\/span><\/p>\n<p><strong>Kontaktn\u00ed osoba: <\/strong><span data-sheets-value=\"{&quot;1&quot;:2,&quot;2&quot;:&quot;Infomail&quot;}\" data-sheets-userformat=\"{&quot;2&quot;:513,&quot;3&quot;:{&quot;1&quot;:0},&quot;12&quot;:0}\">Infomail, info@kempvitezu.cz<br \/>\n<\/span><\/p>\n<a class=\"maxbutton-10 maxbutton maxbutton-zpet\" href=\"https:\/\/map-mh.cz\/map4\/volnocasove-aktivity\/\"><span class='mb-text'>zp\u011bt<\/span><\/a>\n","protected":false},"excerpt":{"rendered":"<p>N\u00e1zev organizace: Atletick\u00fd klub Adama Sebastiana Helceleta, z.s. N\u00e1zev volno\u010dasov\u00e9 aktivity: Kemp v\u00edt\u011bz\u016f \u2013 atletick\u00fd krou\u017eek a&nbsp;sportovn\u00ed t\u00e1bor M\u00edsto kon\u00e1n\u00ed: Atletick\u00fd stadion Josefa Hrona Dny, kdy aktivita prob\u00edh\u00e1: 6.\u20138.&nbsp;t\u0159\u00edda: \u00fater\u00fd 15\u201316 hod. 1.\u20133.&nbsp;t\u0159\u00edda: st\u0159eda 16\u201317 hod. 4.\u20135.&nbsp;t\u0159\u00edda: \u010dtvrtek 16\u201317 hod. Cena aktivity: \u00a0? Pro jak star\u00e9 d\u011bti je aktivita ur\u010dena: od 6 let Webov\u00e9 str\u00e1nky [&hellip;]<\/p>\n","protected":false},"author":4,"featured_media":0,"parent":6079,"menu_order":0,"comment_status":"closed","ping_status":"closed","template":"","meta":[],"_links":{"self":[{"href":"https:\/\/map-mh.cz\/map4\/wp-json\/wp\/v2\/pages\/14202"}],"collection":[{"href":"https:\/\/map-mh.cz\/map4\/wp-json\/wp\/v2\/pages"}],"about":[{"href":"https:\/\/map-mh.cz\/map4\/wp-json\/wp\/v2\/types\/page"}],"author":[{"embeddable":true,"href":"https:\/\/map-mh.cz\/map4\/wp-json\/wp\/v2\/users\/4"}],"replies":[{"embeddable":true,"href":"https:\/\/map-mh.cz\/map4\/wp-json\/wp\/v2\/comments?post=14202"}],"version-history":[{"count":4,"href":"https:\/\/map-mh.cz\/map4\/wp-json\/wp\/v2\/pages\/14202\/revisions"}],"predecessor-version":[{"id":16371,"href":"https:\/\/map-mh.cz\/map4\/wp-json\/wp\/v2\/pages\/14202\/revisions\/16371"}],"up":[{"embeddable":true,"href":"https:\/\/map-mh.cz\/map4\/wp-json\/wp\/v2\/pages\/6079"}],"wp:attachment":[{"href":"https:\/\/map-mh.cz\/map4\/wp-json\/wp\/v2\/media?parent=14202"}],"curies":[{"name":"wp","href":"https:\/\/api.w.org\/{rel}","templated":true}]}}