{"id":14199,"date":"2023-09-04T07:51:45","date_gmt":"2023-09-04T05:51:45","guid":{"rendered":"https:\/\/map-mh.cz\/map4\/?page_id=14199"},"modified":"2023-09-04T07:51:45","modified_gmt":"2023-09-04T05:51:45","slug":"volejbal-a-minivolejbal","status":"publish","type":"page","link":"https:\/\/map-mh.cz\/map4\/volnocasove-aktivity\/volejbal-a-minivolejbal\/","title":{"rendered":"Volejbal a&nbsp;minivolejbal"},"content":{"rendered":"<p><strong>N\u00e1zev organizace<\/strong>: TJ Sokol Mnichovo Hradi\u0161t\u011b \u2013 odd\u00edl volejbalu<\/p>\n<p><strong>N\u00e1zev volno\u010dasov\u00e9 aktivity:<\/strong> Volejbal a&nbsp;minivolejbal<\/p>\n<p><strong>M\u00edsto kon\u00e1n\u00ed:<\/strong> Sportovn\u00ed hala BIOS \u2013 ul. Sokolovsk\u00e1<\/p>\n<p><strong>Dny, kdy aktivita prob\u00edh\u00e1: <\/strong>pravideln\u00e9 tr\u00e9ninky v\u00a0\u00fater\u00fd a\u00a0ve \u010dtvrtek 16:00\u201317:30\u00a0h + v\u00edkendov\u00e9 turnaje<\/p>\n<p><strong>Cena aktivity:<\/strong> 1500 K\u010d\/pololet\u00ed<\/p>\n<p><strong>Pro jak star\u00e9 d\u011bti je aktivita ur\u010dena:<\/strong> chlapci a&nbsp;d\u011bv\u010data od 8 let<\/p>\n<p><strong>Webov\u00e9 str\u00e1nky organizace:<\/strong> <a href=\"http:\/\/new.sokolmh.cz\/volejbal\/\">http:\/\/new.sokolmh.cz\/volejbal\/<\/a><\/p>\n<p><strong>Kontaktn\u00ed osoba:\u00a0<\/strong>Ji\u0159\u00ed Sk\u0159ivan, jiri.skrivan@skoda-auto.cz,\u00a0 604\u00a0292\u00a0397<\/p>\n<a class=\"maxbutton-10 maxbutton maxbutton-zpet\" href=\"https:\/\/map-mh.cz\/map4\/volnocasove-aktivity\/\"><span class='mb-text'>zp\u011bt<\/span><\/a>\n","protected":false},"excerpt":{"rendered":"<p>N\u00e1zev organizace: TJ Sokol Mnichovo Hradi\u0161t\u011b \u2013 odd\u00edl volejbalu N\u00e1zev volno\u010dasov\u00e9 aktivity: Volejbal a&nbsp;minivolejbal M\u00edsto kon\u00e1n\u00ed: Sportovn\u00ed hala BIOS \u2013 ul. Sokolovsk\u00e1 Dny, kdy aktivita prob\u00edh\u00e1: pravideln\u00e9 tr\u00e9ninky v\u00a0\u00fater\u00fd a\u00a0ve \u010dtvrtek 16:00\u201317:30\u00a0h + v\u00edkendov\u00e9 turnaje Cena aktivity: 1500 K\u010d\/pololet\u00ed Pro jak star\u00e9 d\u011bti je aktivita ur\u010dena: chlapci a&nbsp;d\u011bv\u010data od 8 let Webov\u00e9 str\u00e1nky organizace: http:\/\/new.sokolmh.cz\/volejbal\/ [&hellip;]<\/p>\n","protected":false},"author":4,"featured_media":0,"parent":6079,"menu_order":0,"comment_status":"closed","ping_status":"closed","template":"","meta":[],"_links":{"self":[{"href":"https:\/\/map-mh.cz\/map4\/wp-json\/wp\/v2\/pages\/14199"}],"collection":[{"href":"https:\/\/map-mh.cz\/map4\/wp-json\/wp\/v2\/pages"}],"about":[{"href":"https:\/\/map-mh.cz\/map4\/wp-json\/wp\/v2\/types\/page"}],"author":[{"embeddable":true,"href":"https:\/\/map-mh.cz\/map4\/wp-json\/wp\/v2\/users\/4"}],"replies":[{"embeddable":true,"href":"https:\/\/map-mh.cz\/map4\/wp-json\/wp\/v2\/comments?post=14199"}],"version-history":[{"count":1,"href":"https:\/\/map-mh.cz\/map4\/wp-json\/wp\/v2\/pages\/14199\/revisions"}],"predecessor-version":[{"id":14200,"href":"https:\/\/map-mh.cz\/map4\/wp-json\/wp\/v2\/pages\/14199\/revisions\/14200"}],"up":[{"embeddable":true,"href":"https:\/\/map-mh.cz\/map4\/wp-json\/wp\/v2\/pages\/6079"}],"wp:attachment":[{"href":"https:\/\/map-mh.cz\/map4\/wp-json\/wp\/v2\/media?parent=14199"}],"curies":[{"name":"wp","href":"https:\/\/api.w.org\/{rel}","templated":true}]}}