{"id":14165,"date":"2023-08-26T00:17:10","date_gmt":"2023-08-25T22:17:10","guid":{"rendered":"https:\/\/map-mh.cz\/map4\/?page_id=14165"},"modified":"2026-02-27T07:00:52","modified_gmt":"2026-02-27T06:00:52","slug":"priklady-dobre-praxe","status":"publish","type":"page","link":"https:\/\/map-mh.cz\/map4\/pracovni-skupina-pro-podporu-modernich-didaktickych-forem-vedoucich-k-rozvoji-klicovych-kompetenci\/priklady-dobre-praxe\/","title":{"rendered":"P\u0159\u00edklady dobr\u00e9 praxe a&nbsp;u\u017eite\u010dn\u00e9 odkazy"},"content":{"rendered":"<div class=\"art-postcontent clearfix\">\n<div class=\"art-postcontent clearfix\">\n<h3><strong><a href=\"https:\/\/map-mh.cz\/map4\/wp-content\/uploads\/2026\/02\/regionalni_ucebnice_final_resp.pdf\">REGION\u00c1LN\u00cd U\u010cENBNICE MAP MNICHOVOHRADI\u0160\u0164SKO<\/a>\u00a0\u00a0\u00a0\u00a0\u00a0\u00a0\u00a0 <\/strong><\/h3>\n<p><strong><a href=\"https:\/\/map-mh.cz\/map4\/wp-content\/uploads\/2026\/02\/seznam_materialy_pro_rozvoj_kk_fin.pdf\">Seznam materi\u00e1l\u016f pro rozvoj kl\u00ed\u010dov\u00fdch kompetenc\u00ed<\/a><\/strong><\/p>\n<p><a href=\"https:\/\/map-mh.cz\/map4\/wp-content\/uploads\/2026\/02\/regionalni_omalovanky.pdf\"><strong>Regionaln\u00ed omalov\u00e1nky<\/strong><\/a><\/p>\n<h3><a href=\"https:\/\/map-mh.cz\/map4\/wp-content\/uploads\/2025\/10\/seznam-knih-pro-1-stupen_2025_2026.docx\">SEZNAM knih pro 1.&nbsp;stupe\u0148_2025_2026<\/a><\/h3>\n<h3><a href=\"https:\/\/map-mh.cz\/map4\/wp-content\/uploads\/2025\/10\/seznam-knih-pro-2-stupen_2026_2026.docx\">SEZNAM knih pro 2.&nbsp;stupe\u0148_2026_2026<\/a><\/h3>\n<h3><strong>P\u0159\u00edrodov\u011bdn\u00e1 gramotnost<\/strong><\/h3>\n<ul>\n<li><strong>Klima<\/strong> \u2013 v\u00fdukov\u00e9 materi\u00e1ly do r\u016fzn\u00fdch p\u0159edm\u011bt\u016f, des\u00edtky t\u00e9mat a\u00a0v\u011bkov\u00fdch \u00farovn\u00ed\u00a0\u00a0<a href=\"http:\/\/www.ucimoklimatu.cz\/?fbclid=IwAR1rj_4oVAsACePbR7-eSqb7CEZlRUov6M3HeXBAKt7rf59zwr7Uzzh0c_c\">www.ucimoklimatu.cz<\/a><\/li>\n<li><strong>Geologie<\/strong> \u2013 materi\u00e1ly ke sta\u017een\u00ed a\u00a0vyti\u0161t\u011bn\u00ed: pracovn\u00ed listy, miniprojekty v\u00a0ter\u00e9nu, interaktivn\u00ed e-learningov\u00e1 lekce, metodika pro pedagogy<a href=\"http:\/\/www.geology.cz\/svet-geologie\/ucitele?fbclid=IwAR3rXdzob0rZ_QwEU_0qNq2Tt0YvkBk0bKsP6Hju3UcxLlTjJtF7aKshVJk\">http:\/\/www.geology.cz\/svet-geologie\/ucitele?fbclid=IwAR3rXdzob0rZ_QwEU_0qNq2Tt0YvkBk0bKsP6Hju3UcxLlTjJtF7aKshVJk<\/a><\/li>\n<\/ul>\n<\/div>\n<h3><strong>\u00a0\u00a0\u00a0\u00a0\u00a0\u00a0 \u010cten\u00e1\u0159sk\u00e1 gramotnost<\/strong><\/h3>\n<ul>\n<li><a href=\"http:\/\/www.zlatastuha.cz\/cs\/pro-skoly\">http:\/\/www.zlatastuha.cz\/cs\/pro-skoly<\/a><\/li>\n<li><a href=\"https:\/\/www.kmc.cz\/metodicke-materialy\/\">https:\/\/www.kmc.cz\/metodicke-materialy\/<\/a><\/li>\n<li><a href=\"https:\/\/www.youtube.com\/watch?v=SX6AjeCOg50&amp;list=PLtDjHgFVNmin6DcMwfKp_TeErzZCCA6Wl&amp;index=8\">Lid\u00e9 v\u00a0klubech \u2013 \u017e\u00e1ci<\/a> (video)<\/li>\n<li><a href=\"https:\/\/www.youtube.com\/watch?v=lbHSOGQSXUw&amp;list=PLtDjHgFVNmin6DcMwfKp_TeErzZCCA6Wl&amp;index=7\">Lid\u00e9 v\u00a0klubech \u2013 mana\u017ee\u0159i klub\u016f<\/a> (video)<\/li>\n<li><a href=\"https:\/\/www.youtube.com\/watch?v=R15WKfP8umw&amp;list=PLtDjHgFVNmin6DcMwfKp_TeErzZCCA6Wl&amp;index=9\">Co d\u011btem klub a\u00a0\u010dten\u00ed d\u00e1v\u00e1<\/a> (video)<\/li>\n<li><a href=\"https:\/\/www.youtube.com\/watch?v=ci1n0hMv3yg&amp;list=PLtDjHgFVNmin6DcMwfKp_TeErzZCCA6Wl&amp;index=10\">Pro\u010d d\u011bti chod\u00ed do klubu<\/a> (video)<\/li>\n<li><a href=\"https:\/\/www.youtube.com\/watch?v=GP9xrSy3u8w&amp;list=PLtDjHgFVNmin6DcMwfKp_TeErzZCCA6Wl&amp;index=11\">Knihy m\u00e9ho srdce<\/a> (video)<\/li>\n<li><a href=\"https:\/\/www.youtube.com\/watch?v=mk74KDbcTeg&amp;list=PLtDjHgFVNmin6DcMwfKp_TeErzZCCA6Wl&amp;index=12\">Ok\u00e9nko do \u010dten\u00e1\u0159sk\u00e9ho klubu<\/a> (video)<\/li>\n<li><a href=\"https:\/\/www.youtube.com\/watch?v=_exHdiMPQlI&amp;list=PLtDjHgFVNmin6DcMwfKp_TeErzZCCA6Wl\">\u010cten\u00e1\u0159sk\u00fd klub<\/a> (video)<\/li>\n<li><a href=\"https:\/\/www.youtube.com\/watch?v=XVMeloFtXQ4&amp;list=PLtDjHgFVNmin6DcMwfKp_TeErzZCCA6Wl&amp;index=6\">\u010cteme si spole\u010dn\u011b<\/a> (video)<\/li>\n<li><a href=\"https:\/\/www.youtube.com\/watch?v=x8VL14SmWLw&amp;list=PLtDjHgFVNmin6DcMwfKp_TeErzZCCA6Wl&amp;index=3&amp;t=0s\">T\u0159i pil\u00ed\u0159e klubov\u00e9 pr\u00e1ce<\/a> (video)<\/li>\n<li><a href=\"https:\/\/www.youtube.com\/watch?v=qdiWeochPds&amp;list=PLtDjHgFVNmin6DcMwfKp_TeErzZCCA6Wl&amp;index=5\">Odejdi s\u00a0knihou<\/a> (video)<\/li>\n<li><a href=\"https:\/\/www.youtube.com\/watch?v=66Hwh4GSgys&amp;list=PLtDjHgFVNmin6DcMwfKp_TeErzZCCA6Wl&amp;index=4\">\u010cti si p\u0159\u00edmo v\u00a0klubu<\/a> (video)<\/li>\n<li><a href=\"https:\/\/www.youtube.com\/watch?v=COGMakG97iI&amp;t=80s\">Hovo\u0159 o\u00a0tom, co \u010dte\u0161<\/a> (video)<\/li>\n<li><a href=\"https:\/\/www.youtube.com\/watch?v=2TgAooBfRxI&amp;t=3s\">\u0160koln\u00ed \u010dten\u00e1\u0159sk\u00e9 kluby: Vytv\u00e1\u0159\u00edme spole\u010denstv\u00ed nad knihou<\/a> (video)<\/li>\n<li><a href=\"https:\/\/new.ctenarskekluby.cz\/storage\/app\/media\/projekt\/zor7_sknihou_II_KOMPLET.pdf\">S knihou po\u00a0\u0161kole II \u2013 \u0161koln\u00ed \u010dten\u00e1\u0159sk\u00e9 kluby<\/a> \u2013 v\u00fdzkumn\u00e1 zji\u0161t\u011bn\u00ed a\u00a0zku\u0161enosti s\u00a0fungov\u00e1n\u00edm \u0161koln\u00edch \u010dten\u00e1\u0159sk\u00fdch klub\u016f na 2.\u00a0st. Z\u0160<\/li>\n<li><a href=\"https:\/\/new.ctenarskekluby.cz\/storage\/app\/media\/projekt\/Audio_Soustredeni_k_poslechu_FIN.pdf\">Soust\u0159ed\u011bni na poslech<\/a> \u2013 sborn\u00edk zku\u0161enost\u00ed a\u00a0inspirac\u00ed k\u00a0vyu\u017eit\u00ed audioknih ve \u010dten\u00e1\u0159sk\u00fdch klubech i\u00a0ve vyu\u010dov\u00e1n\u00ed<\/li>\n<li><a href=\"https:\/\/new.ctenarskekluby.cz\/storage\/app\/media\/cteme_si_i_spolecne.pdf\">\u010cteme si i\u00a0spole\u010dn\u011b<\/a>\u00a0\u2013 sborn\u00edk deseti r\u016fznorod\u00fdch \u010dten\u00e1\u0159sk\u00fdch lekc\u00ed vhodn\u00fdch pro 2.\u00a0stupe\u0148<\/li>\n<li><a href=\"https:\/\/www.jsns.cz\/krok-za-krokem\/15221-medialni-vzdelavani?utm_source=bulletinmv&amp;utm_medium=smartemailing&amp;utm_campaign=bulletinmv_srpen_2019\">Krok za krokem medi\u00e1ln\u00edm vzd\u011bl\u00e1v\u00e1n\u00edm \u2013 Jeden sv\u011bt na \u0161kol\u00e1ch<\/a><\/li>\n<li><a href=\"http:\/\/svetmedii.info\/\">http:\/\/svetmedii.info\/<\/a><\/li>\n<li><a href=\"https:\/\/www.ctenipomaha.cz\/\">https:\/\/www.ctenipomaha.cz\/<\/a><\/li>\n<li><a href=\"http:\/\/www.nocsandersenem.cz\/\">http:\/\/www.nocsandersenem.cz\/<\/a><\/li>\n<li><a href=\"http:\/\/www.rostemesknihou.cz\/cz\/o-kampani\/aktuality\/\">http:\/\/www.rostemesknihou.cz\/cz\/o-kampani\/aktuality\/<\/a><\/li>\n<li><a href=\"http:\/\/csk.npmk.cz\/node\/110\">http:\/\/csk.npmk.cz\/node\/110<\/a><\/li>\n<li><a href=\"http:\/\/www.ctenarska-gramotnost.cz\/\">http:\/\/www.ctenarska-gramotnost.cz\/<\/a><\/li>\n<li><a href=\"https:\/\/www.kniznidoupe.dolnibousov.cz\/ctenarske-kluby\/\">https:\/\/www.kniznidoupe.dolnibousov.cz\/ctenarske-kluby\/<\/a><\/li>\n<li><a href=\"https:\/\/new.ctenarskekluby.cz\/\">https:\/\/new.ctenarskekluby.cz\/<\/a><\/li>\n<li><a href=\"https:\/\/new.ctenarskekluby.cz\/co-nabizime\/lekce\">https:\/\/new.ctenarskekluby.cz\/co-nabizime\/lekce<\/a><\/li>\n<li><a href=\"http:\/\/www.novaskolaops.cz\/ctenarske-kluby\/\">http:\/\/www.novaskolaops.cz\/ctenarske-kluby\/<\/a><\/li>\n<li><a href=\"https:\/\/map-mh.cz\/map4\/wp-content\/uploads\/2019\/04\/zor6_ctenar_3_19_prvni_dil.pdf\">ZOR6_Ctenar_3_19_Prvni_dil<\/a><\/li>\n<\/ul>\n<\/div>\n<h3><strong>\u00a0\u00a0\u00a0\u00a0\u00a0\u00a0\u00a0 Matematick\u00e1 gramotnost<\/strong><\/h3>\n<ul>\n<li><a href=\"https:\/\/www.youtube.com\/watch?v=B4j_67Z3U84\">Co je to informatick\u00e9 my\u0161len\u00ed a\u00a0jak se informatika u\u010d\u00ed a\u00a0m\u011bla by se u\u010dit?<\/a><\/li>\n<li><a href=\"https:\/\/www.youtube.com\/watch?v=xdSQWbM1iGs\">iM p\u0159edstavuje v\u00fdukov\u00e9 roboty: Krokov\u00ed roboti pro p\u0159ed\u0161koln\u00ed d\u011bti<\/a><\/li>\n<li><a href=\"https:\/\/www.edu.cz\/it-guru-poradci-pro-digitalizaci-skol\/\">IT guru \u2013 poradci pro digitalizaci \u0161kol<\/a><\/li>\n<li><a href=\"https:\/\/www.trainbra.in\/cs\/\">https:\/\/www.trainbra.in\/cs\/<\/a><\/li>\n<li><a href=\"https:\/\/www.maminkam.cz\/pracovni-listy-pro-predskolaky\">https:\/\/www.maminkam.cz\/pracovni-listy-pro-predskolaky<\/a><\/li>\n<li><a href=\"https:\/\/www.matika.in\/cs\/\">https:\/\/www.matika.in\/cs\/<\/a><\/li>\n<li><a href=\"https:\/\/www.h-edu.cz\/?utm_source=%C3%9A%C4%8Dastn%C3%ADci+kurz%C5%AF+a+webin%C3%A1%C5%99%C5%AF&amp;utm_campaign=04db033908-EMAIL_CAMPAIGN_2018_04_30-1rocnik_COPY_01&amp;utm_medium=email&amp;utm_term=0_3a3caf5e0f-04db033908-553132229\">Hejn\u00e9ho metoda<\/a><\/li>\n<\/ul>\n","protected":false},"excerpt":{"rendered":"<p>REGION\u00c1LN\u00cd U\u010cENBNICE MAP MNICHOVOHRADI\u0160\u0164SKO\u00a0\u00a0\u00a0\u00a0\u00a0\u00a0\u00a0 Seznam materi\u00e1l\u016f pro rozvoj kl\u00ed\u010dov\u00fdch kompetenc\u00ed Regionaln\u00ed omalov\u00e1nky SEZNAM knih pro 1.&nbsp;stupe\u0148_2025_2026 SEZNAM knih pro 2.&nbsp;stupe\u0148_2026_2026 P\u0159\u00edrodov\u011bdn\u00e1 gramotnost Klima \u2013 v\u00fdukov\u00e9 materi\u00e1ly do r\u016fzn\u00fdch p\u0159edm\u011bt\u016f, des\u00edtky t\u00e9mat a\u00a0v\u011bkov\u00fdch \u00farovn\u00ed\u00a0\u00a0www.ucimoklimatu.cz Geologie \u2013 materi\u00e1ly ke sta\u017een\u00ed a\u00a0vyti\u0161t\u011bn\u00ed: pracovn\u00ed listy, miniprojekty v\u00a0ter\u00e9nu, interaktivn\u00ed e-learningov\u00e1 lekce, metodika pro pedagogyhttp:\/\/www.geology.cz\/svet-geologie\/ucitele?fbclid=IwAR3rXdzob0rZ_QwEU_0qNq2Tt0YvkBk0bKsP6Hju3UcxLlTjJtF7aKshVJk \u00a0\u00a0\u00a0\u00a0\u00a0\u00a0 \u010cten\u00e1\u0159sk\u00e1 gramotnost http:\/\/www.zlatastuha.cz\/cs\/pro-skoly https:\/\/www.kmc.cz\/metodicke-materialy\/ Lid\u00e9 [&hellip;]<\/p>\n","protected":false},"author":1,"featured_media":0,"parent":14161,"menu_order":0,"comment_status":"closed","ping_status":"closed","template":"","meta":[],"_links":{"self":[{"href":"https:\/\/map-mh.cz\/map4\/wp-json\/wp\/v2\/pages\/14165"}],"collection":[{"href":"https:\/\/map-mh.cz\/map4\/wp-json\/wp\/v2\/pages"}],"about":[{"href":"https:\/\/map-mh.cz\/map4\/wp-json\/wp\/v2\/types\/page"}],"author":[{"embeddable":true,"href":"https:\/\/map-mh.cz\/map4\/wp-json\/wp\/v2\/users\/1"}],"replies":[{"embeddable":true,"href":"https:\/\/map-mh.cz\/map4\/wp-json\/wp\/v2\/comments?post=14165"}],"version-history":[{"count":9,"href":"https:\/\/map-mh.cz\/map4\/wp-json\/wp\/v2\/pages\/14165\/revisions"}],"predecessor-version":[{"id":16689,"href":"https:\/\/map-mh.cz\/map4\/wp-json\/wp\/v2\/pages\/14165\/revisions\/16689"}],"up":[{"embeddable":true,"href":"https:\/\/map-mh.cz\/map4\/wp-json\/wp\/v2\/pages\/14161"}],"wp:attachment":[{"href":"https:\/\/map-mh.cz\/map4\/wp-json\/wp\/v2\/media?parent=14165"}],"curies":[{"name":"wp","href":"https:\/\/api.w.org\/{rel}","templated":true}]}}