{"id":14159,"date":"2023-08-26T00:16:19","date_gmt":"2023-08-25T22:16:19","guid":{"rendered":"https:\/\/map-mh.cz\/map4\/?page_id=14159"},"modified":"2023-08-26T00:16:19","modified_gmt":"2023-08-25T22:16:19","slug":"priklady-dobre-praxe","status":"publish","type":"page","link":"https:\/\/map-mh.cz\/map4\/pracovni-skupina-pro-financovani\/priklady-dobre-praxe\/","title":{"rendered":"P\u0159\u00edklady dobr\u00e9 praxe"},"content":{"rendered":"","protected":false},"excerpt":{"rendered":"","protected":false},"author":1,"featured_media":0,"parent":14155,"menu_order":0,"comment_status":"closed","ping_status":"closed","template":"","meta":[],"_links":{"self":[{"href":"https:\/\/map-mh.cz\/map4\/wp-json\/wp\/v2\/pages\/14159"}],"collection":[{"href":"https:\/\/map-mh.cz\/map4\/wp-json\/wp\/v2\/pages"}],"about":[{"href":"https:\/\/map-mh.cz\/map4\/wp-json\/wp\/v2\/types\/page"}],"author":[{"embeddable":true,"href":"https:\/\/map-mh.cz\/map4\/wp-json\/wp\/v2\/users\/1"}],"replies":[{"embeddable":true,"href":"https:\/\/map-mh.cz\/map4\/wp-json\/wp\/v2\/comments?post=14159"}],"version-history":[{"count":1,"href":"https:\/\/map-mh.cz\/map4\/wp-json\/wp\/v2\/pages\/14159\/revisions"}],"predecessor-version":[{"id":14160,"href":"https:\/\/map-mh.cz\/map4\/wp-json\/wp\/v2\/pages\/14159\/revisions\/14160"}],"up":[{"embeddable":true,"href":"https:\/\/map-mh.cz\/map4\/wp-json\/wp\/v2\/pages\/14155"}],"wp:attachment":[{"href":"https:\/\/map-mh.cz\/map4\/wp-json\/wp\/v2\/media?parent=14159"}],"curies":[{"name":"wp","href":"https:\/\/api.w.org\/{rel}","templated":true}]}}