{"id":13035,"date":"2022-09-05T15:16:06","date_gmt":"2022-09-05T13:16:06","guid":{"rendered":"https:\/\/map-mh.cz\/map4\/?page_id=13035"},"modified":"2025-08-29T14:17:32","modified_gmt":"2025-08-29T12:17:32","slug":"batolidlo","status":"publish","type":"page","link":"https:\/\/map-mh.cz\/map4\/volnocasove-aktivity\/batolidlo\/","title":{"rendered":"Batolidlo"},"content":{"rendered":"<p><strong>N\u00e1zev organizace<\/strong>: <span data-sheets-value=\"{&quot;1&quot;:2,&quot;2&quot;:&quot;TJ Sokol Mnichovo Hradi\u0161t\u011b&quot;}\" data-sheets-userformat=\"{&quot;2&quot;:513,&quot;3&quot;:{&quot;1&quot;:0},&quot;12&quot;:0}\">TJ Sokol Mnichovo Hradi\u0161t\u011b<\/span><\/p>\n<p><strong>N\u00e1zev volno\u010dasov\u00e9 aktivity:<\/strong> <span data-sheets-value=\"{&quot;1&quot;:2,&quot;2&quot;:&quot;Hrav\u00e9 cvi\u010den\u00ed pro rodi\u010de a d\u011bti&quot;}\" data-sheets-userformat=\"{&quot;2&quot;:513,&quot;3&quot;:{&quot;1&quot;:0},&quot;12&quot;:0}\">Batolidlo<\/span><\/p>\n<p><strong>M\u00edsto kon\u00e1n\u00ed:<\/strong> TJ Sokol Mnichovo Hradi\u0161t\u011b<span data-sheets-value=\"{&quot;1&quot;:2,&quot;2&quot;:&quot;TJ SOKOL MNICHOVO HRADI\u0160T\u011a&quot;}\" data-sheets-userformat=\"{&quot;2&quot;:513,&quot;3&quot;:{&quot;1&quot;:0},&quot;12&quot;:0}\"><br \/>\n<\/span><\/p>\n<p><strong>Dny, kdy aktivita prob\u00edh\u00e1: <\/strong>st\u0159eda 9<span data-sheets-value=\"{&quot;1&quot;:2,&quot;2&quot;:&quot;\u010ctvrtek 17:30-18:30&quot;}\" data-sheets-userformat=\"{&quot;2&quot;:513,&quot;3&quot;:{&quot;1&quot;:0},&quot;12&quot;:0}\">:00\u201310:00 h\u00a0<\/span><\/p>\n<p><strong>Cena aktivity:\u00a0<\/strong><\/p>\n<p><strong>Pro jak star\u00e9 d\u011bti je aktivita ur\u010dena:<\/strong> 1<span data-sheets-value=\"{&quot;1&quot;:2,&quot;2&quot;:&quot;d\u011bti 5-9 let - pololet\u00ed (5 m\u011bs\u00edc\u016f) - 1900 K\u010d, d\u011bti 10-14 let - pololet\u00ed (5 m\u011bs\u00edc\u016f) - 2400 K\u010d&quot;}\" data-sheets-userformat=\"{&quot;2&quot;:513,&quot;3&quot;:{&quot;1&quot;:0},&quot;12&quot;:0}\">\u2013<\/span>3<span data-sheets-value=\"{&quot;1&quot;:2,&quot;2&quot;:&quot;5-14 let&quot;}\" data-sheets-userformat=\"{&quot;2&quot;:513,&quot;3&quot;:{&quot;1&quot;:0},&quot;12&quot;:0}\"> let<br \/>\n<\/span><\/p>\n<p><strong>Webov\u00e9 str\u00e1nky organizace:<\/strong> <a class=\"in-cell-link\" href=\"http:\/\/new.sokolmh.cz\/\" target=\"_blank\" rel=\"noopener\">www.new.sokolmh.cz<\/a><\/p>\n<p><strong>Kontaktn\u00ed osoba: <\/strong><span data-sheets-value=\"{&quot;1&quot;:2,&quot;2&quot;:&quot;info@petrmazal.cz \/ +420 724 085 538&quot;}\" data-sheets-userformat=\"{&quot;2&quot;:513,&quot;3&quot;:{&quot;1&quot;:0},&quot;12&quot;:0}\">Karol\u00edna Hajlichov\u00e1, 721&nbsp;537&nbsp;115<\/span><\/p>\n<a class=\"maxbutton-10 maxbutton maxbutton-zpet\" href=\"https:\/\/map-mh.cz\/map4\/volnocasove-aktivity\/\"><span class='mb-text'>zp\u011bt<\/span><\/a>\n","protected":false},"excerpt":{"rendered":"<p>N\u00e1zev organizace: TJ Sokol Mnichovo Hradi\u0161t\u011b N\u00e1zev volno\u010dasov\u00e9 aktivity: Batolidlo M\u00edsto kon\u00e1n\u00ed: TJ Sokol Mnichovo Hradi\u0161t\u011b Dny, kdy aktivita prob\u00edh\u00e1: st\u0159eda 9:00\u201310:00 h\u00a0 Cena aktivity:\u00a0 Pro jak star\u00e9 d\u011bti je aktivita ur\u010dena: 1\u20133 let Webov\u00e9 str\u00e1nky organizace: www.new.sokolmh.cz Kontaktn\u00ed osoba: Karol\u00edna Hajlichov\u00e1, 721&nbsp;537&nbsp;115<\/p>\n","protected":false},"author":4,"featured_media":0,"parent":6079,"menu_order":0,"comment_status":"closed","ping_status":"closed","template":"","meta":[],"_links":{"self":[{"href":"https:\/\/map-mh.cz\/map4\/wp-json\/wp\/v2\/pages\/13035"}],"collection":[{"href":"https:\/\/map-mh.cz\/map4\/wp-json\/wp\/v2\/pages"}],"about":[{"href":"https:\/\/map-mh.cz\/map4\/wp-json\/wp\/v2\/types\/page"}],"author":[{"embeddable":true,"href":"https:\/\/map-mh.cz\/map4\/wp-json\/wp\/v2\/users\/4"}],"replies":[{"embeddable":true,"href":"https:\/\/map-mh.cz\/map4\/wp-json\/wp\/v2\/comments?post=13035"}],"version-history":[{"count":4,"href":"https:\/\/map-mh.cz\/map4\/wp-json\/wp\/v2\/pages\/13035\/revisions"}],"predecessor-version":[{"id":16365,"href":"https:\/\/map-mh.cz\/map4\/wp-json\/wp\/v2\/pages\/13035\/revisions\/16365"}],"up":[{"embeddable":true,"href":"https:\/\/map-mh.cz\/map4\/wp-json\/wp\/v2\/pages\/6079"}],"wp:attachment":[{"href":"https:\/\/map-mh.cz\/map4\/wp-json\/wp\/v2\/media?parent=13035"}],"curies":[{"name":"wp","href":"https:\/\/api.w.org\/{rel}","templated":true}]}}