{"id":12109,"date":"2022-03-28T09:34:32","date_gmt":"2022-03-28T07:34:32","guid":{"rendered":"https:\/\/map-mh.cz\/map4\/?page_id=12109"},"modified":"2022-03-28T09:41:58","modified_gmt":"2022-03-28T07:41:58","slug":"valka-na-ukrajine","status":"publish","type":"page","link":"https:\/\/map-mh.cz\/map4\/valka-na-ukrajine\/","title":{"rendered":"V\u00e1lka na Ukrajin\u011b"},"content":{"rendered":"<div class=\"su-animate\" style=\"visibility:hidden;-webkit-animation-duration:1s;-webkit-animation-delay:0s;animation-duration:1s;animation-delay:0s;\" data-animation=\"fadeInRight\" data-duration=\"1\" data-delay=\"0\">\n<div class=\"su-spacer\" style=\"height:30px\"><\/div>\n<div class=\"su-button-center\"><a href=\"https:\/\/map-mh.cz\/map4\/category\/jak-ucit-o-valce\/\" class=\"su-button su-button-style-default\" style=\"color:#FFFFFF;background-color:#017dc7;border-color:#0164a0;border-radius:0px;-moz-border-radius:0px;-webkit-border-radius:0px\" target=\"_self\"><span style=\"color:#FFFFFF;padding:0px 22px;font-size:17px;line-height:34px;border-color:#4ea4d8;border-radius:0px;-moz-border-radius:0px;-webkit-border-radius:0px;text-shadow:none;-moz-text-shadow:none;-webkit-text-shadow:none\"> Jak u\u010dit o&nbsp;v\u00e1lce \u2192<\/span><\/a><\/div>\n<div class=\"su-spacer\" style=\"height:10px\"><\/div>\n<div class=\"su-button-center\"><a href=\"https:\/\/map-mh.cz\/map4\/category\/valka-na-ukrajine\/\" class=\"su-button su-button-style-default\" style=\"color:#000000;background-color:#ffd500;border-color:#ccab00;border-radius:0px;-moz-border-radius:0px;-webkit-border-radius:0px\" target=\"_self\"><span style=\"color:#000000;padding:0px 22px;font-size:17px;line-height:34px;border-color:#ffe24d;border-radius:0px;-moz-border-radius:0px;-webkit-border-radius:0px;text-shadow:none;-moz-text-shadow:none;-webkit-text-shadow:none\"> Vzd\u011bl\u00e1v\u00e1n\u00ed d\u011bt\u00ed z&nbsp;Ukrajiny \u2192<\/span><\/a><\/div>\n<\/div>\n<p>&nbsp;<\/p>\n<div class=\"su-spacer\" style=\"height:5px\"><\/div>\n","protected":false},"excerpt":{"rendered":"<p>&nbsp;<\/p>\n","protected":false},"author":1,"featured_media":0,"parent":0,"menu_order":0,"comment_status":"closed","ping_status":"closed","template":"","meta":[],"_links":{"self":[{"href":"https:\/\/map-mh.cz\/map4\/wp-json\/wp\/v2\/pages\/12109"}],"collection":[{"href":"https:\/\/map-mh.cz\/map4\/wp-json\/wp\/v2\/pages"}],"about":[{"href":"https:\/\/map-mh.cz\/map4\/wp-json\/wp\/v2\/types\/page"}],"author":[{"embeddable":true,"href":"https:\/\/map-mh.cz\/map4\/wp-json\/wp\/v2\/users\/1"}],"replies":[{"embeddable":true,"href":"https:\/\/map-mh.cz\/map4\/wp-json\/wp\/v2\/comments?post=12109"}],"version-history":[{"count":8,"href":"https:\/\/map-mh.cz\/map4\/wp-json\/wp\/v2\/pages\/12109\/revisions"}],"predecessor-version":[{"id":12117,"href":"https:\/\/map-mh.cz\/map4\/wp-json\/wp\/v2\/pages\/12109\/revisions\/12117"}],"wp:attachment":[{"href":"https:\/\/map-mh.cz\/map4\/wp-json\/wp\/v2\/media?parent=12109"}],"curies":[{"name":"wp","href":"https:\/\/api.w.org\/{rel}","templated":true}]}}