{"id":12,"date":"2016-09-15T22:11:46","date_gmt":"2016-09-15T20:11:46","guid":{"rendered":"https:\/\/map-mh.cz\/map4\/?page_id=12"},"modified":"2024-01-02T11:52:25","modified_gmt":"2024-01-02T10:52:25","slug":"kontakty","status":"publish","type":"page","link":"https:\/\/map-mh.cz\/map4\/kontakty\/","title":{"rendered":"Kancel\u00e1\u0159"},"content":{"rendered":"<p><strong>Adresa:<\/strong><br \/>\nVolno\u010dasov\u00e9 centrum Mnichovo Hradi\u0161t\u011b<br \/>\nZ\u00e1meck\u00e1 744<br \/>\n295&nbsp;01 Mnichovo Hradi\u0161t\u011b<\/p>\n<p><img decoding=\"async\" loading=\"lazy\" class=\"size-full wp-image-487 aligncenter\" src=\"https:\/\/map-mh.cz\/map4\/wp-content\/uploads\/2016\/09\/k01.jpg\" alt=\"k01\" width=\"340\" height=\"250\" \/><\/p>\n<p><strong>Mapa:<\/strong><br \/>\n<iframe loading=\"lazy\" style=\"border: 0;\" src=\"https:\/\/www.google.com\/maps\/embed?pb=!1m18!1m12!1m3!1d634.1036265278293!2d14.972493727745729!3d50.52645998976598!2m3!1f0!2f0!3f0!3m2!1i1024!2i768!4f13.1!3m3!1m2!1s0x470952682be4aefb%3A0xf9f274c158fdf0b2!2zWsOhbWVja8OhIDc0NCwgMjk1IDAxIE1uaWNob3ZvIEhyYWRpxaF0xJs!5e0!3m2!1scs!2scz!4v1473974437253\" width=\"340\" height=\"250\" frameborder=\"0\" allowfullscreen=\"allowfullscreen\"><\/iframe><\/p>\n<div class=\"iw_mail\" dir=\"ltr\">\n<p class=\"cvGsUA direction-ltr align-center para-style-body\"><strong><span class=\"OYPEnA text-decoration-none text-strikethrough-none\">Kancel\u00e1\u0159 MAP IV Mnichovohradi\u0161\u0165sko<\/span><span class=\"OYPEnA text-decoration-none text-strikethrough-none\">bude ve dnech od 12.&nbsp;9.&nbsp;do 15.&nbsp;9.&nbsp;2023 <\/span><span class=\"OYPEnA text-decoration-none text-strikethrough-none\">otev\u0159ena pouze po&nbsp;p\u0159edchoz\u00ed telefonick\u00e9 domluv\u011b.<br \/>\n<\/span><\/strong>V pond\u011bl\u00ed v&nbsp;\u010dasech od 8:30 do 11:30 a&nbsp;od 12:30 do 15:00 hodin, ve st\u0159edu od 9:00 do 11:30 a&nbsp;od 12:30 do 14:00 hodin a&nbsp;v&nbsp;p\u00e1tek od 8:00 do 11:30 a&nbsp;od 12:30 do 14:00 hodin v&nbsp;kancel\u00e1\u0159i v\u017edy zastihnete n\u011bkoho z&nbsp;realiza\u010dn\u00edho t\u00fdmu. V&nbsp;\u00fater\u00fd a&nbsp;\u010dtvrtek se s&nbsp;V\u00e1mi r\u00e1di setk\u00e1me po&nbsp;p\u0159edchoz\u00ed telefonick\u00e9 \u010di&nbsp;e-mailov\u00e9 domluv\u011b. Budete-li cht\u00edt nav\u0161t\u00edvit konkr\u00e9tn\u00ed osobu realiza\u010dn\u00edho t\u00fdmu, pros\u00edme V\u00e1s o&nbsp;p\u0159edchoz\u00ed e-mailov\u00fd \u010di&nbsp;telefonick\u00fd kontakt, jeliko\u017e hodn\u011b \u010dasu tr\u00e1v\u00edme v&nbsp;&#8220;ter\u00e9nu&#8221; v&nbsp;m\u00edstn\u00edch vzd\u011bl\u00e1vac\u00edch organizac\u00edch a&nbsp;instituc\u00edch.<\/p>\n<hr \/>\n<h3>Va\u0161e n\u00e1m\u011bty a&nbsp;p\u0159ipom\u00ednky:<\/h3>\n<div role=\"form\" class=\"wpcf7\" id=\"wpcf7-f4-o1\" lang=\"cs-CZ\" dir=\"ltr\">\n<div class=\"screen-reader-response\"><\/div>\n<form action=\"\/map4\/wp-json\/wp\/v2\/pages\/12#wpcf7-f4-o1\" method=\"post\" class=\"wpcf7-form\" novalidate=\"novalidate\">\n<div style=\"display: none;\">\n<input type=\"hidden\" name=\"_wpcf7\" value=\"4\" \/>\n<input type=\"hidden\" name=\"_wpcf7_version\" value=\"4.7\" \/>\n<input type=\"hidden\" name=\"_wpcf7_locale\" value=\"cs_CZ\" \/>\n<input type=\"hidden\" name=\"_wpcf7_unit_tag\" value=\"wpcf7-f4-o1\" \/>\n<input type=\"hidden\" name=\"_wpnonce\" value=\"b50192fb82\" \/>\n<\/div>\n<p><label> Va\u0161e jm\u00e9no (vy\u017eadov\u00e1no)<br \/>\n    <span class=\"wpcf7-form-control-wrap your-name\"><input type=\"text\" name=\"your-name\" value=\"\" size=\"40\" class=\"wpcf7-form-control wpcf7-text wpcf7-validates-as-required\" aria-required=\"true\" aria-invalid=\"false\" \/><\/span> <\/label><\/p>\n<p><label> V\u00e1\u0161 e-mail (vy\u017eadov\u00e1no)<br \/>\n    <span class=\"wpcf7-form-control-wrap your-email\"><input type=\"email\" name=\"your-email\" value=\"\" size=\"40\" class=\"wpcf7-form-control wpcf7-text wpcf7-email wpcf7-validates-as-required wpcf7-validates-as-email\" aria-required=\"true\" aria-invalid=\"false\" \/><\/span> <\/label><\/p>\n<p><label> P\u0159edm\u011bt<br \/>\n    <span class=\"wpcf7-form-control-wrap your-subject\"><input type=\"text\" name=\"your-subject\" value=\"\" size=\"40\" class=\"wpcf7-form-control wpcf7-text\" aria-invalid=\"false\" \/><\/span> <\/label><\/p>\n<p><label> Va\u0161e zpr\u00e1va<br \/>\n    <span class=\"wpcf7-form-control-wrap your-message\"><textarea name=\"your-message\" cols=\"40\" rows=\"10\" class=\"wpcf7-form-control wpcf7-textarea\" aria-invalid=\"false\"><\/textarea><\/span> <\/label><\/p>\n<p><input type=\"submit\" value=\"Odeslat\" class=\"wpcf7-form-control wpcf7-submit\" \/><\/p>\n<div class=\"wpcf7-form-control-wrap\"><div data-sitekey=\"6Ldxr5sUAAAAAFfpVnbSPaFG1gC4HGokfICFUB3B\" class=\"wpcf7-form-control g-recaptcha wpcf7-recaptcha\"><\/div>\n<noscript>\n\t<div style=\"width: 302px; height: 422px;\">\n\t\t<div style=\"width: 302px; height: 422px; position: relative;\">\n\t\t\t<div style=\"width: 302px; height: 422px; position: absolute;\">\n\t\t\t\t<iframe src=\"https:\/\/www.google.com\/recaptcha\/api\/fallback?k=6Ldxr5sUAAAAAFfpVnbSPaFG1gC4HGokfICFUB3B\" frameborder=\"0\" scrolling=\"no\" style=\"width: 302px; height:422px; border-style: none;\">\n\t\t\t\t<\/iframe>\n\t\t\t<\/div>\n\t\t\t<div style=\"width: 300px; height: 60px; border-style: none; bottom: 12px; left: 25px; margin: 0px; padding: 0px; right: 25px; background: #f9f9f9; border: 1px solid #c1c1c1; border-radius: 3px;\">\n\t\t\t\t<textarea id=\"g-recaptcha-response\" name=\"g-recaptcha-response\" class=\"g-recaptcha-response\" style=\"width: 250px; height: 40px; border: 1px solid #c1c1c1; margin: 10px 25px; padding: 0px; resize: none;\">\n\t\t\t\t<\/textarea>\n\t\t\t<\/div>\n\t\t<\/div>\n\t<\/div>\n<\/noscript>\n<\/div><br \/>\n<div class=\"wpcf7-response-output wpcf7-display-none\"><\/div><\/form><\/div>\n<\/div>\n","protected":false},"excerpt":{"rendered":"<p>Adresa: Volno\u010dasov\u00e9 centrum Mnichovo Hradi\u0161t\u011b Z\u00e1meck\u00e1 744&nbsp;295&nbsp;01 Mnichovo Hradi\u0161t\u011b Mapa: Kancel\u00e1\u0159 MAP IV Mnichovohradi\u0161\u0165skobude ve dnech od 12.&nbsp;9.&nbsp;do 15.&nbsp;9.&nbsp;2023 otev\u0159ena pouze po&nbsp;p\u0159edchoz\u00ed telefonick\u00e9 domluv\u011b. V&nbsp;pond\u011bl\u00ed v&nbsp;\u010dasech od 8:30 do 11:30 a&nbsp;od 12:30 do 15:00 hodin, ve st\u0159edu od 9:00 do 11:30 a&nbsp;od 12:30 do 14:00 hodin a&nbsp;v&nbsp;p\u00e1tek od 8:00 do 11:30 a&nbsp;od 12:30 [&hellip;]<\/p>\n","protected":false},"author":1,"featured_media":0,"parent":0,"menu_order":0,"comment_status":"closed","ping_status":"closed","template":"","meta":[],"_links":{"self":[{"href":"https:\/\/map-mh.cz\/map4\/wp-json\/wp\/v2\/pages\/12"}],"collection":[{"href":"https:\/\/map-mh.cz\/map4\/wp-json\/wp\/v2\/pages"}],"about":[{"href":"https:\/\/map-mh.cz\/map4\/wp-json\/wp\/v2\/types\/page"}],"author":[{"embeddable":true,"href":"https:\/\/map-mh.cz\/map4\/wp-json\/wp\/v2\/users\/1"}],"replies":[{"embeddable":true,"href":"https:\/\/map-mh.cz\/map4\/wp-json\/wp\/v2\/comments?post=12"}],"version-history":[{"count":22,"href":"https:\/\/map-mh.cz\/map4\/wp-json\/wp\/v2\/pages\/12\/revisions"}],"predecessor-version":[{"id":14709,"href":"https:\/\/map-mh.cz\/map4\/wp-json\/wp\/v2\/pages\/12\/revisions\/14709"}],"wp:attachment":[{"href":"https:\/\/map-mh.cz\/map4\/wp-json\/wp\/v2\/media?parent=12"}],"curies":[{"name":"wp","href":"https:\/\/api.w.org\/{rel}","templated":true}]}}