{"id":10457,"date":"2021-07-21T09:25:06","date_gmt":"2021-07-21T07:25:06","guid":{"rendered":"https:\/\/map-mh.cz\/map4\/?page_id=10457"},"modified":"2021-07-21T09:25:06","modified_gmt":"2021-07-21T07:25:06","slug":"kondicni-a-zavodni-gymnasticky-aerobik","status":"publish","type":"page","link":"https:\/\/map-mh.cz\/map4\/volnocasove-aktivity\/kondicni-a-zavodni-gymnasticky-aerobik\/","title":{"rendered":"Kondi\u010dn\u00ed a&nbsp;z\u00e1vodn\u00ed gymnastick\u00fd aerobik"},"content":{"rendered":"<p><strong>N\u00e1zev organizace<\/strong>: <span data-sheets-value=\"{&quot;1&quot;:2,&quot;2&quot;:&quot;Fit Studio Mnichovo Hradi\u0161t\u011b&quot;}\" data-sheets-userformat=\"{&quot;2&quot;:513,&quot;3&quot;:{&quot;1&quot;:0},&quot;12&quot;:0}\">Fit Studio Mnichovo Hradi\u0161t\u011b<\/span><\/p>\n<p><strong>N\u00e1zev volno\u010dasov\u00e9 aktivity:<\/strong> K<span data-sheets-value=\"{&quot;1&quot;:2,&quot;2&quot;:&quot;kondi\u010dn\u00ed a z\u00e1vodn\u00ed gymnastick\u00fd aerobik&quot;}\" data-sheets-userformat=\"{&quot;2&quot;:513,&quot;3&quot;:{&quot;1&quot;:0},&quot;12&quot;:0}\">ondi\u010dn\u00ed a&nbsp;z\u00e1vodn\u00ed gymnastick\u00fd aerobik<\/span><\/p>\n<p><strong>M\u00edsto kon\u00e1n\u00ed:<\/strong> <span data-sheets-value=\"{&quot;1&quot;:2,&quot;2&quot;:&quot;2.Z\u0160  Studentsk\u00e1, Mnichovo Hradi\u0161t\u011b&quot;}\" data-sheets-userformat=\"{&quot;2&quot;:513,&quot;3&quot;:{&quot;1&quot;:0},&quot;12&quot;:0}\">Z\u0160 Studentsk\u00e1, Mnichovo Hradi\u0161t\u011b<\/span><\/p>\n<p><strong>Dny, kdy aktivita prob\u00edh\u00e1:<\/strong> <span data-sheets-value=\"{&quot;1&quot;:2,&quot;2&quot;:&quot;\u00fater\u00fd, \u010dtvrtek, p\u00e1tek&quot;}\" data-sheets-userformat=\"{&quot;2&quot;:513,&quot;3&quot;:{&quot;1&quot;:0},&quot;12&quot;:0}\">\u00fater\u00fd, \u010dtvrtek, p\u00e1tek<\/span><\/p>\n<p><strong>Cena aktivity:<\/strong><\/p>\n<p><strong>Pro jak star\u00e9 d\u011bti je aktivita ur\u010dena:<\/strong> <span data-sheets-value=\"{&quot;1&quot;:2,&quot;2&quot;:&quot;od 4 let&quot;}\" data-sheets-userformat=\"{&quot;2&quot;:513,&quot;3&quot;:{&quot;1&quot;:0},&quot;12&quot;:0}\">od 4<\/span> let<\/p>\n<p><strong>Webov\u00e9 str\u00e1nky organizace:<\/strong><\/p>\n<p><strong>Kontaktn\u00ed osoba:\u00a0<\/strong><span data-sheets-value=\"{&quot;1&quot;:2,&quot;2&quot;:&quot;So\u0148a \u0160im\u016fnkov\u00e1&quot;}\" data-sheets-userformat=\"{&quot;2&quot;:513,&quot;3&quot;:{&quot;1&quot;:0},&quot;12&quot;:0}\">So\u0148a \u0160im\u016fnkov\u00e1<\/span>, <span data-sheets-value=\"{&quot;1&quot;:2,&quot;2&quot;:&quot;sona.simunkova@seznam.cz \/ 606 207 504&quot;}\" data-sheets-userformat=\"{&quot;2&quot;:513,&quot;3&quot;:{&quot;1&quot;:0},&quot;12&quot;:0}\">sona.simunkova@seznam.cz, 606&nbsp;207&nbsp;504<\/span><\/p>\n<a class=\"maxbutton-10 maxbutton maxbutton-zpet\" href=\"https:\/\/map-mh.cz\/map4\/volnocasove-aktivity\/\"><span class='mb-text'>zp\u011bt<\/span><\/a>\n","protected":false},"excerpt":{"rendered":"<p>N\u00e1zev organizace: Fit Studio Mnichovo Hradi\u0161t\u011b N\u00e1zev volno\u010dasov\u00e9 aktivity: Kondi\u010dn\u00ed a&nbsp;z\u00e1vodn\u00ed gymnastick\u00fd aerobik M\u00edsto kon\u00e1n\u00ed: Z\u0160 Studentsk\u00e1, Mnichovo Hradi\u0161t\u011b Dny, kdy aktivita prob\u00edh\u00e1: \u00fater\u00fd, \u010dtvrtek, p\u00e1tek Cena aktivity: Pro jak star\u00e9 d\u011bti je aktivita ur\u010dena: od 4 let Webov\u00e9 str\u00e1nky organizace: Kontaktn\u00ed osoba:\u00a0So\u0148a \u0160im\u016fnkov\u00e1, sona.simunkova@seznam.cz, 606&nbsp;207&nbsp;504<\/p>\n","protected":false},"author":4,"featured_media":0,"parent":6079,"menu_order":0,"comment_status":"closed","ping_status":"closed","template":"","meta":[],"_links":{"self":[{"href":"https:\/\/map-mh.cz\/map4\/wp-json\/wp\/v2\/pages\/10457"}],"collection":[{"href":"https:\/\/map-mh.cz\/map4\/wp-json\/wp\/v2\/pages"}],"about":[{"href":"https:\/\/map-mh.cz\/map4\/wp-json\/wp\/v2\/types\/page"}],"author":[{"embeddable":true,"href":"https:\/\/map-mh.cz\/map4\/wp-json\/wp\/v2\/users\/4"}],"replies":[{"embeddable":true,"href":"https:\/\/map-mh.cz\/map4\/wp-json\/wp\/v2\/comments?post=10457"}],"version-history":[{"count":1,"href":"https:\/\/map-mh.cz\/map4\/wp-json\/wp\/v2\/pages\/10457\/revisions"}],"predecessor-version":[{"id":10458,"href":"https:\/\/map-mh.cz\/map4\/wp-json\/wp\/v2\/pages\/10457\/revisions\/10458"}],"up":[{"embeddable":true,"href":"https:\/\/map-mh.cz\/map4\/wp-json\/wp\/v2\/pages\/6079"}],"wp:attachment":[{"href":"https:\/\/map-mh.cz\/map4\/wp-json\/wp\/v2\/media?parent=10457"}],"curies":[{"name":"wp","href":"https:\/\/api.w.org\/{rel}","templated":true}]}}