{"id":10,"date":"2016-09-15T22:10:55","date_gmt":"2016-09-15T20:10:55","guid":{"rendered":"https:\/\/map-mh.cz\/map4\/?page_id=10"},"modified":"2024-02-03T16:55:39","modified_gmt":"2024-02-03T15:55:39","slug":"o-nas","status":"publish","type":"page","link":"https:\/\/map-mh.cz\/map4\/o-nas\/","title":{"rendered":""},"content":{"rendered":"<h3>Co je to <strong>MAP<\/strong>? Je to<strong> m\u00edstn\u00ed ak\u010dn\u00ed pl\u00e1n pro rozvoj vzd\u011bl\u00e1v\u00e1n\u00ed<\/strong><\/h3>\n<ul>\n<li><strong>dokument<\/strong>, kter\u00fd vznikl ve spolupr\u00e1ci s\u00a0organizacemi, institucemi a\u00a0jednotlivci zapojen\u00fdmi do vzd\u011bl\u00e1v\u00e1n\u00ed;<\/li>\n<li><strong>m\u00edstn\u00ed spole\u010denstv\u00ed <\/strong>v\u0161ech, kdo se pod\u00edlej\u00ed na vzd\u011bl\u00e1v\u00e1n\u00ed a\u00a0jich\u017e se vzd\u011bl\u00e1v\u00e1n\u00ed t\u00fdk\u00e1: u\u010ditel\u016f, d\u011bt\u00ed a\u00a0\u017e\u00e1k\u016f, rodi\u010d\u016f, \u0159editel\u016f, z\u0159izovatel\u016f \u0161kol, pracovn\u00edk\u016f knihoven, muze\u00ed, vedouc\u00edch krou\u017ek\u016f, DDM apod.<\/li>\n<\/ul>\n<p>Projekt MAP\u00a0IV Mnichovohradi\u0161\u0165sko navazuje na projekty MAP I, MAP II a&nbsp;MAP III, kter\u00e9 vy\u0161ly z\u00a0podn\u011btu Ministerstva \u0161kolstv\u00ed, ml\u00e1de\u017ee a\u00a0t\u011blov\u00fdchovy \u010cR a\u00a0byly realizov\u00e1ny od srpna 2016 do \u010dervna 2023. B\u011bhem p\u0159edchoz\u00edch projekt\u016f jsme spole\u010dn\u011b vytvo\u0159ili:<\/p>\n<ul>\n<li>prostor pro spolupr\u00e1ci \u0161kol, \u0161kolek, m\u00edstn\u00edch spolk\u016f a\u00a0instituc\u00ed pod\u00edlej\u00edc\u00edch se na vzd\u011bl\u00e1v\u00e1n\u00ed;<\/li>\n<li>p\u0159\u00edle\u017eitosti pro inspiraci a\u00a0vzd\u011bl\u00e1v\u00e1n\u00ed v\u0161ech, kte\u0159\u00ed se pod\u00edlej\u00ed na u\u010den\u00ed a\u00a0v\u00fdchov\u011b d\u011bt\u00ed;<\/li>\n<li>spole\u010dn\u00fd pl\u00e1n (dokument MAP) pro je\u0161t\u011b lep\u0161\u00ed vzd\u011bl\u00e1v\u00e1n\u00ed d\u011bt\u00ed a\u00a0\u017e\u00e1k\u016f na Mnichovohradi\u0161\u0165sku.<\/li>\n<\/ul>\n<p><strong>MAP IV (registra\u010dn\u00ed \u010d\u00edslo projektu CZ.02.02.XX\/00\/23_017\/0008161) realizov\u00e1n od 1.\u00a07.\u00a02023 do 31.\u00a012.\u00a02025, nositelem projektu je\u00a0m\u011bsto Mnichovo Hradi\u0161t\u011b. Projekt je finan\u010dn\u011b podpo\u0159en z&nbsp;prost\u0159edk\u016f Evropsk\u00e9 unie. C\u00edle projektu:<\/strong><\/p>\n<ul>\n<li>pokra\u010duj\u00edc\u00ed<strong> spolupr\u00e1ce<\/strong> mezi zapojen\u00fdmi \u0161kolami a\u00a0dal\u0161\u00edmi subjekty<\/li>\n<li>vz\u00e1jemn\u00e9 u\u010den\u00ed a&nbsp;vzd\u011bl\u00e1v\u00e1n\u00ed (podpora modern\u00edch didaktick\u00fdch forem pro rozvoj kl\u00ed\u010dov\u00fdch kompetenc\u00ed, rozvoj pedagogick\u00fdch a&nbsp;didaktick\u00fdch kompetenc\u00ed, podpora managementu t\u0159\u00eddn\u00edch kolektiv\u016f);<\/li>\n<li>aktualizace a\u00a0rozvoj <strong>dokumentu MAP<\/strong>;<\/li>\n<li>vz\u00e1jemn\u011b se potk\u00e1vat p\u0159i\u00a0\u010dinnostech v\u00a0pracovn\u00edch skupin\u00e1ch, spole\u010dn\u011b pl\u00e1novat aktivity, sd\u00edlet zku\u0161enost\u00ed a\u00a0dobr\u00e9 praxe v\u00a0\u00fazem\u00ed, kter\u00e9 povedou ke zlep\u0161en\u00ed kvality vzd\u011bl\u00e1v\u00e1n\u00ed ve \u0161kol\u00e1ch prost\u0159ednictv\u00edm podpo\u0159en\u00ed spolupr\u00e1ce z\u0159izovatel\u016f, \u0161kol a\u00a0ostatn\u00edch akt\u00e9r\u016f ve vzd\u011bl\u00e1v\u00e1n\u00ed v\u010detn\u011b neform\u00e1ln\u00edch vzd\u011blavatel\u016f;<\/li>\n<li>podporovat sni\u017eov\u00e1n\u00ed nerovnost\u00ed ve vzd\u011bl\u00e1v\u00e1n\u00ed (individualizace v\u00fduky).<\/li>\n<\/ul>\n<h3><strong>\u00a0<\/strong><\/h3>\n<h3><strong>Pro\u010d?<\/strong><\/h3>\n<ul>\n<li>Pro lep\u0161\u00ed budoucnost na\u0161ich d\u011bt\u00ed.<\/li>\n<li>Pro v\u011bt\u0161\u00ed spokojenost a\u00a0v\u00edce radosti v\u0161ech, kdo se pod\u00edlej\u00ed na vzd\u011bl\u00e1v\u00e1n\u00ed.<\/li>\n<li>Proto\u017ee spole\u010dn\u011b dok\u00e1\u017eeme v\u00edc.<\/li>\n<\/ul>\n<p>&nbsp;<\/p>\n<h3><strong>Pro koho a\u00a0s\u00a0k\u00fdm?<\/strong><\/h3>\n<ul>\n<li>Pro u\u010ditele,<\/li>\n<li>d\u011bti,<\/li>\n<li>rodi\u010de,<\/li>\n<li>spolky pracuj\u00edc\u00ed s\u00a0d\u011btmi, odborn\u00edky, pracovn\u00edky v\u00a0neform\u00e1ln\u00edm a\u00a0z\u00e1jmov\u00e9m vzd\u011bl\u00e1v\u00e1n\u00ed, z\u00e1stupce a\u00a0dobrovoln\u00edky z\u00a0neziskov\u00fdch organizac\u00ed<\/li>\n<li>a\u00a0v\u0161echny dal\u0161\u00ed, kdo maj\u00ed z\u00e1jem o&nbsp;kvalitn\u00ed vzd\u011bl\u00e1v\u00e1n\u00ed.<\/li>\n<\/ul>\n<p><img decoding=\"async\" loading=\"lazy\" class=\"alignnone wp-image-3398\" src=\"https:\/\/map-mh.cz\/map4\/wp-content\/uploads\/2018\/12\/adm_orp_2116.jpg\" alt=\"\" width=\"722\" height=\"510\" srcset=\"https:\/\/map-mh.cz\/map4\/wp-content\/uploads\/2018\/12\/adm_orp_2116.jpg 1200w, https:\/\/map-mh.cz\/map4\/wp-content\/uploads\/2018\/12\/adm_orp_2116-424x300.jpg 424w, https:\/\/map-mh.cz\/map4\/wp-content\/uploads\/2018\/12\/adm_orp_2116-768x543.jpg 768w\" sizes=\"(max-width: 722px) 100vw, 722px\" \/><\/p>\n","protected":false},"excerpt":{"rendered":"<p>Co je to MAP? Je to m\u00edstn\u00ed ak\u010dn\u00ed pl\u00e1n pro rozvoj vzd\u011bl\u00e1v\u00e1n\u00ed dokument, kter\u00fd vznikl ve spolupr\u00e1ci s\u00a0organizacemi, institucemi a\u00a0jednotlivci zapojen\u00fdmi do vzd\u011bl\u00e1v\u00e1n\u00ed; m\u00edstn\u00ed spole\u010denstv\u00ed v\u0161ech, kdo se pod\u00edlej\u00ed na vzd\u011bl\u00e1v\u00e1n\u00ed a\u00a0jich\u017e se vzd\u011bl\u00e1v\u00e1n\u00ed t\u00fdk\u00e1: u\u010ditel\u016f, d\u011bt\u00ed a\u00a0\u017e\u00e1k\u016f, rodi\u010d\u016f, \u0159editel\u016f, z\u0159izovatel\u016f \u0161kol, pracovn\u00edk\u016f knihoven, muze\u00ed, vedouc\u00edch krou\u017ek\u016f, DDM apod. Projekt MAP\u00a0IV Mnichovohradi\u0161\u0165sko navazuje na projekty [&hellip;]<\/p>\n","protected":false},"author":1,"featured_media":0,"parent":0,"menu_order":0,"comment_status":"closed","ping_status":"closed","template":"","meta":[],"_links":{"self":[{"href":"https:\/\/map-mh.cz\/map4\/wp-json\/wp\/v2\/pages\/10"}],"collection":[{"href":"https:\/\/map-mh.cz\/map4\/wp-json\/wp\/v2\/pages"}],"about":[{"href":"https:\/\/map-mh.cz\/map4\/wp-json\/wp\/v2\/types\/page"}],"author":[{"embeddable":true,"href":"https:\/\/map-mh.cz\/map4\/wp-json\/wp\/v2\/users\/1"}],"replies":[{"embeddable":true,"href":"https:\/\/map-mh.cz\/map4\/wp-json\/wp\/v2\/comments?post=10"}],"version-history":[{"count":23,"href":"https:\/\/map-mh.cz\/map4\/wp-json\/wp\/v2\/pages\/10\/revisions"}],"predecessor-version":[{"id":14851,"href":"https:\/\/map-mh.cz\/map4\/wp-json\/wp\/v2\/pages\/10\/revisions\/14851"}],"wp:attachment":[{"href":"https:\/\/map-mh.cz\/map4\/wp-json\/wp\/v2\/media?parent=10"}],"curies":[{"name":"wp","href":"https:\/\/api.w.org\/{rel}","templated":true}]}}